{"id":316,"date":"2024-07-05T17:33:07","date_gmt":"2024-07-05T09:33:07","guid":{"rendered":"https:\/\/ruiqigo.com\/?post_type=product&#038;p=316"},"modified":"2024-11-14T21:13:36","modified_gmt":"2024-11-14T13:13:36","slug":"natural-shampoo-and-conditioner","status":"publish","type":"product","link":"https:\/\/www.ruiqigo.com\/da\/product\/natural-shampoo-and-conditioner","title":{"rendered":"Naturlig shampoo og balsam"},"content":{"rendered":"<h2 class=\"wp-block-heading\">Naturlig shampoo og balsam, der fremstiller almindelige formler<\/h2>\n\n\n\n<p>Dette naturlige 2-i-1-produkt bruger en r\u00e6kke naturlige ingredienser af h\u00f8j kvalitet, s\u00e5som h\u00f8rfr\u00f8olie og tang. H\u00f8rfr\u00f8olie er rig p\u00e5 Omega-3 fedtsyrer, som n\u00e6rer h\u00e5rstr\u00e5ene i dybden og tilf\u00f8jer bl\u00f8dhed og glans, mens tang er rig p\u00e5 mineraler, som reparerer beskadiget h\u00e5r og tilf\u00f8rer elasticitet. Som en fremragende producent af naturlig shampoo og balsam har den naturlige rensende ingredienser, der sk\u00e5nsomt renser hovedbunden uden irritation. Tilsammen udg\u00f8r disse naturlige ingredienser denne kvalitetsformel, der sk\u00e5nsomt plejer dit h\u00e5r.<\/p>\n\n\n\n<h2 class=\"wp-block-heading\">Naturlig shampoo og balsam anvendelige scenarier<\/h2>\n\n\n\n<p>Naturlig shampoo og balsam er velegnet til alle klimaer. I de varme sommerm\u00e5neder giver det h\u00e5ret rigelig fugt til at genopbygge tab, mens det i de kolde vinterm\u00e5neder n\u00e6rer i dybden, \u00f8ger elasticiteten og forhindrer t\u00f8rhed og krus. Samtidig er dens milde formel ogs\u00e5 velegnet til f\u00f8lsom hovedbund uden at for\u00e5rsage irritation. Uanset om det er solrigt eller regnfuldt, vil dette naturlige 2-i-1-produkt holde dit h\u00e5r bl\u00f8dt, skinnende og sundt.<\/p>\n\n\n\n<h2 class=\"wp-block-heading\">Hvem er Naturlig shampoo og balsam velegnet til<\/h2>\n\n\n\n<p>Denne naturlige shampoo og balsam duo er perfekt til dem med beskadiget, t\u00f8rt, kruset h\u00e5r. Den bruger naturlige ingredienser til forsigtigt at rense hovedbunden, mens den n\u00e6rer h\u00e5ret i dybden, reparerer skader og tilf\u00f8jer bl\u00f8dhed og glans. Uanset om dit h\u00e5r er naturligt groft, kemisk beskadiget eller t\u00f8rt efter en lang f\u00f8nt\u00f8rring, er dette 2-i-1-produkt den perfekte plejeledsager til dit h\u00e5r.<\/p>\n\n\n\n<h2 class=\"wp-block-heading\">Naturlig shampoo og balsamproduktionsproces<\/h2>\n\n\n\n<p>Denne naturlige shampoo og balsam er fremstillet ved hj\u00e6lp af en r\u00e6kke avancerede teknologier. For det f\u00f8rste er ingredienserne 100% naturlige og plantebaserede og har gennemg\u00e5et en r\u00e6kke kontroller for at sikre, at de ikke er forurenede. For det andet kontrolleres temperaturen og trykket strengt under udviklingen af formlen for at undg\u00e5 skader p\u00e5 de aktive ingredienser. Hertil kommer, at brugen af professionel molekyl\u00e6r sigte separationsteknologi, udvinding af h\u00f8j renhed af de aktive ingredienser; Endelig produktion af hele processen uden tils\u00e6tning af syntetiske kemikalier for at sikre, at produktet er gr\u00f8nt og milj\u00f8venligt. Som en producent af pr\u00e6cis naturlig shampoo og balsam sikrer disse gennemt\u00e6nkte produktionsprocesser, at dette naturlige 2-i-1 produkt er af fremragende kvalitet og kan give forbrugerne en bedre gr\u00f8n plejeoplevelse.<\/p>","protected":false},"excerpt":{"rendered":"Natural shampoo and conditioner manufacturing common formulas This natural 2-in-1 product uses a variety of high-quality natural ingredients such as flaxseed oil and seaweed. Flaxseed oil is rich in Omega-3 fatty acids, which deeply nourish the hair strands and add softness and shine, while seaweed is rich in minerals, which repair damaged hair and add [&hellip;]","protected":false},"featured_media":396,"menu_order":0,"template":"","meta":[],"product-tag":[],"products":[54],"class_list":["post-316","product","type-product","status-publish","has-post-thumbnail","hentry","products-shampoo-and-conditioner"],"acf":[],"_links":{"self":[{"href":"https:\/\/www.ruiqigo.com\/da\/wp-json\/wp\/v2\/product\/316","targetHints":{"allow":["GET"]}}],"collection":[{"href":"https:\/\/www.ruiqigo.com\/da\/wp-json\/wp\/v2\/product"}],"about":[{"href":"https:\/\/www.ruiqigo.com\/da\/wp-json\/wp\/v2\/types\/product"}],"version-history":[{"count":0,"href":"https:\/\/www.ruiqigo.com\/da\/wp-json\/wp\/v2\/product\/316\/revisions"}],"wp:featuredmedia":[{"embeddable":true,"href":"https:\/\/www.ruiqigo.com\/da\/wp-json\/wp\/v2\/media\/396"}],"wp:attachment":[{"href":"https:\/\/www.ruiqigo.com\/da\/wp-json\/wp\/v2\/media?parent=316"}],"wp:term":[{"taxonomy":"product-tag","embeddable":true,"href":"https:\/\/www.ruiqigo.com\/da\/wp-json\/wp\/v2\/product-tag?post=316"},{"taxonomy":"products","embeddable":true,"href":"https:\/\/www.ruiqigo.com\/da\/wp-json\/wp\/v2\/products?post=316"}],"curies":[{"name":"wp","href":"https:\/\/api.w.org\/{rel}","templated":true}]}}