{"id":3186,"date":"2025-04-24T09:37:21","date_gmt":"2025-04-24T01:37:21","guid":{"rendered":"https:\/\/www.ruiqigo.com\/?post_type=product&#038;p=3186"},"modified":"2025-04-24T09:37:22","modified_gmt":"2025-04-24T01:37:22","slug":"sunburn-lotion","status":"publish","type":"product","link":"https:\/\/www.ruiqigo.com\/da\/product\/sunburn-lotion","title":{"rendered":"Solskoldningslotion"},"content":{"rendered":"<h2 class=\"wp-block-heading\">Almindelige formler til fremstilling af solskoldningslotion<\/h2>\n\n\n\n<p>Som professionel producent af solskoldningslotion bruger vi naturlige planteekstrakter og reparerende ingredienser, s\u00e5som morgenfrue, aloe vera, kamille osv., for at hj\u00e6lpe din hud med hurtigt at reparere og berolige efter solskoldning, genoprette vand- og oliebalancen og styrke hudbarrieren. Samtidig er den formel, vi bruger, mild og ikke-irriterende, og den er egnet til langvarig brug p\u00e5 alle typer hud.<\/p>\n\n\n\n<p>1. <strong>Calendula<\/strong>Calendula har fremragende antiallergiske og antiinflammatoriske egenskaber, som kan lindre allergier og ubehag for\u00e5rsaget af solskoldning og reducere inflammation efter soleksponering. Samtidig har calendula en vis effekt p\u00e5 at fremme heling af mindre hudskader og kan forbedre effektiviteten af reparation af hudbarrieren. <\/p>\n\n\n\n<p>2.<strong> Aloe vera:<\/strong> Naturlig aloe vera er rig p\u00e5 vitaminer, mineraler og antioxidanter og har st\u00e6rke fugtgivende, beroligende og antiinflammatoriske virkninger. Den kan hurtigt hj\u00e6lpe stratum corneum med at binde fugt, fremme hudcellereparation og forbedre hudbarrieren. Den kan ogs\u00e5 hj\u00e6lpe huden med at k\u00f8le hurtigt ned og reducere den br\u00e6ndende fornemmelse efter solskoldning. <\/p>\n\n\n\n<p>3. <strong>Kamille:<\/strong> Solskoldningslotion, der indeholder kamille som en vigtig ingrediens, kan trygt bruges af brugere med f\u00f8lsom hud. Fordi den har fremragende antiallergiske og antioxidante egenskaber, kan den lindre symptomer som allergier, r\u00f8dme, h\u00e6velse og svie for\u00e5rsaget af solskoldning, og den kan ogs\u00e5 forbedre hudens modstandskraft. <\/p>\n\n\n\n<p>4. <strong>Natriumhyaluronat:<\/strong> Natriumhyaluronat er en effektiv vandbindende og fugtgivende ingrediens, der hurtigt kan genopfylde fugtigheden dybt ned i huden, forhindre solbr\u00e6ndt hud i at blive stram eller revnet og l\u00e6gge et solidt fundament for absorptionen af efterf\u00f8lgende reparerende ingredienser. <\/p>\n\n\n\n<p>5.<strong> Panthenol<\/strong>Panthenol er ogs\u00e5 en vigtig ingrediens i solskoldningslotion. Den har kraftige fugtgivende og reparerende egenskaber. Den kan tr\u00e6nge dybt ind i huden og danne en vandt\u00e6t film, hvilket forbedrer hudens elasticitet, reducerer t\u00f8rhed og stramhed for\u00e5rsaget af solskoldning og hj\u00e6lper huden med at genoprette en sund og hydreret glans. <\/p>\n\n\n\n<h2 class=\"wp-block-heading\">Funktionerne af solskoldningslotion<\/h2>\n\n\n\n<p>Vores solskoldningslotion bruger en r\u00e6kke naturlige planteessenser i sin formel, som ikke kun har reparerende funktioner, men ogs\u00e5 tager h\u00f8jde for brugeroplevelsen og komforten. <\/p>\n\n\n\n<p>1. <strong>Frisk og ikke-fedtende tekstur<\/strong>Vores solskoldningslotion er designet med en let lotion, der hurtigt absorberes af huden uden at v\u00e6re klistret, s\u00e5 den ikke vil danne rester p\u00e5 t\u00f8jet eller p\u00e5virke brugerens daglige aktiviteter. Brugeroplevelsen forbedres derfor betydeligt.<\/p>\n\n\n\n<p>2. <strong>Velegnet til en r\u00e6kke forskellige hudtyper<\/strong>Vores solskoldningslotion har gennemg\u00e5et flere f\u00f8lsomhedstests og indeholder ikke irriterende og f\u00f8lsomme ingredienser s\u00e5som alkohol. Den kan bruges til t\u00f8r, fedtet, kombineret og f\u00f8lsom hud og er velegnet til en bred vifte af kundegrupper.<\/p>\n\n\n\n<p>3. <strong>\u00d8jeblikkelig beroligende og k\u00f8lende effekt er betydelig<\/strong>Solskoldningslotion indeholder naturlige ingredienser som aloe vera og morgenfrue. Efter brug kan den hurtigt k\u00f8le huden, lindre r\u00f8dme, h\u00e6velse, svie og andre ubehag samt reducere inflammatoriske reaktioner efter soleksponering. Det er et af de ideelle valg til \u00f8jeblikkelig reparation efter solskoldning.<\/p>\n\n\n\n<p>4. <strong>Kontinuerlig fugtgivende og langvarig reparationseffekt<\/strong>Vores solskoldningslotion, med den synergistiske effekt af flere fugtgivende faktorer s\u00e5som natriumhyaluronat og panthenol, kan opretholde hudens fugtbalance i lang tid og forhindre t\u00f8rhed og afskalning. Samtidig kan den, udover \u00f8jeblikkelig beroligende effekt, ogs\u00e5 kontinuerligt reparere hudbarrieren, forbedre hudens forsvar og forl\u00e6nge reparationseffekten efter solskoldning. <\/p>\n\n\n\n<h2 class=\"wp-block-heading\">Hvordan bruger man solskoldningslotion?<\/h2>\n\n\n\n<p>Brugen af solskoldningslotion er meget enkel og hurtig. Du kan tage den ud n\u00e5r som helst under daglig pleje og rejser for at lindre ubehaget ved solskoldet hud. Du skal kun p\u00e5f\u00f8re den efter behov og massere den blidt for at fremme absorptionen. Hele processen er sk\u00e5nsom og ikke-irriterende, velegnet til alle typer brugere. Det anbefales at bruge den umiddelbart efter soleksponering for at opn\u00e5 den bedste reparationseffekt. <\/p>\n\n\n\n<p>1. <strong>Rens huden: <\/strong>F\u00f8r du bruger produktet, skal du reng\u00f8re det solbr\u00e6ndte omr\u00e5de med varmt vand for at fjerne sved og urenheder, der ellers ville reducere reparationseffekten. Dup derefter t\u00f8rt med et bl\u00f8dt h\u00e5ndkl\u00e6de, eller vent p\u00e5, at vandet er fordampet.<\/p>\n\n\n\n<p>2. <strong>Klem lotionen ud: <\/strong>Klem lotionen ud af beholderen efter behov.<\/p>\n\n\n\n<p>3. <strong>P\u00e5f\u00f8r j\u00e6vnt og mass\u00e9r for at absorbere: <\/strong>P\u00e5f\u00f8r lotionen blidt og j\u00e6vnt p\u00e5 det solbr\u00e6ndte omr\u00e5de, og undg\u00e5 at gnide for at for\u00e5rsage skade. Mass\u00e9r derefter blidt det p\u00e5f\u00f8rte omr\u00e5de for at fremme absorptionen fra huden.<\/p>\n\n\n\n<h2 class=\"wp-block-heading\">Forsigtighed<\/h2>\n\n\n\n<p>1. <strong>Test for allergiske reaktioner:<\/strong> F\u00f8r du bruger vores solskoldningslotion for f\u00f8rste gang, skal du s\u00f8rge for at pr\u00f8ve den p\u00e5 indersiden af dit h\u00e5ndled eller bag \u00f8ret for at undg\u00e5 allergiske reaktioner p\u00e5 grund af individuelle forskelle. Hvis der ikke er nogen unormal reaktion inden for 24 timer, kan du trygt bruge den.<\/p>\n\n\n\n<p>2. <strong>Undg\u00e5 brug p\u00e5 s\u00e5r eller beskadiget hud: <\/strong>Hvis der er tydelige s\u00e5r eller skader p\u00e5 huden, s\u00e5som beskadiget hud, bl\u00f8dning osv., m\u00e5 dette produkt ikke anvendes for at undg\u00e5 at irritere s\u00e5ret og for\u00e5rsage skade.<\/p>\n\n\n\n<p>3. <strong>Undg\u00e5 kontakt med \u00f8jnene: <\/strong>Undg\u00e5 \u00f8jenomr\u00e5det, n\u00e5r du bruger solskoldningslotion. Hvis det kommer i \u00f8jnene ved et uheld, skylles straks med rent vand og s\u00f8g l\u00e6gehj\u00e6lp om n\u00f8dvendigt.<\/p>\n\n\n\n<h2 class=\"wp-block-heading\">Konklusion<\/h2>\n\n\n\n<p>Solskoldningslotion er en solskoldningsreparationslotion med dybdeg\u00e5ende fugtgivende, beroligende og hudreparerende funktioner, der er velegnet til en r\u00e6kke forskellige hudtyper og anvendelsesscenarier. Vores produkter er formuleret med en r\u00e6kke naturlige planteekstrakter, der er forfriskende og ikke-fedtende, og kan hurtigt lindre ubehag og br\u00e6ndende fornemmelse for\u00e5rsaget af solskoldning. Vi tilbyder OEM\/ODM-tjenester for at im\u00f8dekomme de forskellige kunders behov for emballage og markedspositionering. Hvis du har brug for mere information, er du velkommen til at kontakte os.<\/p>","protected":false},"excerpt":{"rendered":"Sunburn Lotion Manufacturing Common Formulas As a professional sunburn lotion manufacturer, we use natural plant extracts and repair ingredients, such as calendula, aloe vera, chamomile, etc., to help your skin quickly repair and calm after sunburn, restore the water and oil balance, and strengthen the skin barrier. At the same time, the formula we use [&hellip;]","protected":false},"featured_media":3190,"menu_order":0,"template":"","meta":[],"product-tag":[],"products":[87],"class_list":["post-3186","product","type-product","status-publish","has-post-thumbnail","hentry","products-sunburn-recovery"],"acf":[],"_links":{"self":[{"href":"https:\/\/www.ruiqigo.com\/da\/wp-json\/wp\/v2\/product\/3186","targetHints":{"allow":["GET"]}}],"collection":[{"href":"https:\/\/www.ruiqigo.com\/da\/wp-json\/wp\/v2\/product"}],"about":[{"href":"https:\/\/www.ruiqigo.com\/da\/wp-json\/wp\/v2\/types\/product"}],"version-history":[{"count":0,"href":"https:\/\/www.ruiqigo.com\/da\/wp-json\/wp\/v2\/product\/3186\/revisions"}],"wp:featuredmedia":[{"embeddable":true,"href":"https:\/\/www.ruiqigo.com\/da\/wp-json\/wp\/v2\/media\/3190"}],"wp:attachment":[{"href":"https:\/\/www.ruiqigo.com\/da\/wp-json\/wp\/v2\/media?parent=3186"}],"wp:term":[{"taxonomy":"product-tag","embeddable":true,"href":"https:\/\/www.ruiqigo.com\/da\/wp-json\/wp\/v2\/product-tag?post=3186"},{"taxonomy":"products","embeddable":true,"href":"https:\/\/www.ruiqigo.com\/da\/wp-json\/wp\/v2\/products?post=3186"}],"curies":[{"name":"wp","href":"https:\/\/api.w.org\/{rel}","templated":true}]}}