{"id":321,"date":"2024-07-05T17:38:21","date_gmt":"2024-07-05T09:38:21","guid":{"rendered":"https:\/\/ruiqigo.com\/?post_type=product&#038;p=321"},"modified":"2024-11-14T21:11:09","modified_gmt":"2024-11-14T13:11:09","slug":"tea-tree-shampoo-and-conditioner","status":"publish","type":"product","link":"https:\/\/www.ruiqigo.com\/da\/product\/tea-tree-shampoo-and-conditioner","title":{"rendered":"Tea tree shampoo og balsam"},"content":{"rendered":"<h2 class=\"wp-block-heading\">Almindelige formler til fremstilling af tea tree shampoo og balsam<\/h2>\n\n\n\n<p>Denne Tea Tree Shampoo og Balsam 2-i-1 bruger ren og naturlig tea tree-ekstrakt som hovedingrediens. Tea Tree-ekstrakt er rig p\u00e5 vitaminer og mineraler s\u00e5som C-vitamin, E-vitamin, jern, zink osv., som kan n\u00e6re og reparere skadet h\u00e5r i dybden og \u00f8ge h\u00e5rets glans og smidighed. Derudover indeholder Tea Tree-ekstrakt naturlige antibakterielle og antiinflammatoriske ingredienser, der effektivt renser hovedbunden og forhindrer bakteriev\u00e6kst og ophobning af sk\u00e6l. Som en innovativ producent af Tea Tree shampoo og balsam arbejder disse naturlige ingredienser sammen for at skabe en to-i-en rens og balsam, der kombinerer rensning og plejning.<\/p>\n\n\n\n<h2 class=\"wp-block-heading\">Anvendelsesscenarier for tea tree shampoo og balsam<\/h2>\n\n\n\n<p>Tea Tree Shampoo og Balsam er velegnet til alle klimaer. I de varme sommerm\u00e5neder renser tea tree-ekstraktets k\u00f8lende antibakterielle virkning hovedbunden grundigt og forhindrer bakteriev\u00e6kst efter sved; i de kolde vinterm\u00e5neder n\u00e6rer og reparerer den beskadiget h\u00e5r i dybden, \u00f8ger elasticiteten og forhindrer t\u00f8rhed og krus. Samtidig er tea tree-ekstraktets naturlige og sk\u00e5nsomme formel ogs\u00e5 velegnet til sensitiv hovedbund og vil ikke irritere. Uanset om det er fedtet og varmt eller t\u00f8rt og koldt, vil dette to-i-et-produkt holde dit h\u00e5r friskt, smidigt og behageligt.<\/p>\n\n\n\n<h2 class=\"wp-block-heading\">Hvem er tea tree shampoo og balsam egnet til<\/h2>\n\n\n\n<p>Denne Tea Tree Shampoo og Balsam 2-i-1 er s\u00e6rligt velegnet til dem, der har en fedtet hovedbund eller er tilb\u00f8jelige til sk\u00e6l. Tea Tree-ekstrakt er en naturlig antibakteriel og antiinflammatorisk ingrediens, der effektivt renser hovedbunden og forhindrer ophobning af bakterier og sk\u00e6l. Samtidig n\u00e6rer og reparerer den skadet h\u00e5r i dybden, hvilket \u00f8ger h\u00e5rets glans og elasticitet. Uanset om du har fedtet hovedbund eller t\u00f8rt, kruset h\u00e5r eller kemisk beskadiget h\u00e5r efter permanent og farvning, er dette 2-i-1 tea tree-produkt det perfekte valg til dine h\u00e5rplejebehov.<\/p>\n\n\n\n<h2 class=\"wp-block-heading\">Produktionsproces for tea tree shampoo og balsam<\/h2>\n\n\n\n<p>Denne Tea Tree Shampoo og Balsam 2-i-1 er fremstillet ved hj\u00e6lp af en r\u00e6kke avancerede teknologier. For det f\u00f8rste er 100% af Tea Trees r\u00e5materialer udvundet af naturlige planter og har gennemg\u00e5et en r\u00e6kke kontroller for at sikre, at de er fri for kemisk forurening. For det andet kontrolleres temperatur og tryk strengt under udviklingen af formlen for at sikre, at de aktive ingredienser i tea tree-ekstraktet ikke beskadiges. Produktet anvender professionel separationsteknologi til at udvinde tea tree-ekstraktet med h\u00f8j renhed for at sikre fremragende produkteffektivitet. Endelig er hele produktionsprocessen, som professionel producent af Tea Tree shampoo og balsam, fri for syntetiske kemikalier, hvilket sikrer, at produktet er gr\u00f8nt og milj\u00f8venligt.<\/p>","protected":false},"excerpt":{"rendered":"Tea tree shampoo and conditioner manufacturing common formulas This Tea Tree Shampoo and Conditioner 2-in-1 utilizes pure and natural tea tree extract as the core ingredient. Tea Tree Extract is rich in vitamins and minerals such as Vitamin C, Vitamin E, Iron, Zinc, etc., which can deeply nourish and repair damaged hair, and increase the [&hellip;]","protected":false},"featured_media":322,"menu_order":0,"template":"","meta":[],"product-tag":[],"products":[54],"class_list":["post-321","product","type-product","status-publish","has-post-thumbnail","hentry","products-shampoo-and-conditioner"],"acf":[],"_links":{"self":[{"href":"https:\/\/www.ruiqigo.com\/da\/wp-json\/wp\/v2\/product\/321","targetHints":{"allow":["GET"]}}],"collection":[{"href":"https:\/\/www.ruiqigo.com\/da\/wp-json\/wp\/v2\/product"}],"about":[{"href":"https:\/\/www.ruiqigo.com\/da\/wp-json\/wp\/v2\/types\/product"}],"version-history":[{"count":0,"href":"https:\/\/www.ruiqigo.com\/da\/wp-json\/wp\/v2\/product\/321\/revisions"}],"wp:featuredmedia":[{"embeddable":true,"href":"https:\/\/www.ruiqigo.com\/da\/wp-json\/wp\/v2\/media\/322"}],"wp:attachment":[{"href":"https:\/\/www.ruiqigo.com\/da\/wp-json\/wp\/v2\/media?parent=321"}],"wp:term":[{"taxonomy":"product-tag","embeddable":true,"href":"https:\/\/www.ruiqigo.com\/da\/wp-json\/wp\/v2\/product-tag?post=321"},{"taxonomy":"products","embeddable":true,"href":"https:\/\/www.ruiqigo.com\/da\/wp-json\/wp\/v2\/products?post=321"}],"curies":[{"name":"wp","href":"https:\/\/api.w.org\/{rel}","templated":true}]}}