{"id":3250,"date":"2025-04-29T10:52:15","date_gmt":"2025-04-29T02:52:15","guid":{"rendered":"https:\/\/www.ruiqigo.com\/?post_type=product&#038;p=3250"},"modified":"2025-04-29T10:52:16","modified_gmt":"2025-04-29T02:52:16","slug":"plastic-tongue-scraper","status":"publish","type":"product","link":"https:\/\/www.ruiqigo.com\/da\/product\/plastic-tongue-scraper","title":{"rendered":"Plast tungeskraber"},"content":{"rendered":"<h2 class=\"wp-block-heading\">Funktioner af plastik tungeskraber<\/h2>\n\n\n\n<p>1. <strong>Let materiale: <\/strong>Plasttungeskraber er generelt lavet af f\u00f8devaregodkendt PP-, PE- eller PTE-materiale, som er meget let, sikkert og giftfri. <\/p>\n\n\n\n<p>2. <strong>Lav pris: <\/strong>Sammenlignet med tungeskrabere af metal er tungeskrabere af plastik mere overkommelige og billigere, hvilket g\u00f8r dem velegnede til popularisering i stor skala. <\/p>\n\n\n\n<p>3. <strong>Forskelligt udseende:<\/strong> Plastik tungeskraberen f\u00e5s i flotte og forskellige farver, herunder sort, gr\u00e5, hvid osv. Du kan frit v\u00e6lge farven.<\/p>\n\n\n\n<p>4. <strong>God fleksibilitet: <\/strong>Plastik-tungeskraberen har fremragende fleksibilitet, er mere sk\u00e5nsom ved reng\u00f8ring af tungen og er mindre tilb\u00f8jelig til at for\u00e5rsage skader p\u00e5 tungen og indersiden af munden, hvilket g\u00f8r den s\u00e6rligt velegnet til f\u00f8lsomme personer.<\/p>\n\n\n\n<h2 class=\"wp-block-heading\">Fordele ved tungeskraber i plastik<\/h2>\n\n\n\n<p>1. <strong>Let og b\u00e6rbar: <\/strong>Plastiktungeskraberen er meget let og velegnet til at have med rundt. Den kan nemt b\u00e6res, uanset om du er p\u00e5 rejse eller forretningsrejse. <\/p>\n\n\n\n<p>2. <strong>H\u00f8j omkostningseffektivitet:<\/strong> Da den er lavet af plastik, er prisen lav, s\u00e5 produktionsomkostningerne er ikke h\u00f8je, og den kan produceres i store m\u00e6ngder, s\u00e5 den er omkostningseffektiv.<\/p>\n\n\n\n<p>3. <strong>Bl\u00f8d og behagelig: <\/strong>Plastik-tungeskraberen er fleksibel og meget behagelig at bruge, hvilket g\u00f8r den meget velegnet til f\u00f8rstegangsbrugere, b\u00f8rn og f\u00f8lsomme personer.<\/p>\n\n\n\n<p>4. <strong>Flerfarvet design: <\/strong>Der findes mange farver, og familiemedlemmer kan bruge dem separat for at sikre personlig mundhygiejne og sundhed og forhindre krydsinfektion.<\/p>\n\n\n\n<h2 class=\"wp-block-heading\">M\u00e5lgruppe for tungeskraber i plastik<\/h2>\n\n\n\n<p>1. B\u00f8rn, teenagere og personer, der er f\u00f8lsomme over for tungeskrabermaterialer.<\/p>\n\n\n\n<p>2. S\u00e5som rygere, alkoholikere og folk, der kan lide at spise st\u00e6rkt smagende mad og er generet af d\u00e5rlig \u00e5nde.<\/p>\n\n\n\n<p>3. Personer, der er opm\u00e6rksomme p\u00e5 personlig mundhygiejne og regelm\u00e6ssigt skifter mundplejeredskaber.<\/p>\n\n\n\n<p>4. Personer, der har brug for mundpleje, n\u00e5r de rejser, er p\u00e5 forretningsrejser eller dyrker fitness i l\u00e6ngere tid.<\/p>\n\n\n\n<p>5. Personer, der har pigmentering p\u00e5 tungen p\u00e5 grund af langvarig indtagelse af kaffe eller m\u00e6lkete.<\/p>\n\n\n\n<h2 class=\"wp-block-heading\">Anvendelser af plastik tungeskraber<\/h2>\n\n\n\n<p>1. <strong>Daglig mundpleje derhjemme: <\/strong>Reng\u00f8r din tungebel\u00e6gning til tiden hver dag derhjemme for at holde din \u00e5nde frisk.<\/p>\n\n\n\n<p>2. <strong>Mundpleje til b\u00f8rn:<\/strong> bl\u00f8dt materiale og forskellige farver, velegnet til at dyrke b\u00f8rns mundplejevaner og v\u00e6re opm\u00e6rksom p\u00e5 mundhygiejne fra en tidlig alder.<\/p>\n\n\n\n<p>3. <strong>Rejsebrug: <\/strong>Plastik-tungeskraberen er lille og let, meget praktisk at have med, velegnet til forretningsrejser, rejser og camping.<\/p>\n\n\n\n<p>4. <strong>Fitnesscentre og kontorer: <\/strong>Reng\u00f8r indersiden af munden efter tr\u00e6ning eller under arbejdspauser for at holde \u00e5ndedr\u00e6ttet friskt og vedligeholde mundhygiejnen.<\/p>\n\n\n\n<h2 class=\"wp-block-heading\">S\u00e5dan bruger du plastik tungeskraberen<\/h2>\n\n\n\n<p>1. Skyl plastik-tungeskraberen med varmt vand f\u00f8r brug for at sikre, at snavs ikke p\u00e5virker mundhygiejnen.<\/p>\n\n\n\n<p>2. \u00c5bn munden og r\u00e6k tungen s\u00e5 fladt ud som muligt for at blotl\u00e6gge tungens overflade.<\/p>\n\n\n\n<p>3. Placer forsigtigt tungeskraberen ved tungeroden og skrab langsomt og forsigtigt mod tungespidsen.<\/p>\n\n\n\n<p>4. Gentag skrabningen flere gange afh\u00e6ngigt af tungens bel\u00e6gningstilstand, og skyl tungeskraberen med rent vand efter hver skrabning.<\/p>\n\n\n\n<p>5. Vask tungeskraberen grundigt med rent vand efter brug, og du kan bruge s\u00e6bevand til at hj\u00e6lpe med reng\u00f8ringen.<\/p>\n\n\n\n<p>6. <strong>Note: <\/strong>Opbevares t\u00f8rt og ventileret til daglig brug for at holde det hygiejnisk. Hvis det er et engangsprodukt, anbefales det at kassere det efter brug.<\/p>","protected":false},"excerpt":{"rendered":"Plastic tongue scraper features 1. Light material: plastic tongue scraper is generally made of food grade PP, PE or PTE material, which is very light, safe and non-toxic. 2. Low cost: Compared with metal tongue scrapers, plastic tongue scrapers are more affordable and cheaper, making them suitable for large-scale popularization. 3. Diverse appearance: plastic tongue [&hellip;]","protected":false},"featured_media":3254,"menu_order":0,"template":"","meta":[],"product-tag":[],"products":[169],"class_list":["post-3250","product","type-product","status-publish","has-post-thumbnail","hentry","products-tongue-scraper"],"acf":[],"_links":{"self":[{"href":"https:\/\/www.ruiqigo.com\/da\/wp-json\/wp\/v2\/product\/3250","targetHints":{"allow":["GET"]}}],"collection":[{"href":"https:\/\/www.ruiqigo.com\/da\/wp-json\/wp\/v2\/product"}],"about":[{"href":"https:\/\/www.ruiqigo.com\/da\/wp-json\/wp\/v2\/types\/product"}],"version-history":[{"count":0,"href":"https:\/\/www.ruiqigo.com\/da\/wp-json\/wp\/v2\/product\/3250\/revisions"}],"wp:featuredmedia":[{"embeddable":true,"href":"https:\/\/www.ruiqigo.com\/da\/wp-json\/wp\/v2\/media\/3254"}],"wp:attachment":[{"href":"https:\/\/www.ruiqigo.com\/da\/wp-json\/wp\/v2\/media?parent=3250"}],"wp:term":[{"taxonomy":"product-tag","embeddable":true,"href":"https:\/\/www.ruiqigo.com\/da\/wp-json\/wp\/v2\/product-tag?post=3250"},{"taxonomy":"products","embeddable":true,"href":"https:\/\/www.ruiqigo.com\/da\/wp-json\/wp\/v2\/products?post=3250"}],"curies":[{"name":"wp","href":"https:\/\/api.w.org\/{rel}","templated":true}]}}