{"id":326,"date":"2024-07-05T20:16:31","date_gmt":"2024-07-05T12:16:31","guid":{"rendered":"https:\/\/ruiqigo.com\/?post_type=product&#038;p=326"},"modified":"2024-09-26T17:45:54","modified_gmt":"2024-09-26T09:45:54","slug":"bath-and-body-lotion","status":"publish","type":"product","link":"https:\/\/www.ruiqigo.com\/da\/product\/bath-and-body-lotion","title":{"rendered":"Bad og bodylotion"},"content":{"rendered":"<h3 class=\"wp-block-heading\">Bade- og bodylotion fremstiller almindelige formler<\/h3>\n\n\n\n<p>Denne lotion er lavet med mange naturlige ingredienser af h\u00f8j kvalitet: Natriumhyaluronat har fremragende fugtgivende effekt og kan dybt fugte og n\u00e6re huden; Allantoin styrker hudbarrieren og forbedrer t\u00f8rhed; Aloe Vera Cura\u00e7ao Water er rig p\u00e5 vitaminer og mineraler, som er effektivt til at blege og bl\u00f8dg\u00f8re huden. Disse ingredienser er sk\u00e5nsomme og sikre, uden nogen kemiske tils\u00e6tningsstoffer, kan give dig en ren, tils\u00e6tningsfri hudplejeoplevelse.<\/p>\n\n\n\n<h3 class=\"wp-block-heading\">Bad og bodylotion G\u00e6ldende scenarier<\/h3>\n\n\n\n<p>Bade- og bodylotion er velegnet til alle klimaer. I de t\u00f8rre vinterm\u00e5neder fugter og n\u00e6rer den huden i dybden, og lindrer t\u00f8rhed og stramhed for\u00e5rsaget af kulden; i de varme sommerm\u00e5neder absorberes dens forfriskende og silkebl\u00f8de tekstur hurtigt uden at give en kl\u00e6brig f\u00f8lelse, hvilket giver langvarig fugt til huden. Eller vi har flere <a href=\"https:\/\/www.ruiqigo.com\/da\/products\/body-lotion\/\">bodylotion<\/a> muligheder for dig at v\u00e6lge imellem.<\/p>\n\n\n\n<h3 class=\"wp-block-heading\">Hvem er bade- og bodylotiondragt til<\/h3>\n\n\n\n<p>Bade- og bodylotion er velegnet til alle mennesker i alle aldre. Det forbedrer t\u00f8rhed for\u00e5rsaget af h\u00f8j talgsekretion og hj\u00e6lper med anti-aging og aldersrelateret slap og ru hud. Den er is\u00e6r velegnet til dem med iboende t\u00f8r hud, og giver en langvarig fugtgivende og revitaliserende hudplejeoplevelse. Hvis du har andre behov, er du velkommen til at l\u00e6re mere om 3TOP <a href=\"https:\/\/www.ruiqigo.com\/da\/products\/body-care\/\">kropspleje<\/a> produkter.<\/p>\n\n\n\n<h3 class=\"wp-block-heading\">Produktionsproces for bad og bodylotion<\/h3>\n\n\n\n<p>F\u00f8rst og fremmest kontrollerer vi strengt kilden til r\u00e5materialer og produktionsprocesser for at sikre, at produktet er sikkert og harml\u00f8st; for det andet bruger vi en unik emulgeringsteknologi, der g\u00f8r emulsionsteksturen mere glat og delikat, j\u00e6vn absorption; desuden er vi ekstra omhyggelige med designet af emballagen, brugen af ergonomisk design af flaskens krop, let for dig at gribe med \u00e9n h\u00e5nd. Hvis du vil vide mere, s\u00e5 tjek venligst det relaterede <a href=\"https:\/\/www.ruiqigo.com\/da\/body-lotion-manufacturer-elevating-skincare-standards.html\/\">bodylotion<\/a> produktionsoplysninger.<\/p>","protected":false},"excerpt":{"rendered":"Bath and body lotion manufacturing Common Formulas This lotion is made with many high quality natural ingredients: Sodium Hyaluronate has excellent moisturizing effect and can deeply hydrate and nourish the skin; Allantoin strengthens the skin barrier and improves dryness; Aloe Vera Cura\u00e7ao Water is rich in vitamins and minerals, which is effective in whitening and [&hellip;]","protected":false},"featured_media":327,"menu_order":0,"template":"","meta":[],"product-tag":[],"products":[56],"class_list":["post-326","product","type-product","status-publish","has-post-thumbnail","hentry","products-body-lotion"],"acf":[],"_links":{"self":[{"href":"https:\/\/www.ruiqigo.com\/da\/wp-json\/wp\/v2\/product\/326","targetHints":{"allow":["GET"]}}],"collection":[{"href":"https:\/\/www.ruiqigo.com\/da\/wp-json\/wp\/v2\/product"}],"about":[{"href":"https:\/\/www.ruiqigo.com\/da\/wp-json\/wp\/v2\/types\/product"}],"version-history":[{"count":0,"href":"https:\/\/www.ruiqigo.com\/da\/wp-json\/wp\/v2\/product\/326\/revisions"}],"wp:featuredmedia":[{"embeddable":true,"href":"https:\/\/www.ruiqigo.com\/da\/wp-json\/wp\/v2\/media\/327"}],"wp:attachment":[{"href":"https:\/\/www.ruiqigo.com\/da\/wp-json\/wp\/v2\/media?parent=326"}],"wp:term":[{"taxonomy":"product-tag","embeddable":true,"href":"https:\/\/www.ruiqigo.com\/da\/wp-json\/wp\/v2\/product-tag?post=326"},{"taxonomy":"products","embeddable":true,"href":"https:\/\/www.ruiqigo.com\/da\/wp-json\/wp\/v2\/products?post=326"}],"curies":[{"name":"wp","href":"https:\/\/api.w.org\/{rel}","templated":true}]}}