{"id":3276,"date":"2025-04-29T15:41:35","date_gmt":"2025-04-29T07:41:35","guid":{"rendered":"https:\/\/www.ruiqigo.com\/?post_type=product&#038;p=3276"},"modified":"2025-04-29T15:41:35","modified_gmt":"2025-04-29T07:41:35","slug":"kids-electric-toothbrush","status":"publish","type":"product","link":"https:\/\/www.ruiqigo.com\/da\/product\/kids-electric-toothbrush","title":{"rendered":"Elektrisk tandb\u00f8rste til b\u00f8rn"},"content":{"rendered":"<h2 class=\"wp-block-heading\">Funktioner for elektrisk tandb\u00f8rste til b\u00f8rn<\/h2>\n\n\n\n<p>1.<strong> B\u00f8rsteh\u00e5r og b\u00f8rstehoveder: <\/strong>Vores elektriske b\u00f8rnetandb\u00f8rste er specielt designet til b\u00f8rn med et lille b\u00f8rstehoved, der er egnet til b\u00f8rn at bruge. B\u00f8rsterne er bl\u00f8de og fine, hvilket effektivt kan pleje b\u00f8rns sarte tandk\u00f8d og forhindre skader.<\/p>\n\n\n\n<p>2. <strong>Milj\u00f8venlig krop: <\/strong>B\u00f8rnetandb\u00f8rstens kabinet er lavet af f\u00f8devaregodkendte, milj\u00f8venlige materialer, og den er lille og let, egnet til b\u00f8rns h\u00e6nder. H\u00e5ndtaget er ergonomisk, behageligt og skridsikkert at holde.<\/p>\n\n\n\n<p>3. <strong>S\u00f8d form:<\/strong> B\u00f8rns elektriske tandb\u00f8rster er farverige og varierede, ofte med tegneseriem\u00f8nstre, hvilket kan \u00f8ge b\u00f8rns interesse for t\u00e6nderb\u00f8rstning og dyrke gode mundhygiejnevaner.<\/p>\n\n\n\n<p>4. <strong>Vandt\u00e6t design:<\/strong> Huset er lavet af IPX7-kvalitetsmateriale, hvilket g\u00f8r det sikkert at bruge i v\u00e5de omgivelser.<\/p>\n\n\n\n<p>5. <strong>Nem at oplade: <\/strong>En elektrisk tandb\u00f8rste til b\u00f8rn kan oplades p\u00e5 forskellige m\u00e5der, f.eks. via USB-opladning, batteriopladning eller tr\u00e5dl\u00f8s opladning, hvilket er praktisk at bruge.<\/p>\n\n\n\n<h2 class=\"wp-block-heading\">Fordele ved elektriske tandb\u00f8rster til b\u00f8rn<\/h2>\n\n\n\n<p>1.<strong> St\u00e6rk reng\u00f8ringskraft: <\/strong>Vores elektriske b\u00f8rnetandb\u00f8rste er udstyret med intelligent sonisk vibrationsteknologi og roterende reng\u00f8ringsteknologi, som kan rense mellemrummene mellem t\u00e6nderne i dybden, nemt fjerne plak og rester, og reng\u00f8ringseffekten er meget grundig.<\/p>\n\n\n\n<p>2. <strong>Lang batterilevetid:<\/strong> B\u00f8rns elektriske tandb\u00f8rste kan oplades med USB-hurtigopladning eller tr\u00e5dl\u00f8s induktionsopladning. Det tager kun 2 timer at oplade og kan holde i mere end 25 dage. Du beh\u00f8ver ikke l\u00e6ngere bekymre dig om, at tandb\u00f8rsten l\u00f8ber t\u00f8r for str\u00f8m, n\u00e5r du er ude.<\/p>\n\n\n\n<p>3. <strong>Beskyt t\u00e6nder og tandk\u00f8d: <\/strong>Vibrationsintensiteten p\u00e5 vores elektriske b\u00f8rnetandb\u00f8rste er indstillet af professionelle. Vibrationsintensiteten er moderat, blid og effektiv og skader ikke det \u00f8mme tandk\u00f8d. Den er meget velegnet til b\u00f8rns tidlige tandpleje. Samtidig indstiller vi ogs\u00e5 flere geartilstande, s\u00e5som reng\u00f8ringstilstand, sensitiv tilstand osv., for at im\u00f8dekomme behovene hos b\u00f8rn i forskellige aldre.<\/p>\n\n\n\n<p>4. <strong>B\u00f8rstehovedet kan udskiftes: <\/strong>B\u00f8rstehovedet p\u00e5 b\u00f8rnetandb\u00f8rsten kan udskiftes. N\u00e5r b\u00f8rsternes reng\u00f8ringskraft falder, kan du udskifte det med et nyt b\u00f8rstehoved, som er meget milj\u00f8venligt og \u00f8konomisk, og praktisk til langvarig brug.<\/p>\n\n\n\n<p>5. <strong>Interessant design:<\/strong> B\u00f8rns elektriske tandb\u00f8rster er ofte designet med tegneserieelementer, hvilket kan \u00f8ge b\u00f8rns initiativ og interesse for at b\u00f8rste t\u00e6nder, reducere modstand og nemt udvikle gode vaner.<\/p>\n\n\n\n<p>6. <strong>Lille og let: <\/strong>B\u00f8rnetandb\u00f8rsten er lille og let og kan holdes i \u00e9n h\u00e5nd. B\u00f8rns h\u00e5ndmuskler er ikke fuldt udviklede, s\u00e5 den lette tandb\u00f8rste er egnet til b\u00f8rn over 3 \u00e5r, s\u00e5 de kan bruge den selvst\u00e6ndigt.<\/p>\n\n\n\n<h2 class=\"wp-block-heading\">M\u00e5lgruppe for elektriske b\u00f8rnetandb\u00f8rster<\/h2>\n\n\n\n<ul class=\"wp-block-list\">\n<li>B\u00f8rn fra 3 \u00e5r og opefter, is\u00e6r dem i perioden med m\u00e6lket\u00e6nder og udskiftning af t\u00e6nder, som har brug for at styrke deres mundpleje.<\/li>\n<\/ul>\n\n\n\n<ul class=\"wp-block-list\">\n<li>B\u00f8rn, der er modstandsdygtige over for traditionelle tandb\u00f8rster og ikke er s\u00e6rlig motiverede til at b\u00f8rste t\u00e6nder.<\/li>\n<\/ul>\n\n\n\n<ul class=\"wp-block-list\">\n<li>B\u00f8rn, der bruger b\u00f8jle under ortodontisk behandling.<\/li>\n<\/ul>\n\n\n\n<ul class=\"wp-block-list\">\n<li>Familier, der er opm\u00e6rksomme p\u00e5 b\u00f8rns mundhygiejne.<\/li>\n<\/ul>\n\n\n\n<h2 class=\"wp-block-heading\">Anvendelser af elektriske tandb\u00f8rster til b\u00f8rn<\/h2>\n\n\n\n<ul class=\"wp-block-list\">\n<li>Daglig mundpleje til b\u00f8rn derhjemme.<\/li>\n<\/ul>\n\n\n\n<ul class=\"wp-block-list\">\n<li>B\u00e6rbart tandb\u00f8rsteudstyr til b\u00f8rn til familierejser.<\/li>\n<\/ul>\n\n\n\n<ul class=\"wp-block-list\">\n<li>Udstyr til mundhygiejneundervisning til b\u00f8rnehaver, folkeskoler og andre institutioner.<\/li>\n<\/ul>\n\n\n\n<h2 class=\"wp-block-heading\">Teknik til fremstilling af elektriske b\u00f8rnetandb\u00f8rster<\/h2>\n\n\n\n<p>Vores elektriske b\u00f8rnetandb\u00f8rste er lavet af f\u00f8devaregodkendte materialer, s\u00e5som PP-plast, bl\u00f8dt TPE-gummi osv. Den anvender fuldautomatisk spr\u00f8jtest\u00f8bning og intelligent samleteknologi for at sikre stabil vibrationsfrekvens og lav st\u00f8j. Den er strengt vandt\u00e6t og bruger ultralydssvejsning eller en t\u00e6tningsringstruktur for at sikre den samlede vandt\u00e6tte ydeevne. F\u00f8r den forlader fabrikken, udf\u00f8rer vi flere kvalitetsinspektioner, s\u00e5som faldmodstandstest, vandt\u00e6thedstest osv., for at sikre, at den opfylder internationale sikkerhedscertificeringsstandarder. Elektrisk b\u00f8rnetandb\u00f8rste underst\u00f8tter OEM\/ODM-tilpasning, og b\u00f8rstem\u00f8nster, logo, emballage osv. kan personligg\u00f8res. <\/p>\n\n\n\n<h2 class=\"wp-block-heading\">S\u00e5dan bruger du en elektrisk tandb\u00f8rste til b\u00f8rn<\/h2>\n\n\n\n<p>1. Oplad venligst batterierne helt, eller is\u00e6t nye, inden f\u00f8rste brug.<\/p>\n\n\n\n<p>2. Fjern beskyttelsesd\u00e6kslet p\u00e5 b\u00f8rstehovedet, og pres en passende m\u00e6ngde b\u00f8rnetandpasta ud p\u00e5 b\u00f8rsterne.<\/p>\n\n\n\n<p>3. S\u00e6t b\u00f8rstehovedet i munden, ber\u00f8r t\u00e6ndernes overflade, og t\u00e6nd derefter for str\u00f8mmen.<\/p>\n\n\n\n<p>4. Bev\u00e6g tandb\u00f8rsten forsigtigt, b\u00f8rst overt\u00e6nderne, undert\u00e6nderne og den okklusale overflade i r\u00e6kkef\u00f8lge, b\u00f8rst i cirka 2 minutter hver gang, og b\u00f8rst f\u00f8lelsen p\u00e5 forskellige omr\u00e5der.<\/p>\n\n\n\n<p>5. Sluk for str\u00f8mmen efter brug, skyl b\u00f8rstehovedet med rent vand, t\u00f8r derefter b\u00f8rstehovedet og placer det et ventileret og t\u00f8rt sted.<\/p>\n\n\n\n<p>6. Anbefaling: Udskift b\u00f8rstehovedet hver tredje m\u00e5ned for at sikre hygiejne og reng\u00f8ringseffekt. <\/p>\n\n\n\n<h2 class=\"wp-block-heading\">Konklusion<\/h2>\n\n\n\n<p>3TOPs elektriske tandb\u00f8rste til b\u00f8rn er sikker, smart og sjov. Den beskytter ikke kun b\u00f8rns mundhygiejne, men hj\u00e6lper dem ogs\u00e5 med at udvikle gode b\u00f8rstevaner. Vi tilbyder ogs\u00e5 en r\u00e6kke skr\u00e6ddersyede l\u00f8sninger, der im\u00f8dekommer kundernes forskellige behov. Hvis du har nogle behov, er du velkommen til at kontakte os!<\/p>","protected":false},"excerpt":{"rendered":"Kids electric toothbrush features 1. Bristles and brush heads: Our kids electric toothbrush is specially designed for children, with a small brush head, suitable for children to use. The bristles are soft and fine, which can effectively care for children&#8217;s delicate gums and prevent damage. 2. Environmentally friendly body: The body of the kids electric [&hellip;]","protected":false},"featured_media":3277,"menu_order":0,"template":"","meta":[],"product-tag":[],"products":[167],"class_list":["post-3276","product","type-product","status-publish","has-post-thumbnail","hentry","products-toothbrush"],"acf":[],"_links":{"self":[{"href":"https:\/\/www.ruiqigo.com\/da\/wp-json\/wp\/v2\/product\/3276","targetHints":{"allow":["GET"]}}],"collection":[{"href":"https:\/\/www.ruiqigo.com\/da\/wp-json\/wp\/v2\/product"}],"about":[{"href":"https:\/\/www.ruiqigo.com\/da\/wp-json\/wp\/v2\/types\/product"}],"version-history":[{"count":0,"href":"https:\/\/www.ruiqigo.com\/da\/wp-json\/wp\/v2\/product\/3276\/revisions"}],"wp:featuredmedia":[{"embeddable":true,"href":"https:\/\/www.ruiqigo.com\/da\/wp-json\/wp\/v2\/media\/3277"}],"wp:attachment":[{"href":"https:\/\/www.ruiqigo.com\/da\/wp-json\/wp\/v2\/media?parent=3276"}],"wp:term":[{"taxonomy":"product-tag","embeddable":true,"href":"https:\/\/www.ruiqigo.com\/da\/wp-json\/wp\/v2\/product-tag?post=3276"},{"taxonomy":"products","embeddable":true,"href":"https:\/\/www.ruiqigo.com\/da\/wp-json\/wp\/v2\/products?post=3276"}],"curies":[{"name":"wp","href":"https:\/\/api.w.org\/{rel}","templated":true}]}}