{"id":331,"date":"2024-07-05T20:22:01","date_gmt":"2024-07-05T12:22:01","guid":{"rendered":"https:\/\/ruiqigo.com\/?post_type=product&#038;p=331"},"modified":"2024-09-26T17:44:36","modified_gmt":"2024-09-26T09:44:36","slug":"retinol-body-lotion","status":"publish","type":"product","link":"https:\/\/www.ruiqigo.com\/da\/product\/retinol-body-lotion","title":{"rendered":"Retinol bodylotion"},"content":{"rendered":"<h3 class=\"wp-block-heading\">Retinol bodylotion fremstiller almindelige formler<\/h3>\n\n\n\n<p>Kerneingrediensen i vores retinol bodylotion er retinol, et fedtopl\u00f8seligt vitamin med fremragende antioxidant- og genoprettende egenskaber, som effektivt kan forbedre t\u00f8r og ru hud. Samtidig fremmer det ogs\u00e5 kollagensyntesen og forbedrer dermed hudens tekstur og efterlader dig med en mere sart og smidig hud. Derudover tilf\u00f8jer produktet ogs\u00e5 vitamin E, glycerin og andre naturlige n\u00e6rende ingredienser, kan i dybden n\u00e6re huden, genoprette fugtigheden af teksturen af den bl\u00f8de og glatte.<\/p>\n\n\n\n<h3 class=\"wp-block-heading\">Retinol bodylotion Anvendelige scenarier<\/h3>\n\n\n\n<p>Vores retinol body lotions er velegnede til alle klimatiske forhold. I de kolde, t\u00f8rre vinterm\u00e5neder fokuserer den p\u00e5 at genopbygge hudens fugt og n\u00e6ringsstoffer, afhj\u00e6lpe ruhed og sl\u00f8vhed for\u00e5rsaget af det t\u00f8rre milj\u00f8; i de varme, svedige sommerm\u00e5neder absorberes den hurtigt uden at give en kl\u00e6brig fornemmelse, og holder huden hydreret og fugtet. Eller vi har flere <a href=\"https:\/\/www.ruiqigo.com\/da\/products\/body-lotion\/\">bodylotion<\/a> muligheder for dig at v\u00e6lge imellem.<\/p>\n\n\n\n<h3 class=\"wp-block-heading\">Hvem er Retinol bodylotion-dragt til<\/h3>\n\n\n\n<p>Vores retinol bodylotion er velegnet til alle mennesker. For teenagere forbedrer det t\u00f8rhed for\u00e5rsaget af talgproduktion. For midaldrende og \u00e6ldre kan den reparere ruheden og t\u00f8rheden af huden for\u00e5rsaget af tidens gang. Den er ogs\u00e5 velegnet til dem med t\u00f8r hud, hvilket giver en langvarig fugtgivende og foryngende oplevelse. Hvis du har andre behov, er du velkommen til at l\u00e6re mere om 3TOP <a href=\"https:\/\/www.ruiqigo.com\/da\/products\/body-care\/\">kropspleje<\/a> produkter.<\/p>\n\n\n\n<h3 class=\"wp-block-heading\">Retinol bodylotion Produktionsproces<\/h3>\n\n\n\n<p>Det, der g\u00f8r retinol bodylotion s\u00e5 speciel, er udvalget af aktive ingredienser og den delikate proces. H\u00f8jkvalitets retinol, et vitamin A-derivat kendt for dets anti-aldringsegenskaber, bruges til at reducere fine linjer og forbedre hudens elasticitet. Under produktionsprocessen l\u00e6gges der s\u00e6rlig v\u00e6gt p\u00e5 at opretholde retinols stabilitet og aktivitet med sk\u00e5nsomme formuleringer og lavtemperaturekstraktionsteknikker for at undg\u00e5 nedbrydning af ingrediensen. Derudover gennemg\u00e5r produktet en streng kvalitetskontrol for at sikre, at hver p\u00e5f\u00f8ring leverer blid, men effektiv n\u00e6ring og reparation til huden. Hvis du vil vide mere, s\u00e5 tjek venligst det relaterede <a href=\"https:\/\/www.ruiqigo.com\/da\/body-lotion-manufacturer-elevating-skincare-standards.html\/\">bodylotion<\/a> produktionsoplysninger.<\/p>","protected":false},"excerpt":{"rendered":"Retinol body lotion manufacturing Common Formulas The core ingredient of our retinol body lotion is retinol, a fat-soluble vitamin with excellent antioxidant and restorative properties, which can effectively improve dry and rough skin. At the same time, it also promotes collagen synthesis, thus improving skin texture and leaving you with a more delicate and supple [&hellip;]","protected":false},"featured_media":332,"menu_order":0,"template":"","meta":[],"product-tag":[],"products":[56],"class_list":["post-331","product","type-product","status-publish","has-post-thumbnail","hentry","products-body-lotion"],"acf":[],"_links":{"self":[{"href":"https:\/\/www.ruiqigo.com\/da\/wp-json\/wp\/v2\/product\/331","targetHints":{"allow":["GET"]}}],"collection":[{"href":"https:\/\/www.ruiqigo.com\/da\/wp-json\/wp\/v2\/product"}],"about":[{"href":"https:\/\/www.ruiqigo.com\/da\/wp-json\/wp\/v2\/types\/product"}],"version-history":[{"count":0,"href":"https:\/\/www.ruiqigo.com\/da\/wp-json\/wp\/v2\/product\/331\/revisions"}],"wp:featuredmedia":[{"embeddable":true,"href":"https:\/\/www.ruiqigo.com\/da\/wp-json\/wp\/v2\/media\/332"}],"wp:attachment":[{"href":"https:\/\/www.ruiqigo.com\/da\/wp-json\/wp\/v2\/media?parent=331"}],"wp:term":[{"taxonomy":"product-tag","embeddable":true,"href":"https:\/\/www.ruiqigo.com\/da\/wp-json\/wp\/v2\/product-tag?post=331"},{"taxonomy":"products","embeddable":true,"href":"https:\/\/www.ruiqigo.com\/da\/wp-json\/wp\/v2\/products?post=331"}],"curies":[{"name":"wp","href":"https:\/\/api.w.org\/{rel}","templated":true}]}}