{"id":3311,"date":"2025-05-08T10:24:36","date_gmt":"2025-05-08T02:24:36","guid":{"rendered":"https:\/\/www.ruiqigo.com\/?post_type=product&#038;p=3311"},"modified":"2025-05-08T10:24:36","modified_gmt":"2025-05-08T02:24:36","slug":"adult-toothbrush","status":"publish","type":"product","link":"https:\/\/www.ruiqigo.com\/da\/product\/adult-toothbrush","title":{"rendered":"Voksen tandb\u00f8rste"},"content":{"rendered":"<h2 class=\"wp-block-heading\">Funktioner for voksne tandb\u00f8rster<\/h2>\n\n\n\n<p>Voksentandb\u00f8rsten har mange praktiske designs, s\u00e5som et ergonomisk h\u00e5ndtag, en rimelig b\u00f8rstehovedst\u00f8rrelse, bl\u00f8de og mellemstore b\u00f8rsteh\u00e5r osv. Den kan opfylde voksnes behov for dybdeg\u00e5ende reng\u00f8ring og komfort i forbindelse med mundhygiejne og er velegnet til forskellige personer og reng\u00f8ringsscenarier.<\/p>\n\n\n\n<p>1. <strong>Ergonomisk h\u00e5ndtag: <\/strong>Behagelig at holde, skridsikkert design, fleksibel betjening, nem at reng\u00f8re mundhulen, ergonomisk og god brugeroplevelse.<\/p>\n\n\n\n<p>2. <strong>Diversificeret b\u00f8rsteh\u00e5rsdesign: <\/strong>Voksen-tandb\u00f8rster tilbyder en r\u00e6kke forskellige b\u00f8rsteh\u00e5r, herunder bl\u00f8de, mellemh\u00e5rde og h\u00e5rde b\u00f8rsteh\u00e5r, som kan opfylde brugernes personlige reng\u00f8ringsbehov.<\/p>\n\n\n\n<p>3. <strong>Milj\u00f8venlige og sikre materialer: <\/strong>Vores tandb\u00f8rste til voksne er lavet af milj\u00f8venlige og sikre materialer. B\u00f8rsterne er normalt lavet af PBT, nylon og andre materialer. H\u00e5ndtaget er lavet af PP, bambus eller majsstivelseskompositmaterialer, hvilket er i overensstemmelse med milj\u00f8beskyttelseskonceptet.<\/p>\n\n\n\n<p>4. <strong>En r\u00e6kke forskellige stilarter er tilg\u00e6ngelige: <\/strong>Vi tilbyder almindelige tandb\u00f8rster, milj\u00f8venlige tandb\u00f8rster med bambush\u00e5ndtag, bionedbrydelige tandb\u00f8rster, b\u00e6rbare rejseemballager og andre modeller for at im\u00f8dekomme de forskellige brugerbehov.<\/p>\n\n\n\n<p>5. <strong>B\u00f8rstehovedets st\u00f8rrelse er passende: <\/strong>St\u00f8rrelsen p\u00e5 b\u00f8rstehovedet p\u00e5 vores voksentandb\u00f8rste tilpasser sig den voksnes mundstruktur, s\u00e5 de nemt kan reng\u00f8re de bagerste t\u00e6nder og mellemrummene mellem t\u00e6nderne, hvilket sikrer en mundrensende effekt samt hygiejne og sundhed.<\/p>\n\n\n\n<h2 class=\"wp-block-heading\">Fordele ved tandb\u00f8rster til voksne<\/h2>\n\n\n\n<p>Vores tandb\u00f8rste til voksne har fordelene ved at beskytte tandk\u00f8det, have st\u00e6rk reng\u00f8ringskraft og v\u00e6re fremstillet af milj\u00f8venlige materialer. Den er velegnet til langvarig brug og boligk\u00f8b, og den overholder ogs\u00e5 konceptet om gr\u00f8n milj\u00f8beskyttelse og kan opfylde brugernes behov for en gr\u00f8n livsstil.<\/p>\n\n\n\n<p>1. <strong>Effektiv mundrensning: <\/strong>Vores voksentandb\u00f8rste kan rense plak og madrester i dybden, effektivt reducere plak og problemer med d\u00e5rlig \u00e5nde og sikre mundhygiejne.<\/p>\n\n\n\n<p>2. <strong>Bl\u00f8de og t\u00e6tte b\u00f8rster: <\/strong>B\u00f8rsterne p\u00e5 voksentandb\u00f8rsten er meget bl\u00f8de og t\u00e6tte, hvilket effektivt kan reducere stimuleringen af tandk\u00f8det og ikke let beskadiger tandk\u00f8det. Den er velegnet til personer med f\u00f8lsomt tandk\u00f8d.<\/p>\n\n\n\n<p>3. <strong>\u00d8konomisk og praktisk:<\/strong> Voksen-tandb\u00f8rsten er billig og af h\u00f8j kvalitet, har h\u00f8j omkostningseffektivitet og er meget velegnet til langvarig brug og familiek\u00f8b.<\/p>\n\n\n\n<p>4. <strong>Oprethold mundhygiejne:<\/strong> Langvarig brug af en tandb\u00f8rste til voksne kan reducere forekomsten af almindelige mundproblemer s\u00e5som huller i t\u00e6nderne og tandk\u00f8dsbet\u00e6ndelse og opretholde mundhygiejnen.<\/p>\n\n\n\n<h2 class=\"wp-block-heading\">M\u00e5lgruppe for voksne tandb\u00f8rster<\/h2>\n\n\n\n<p>Vores tandb\u00f8rste til voksne er velegnet til en bred vifte af voksne.<\/p>\n\n\n\n<p>1. <strong>Generel daglig mundpleje for voksne: <\/strong>Du kan bruge voksentandb\u00f8rsten til daglig mundrensning og pleje.<\/p>\n\n\n\n<p>2. <strong>Personer med f\u00f8lsomme t\u00e6nder:<\/strong> Vores bl\u00f8de tandb\u00f8rste til voksne kan effektivt reducere ubehag i tandk\u00f8det under tandb\u00f8rstning og sikre en mundrensende effekt for personer med f\u00f8lsomme t\u00e6nder.<\/p>\n\n\n\n<p>3. <strong>Udend\u00f8rs rejse eller forretningsrejse: <\/strong>Vores tandb\u00f8rste til voksne har en rejseemballage, som er meget b\u00e6rbar og kan tages med p\u00e5 rejser eller forretningsrejser, og den fylder ikke meget.<\/p>\n\n\n\n<h2 class=\"wp-block-heading\">Produktionsproces for voksne tandb\u00f8rster<\/h2>\n\n\n\n<p>Vores voksentandb\u00f8rste anvender hovedsageligt moderne processer s\u00e5som automatisk spr\u00f8jtest\u00f8bning, h\u00e5rplantningsteknologi, hot melt h\u00e5rst\u00f8rkning osv. for at sikre, at h\u00e5ndtagets form er pr\u00e6cis og standard, og at b\u00f8rsterne er j\u00e6vnt og korrekt implanteret i b\u00f8rstehullerne. Ved afslutningen af produktionen reng\u00f8r vi ogs\u00e5 produkterne ensartet for at sikre voksentandb\u00f8rstens hygiejne.<\/p>\n\n\n\n<p>Hvis du har brug for tilpasning, kan logo, b\u00f8rsteh\u00e5rst\u00e6thed og -h\u00e5rdhed, farve og emballage alle give dig personlige l\u00f8sninger. <\/p>\n\n\n\n<h2 class=\"wp-block-heading\">Anvendelser af tandb\u00f8rster til voksne<\/h2>\n\n\n\n<p>Voksen-tandb\u00f8rsten er egnet til f\u00f8lgende anvendelsesscenarier og har en bred vifte af markedstilpasningsmuligheder.<\/p>\n\n\n\n<p>1. <strong>Daglig mundpleje derhjemme: <\/strong>Brug en voksentandb\u00f8rste hver morgen og aften for at opretholde en god mundhygiejne.<\/p>\n\n\n\n<p>2. <strong>Rejse- og forretningsbrug: <\/strong>Vi har et b\u00e6rbart tandb\u00f8rstes\u00e6t til voksne, som er et must-have p\u00e5 rejsen.<\/p>\n\n\n\n<p>3. <strong>Hoteller, flyselskaber og andre st\u00f8ttefaciliteter: <\/strong>Engangstandb\u00f8rste til voksne bruges i vid udstr\u00e6kning i indkvarterings- og rejsescenarier s\u00e5som hoteller og flyselskaber for at im\u00f8dekomme brugernes behov for mundpleje.<\/p>\n\n\n\n<p>4. <strong>Reklame, promovering og gavegivning: <\/strong>Som en praktisk mundplejeartikel er en voksentandb\u00f8rste et godt valg til reklame og gavegivning.<\/p>\n\n\n\n<h2 class=\"wp-block-heading\">S\u00e5dan bruger du en voksen tandb\u00f8rste<\/h2>\n\n\n\n<p>1. Fugt tandb\u00f8rsten med vand og klem en sojab\u00f8nne-stor m\u00e6ngde tandpasta p\u00e5 den.<\/p>\n\n\n\n<p>2. B\u00f8rst forsigtigt i en 45\u00b0 vinkel t\u00e6t p\u00e5 tandk\u00f8dskanten.<\/p>\n\n\n\n<p>3. B\u00f8rst t\u00e6ndernes inderside, yderside og okklusale side i r\u00e6kkef\u00f8lge i mindst to minutter ad gangen.<\/p>\n\n\n\n<p>4. Skyl tandb\u00f8rsten efter tandb\u00f8rstning, og placer den et ventileret sted for at t\u00f8rre med b\u00f8rstehovedet opad.<\/p>\n\n\n\n<p>Det anbefales at b\u00f8rste t\u00e6nder to gange om dagen i mindst to minutter hver gang, og at udskifte tandb\u00f8rsten hver tredje m\u00e5ned for at sikre den rene reng\u00f8ringseffekt. <\/p>","protected":false},"excerpt":{"rendered":"Adult toothbrush features The adult toothbrush has many practical designs, such as an ergonomic handle, a reasonable brush head size, soft and medium bristles, etc. It can meet the deep cleaning and comfort needs of adults in oral cleaning and is suitable for different people and cleaning scenarios. 1. Ergonomic handle: comfortable to hold, non-slip [&hellip;]","protected":false},"featured_media":3312,"menu_order":0,"template":"","meta":[],"product-tag":[],"products":[167],"class_list":["post-3311","product","type-product","status-publish","has-post-thumbnail","hentry","products-toothbrush"],"acf":[],"_links":{"self":[{"href":"https:\/\/www.ruiqigo.com\/da\/wp-json\/wp\/v2\/product\/3311","targetHints":{"allow":["GET"]}}],"collection":[{"href":"https:\/\/www.ruiqigo.com\/da\/wp-json\/wp\/v2\/product"}],"about":[{"href":"https:\/\/www.ruiqigo.com\/da\/wp-json\/wp\/v2\/types\/product"}],"version-history":[{"count":0,"href":"https:\/\/www.ruiqigo.com\/da\/wp-json\/wp\/v2\/product\/3311\/revisions"}],"wp:featuredmedia":[{"embeddable":true,"href":"https:\/\/www.ruiqigo.com\/da\/wp-json\/wp\/v2\/media\/3312"}],"wp:attachment":[{"href":"https:\/\/www.ruiqigo.com\/da\/wp-json\/wp\/v2\/media?parent=3311"}],"wp:term":[{"taxonomy":"product-tag","embeddable":true,"href":"https:\/\/www.ruiqigo.com\/da\/wp-json\/wp\/v2\/product-tag?post=3311"},{"taxonomy":"products","embeddable":true,"href":"https:\/\/www.ruiqigo.com\/da\/wp-json\/wp\/v2\/products?post=3311"}],"curies":[{"name":"wp","href":"https:\/\/api.w.org\/{rel}","templated":true}]}}