{"id":3317,"date":"2025-05-08T10:27:55","date_gmt":"2025-05-08T02:27:55","guid":{"rendered":"https:\/\/www.ruiqigo.com\/?post_type=product&#038;p=3317"},"modified":"2025-05-08T10:27:56","modified_gmt":"2025-05-08T02:27:56","slug":"kids-toothbrush","status":"publish","type":"product","link":"https:\/\/www.ruiqigo.com\/da\/product\/kids-toothbrush","title":{"rendered":"B\u00f8rnetandb\u00f8rste"},"content":{"rendered":"<h2 class=\"wp-block-heading\">Funktioner hos b\u00f8rnetandb\u00f8rsten<\/h2>\n\n\n\n<p>Designet af b\u00f8rnetandb\u00f8rster tager fuldt ud hensyn til b\u00f8rns mundstruktur og brugsvaner. De har normalt et lille b\u00f8rstehoved, bl\u00f8de b\u00f8rster, et skridsikkert h\u00e5ndtag og et tegneserieagtigt udseende, hvilket er b\u00e5de praktisk og interessant.<\/p>\n\n\n\n<p>1. <strong>Lille b\u00f8rstehoved: <\/strong>B\u00f8rstehovedet p\u00e5 b\u00f8rnetandb\u00f8rsten er specielt designet til b\u00f8rns mundstruktur. B\u00f8rstehovedet er mindre i st\u00f8rrelse, hvilket er praktisk til dybdeg\u00e5ende reng\u00f8ring af hver enkelt m\u00e6lketand.<\/p>\n\n\n\n<p>2. <strong>Bl\u00f8de b\u00f8rster: <\/strong>For effektivt at beskytte b\u00f8rns \u00f8mme tandk\u00f8d og forhindre bl\u00f8dning eller slid, bruger vores b\u00f8rnetandb\u00f8rste superbl\u00f8de b\u00f8rsteh\u00e5r.<\/p>\n\n\n\n<p>3. <strong>Skridsikkert h\u00e5ndtag: <\/strong>H\u00e5ndtaget er designet i henhold til ergonomi, passer t\u00e6t til b\u00f8rns h\u00e6nder, er behageligt at holde og glider ikke let.<\/p>\n\n\n\n<p>4. <strong>Tegneserieudseende: <\/strong>B\u00f8rnetandb\u00f8rster har et tegneseriedesign, prim\u00e6rt dyre- og tegneseriem\u00f8nstre, hvilket \u00f8ger gl\u00e6den, forbedrer b\u00f8rns entusiasme for at b\u00f8rste t\u00e6nder, tiltr\u00e6kker b\u00f8rn til at tage initiativ til at b\u00f8rste t\u00e6nder og udvikler gode vaner.<\/p>\n\n\n\n<p>5. <strong>Farverig farvematchning: <\/strong>B\u00f8rnetandb\u00f8rster har normalt m\u00e6ttede og klare farver, der tiltr\u00e6kker b\u00f8rns opm\u00e6rksomhed, stimulerer initiativet til at b\u00f8rste t\u00e6nder og hj\u00e6lper med at etablere gode hygiejnevaner.<\/p>\n\n\n\n<h2 class=\"wp-block-heading\">Fordele ved b\u00f8rnetandb\u00f8rster<\/h2>\n\n\n\n<p>Sammenlignet med traditionelle tandb\u00f8rster har brugen af b\u00f8rnetandb\u00f8rster betydelige fordele for b\u00f8rns mundpleje. Ikke alene er den mere sikker i materialet og har bl\u00f8dere b\u00f8rsteh\u00e5r, men st\u00f8rrelsen og formen, der er specielt designet til b\u00f8rn, hj\u00e6lper ogs\u00e5 b\u00f8rn med at udvikle gode mundhygiejnevaner.<\/p>\n\n\n\n<p>1. <strong>Materialesikkerhed: <\/strong>B\u00f8rnetandb\u00f8rsten bruger f\u00f8devaregodkendt PP-, TPE- eller silikonemateriale, som er milj\u00f8venligt, sikkert, giftfrit og lugtfrit, og som opfylder sikkerhedsstandarderne for b\u00f8rneprodukter.<\/p>\n\n\n\n<p>2. <strong>Beskyt m\u00e6lket\u00e6nder: <\/strong>B\u00f8rnetandb\u00f8rsten er designet til b\u00f8rn, men har bl\u00f8de b\u00f8rsteh\u00e5r, og den kan effektivt fjerne plak, forebygge huller i t\u00e6nderne og tandk\u00f8dsproblemer hos b\u00f8rn og hj\u00e6lpe b\u00f8rn med at udvikle en sund mundhygiejne.<\/p>\n\n\n\n<p>3. <strong>L\u00e6rerisk og underholdende: <\/strong>Det sjove tegneseriedesign og den farverige farvematchning kan \u00f8ge b\u00f8rns entusiasme for daglig tandb\u00f8rstning og udvikle gode mundhygiejnevaner.<\/p>\n\n\n\n<p>4.<strong> Bred aldersgruppe:<\/strong> Fra 1 til 12 \u00e5r kan vores b\u00f8rnetandb\u00f8rste opn\u00e5 en meget bred d\u00e6kning.<\/p>\n\n\n\n<h2 class=\"wp-block-heading\">M\u00e5lgruppe for b\u00f8rnetandb\u00f8rster<\/h2>\n\n\n\n<p>B\u00f8rnetandb\u00f8rsten er prim\u00e6rt egnet til sp\u00e6db\u00f8rn og sm\u00e5b\u00f8rn i alderen 1 til 12 \u00e5r. Til babyer i alderen 1-3 \u00e5r, der lige har f\u00e5et t\u00e6nder, kan du bruge en b\u00f8rnetandb\u00f8rste til blidt at massere tandk\u00f8det og hj\u00e6lpe dem med at v\u00e6nne sig til tandb\u00f8rstning. Til b\u00f8rnehaveb\u00f8rn i alderen 3-6 \u00e5r, der har f\u00e5et m\u00e6lket\u00e6nder, kan du bruge bl\u00f8de b\u00f8rsteh\u00e5r og sm\u00e5 b\u00f8rstehoveder til en sk\u00e5nsom og nem mundrensning. Til b\u00f8rn over 6 \u00e5r, der har f\u00e5et tandudskiftning, kan en b\u00f8rnetandb\u00f8rste effektivt opretholde mundhygiejne og sundhed.<\/p>\n\n\n\n<p>Derudover er b\u00f8rnetandb\u00f8rster en uundv\u00e6rlig del af mundhygiejneundervisningen og -plejen i b\u00f8rnehaver, b\u00f8rnehospitaler og andre steder.<\/p>\n\n\n\n<h2 class=\"wp-block-heading\">Produktionsproces for b\u00f8rnetandb\u00f8rster<\/h2>\n\n\n\n<p>B\u00f8rnetandb\u00f8rsten kontrollerer strengt kvaliteten af hvert led i fremstillingsprocessen, fra spr\u00f8jtest\u00f8bning til b\u00f8rsteh\u00e5rsimplantation til den endelige polering og trykning. Vi bruger h\u00f8jpr\u00e6cisionsudstyr og milj\u00f8venlige r\u00e5materialer for at sikre produktets sikkerhed og holdbarhed.&nbsp;<\/p>\n\n\n\n<p>Hver b\u00f8rnetandb\u00f8rste vil gennemg\u00e5 strenge inspektioner, f\u00f8r den forlader fabrikken, herunder b\u00f8rsteh\u00e5rs\u00e6gthedstest, detektion af fremmedlegemer og materialesikkerhedstests osv., for at sikre, at produktet opfylder internationale sikkerhedsstandarder for b\u00f8rneprodukter.<\/p>\n\n\n\n<h2 class=\"wp-block-heading\">Anvendelser af b\u00f8rnetandb\u00f8rster<\/h2>\n\n\n\n<p>B\u00f8rnetandb\u00f8rsten har en bred vifte af anvendelser. Den kan bruges som et dagligt mundplejeprodukt til b\u00f8rn derhjemme og er ogs\u00e5 velegnet til mundsundhedsundervisning i b\u00f8rnefokuserede milj\u00f8er s\u00e5som b\u00f8rnehaver.<\/p>\n\n\n\n<p>Ved daglig brug derhjemme, brug b\u00f8rnetandpasta til at b\u00f8rste t\u00e6nderne omhyggeligt hver morgen og aften for at opretholde mundhygiejnen. Derudover er b\u00f8rnetandb\u00f8rsten let og nem at opbevare, og den er ogs\u00e5 velegnet til b\u00f8rn at have med p\u00e5 rejser. I b\u00f8rnehaver kan den bruges som et demonstrationsredskab til mundhygiejneundervisning for at hj\u00e6lpe b\u00f8rn med bedre at l\u00e6re at b\u00f8rste t\u00e6nder.<\/p>\n\n\n\n<h2 class=\"wp-block-heading\">S\u00e5dan bruger du b\u00f8rnetandb\u00f8rsten<\/h2>\n\n\n\n<p>Inden du b\u00f8rster t\u00e6nder, skal du v\u00e6lge en tandb\u00f8rste, der passer til dit barns alder. L\u00e6g b\u00f8rnetandb\u00f8rsten i bl\u00f8d i vand, pres en \u00e6rtestor m\u00e6ngde b\u00f8rnetandpasta ud og p\u00e5f\u00f8r den p\u00e5 tandb\u00f8rsten. Start fra ydersiden af t\u00e6nderne og b\u00f8rst ydersiden, indersiden og den okklusale side af t\u00e6nderne i r\u00e6kkef\u00f8lge. Efter b\u00f8rstning skylles tandb\u00f8rsten med rent vand og placeres et ventileret sted.<\/p>\n\n\n\n<p>Det anbefales at b\u00f8rste t\u00e6nder \u00e9n gang morgen og aften hver dag med b\u00f8rnetandpasta og b\u00f8rste i mindst 2 minutter hver gang for at rense t\u00e6nderne helt. Skyl b\u00f8rnetandb\u00f8rsten i god tid efter tandb\u00f8rstning, og udskift tandb\u00f8rsten hver 2-3 m\u00e5neder.<\/p>","protected":false},"excerpt":{"rendered":"Kids toothbrush features The design of kids toothbrushes fully considers the oral structure and usage habits of children. It usually has a small brush head, soft bristles, a non-slip handle and a cartoon appearance, which is both practical and interesting. 1. Small brush head: The brush head of kids toothbrush is specially designed for children&#8217;s [&hellip;]","protected":false},"featured_media":3318,"menu_order":0,"template":"","meta":[],"product-tag":[],"products":[167],"class_list":["post-3317","product","type-product","status-publish","has-post-thumbnail","hentry","products-toothbrush"],"acf":[],"_links":{"self":[{"href":"https:\/\/www.ruiqigo.com\/da\/wp-json\/wp\/v2\/product\/3317","targetHints":{"allow":["GET"]}}],"collection":[{"href":"https:\/\/www.ruiqigo.com\/da\/wp-json\/wp\/v2\/product"}],"about":[{"href":"https:\/\/www.ruiqigo.com\/da\/wp-json\/wp\/v2\/types\/product"}],"version-history":[{"count":0,"href":"https:\/\/www.ruiqigo.com\/da\/wp-json\/wp\/v2\/product\/3317\/revisions"}],"wp:featuredmedia":[{"embeddable":true,"href":"https:\/\/www.ruiqigo.com\/da\/wp-json\/wp\/v2\/media\/3318"}],"wp:attachment":[{"href":"https:\/\/www.ruiqigo.com\/da\/wp-json\/wp\/v2\/media?parent=3317"}],"wp:term":[{"taxonomy":"product-tag","embeddable":true,"href":"https:\/\/www.ruiqigo.com\/da\/wp-json\/wp\/v2\/product-tag?post=3317"},{"taxonomy":"products","embeddable":true,"href":"https:\/\/www.ruiqigo.com\/da\/wp-json\/wp\/v2\/products?post=3317"}],"curies":[{"name":"wp","href":"https:\/\/api.w.org\/{rel}","templated":true}]}}