{"id":3330,"date":"2025-05-08T10:20:55","date_gmt":"2025-05-08T02:20:55","guid":{"rendered":"https:\/\/www.ruiqigo.com\/?post_type=product&#038;p=3330"},"modified":"2025-05-08T10:20:56","modified_gmt":"2025-05-08T02:20:56","slug":"adult-electric-toothbrush","status":"publish","type":"product","link":"https:\/\/www.ruiqigo.com\/da\/product\/adult-electric-toothbrush","title":{"rendered":"Elektrisk tandb\u00f8rste til voksne"},"content":{"rendered":"<h2 class=\"wp-block-heading\">Funktioner for elektrisk tandb\u00f8rste til voksne<\/h2>\n\n\n\n<p>Den elektriske tandb\u00f8rste til voksne har mange praktiske funktioner s\u00e5som h\u00f8jfrekvent vibration, flere reng\u00f8ringstilstande og et vandt\u00e6t design. Den forbedrer brugerkomforten, samtidig med at den bevarer reng\u00f8ringskraften og opfylder forskellige brugeres mundbehov.<\/p>\n\n\n\n<p>1. <strong>H\u00f8jfrekvent vibration<\/strong>Den elektriske tandb\u00f8rste til voksne bruger en vibrationsfrekvens p\u00e5 op til 30.000 til 40.000 gange i minuttet og bruger lydb\u00f8lger eller rotationsvibrationsteknologi til effektivt at rense plak.<\/p>\n\n\n\n<p>2. <strong>Flere reng\u00f8ringstilstande: <\/strong>Vores elektriske tandb\u00f8rste til voksne har normalt flere tandrensningsfunktioner, herunder reng\u00f8ring, sensitiv tandpleje, blegning, massage osv., som fleksibelt kan indstilles i henhold til brugerens aktuelle tandbehov.<\/p>\n\n\n\n<p>3. <strong>Vandt\u00e6t design:<\/strong> Elektriske tandb\u00f8rster har normalt et IPX7 vandt\u00e6t design og kan vaskes helt.<\/p>\n\n\n\n<p>4. <strong>Lang batterilevetid: <\/strong>Elektriske tandb\u00f8rster til voksne bruger et USB-opladningsdesign og kan bruges i 7-30 dage p\u00e5 en enkelt opladning, hvilket er meget praktisk, n\u00e5r man rejser.<\/p>\n\n\n\n<p>5. <strong>Udskifteligt b\u00f8rstehoved: <\/strong>Udstyret med et aftageligt b\u00f8rstehoved kan det udskiftes meget hurtigt, n\u00e5r b\u00f8rstehovedet er gammelt, eller der sker en ulykke, hvilket sparer tid og omkostninger.<\/p>\n\n\n\n<h2 class=\"wp-block-heading\">Fordele ved elektrisk tandb\u00f8rste til voksne<\/h2>\n\n\n\n<p>Sammenlignet med traditionelle tandb\u00f8rster til voksne har elektriske tandb\u00f8rster til voksne betydelige fordele med hensyn til reng\u00f8ringseffektivitet og brugeroplevelse, og de er is\u00e6r velegnede til folk, der er opm\u00e6rksomme p\u00e5 mundhygiejne.<\/p>\n\n\n\n<p>1. <strong>H\u00f8jere reng\u00f8ringseffektivitet: <\/strong>Sammenlignet med traditionelle manuelle tandb\u00f8rster kan elektriske tandb\u00f8rster til voksne tr\u00e6nge dybt ind i mellemrummene mellem t\u00e6nderne og tandk\u00f8dets kant, effektivt fjerne plak og forbedre reng\u00f8ringseffekten.<\/p>\n\n\n\n<p>2. <strong>Beskyt tandk\u00f8det: <\/strong>En elektrisk tandb\u00f8rste til voksne kan reducere tandk\u00f8dsskader, der kan opst\u00e5 under tandb\u00f8rstning, gennem pr\u00e6cis vibrationsfrekvens og bl\u00f8de b\u00f8rsteh\u00e5r.<\/p>\n\n\n\n<p>3. <strong>Reducer den blinde vinkel ved b\u00f8rstning: <\/strong>Den intelligente vibrationsfrekvens hj\u00e6lper b\u00f8rstehovedet med at d\u00e6kke hver eneste tand fuldt ud under b\u00f8rstning, hvilket undg\u00e5r utilstr\u00e6kkelig lokal reng\u00f8ring.<\/p>\n\n\n\n<p>4. <strong>St\u00e6rk brugeroplevelse: <\/strong>Udseendet p\u00e5 den voksne elektriske tandb\u00f8rste er meget moderne, og induktionsopladning, tilstandsskift og andre designs kan effektivt forbedre brugeroplevelsen.<\/p>\n\n\n\n<p>5. <strong>Velegnet til personer med mundproblemer: <\/strong>For personer med mundproblemer s\u00e5som f\u00f8lsomt tandk\u00f8d og ortodonti kan brugen af den voksne elektriske tandb\u00f8rste give en bedre reng\u00f8ringsoplevelse.<\/p>\n\n\n\n<h2 class=\"wp-block-heading\">M\u00e5lgruppe for voksne elektriske tandb\u00f8rster<\/h2>\n\n\n\n<p>En elektrisk tandb\u00f8rste til voksne er prim\u00e6rt egnet til voksne over 18 \u00e5r, is\u00e6r dem med f\u00f8lsomme t\u00e6nder og dem, der bruger b\u00f8jle. Samtidig er den ogs\u00e5 velegnet til personer, der er plaget af mundproblemer s\u00e5som d\u00e5rlig \u00e5nde, misfarvninger p\u00e5 t\u00e6nderne og plak, personer, der bruger b\u00f8jle i lang tid eller lige har gennemf\u00f8rt en ortodontisk behandling, og personer, der har behov for effektiv reng\u00f8ring af mundplejen.<\/p>\n\n\n\n<h2 class=\"wp-block-heading\">Produktionsproces for elektriske tandb\u00f8rster til voksne<\/h2>\n\n\n\n<p>Vores elektriske tandb\u00f8rste til voksne fremstilles hovedsageligt gennem flere processer s\u00e5som spr\u00f8jtest\u00f8bning, pr\u00e6cisionsmontering, vandt\u00e6t forsegling osv. Tandb\u00f8rstehuset er fremstillet ved h\u00f8jpr\u00e6cisionsspr\u00f8jtest\u00f8bning af ABS eller f\u00f8devaregodkendt plast, mens b\u00f8rsterne er fastgjort ved varmsmeltning eller metalplantningsproces, og den ydre skal er forseglet og vandt\u00e6t ved ultralydssvejsning eller spiralforsegling.<\/p>\n\n\n\n<p>Efter fremstillingen er f\u00e6rdig, vil vi udf\u00f8re kontinuerlige vibrationstests, vandt\u00e6thedstests osv. p\u00e5 hver elektrisk tandb\u00f8rste for at sikre produktets holdbarhed og sikkerhed.<\/p>\n\n\n\n<h2 class=\"wp-block-heading\">Anvendelser af elektriske tandb\u00f8rster til voksne<\/h2>\n\n\n\n<p>Den elektriske tandb\u00f8rste til voksne er b\u00e5de praktisk og smuk og har en bred vifte af anvendelsesmuligheder.<\/p>\n\n\n\n<p>1. <strong>Daglig mundpleje derhjemme: <\/strong>Den elektriske tandb\u00f8rste til voksne kan erstatte den manuelle tandb\u00f8rste som det prim\u00e6re tandb\u00f8rsteredskab for at sikre mundhygiejne.<\/p>\n\n\n\n<p>2. <strong>Et must-have p\u00e5 forretningsrejser: <\/strong>Den elektriske tandb\u00f8rste til voksne er nem at b\u00e6re og har en fremragende batterilevetid, hvilket g\u00f8r den velegnet til rejsende og forretningsfolk p\u00e5 forretningsrejser.<\/p>\n\n\n\n<p>3. <strong>Ortodontisk patientpleje: <\/strong>Vores elektriske tandb\u00f8rste til voksne kan hj\u00e6lpe ortodontiske patienter med at reng\u00f8re de d\u00f8de hj\u00f8rner af b\u00f8jlerne, forhindre ophobning af plak og opretholde mundhygiejne og sundhed.<\/p>\n\n\n\n<p>4. <strong>Gavegivning: <\/strong>En elektrisk tandb\u00f8rste til voksne er et godt gaveprodukt, der er velegnet til julegaver, firmagaver og velf\u00e6rdsgaver osv.<\/p>\n\n\n\n<h2 class=\"wp-block-heading\">S\u00e5dan bruger du den elektriske tandb\u00f8rste til voksne<\/h2>\n\n\n\n<p>1. <strong>Installer b\u00f8rstehovedet og p\u00e5f\u00f8r tandpasta:<\/strong> S\u00e6t b\u00f8rstehovedet ind i h\u00e5ndgrebets gr\u00e6nseflade for at sikre en fast forbindelse. Klem derefter en passende m\u00e6ngde tandpasta p\u00e5 b\u00f8rsterne.<\/p>\n\n\n\n<p>2. <strong>Start kontakten:<\/strong> V\u00e6lg en b\u00f8rstetilstand, der passer dig, f.eks. reng\u00f8ring, sensitiv osv., og start tandb\u00f8rstefunktionen.<\/p>\n\n\n\n<p>3. <strong>Opdelt b\u00f8rstning: <\/strong>Rens forskellige omr\u00e5der af t\u00e6nderne i r\u00e6kkef\u00f8lge, cirka 30 sekunder for hvert omr\u00e5de, og b\u00f8rst dine t\u00e6nder i mindst 2 minutter i alt.<\/p>\n\n\n\n<p>4. <strong>Reng\u00f8r tandb\u00f8rsten efter b\u00f8rstning: <\/strong>Efter tandb\u00f8rstning skylles b\u00f8rstehovedet og h\u00e5ndtaget med rent vand og l\u00e6gges et ventileret sted for at t\u00f8rre.<\/p>\n\n\n\n<p>Det anbefales at udskifte b\u00f8rstehovedet hver 3. m\u00e5ned for at sikre reng\u00f8ringseffekt og hygiejne. Bev\u00e6g forsigtigt, n\u00e5r du b\u00f8rster t\u00e6nder, og tryk ikke h\u00e5rdt.<\/p>","protected":false},"excerpt":{"rendered":"Adult electric toothbrush features The adult electric toothbrush has many practical features such as high-frequency vibration, multiple cleaning modes, and a waterproof design. It improves the comfort of use while maintaining the cleaning power and meets the oral needs of various users. 1. High-frequency vibration: The adult electric toothbrush uses a vibration frequency of up [&hellip;]","protected":false},"featured_media":3331,"menu_order":0,"template":"","meta":[],"product-tag":[],"products":[167],"class_list":["post-3330","product","type-product","status-publish","has-post-thumbnail","hentry","products-toothbrush"],"acf":[],"_links":{"self":[{"href":"https:\/\/www.ruiqigo.com\/da\/wp-json\/wp\/v2\/product\/3330","targetHints":{"allow":["GET"]}}],"collection":[{"href":"https:\/\/www.ruiqigo.com\/da\/wp-json\/wp\/v2\/product"}],"about":[{"href":"https:\/\/www.ruiqigo.com\/da\/wp-json\/wp\/v2\/types\/product"}],"version-history":[{"count":0,"href":"https:\/\/www.ruiqigo.com\/da\/wp-json\/wp\/v2\/product\/3330\/revisions"}],"wp:featuredmedia":[{"embeddable":true,"href":"https:\/\/www.ruiqigo.com\/da\/wp-json\/wp\/v2\/media\/3331"}],"wp:attachment":[{"href":"https:\/\/www.ruiqigo.com\/da\/wp-json\/wp\/v2\/media?parent=3330"}],"wp:term":[{"taxonomy":"product-tag","embeddable":true,"href":"https:\/\/www.ruiqigo.com\/da\/wp-json\/wp\/v2\/product-tag?post=3330"},{"taxonomy":"products","embeddable":true,"href":"https:\/\/www.ruiqigo.com\/da\/wp-json\/wp\/v2\/products?post=3330"}],"curies":[{"name":"wp","href":"https:\/\/api.w.org\/{rel}","templated":true}]}}