{"id":3350,"date":"2025-05-08T17:01:12","date_gmt":"2025-05-08T09:01:12","guid":{"rendered":"https:\/\/www.ruiqigo.com\/?post_type=product&#038;p=3350"},"modified":"2025-05-08T17:01:13","modified_gmt":"2025-05-08T09:01:13","slug":"portable-oral-irrigator","status":"publish","type":"product","link":"https:\/\/www.ruiqigo.com\/da\/product\/portable-oral-irrigator","title":{"rendered":"B\u00e6rbar mundskyller"},"content":{"rendered":"<h2 class=\"wp-block-heading\">Funktioner ved b\u00e6rbar mundskylning<\/h2>\n\n\n\n<p>Den b\u00e6rbare mundskylningsapparat bruger h\u00f8jfrekvent pulserende vandstr\u00f8mningsteknologi kombineret med ergonomisk design og multifunktionelle dyser for at skabe et personligt mundplejev\u00e6rkt\u00f8j, der integrerer effektiv skylning og reng\u00f8ring med en behagelig oplevelse.<\/p>\n\n\n\n<p>1. <strong>H\u00f8jfrekvent pulsvandstr\u00f8mningsteknologi: <\/strong>Den b\u00e6rbare mundskyller bruger pulserende h\u00f8jtryksvandss\u00f8jler til at rense mellemrummene mellem t\u00e6nderne og tandk\u00f8dets sulci i dybden og fjerne madrester og plak, der efterlades i dem.<\/p>\n\n\n\n<p>2. <strong>Reng\u00f8ringstilstand med flere hastigheder:<\/strong> Den b\u00e6rbare mundskylningsapparat tilbyder reng\u00f8rings- og skyllefunktioner i flere hastigheder, fra standard og sk\u00e5nsom, til puls, for at im\u00f8dekomme brugernes forskellige reng\u00f8ringsbehov.<\/p>\n\n\n\n<p>3. <strong>Kompakt og b\u00e6rbar: <\/strong>Vores b\u00e6rbare mundskyller er kompakt og let og kan foldes sammen eller adskilles fra vandtanken, hvilket er meget b\u00e6rbart og nemt kan l\u00e6gges i en lomme eller rygs\u00e6k p\u00e5 rejsen.<\/p>\n\n\n\n<p>4. <strong>Design med stor vandtank: <\/strong>Selvom den er meget b\u00e6rbar, er vandtankens kapacitet ikke lille, omkring 120 ml-200 ml, hvilket kan opfylde en fuldst\u00e6ndig mundhygiejne.<\/p>\n\n\n\n<p>5. <strong>Udskiftelig dyse: <\/strong>Den b\u00e6rbare mundskyller leveres med flere dyser, s\u00e5som ortodontiske dyser, tandk\u00f8dsplejedyser osv., for at sikre, at den er egnet til forskellige brugeres forskellige plejebehov.<\/p>\n\n\n\n<h2 class=\"wp-block-heading\">Fordele ved b\u00e6rbare mundskyllere<\/h2>\n\n\n\n<p>Sammenlignet med traditionel tandtr\u00e5d har en b\u00e6rbar mundskyller en dybere og mere sk\u00e5nsom reng\u00f8ringseffekt, is\u00e6r velegnet til personer med store mellemrum mellem t\u00e6nderne og dem, der bruger b\u00f8jle. Den kan reducere bl\u00f8dning fra tandk\u00f8det, plakophobning og forebygge paradentose betydeligt.<\/p>\n\n\n\n<p>1. <strong>Reducer blinde pletter i munden: <\/strong>Brugen af en b\u00e6rbar mundskyller kan tr\u00e6nge ind i vanskeligt reng\u00f8rbare omr\u00e5der s\u00e5som mellemrum mellem t\u00e6nder og gingival sulci, reducere blinde vinkler ved reng\u00f8ring og sikre mundhygiejne.<\/p>\n\n\n\n<p>2. <strong>Beskyt tandk\u00f8dssundheden: <\/strong>Vandstr\u00f8mmen fra en b\u00e6rbar mundskyller kan massere tandk\u00f8det, fremme blodcirkulationen, reducere bl\u00f8dning fra tandk\u00f8det og beskytte tandk\u00f8dets sundhed.<\/p>\n\n\n\n<p>3. <strong>Enkel betjening og effektiv reng\u00f8ring: <\/strong>Den b\u00e6rbare mundskyller er meget nem at betjene og kan nemt startes og betjenes med en enkelt knap. Samtidig kan en omfattende mundrensning udf\u00f8res hurtigt og p\u00e5 kort tid.<\/p>\n\n\n\n<p>4. <strong>Energibesparelse og milj\u00f8beskyttelse: <\/strong>Den er genopladelig, og batterilevetiden er lang efter \u00e9n opladning, og den kan reducere batteriforurening og f\u00f8lge konceptet om milj\u00f8beskyttelse.<\/p>\n\n\n\n<p>5. <strong>Let at b\u00e6re: <\/strong>Den b\u00e6rbare mundskyller er lille i st\u00f8rrelse og let i v\u00e6gt, hvilket g\u00f8r den til en god partner til forretningsrejser og rejser.<\/p>\n\n\n\n<h2 class=\"wp-block-heading\">M\u00e5lgruppe for b\u00e6rbar mundskylning<\/h2>\n\n\n\n<p>En b\u00e6rbar mundskyller er velegnet til alle slags mennesker, der bekymrer sig om mundhygiejne, is\u00e6r dem, der har specifikke mundplejebehov, s\u00e5som ortodontiske brugere, personer med f\u00f8lsomt tandk\u00f8d og \u00e6ldre.&nbsp;<\/p>\n\n\n\n<p>B\u00f8rn kan ogs\u00e5 bruge den under vejledning af deres for\u00e6ldre til at udvikle gode mundhygiejnevaner fra en tidlig alder. Brugere kan v\u00e6lge forskellige tilstande afh\u00e6ngigt af forskellige reng\u00f8ringsbehov for at opn\u00e5 den bedste reng\u00f8ringseffekt.<\/p>\n\n\n\n<h2 class=\"wp-block-heading\">Produktionsproces for b\u00e6rbare orale irrigatorer<\/h2>\n\n\n\n<p>Den b\u00e6rbare mundskyller er lavet af ABS f\u00f8devaregodkendt plastik og vandt\u00e6tte silikoneforseglingsmaterialer, forarbejdet ved spr\u00f8jtest\u00f8bning og andre processer, med en kompakt struktur og holdbarhed. Den overholder internationale CE-, RoHS- og andre standarder for at sikre produktets sikkerhed, standard og stabilitet.&nbsp;<\/p>\n\n\n\n<p>F\u00f8r den forlader fabrikken, gennemg\u00e5r den flere inspektioner, herunder batterilevetid, trykpr\u00f8vning, vandtankforsegling og omfattende kvalitetskontrol for at sikre produktkvaliteten.<\/p>\n\n\n\n<h2 class=\"wp-block-heading\">Anvendelser af b\u00e6rbare mundskyllere<\/h2>\n\n\n\n<p>Det b\u00e6rbare design og den lange batterilevetid p\u00e5 den b\u00e6rbare mundskyller g\u00f8r den ikke kun velegnet til daglig brug derhjemme til at rense tandrester, men ogs\u00e5 til at blive brugt i forskellige situationer s\u00e5som forretningsrejser, frokostpauser osv. Dens lille og elegante design kan nemt opbevares i en toilettaske, og du kan bruge den til at sikre mundhygiejne og sundhed, n\u00e5r du er ude at rejse, og reducere forekomsten af mundproblemer.<\/p>\n\n\n\n<h2 class=\"wp-block-heading\">S\u00e5dan bruger du den b\u00e6rbare mundskyller<\/h2>\n\n\n\n<p>Den b\u00e6rbare mundskyller er nem at betjene og kan hurtigt tages i brug, selv f\u00f8rste gang. Produktet underst\u00f8tter funktioner som intelligent nedlukning og hukommelsesudstyr, hvilket forbedrer brugervenligheden og brugeroplevelsen betydeligt.<\/p>\n\n\n\n<p>1. <strong>Installer dysen: <\/strong>S\u00e6t den passende dyse i dysen p\u00e5 den b\u00e6rbare mundskylningsapparat, og fastg\u00f8r den godt.<\/p>\n\n\n\n<p>2. <strong>Tils\u00e6t vand til vandtanken: <\/strong>\u00c5bn vandtill\u00f8bet til vandtanken, og h\u00e6ld en passende m\u00e6ngde rent vand eller mundskyl i vandtanken.<\/p>\n\n\n\n<p>3. <strong>V\u00e6lg tilstanden:<\/strong> T\u00e6nd for str\u00f8mmen, og v\u00e6lg det passende gear i henhold til dine personlige behov.<\/p>\n\n\n\n<p>4. <strong>Start skylning: <\/strong>Ret dysen mod mellemrummet mellem t\u00e6nderne, og bev\u00e6g den forsigtigt mellem tandk\u00f8d og t\u00e6nder for at sikre, at reng\u00f8ring og skylning er p\u00e5 plads.<\/p>\n\n\n\n<p>5. <strong>Reng\u00f8r efter skylning: <\/strong>Efter skylning af munden skal vandtanken t\u00f8mmes, hovedenheden reng\u00f8res og placeres et ventileret og t\u00f8rt sted.<\/p>\n\n\n\n<p>Det anbefales at v\u00e6lge &quot;sk\u00e5nsom&quot;-tilstanden, n\u00e5r du bruger den for f\u00f8rste gang, for at undg\u00e5 ubehag.<\/p>","protected":false},"excerpt":{"rendered":"Portable oral irrigator features The portable oral irrigator uses high-frequency pulse water flow technology, combined with ergonomic design and multi-functional nozzles, to create a personal oral care tool that integrates efficient rinsing and cleaning with a comfortable experience. 1. High-frequency pulse water flow technology: The portable oral irrigator uses pulsed high-pressure water columns to deeply [&hellip;]","protected":false},"featured_media":3351,"menu_order":0,"template":"","meta":[],"product-tag":[],"products":[168],"class_list":["post-3350","product","type-product","status-publish","has-post-thumbnail","hentry","products-oral-irrigator"],"acf":[],"_links":{"self":[{"href":"https:\/\/www.ruiqigo.com\/da\/wp-json\/wp\/v2\/product\/3350","targetHints":{"allow":["GET"]}}],"collection":[{"href":"https:\/\/www.ruiqigo.com\/da\/wp-json\/wp\/v2\/product"}],"about":[{"href":"https:\/\/www.ruiqigo.com\/da\/wp-json\/wp\/v2\/types\/product"}],"version-history":[{"count":0,"href":"https:\/\/www.ruiqigo.com\/da\/wp-json\/wp\/v2\/product\/3350\/revisions"}],"wp:featuredmedia":[{"embeddable":true,"href":"https:\/\/www.ruiqigo.com\/da\/wp-json\/wp\/v2\/media\/3351"}],"wp:attachment":[{"href":"https:\/\/www.ruiqigo.com\/da\/wp-json\/wp\/v2\/media?parent=3350"}],"wp:term":[{"taxonomy":"product-tag","embeddable":true,"href":"https:\/\/www.ruiqigo.com\/da\/wp-json\/wp\/v2\/product-tag?post=3350"},{"taxonomy":"products","embeddable":true,"href":"https:\/\/www.ruiqigo.com\/da\/wp-json\/wp\/v2\/products?post=3350"}],"curies":[{"name":"wp","href":"https:\/\/api.w.org\/{rel}","templated":true}]}}