{"id":3359,"date":"2025-05-15T14:12:54","date_gmt":"2025-05-15T06:12:54","guid":{"rendered":"https:\/\/www.ruiqigo.com\/?post_type=product&#038;p=3359"},"modified":"2025-05-15T14:12:54","modified_gmt":"2025-05-15T06:12:54","slug":"moisturizing-face-cream","status":"publish","type":"product","link":"https:\/\/www.ruiqigo.com\/da\/product\/moisturizing-face-cream","title":{"rendered":"Fugtgivende ansigtscreme"},"content":{"rendered":"<h2 class=\"wp-block-heading\">Fremstilling af fugtgivende ansigtscremer - almindelige formler<\/h2>\n\n\n\n<p>Som professionel producent af fugtgivende ansigtscremer udv\u00e6lger vi en r\u00e6kke yderst effektive og sk\u00e5nsomme fugtgivende og reparerende ingredienser, s\u00e5som ceramid og hyaluronsyre, der hj\u00e6lper huden med at hydrere i dybden, reparere barrieren og forbedre den generelle hudkvalitet.<\/p>\n\n\n\n<p>1. <strong>Ceramid:<\/strong> Ceramid kan hj\u00e6lpe med at reducere vandtab, effektivt reparere hudbarrieren og forbedre hudens evne til at modst\u00e5 ydre stimuli. Det er velegnet til t\u00f8r eller sensitiv hud.<\/p>\n\n\n\n<p>2. <strong>Hyaluronsyre: <\/strong>Hyaluronsyre er en naturlig fugtighedsfaktor, der kan absorbere tusindvis af gange sin egen v\u00e6gt af vand, dybt indeslutte fugt og danne en fugtgivende film p\u00e5 hudoverfladen, s\u00e5 huden forbliver hydreret og fyldig hele dagen lang.<\/p>\n\n\n\n<p>3. <strong>Squalan:<\/strong> Squalan er ogs\u00e5 en naturlig fugtighedsfaktor med god hudkompatibilitet. Den absorberes hurtigt, hvilket giver huden langvarig fugtighed, samtidig med at den forbedrer glatheden, og den vil ikke v\u00e6re fedtet eller for\u00e5rsage akne.<\/p>\n\n\n\n<p>4. <strong>Glycerin:<\/strong> Glycerin er en naturlig hydrofil fugtighedscreme, der kan absorbere fugt fra luften og lede den til de dybe hudlag for at opretholde hudens fugtighed og elasticitet.<\/p>\n\n\n\n<p>5. <strong>Centella asiatica-ekstrakt: <\/strong>Den har en god lindrende og reparerende effekt, kan lindre ubehag i huden, fremme kollagenproduktionen og forbedre hudens selvhelbredende evne.<\/p>\n\n\n\n<h2 class=\"wp-block-heading\">Funktionerne af fugtgivende ansigtscreme<\/h2>\n\n\n\n<p>3TOP&#039;s fugtgivende ansigtscreme er ikke kun mild og har naturlige ingredienser, men har ogs\u00e5 flere funktioner og fremragende tilpasningsevne. Den kan tilpasses forskellige aldre, hudtyper og brugsscenarier. Det er et hudplejeprodukt, der er b\u00e5de sikkert og funktionelt.<\/p>\n\n\n\n<p>1. <strong>Langvarig fugtgivende: <\/strong>Som en fugtgivende ansigtscreme anvender den flere vandl\u00e5sende mekanismer for at opretholde hudens hydrering i mere end 12 timer, hvilket l\u00f8ser problemet med t\u00f8r og afskalende hud, is\u00e6r velegnet til kolde, t\u00f8rre eller s\u00e6sonbestemte hudf\u00f8lsomme perioder.<\/p>\n\n\n\n<p>2. <strong>Reparer hudbarrieren: <\/strong>Denne fugtgivende ansigtscreme er rig p\u00e5 reparerende ingredienser som ceramid og Centella asiatica, som kan hj\u00e6lpe skadet hud med at genoprette sig, stabilisere hudbarrieren og forbedre hudens generelle tolerance og antiirritationsevne.<\/p>\n\n\n\n<p>3. <strong>Hurtig absorption og ikke-fedtende: <\/strong>Fugtgivende ansigtscreme har en fugtgivende cremekonsistens, der er let og ikke-kl\u00e6brig, og som undg\u00e5r kraftig tilstopning af porerne. Den er meget velegnet til daglig brug og har en god effekt p\u00e5 blandet hud.<\/p>\n\n\n\n<p>4.<strong> Velegnet til sensitiv hud: <\/strong>Vores fugtgivende ansigtscreme har milde ingredienser og indeholder ikke alkohol, pigmenter eller irritanter. Den har en lav risiko for allergier og r\u00f8dme. Den kan bruges sikkert p\u00e5 f\u00f8lsom hud for at beskytte hudens sundhed.<\/p>\n\n\n\n<h2 class=\"wp-block-heading\">S\u00e5dan bruger du en fugtgivende ansigtscreme<\/h2>\n\n\n\n<p>Fugtighedsgivende ansigtscreme anbefales som det sidste trin i den daglige hudplejerutine for at bevare n\u00e6ringsstofferne fra de hudplejeprodukter, der blev brugt i de foreg\u00e5ende trin, og give huden langvarig fugtighed.<\/p>\n\n\n\n<p>1. <strong>Reng\u00f8r ansigtet: <\/strong>Brug renseprodukter til grundigt at fjerne snavs, olie og makeup fra ansigtet.<\/p>\n\n\n\n<p>2. <strong>Brug lotion\/toner: <\/strong>Plejer stratum corneum og hj\u00e6lper de efterf\u00f8lgende hudplejeprodukter med at absorberes.<\/p>\n\n\n\n<p>3. <strong>Tag en passende m\u00e6ngde creme ud og p\u00e5f\u00f8r den i ansigtet: <\/strong>Brug ringfingeren eller fingerspidserne til at tage en m\u00e6ngde fl\u00f8de ud p\u00e5 st\u00f8rrelse med en sojab\u00f8nne.<\/p>\n\n\n\n<p>4. <strong>P\u00e5f\u00f8r j\u00e6vnt og dup blidt for at absorbere:<\/strong> P\u00e5f\u00f8r p\u00e5 pande, kinder, n\u00e6se og hage i ansigtet, fordel derefter forsigtigt med cirkler og mass\u00e9r j\u00e6vnt. Du kan bruge massage eller blidt dupning for at fremme absorptionen.<\/p>\n\n\n\n<h2 class=\"wp-block-heading\"><strong>Forsigtighed<\/strong><\/h2>\n\n\n\n<p>1. <strong>Lav venligst en hudtest for f\u00f8rste gang:<\/strong> Lav en lille test bag \u00f8ret eller inde i h\u00e5ndleddet, og brug den formelt efter 24 timer uden abnormiteter for at undg\u00e5 allergier.<\/p>\n\n\n\n<p>2. <strong>Undg\u00e5 at bruge sammen med st\u00e6rkt irriterende produkter: <\/strong>Undg\u00e5 at bruge produkter med h\u00f8j koncentration af syre eller retinol for at undg\u00e5 ubehag i huden.<\/p>\n\n\n\n<p>3. <strong>Bruges hurtigst muligt efter \u00e5bning: <\/strong>Det anbefales at bruge fugtgivende ansigtscreme inden for 6-12 m\u00e5neder efter \u00e5bning for at undg\u00e5 oxidation og ineffektivitet af de aktive ingredienser.<\/p>\n\n\n\n<p>4. <strong>Opbevares k\u00f8ligt og t\u00f8rt: <\/strong>Opbevaringsmilj\u00f8et b\u00f8r undg\u00e5 direkte sollys eller h\u00f8j temperatur og luftfugtighed for at opretholde produktets aktivitet og stabilitet.<\/p>\n\n\n\n<p>5. <strong>Stop brugen med det samme, hvis du f\u00f8ler ubehag: <\/strong>Hvis du oplever prikken, r\u00f8dme eller andet ubehag under brug, skal du straks stoppe med at bruge det og kontakte en l\u00e6ge i tide.<\/p>\n\n\n\n<h2 class=\"wp-block-heading\">Konklusion<\/h2>\n\n\n\n<p>Fugtighedsgivende ansigtscreme er en hudplejecreme, der kombinerer h\u00f8jeffektiv fugtighedscreme og sk\u00e5nsom reparation. Den er velegnet til en r\u00e6kke forskellige scenarier, s\u00e5som personlig daglig hudpleje og professionelle institutioner. 3TOP udv\u00e6lger naturlige og sikre ingredienser for at give brugerne en langvarig fugtgivende og n\u00e6rende hudoplevelse. Vores fugtighedsgivende ansigtscreme er velegnet til en bred vifte af mennesker og kan opfylde brugernes behov for multifunktionel hudpleje.<\/p>","protected":false},"excerpt":{"rendered":"Moisturizing Face Cream Manufacturing Common Formulas As a professional moisturizing face cream manufacturer, we select a variety of highly effective and gentle moisturizing and repairing ingredients, such as ceramide and hyaluronic acid, to help the skin deeply hydrate, repair the barrier, and improve the overall skin quality. 1. Ceramide: Ceramide can help reduce water loss, [&hellip;]","protected":false},"featured_media":3360,"menu_order":0,"template":"","meta":[],"product-tag":[],"products":[161],"class_list":["post-3359","product","type-product","status-publish","has-post-thumbnail","hentry","products-face-cream"],"acf":[],"_links":{"self":[{"href":"https:\/\/www.ruiqigo.com\/da\/wp-json\/wp\/v2\/product\/3359","targetHints":{"allow":["GET"]}}],"collection":[{"href":"https:\/\/www.ruiqigo.com\/da\/wp-json\/wp\/v2\/product"}],"about":[{"href":"https:\/\/www.ruiqigo.com\/da\/wp-json\/wp\/v2\/types\/product"}],"version-history":[{"count":0,"href":"https:\/\/www.ruiqigo.com\/da\/wp-json\/wp\/v2\/product\/3359\/revisions"}],"wp:featuredmedia":[{"embeddable":true,"href":"https:\/\/www.ruiqigo.com\/da\/wp-json\/wp\/v2\/media\/3360"}],"wp:attachment":[{"href":"https:\/\/www.ruiqigo.com\/da\/wp-json\/wp\/v2\/media?parent=3359"}],"wp:term":[{"taxonomy":"product-tag","embeddable":true,"href":"https:\/\/www.ruiqigo.com\/da\/wp-json\/wp\/v2\/product-tag?post=3359"},{"taxonomy":"products","embeddable":true,"href":"https:\/\/www.ruiqigo.com\/da\/wp-json\/wp\/v2\/products?post=3359"}],"curies":[{"name":"wp","href":"https:\/\/api.w.org\/{rel}","templated":true}]}}