{"id":3386,"date":"2025-05-15T14:17:15","date_gmt":"2025-05-15T06:17:15","guid":{"rendered":"https:\/\/www.ruiqigo.com\/?post_type=product&#038;p=3386"},"modified":"2025-05-15T14:17:15","modified_gmt":"2025-05-15T06:17:15","slug":"dark-circle-eye-cream","status":"publish","type":"product","link":"https:\/\/www.ruiqigo.com\/da\/product\/dark-circle-eye-cream","title":{"rendered":"\u00d8jencreme med m\u00f8rke rande"},"content":{"rendered":"<h2 class=\"wp-block-heading\">Fremstilling af almindelige formler til \u00f8jencreme mod m\u00f8rke rande<\/h2>\n\n\n\n<p>3TOP er en professionel producent af \u00f8jencremer, der fremkalder m\u00f8rke rande under \u00f8jnene. Vi insisterer p\u00e5 at bruge sikre og milde, meget aktive ingredienser, som er specielt designet til at reducere m\u00f8rke rande, lysne hudtonen og forbedre poser under \u00f8jnene. Cremen reparerer huden omkring \u00f8jnene ved \u00f8jenproblemer som pigmentering og d\u00e5rlig blodcirkulation og forbedrer lysstyrke og fasthed.<\/p>\n\n\n\n<p>1. <strong>Niacinamid: <\/strong>Som den aktive form af vitamin B3 kan niacinamid h\u00e6mme melanintransport, lysne pigmenterede m\u00f8rke rande og styrke hudbarrieren. Langvarig brug kan lysne huden omkring \u00f8jnene og forbedre den overordnede hudtekstur.<\/p>\n\n\n\n<p>2. <strong>Koffein:<\/strong> Koffein kan fremme blodcirkulationen omkring \u00f8jnene og reducere \u00f8dem, hvilket effektivt kan forbedre m\u00f8rke rande under \u00f8jnene. Det kan ogs\u00e5 forbedre cellestofskiftet, hj\u00e6lpe med at lysne mat hud og f\u00e5 \u00f8jnene til at se mere energiske ud.<\/p>\n\n\n\n<p>3. <strong>C-vitaminderivater: <\/strong>C-vitaminderivater kan blidt oplyse huden omkring \u00f8jnene, fremme kollagensyntesen, samtidig med at de modvirker oxidation, forbedre mathed og tr\u00e6thed og forbedre hudens glans.<\/p>\n\n\n\n<p>4. <strong>Tetrapeptider:<\/strong> Tetrapeptider kan stimulere kollagensyntesen, forbedre \u00f8jenhudens elasticitet og reducere \u00f8jenrynker og h\u00e6ngende \u00f8jne for\u00e5rsaget af aldring. Det kan ogs\u00e5 hj\u00e6lpe med at bremse hudinflammation, hvilket g\u00f8r huden omkring \u00f8jnene fastere og yngre.<\/p>\n\n\n\n<h2 class=\"wp-block-heading\">Funktionerne af \u00f8jencreme mod m\u00f8rke rande<\/h2>\n\n\n\n<p>1. <strong>Langvarig fugtgivende og vandl\u00e5sende: <\/strong>Dark Circle Eye Cream indeholder hyaluronsyre og flere fugtgivende ingredienser, som kan fugte huden omkring \u00f8jnene i lang tid, forhindre dannelsen af t\u00f8rre linjer og holde \u00f8jnene fugtede og fyldige.<\/p>\n\n\n\n<p>2. <strong>Hurtig absorption:<\/strong> Dark Circle Eye Cream har en let cremet konsistens, der absorberes let og hurtigt tr\u00e6nger ind i huden omkring \u00f8jnene. Den fedter ikke og er velegnet til brug i dagtimerne eller f\u00f8r makeup uden at p\u00e5virke makeuppen.<\/p>\n\n\n\n<p>3. <strong>Mild og ikke-irriterende: <\/strong>Vores \u00f8jencremeformel mod m\u00f8rke rande indeholder ingen duft eller alkohol, og ingredienserne er milde, s\u00e5 den kan bruges af personer med f\u00f8lsom hud og gravide kvinder. Produktet er testet for \u00f8jenhudssikkerhed for at sikre, at det ikke for\u00e5rsager irritation eller ubehag under daglig brug.<\/p>\n\n\n\n<p>4. <strong>Flere funktioner: <\/strong>Udover sine mange funktioner, s\u00e5som opstrammende, beroligende og antioxiderende, kan \u00f8jencreme mod m\u00f8rke rande ogs\u00e5 l\u00f8se mange \u00f8jenproblemer, s\u00e5som at falme m\u00f8rke rande og mindske fine linjer. \u00c9t produkt, flere funktioner, forbedrer den samlede hudplejeeffektivitet.<\/p>\n\n\n\n<h2 class=\"wp-block-heading\">S\u00e5dan bruger du \u00f8jencreme med m\u00f8rke rande<\/h2>\n\n\n\n<p>Korrekt brug af \u00f8jencreme mod m\u00f8rke rande kan forbedre dens absorptionsevne betydeligt og reducere effekten af m\u00f8rke rande.<\/p>\n\n\n\n<p>1. Brug toner efter rensning for at pleje huden og holde den fugtet.<\/p>\n\n\n\n<p>2. Tag en passende m\u00e6ngde \u00f8jencreme ud og p\u00e5f\u00f8r den under \u00f8jnene, i \u00f8jenspidserne og p\u00e5 \u00f8jenbrynsbenet.<\/p>\n\n\n\n<p>3. Dup blidt med ringfingeren, indtil det er absorberet, og undg\u00e5 at tr\u00e6kke i huden, da det vil f\u00e5 huden til at slappe af. Hvis det bruges sammen med en \u00f8jenmassage, vil effekten v\u00e6re bedre.<\/p>\n\n\n\n<p><strong>Henstilling:<\/strong> Brug \u00e9n gang morgen og aften hver dag med blide massageteknikker, s\u00e5 ingredienserne bedre kan tr\u00e6nge ind i det nederste hudlag og aktivere \u00f8jnenes mikrocirkulation.<\/p>\n\n\n\n<h2 class=\"wp-block-heading\">Forsigtighed<\/h2>\n\n\n\n<p>1. <strong>\u00d8jenmassage b\u00f8r v\u00e6re moderat: <\/strong>Massagen b\u00f8r v\u00e6re blid, undg\u00e5 h\u00e5rde tr\u00e6k for ikke at irritere det sarte \u00f8jenomr\u00e5de og for\u00e5rsage bivirkninger.<\/p>\n\n\n\n<p>2. <strong>Undg\u00e5 direkte kontakt med \u00f8je\u00e6blet: <\/strong>Undg\u00e5 \u00f8jen\u00e6blet og \u00f8jenvippernes rod, n\u00e5r du bruger \u00f8jencreme. Hvis det ved et uheld kommer i \u00f8jnene, skal du straks skylle med rent vand.<\/p>\n\n\n\n<p>3. <strong>Udf\u00f8r en f\u00f8lsomhedstest ved f\u00f8rste brug: <\/strong>Det anbefales at pr\u00f8ve det bag \u00f8rerne eller omkring \u00f8jnene i 24 timer, og derefter bruge det normalt efter at have bekr\u00e6ftet, at der ikke er nogen irritation.<\/p>\n\n\n\n<p>4. <strong>Brug med solcreme: <\/strong>Efter brug af dette produkt anbefales det at bruge solcreme for at forhindre ultraviolette str\u00e5ler i at forv\u00e6rre pigmentaflejring og forbedre effekten af at falme m\u00f8rke rande under \u00f8jnene.<\/p>\n\n\n\n<h2 class=\"wp-block-heading\">Konklusion<\/h2>\n\n\n\n<p>Dark Circle Eye Cream er et yderst effektivt hudplejeprodukt, der er specielt udviklet til \u00f8jenproblemer. Den kombinerer flere aktive ingredienser for at fokusere p\u00e5 at reducere m\u00f8rke rande, opstramme huden under \u00f8jnene og forbedre h\u00e6velser under \u00f8jnene. Den har en mild tekstur og absorberes hurtigt, er velegnet til personer med alle hudtyper og finder en god balance mellem effektivitet og hudf\u00f8lelse. 3TOP underst\u00f8tter produkttilpasning for at hj\u00e6lpe kunder med at skabe differentieret konkurrenceevne og im\u00f8dekomme de pr\u00e6cise behov p\u00e5 forskellige markeder.<\/p>","protected":false},"excerpt":{"rendered":"Dark Circle Eye Cream Manufacturing Common Formulas 3TOP is a professional dark circle eye cream manufacturer. We insist on using safe and mild, highly active ingredients, which are specially designed to reduce dark circles, brighten skin tone, and improve eye bags. It repairs the skin around the eyes for eye problems such as pigmentation and [&hellip;]","protected":false},"featured_media":3387,"menu_order":0,"template":"","meta":[],"product-tag":[],"products":[162],"class_list":["post-3386","product","type-product","status-publish","has-post-thumbnail","hentry","products-eye-cream"],"acf":[],"_links":{"self":[{"href":"https:\/\/www.ruiqigo.com\/da\/wp-json\/wp\/v2\/product\/3386","targetHints":{"allow":["GET"]}}],"collection":[{"href":"https:\/\/www.ruiqigo.com\/da\/wp-json\/wp\/v2\/product"}],"about":[{"href":"https:\/\/www.ruiqigo.com\/da\/wp-json\/wp\/v2\/types\/product"}],"version-history":[{"count":0,"href":"https:\/\/www.ruiqigo.com\/da\/wp-json\/wp\/v2\/product\/3386\/revisions"}],"wp:featuredmedia":[{"embeddable":true,"href":"https:\/\/www.ruiqigo.com\/da\/wp-json\/wp\/v2\/media\/3387"}],"wp:attachment":[{"href":"https:\/\/www.ruiqigo.com\/da\/wp-json\/wp\/v2\/media?parent=3386"}],"wp:term":[{"taxonomy":"product-tag","embeddable":true,"href":"https:\/\/www.ruiqigo.com\/da\/wp-json\/wp\/v2\/product-tag?post=3386"},{"taxonomy":"products","embeddable":true,"href":"https:\/\/www.ruiqigo.com\/da\/wp-json\/wp\/v2\/products?post=3386"}],"curies":[{"name":"wp","href":"https:\/\/api.w.org\/{rel}","templated":true}]}}