{"id":3392,"date":"2025-05-15T14:18:35","date_gmt":"2025-05-15T06:18:35","guid":{"rendered":"https:\/\/www.ruiqigo.com\/?post_type=product&#038;p=3392"},"modified":"2025-05-15T14:18:36","modified_gmt":"2025-05-15T06:18:36","slug":"collagen-eye-mask","status":"publish","type":"product","link":"https:\/\/www.ruiqigo.com\/da\/product\/collagen-eye-mask","title":{"rendered":"Kollagen \u00f8jenmaske"},"content":{"rendered":"<h2 class=\"wp-block-heading\">Almindelige formler til fremstilling af kollagen-\u00f8jenmasker<\/h2>\n\n\n\n<p>Som professionel producent af kollagen-\u00f8jenmasker udv\u00e6lger vi aktive ingredienser s\u00e5som hydrolyseret kollagen med h\u00f8j renhed, natriumhyaluronat og C-vitaminderivater for at stramme huden omkring \u00f8jnene, mindske m\u00f8rke rande, udglatte fine linjer og give langvarige fugtgivende og beroligende effekter til \u00f8jnene.<\/p>\n\n\n\n<p>1.<strong> Hydrolyseret kollagen:<\/strong> Hydrolyseret kollagen fremmer regenereringen af hudens elastin, forbedrer fastheden i \u00f8jenomr\u00e5det, reducerer fine linjer og slap hud omkring \u00f8jnene og g\u00f8r huden omkring \u00f8jnene yngre og fyldigere.<\/p>\n\n\n\n<p>2. <strong>Natriumhyaluronat: <\/strong>Natriumhyaluronat er en yderst effektiv fugtgivende ingrediens, der hurtigt kan fugte \u00f8jenomr\u00e5det, lindre t\u00f8rhed omkring \u00f8jnene, reparere hudbarrieren og forbedre produktets komfort under brug samt den langsigtede fugtgivende og vandbindende effekt.<\/p>\n\n\n\n<p>3. <strong>C-vitaminderivater: <\/strong>C-vitaminderivater er milde og stabile hvidtningsfaktorer, der effektivt kan h\u00e6mme produktionen af melanin, lysne \u00f8jenhuden og forbedre pigmenteringslignende m\u00f8rke rande.<\/p>\n\n\n\n<p>4. <strong>Koffein: <\/strong>Koffein kan fremskynde blodcirkulationen omkring \u00f8jnene, hj\u00e6lpe med at lindre h\u00e6velser og m\u00f8rke rande under \u00f8jnene og g\u00f8re huden omkring \u00f8jnene mere opfrisket.<\/p>\n\n\n\n<p>5. <strong>Troldn\u00f8d ekstrakt:<\/strong> Den har en lindrende og astringerende effekt, kan hj\u00e6lpe med at berolige huden omkring \u00f8jnene, reducere r\u00f8dme og h\u00e6velse, og er velegnet til personer med sensitiv hud.<\/p>\n\n\n\n<h2 class=\"wp-block-heading\">Funktionerne af kollagen \u00f8jenmaske<\/h2>\n\n\n\n<p>1. <strong>Koldt omslag og lindrende dobbeltvirkning i \u00e9n:<\/strong> Kollagen \u00f8jenmasken er lavet af hydrogelmateriale, som ikke kun er meget pasformet og let at b\u00e6re, men ogs\u00e5 kontinuerligt kan k\u00f8le ned og lindre \u00f8jentr\u00e6thed under brug, hvilket opn\u00e5r den dobbelte effekt af koldt omslag og beroligende effekt.<\/p>\n\n\n\n<p>2. <strong>Hurtig reparation, hurtig effekt: <\/strong>Kollagen \u00f8jenmasken virker meget hurtigt efter brug. Det tager kun 15 minutter at m\u00e6rke, at fugtighedsgraden omkring \u00f8jnene er markant forbedret. Den er et ideelt valg til fugtgivende perioder, f.eks. efter at have v\u00e6ret oppe sent og f\u00f8r makeup.<\/p>\n\n\n\n<p>3. <strong>H\u00f8j penetrations- og absorptionseffektivitet: <\/strong>Vores kollagen-\u00f8jenmaske er bl\u00f8d og meget kl\u00e6bende. Den glider ikke let af, n\u00e5r den p\u00e5f\u00f8res huden omkring \u00f8jnene. N\u00e5r den bruges med blid massage, kan den fremme absorptionen af essentielle ingredienser og \u00f8ge penetrationshastigheden.<\/p>\n\n\n\n<p>4. <strong>\u00c9n patch med flere effekter:<\/strong> Kollagen-\u00f8jenmasken bek\u00e6mper ikke kun m\u00f8rke rande, men lindrer samtidig problemer som fine linjer og poser under \u00f8jnene, hvilket forbedrer \u00f8jenomr\u00e5dets generelle ungdommelighed.<\/p>\n\n\n\n<h2 class=\"wp-block-heading\">S\u00e5dan bruger du kollagen \u00f8jenmaske<\/h2>\n\n\n\n<p>Kollagen \u00f8jenmaske er nem at bruge og effektiv, hvilket g\u00f8r den perfekt til daglig hudpleje og pleje f\u00f8r makeup. Vi anbefaler at bruge den efter rensning for at maksimere \u00f8jenmaskens fugtgivende og opstrammende effekt.<\/p>\n\n\n\n<p>1. <strong>Rens \u00f8jenomr\u00e5det: <\/strong>Brug en mild rensemiddel til at rense dit ansigt grundigt og s\u00f8rg for, at der ikke er olie- eller makeuprester omkring dine \u00f8jne.<\/p>\n\n\n\n<p>2. <strong>Fjern \u00f8jenmasken: <\/strong>Efter at have \u00e5bnet pakken, skal du forsigtigt fjerne \u00f8jenmasken for at undg\u00e5 at tr\u00e6kke h\u00e5rdt i den og deformere den.<\/p>\n\n\n\n<p>3. <strong>P\u00e5f\u00f8r p\u00e5 \u00f8jnene:<\/strong> P\u00e5f\u00f8r forsigtigt \u00f8jenmasken p\u00e5 omr\u00e5det med poser under \u00f8jnene, og juster den, s\u00e5 den passer.<\/p>\n\n\n\n<p>4. <strong>Vent i 10-20 minutter: <\/strong>Vent p\u00e5, at \u00f8jenhuden har absorberet essensen i \u00f8jenmasken.<\/p>\n\n\n\n<p>5. <strong>Fjern og mass\u00e9r:<\/strong> Fjern \u00f8jenmasken fra \u00f8jnene og dup \u00f8jenomr\u00e5det med ringfingeren for at absorbere den resterende essens.<\/p>\n\n\n\n<h2 class=\"wp-block-heading\">Forsigtighed<\/h2>\n\n\n\n<p>1. <strong>Undg\u00e5 direkte kontakt med \u00f8jnene:<\/strong> Undg\u00e5 \u00f8jenl\u00e5g og \u00f8jenvippernes r\u00f8dder under brug for at forhindre essensen i at komme i \u00f8jnene. Hvis det ved et uheld kommer i \u00f8jnene, skylles straks med rent vand.<\/p>\n\n\n\n<p>2. <strong>M\u00e5 ikke anvendes sammen med st\u00e6rke \u00f8jenessenser:<\/strong> For at undg\u00e5 overlappende irritation eller p\u00e5virkning af absorptionen, undg\u00e5 venligst at bruge dette produkt sammen med meget aktive produkter s\u00e5som frugtsyre og retinol.<\/p>\n\n\n\n<p>3. <strong>Udf\u00f8r venligst en lokal test f\u00f8r f\u00f8rste brug: <\/strong>Selvom formlen i kollagen-\u00f8jenmasken er mild, anbefaler vi stadig at teste den bag \u00f8ret eller h\u00e5ndleddet f\u00f8r f\u00f8rste brug for at sikre, at den ikke irriterer.<\/p>\n\n\n\n<p>4. <strong>Opbevares k\u00f8ligt og t\u00f8rt:<\/strong> H\u00f8j temperatur og sollys kan p\u00e5virke gelens tekstur og de aktive ingrediensers stabilitet. Det anbefales at undg\u00e5 direkte sollys og opbevare produktet et k\u00f8ligt og t\u00f8rt sted.<\/p>\n\n\n\n<h2 class=\"wp-block-heading\">Konklusion<\/h2>\n\n\n\n<p>Kollagen \u00f8jenmaske er et popul\u00e6rt \u00f8jenplejeprodukt med sin kombination af yderst effektive og sk\u00e5nsomme aktive ingredienser, behagelige tekstur og flere funktioner. Uanset om den bruges til daglig reparation eller f\u00f8rstehj\u00e6lp f\u00f8r makeup, kan den skille sig ud med sine betydelige effekter og gode brugeroplevelse.<\/p>","protected":false},"excerpt":{"rendered":"Collagen Eye Mask Manufacturing Common Formulas As a professional collagen eye mask manufacturer, we select active ingredients such as high-purity hydrolyzed collagen, sodium hyaluronate, and vitamin C derivatives to help tighten the skin around the eyes, fade dark circles, smooth fine lines, and bring long-lasting moisturizing and soothing effects to the eyes. 1. Hydrolyzed collagen: [&hellip;]","protected":false},"featured_media":3393,"menu_order":0,"template":"","meta":[],"product-tag":[],"products":[163],"class_list":["post-3392","product","type-product","status-publish","has-post-thumbnail","hentry","products-eye-mask"],"acf":[],"_links":{"self":[{"href":"https:\/\/www.ruiqigo.com\/da\/wp-json\/wp\/v2\/product\/3392","targetHints":{"allow":["GET"]}}],"collection":[{"href":"https:\/\/www.ruiqigo.com\/da\/wp-json\/wp\/v2\/product"}],"about":[{"href":"https:\/\/www.ruiqigo.com\/da\/wp-json\/wp\/v2\/types\/product"}],"version-history":[{"count":0,"href":"https:\/\/www.ruiqigo.com\/da\/wp-json\/wp\/v2\/product\/3392\/revisions"}],"wp:featuredmedia":[{"embeddable":true,"href":"https:\/\/www.ruiqigo.com\/da\/wp-json\/wp\/v2\/media\/3393"}],"wp:attachment":[{"href":"https:\/\/www.ruiqigo.com\/da\/wp-json\/wp\/v2\/media?parent=3392"}],"wp:term":[{"taxonomy":"product-tag","embeddable":true,"href":"https:\/\/www.ruiqigo.com\/da\/wp-json\/wp\/v2\/product-tag?post=3392"},{"taxonomy":"products","embeddable":true,"href":"https:\/\/www.ruiqigo.com\/da\/wp-json\/wp\/v2\/products?post=3392"}],"curies":[{"name":"wp","href":"https:\/\/api.w.org\/{rel}","templated":true}]}}