{"id":3400,"date":"2025-05-15T14:19:58","date_gmt":"2025-05-15T06:19:58","guid":{"rendered":"https:\/\/www.ruiqigo.com\/?post_type=product&#038;p=3400"},"modified":"2025-05-15T14:19:58","modified_gmt":"2025-05-15T06:19:58","slug":"brightening-ampoule","status":"publish","type":"product","link":"https:\/\/www.ruiqigo.com\/da\/product\/brightening-ampoule","title":{"rendered":"Lysnende ampul"},"content":{"rendered":"<h2 class=\"wp-block-heading\">Fremstilling af lysnende ampuller - almindelige formler<\/h2>\n\n\n\n<p>Den lysnende ampulformel bruger flere hudlysnende faktorer s\u00e5som niacinamid med h\u00f8j renhed, tranexaminsyre, arbutin og natriumhyaluronat. Gennem stabil teknologi og modne processer hj\u00e6lper den med at lysne mat hud, give huden en lysere hudtone og give huden en lys og transparent f\u00f8lelse.<\/p>\n\n\n\n<p>1. <strong>Niacinamid:<\/strong> Niacinamid er en bredspektret hvidtende ingrediens, der har fremragende funktioner til at h\u00e6mme melanintransport og kan ogs\u00e5 forbedre hudbarrieren. Den er mild og ikke-irriterende og er en effektiv ingrediens til at forbedre forskellige problemer med mat hud.<\/p>\n\n\n\n<p>2. <strong>Tranexaminsyre:<\/strong> Tranexaminsyre kan h\u00e6mme pigmentering for\u00e5rsaget af ultraviolette str\u00e5ler, lysne pletter og aknem\u00e6rker og har antiinflammatoriske virkninger. Den er meget velegnet til f\u00f8lsom hud. Den reparerer huden, samtidig med at den lysner hudtonen og forebygger pigmentering.<\/p>\n\n\n\n<p>3. <strong>Arbutin: <\/strong>Arbutin er en sikker og mild hvidtende ingrediens, der effektivt kan reducere produktionen af melanin og forhindre mat hudtone ved at h\u00e6mme aktiviteten af tyrosinase. Den er yderst stabil og egnet til langvarig brug. Den kan hj\u00e6lpe med at udj\u00e6vne hudtonen og forbedre hudens gl\u00f8d.<\/p>\n\n\n\n<p>4. <strong>Natriumhyaluronat: <\/strong>Som en klassisk fugtgivende ingrediens kan natriumhyaluronat effektivt holde p\u00e5 fugten, \u00f8ge hudens fugtighedsindhold, forbedre penetrationseffektiviteten af blegende ingredienser og forbedre hudkomforten samt holde huden fugtet, mens den lysner.<\/p>\n\n\n\n<p>5. <strong>Glutathion: <\/strong>Glutathion er en kraftig antioxidant, der ofte bruges i hudpleje med hvidtning for at reducere dannelsen af melanin. Det kan neutralisere frie radikaler, fremme cellemetabolisme, hj\u00e6lpe huden med at udstr\u00e5le lys indefra og ud og forsinke hudens aldring.<\/p>\n\n\n\n<h2 class=\"wp-block-heading\">Funktionerne af Brightening Ampulle<\/h2>\n\n\n\n<p>1. <strong>H\u00f8jkoncentreret essens: <\/strong>Den lysnende ampul bruger en h\u00f8jkoncentreret aktiv essenstekstur, som har en st\u00e6rk penetration og hurtigt n\u00e5r hudens bund. Den kan hurtigt forbedre en kedelig og tr\u00e6t hudtone p\u00e5 kort tid og er velegnet til at v\u00e6kke huden eller reparere hudens pleje.<\/p>\n\n\n\n<p>2. <strong>Velegnet til en r\u00e6kke forskellige hudtyper:<\/strong> Den lysnende ampul indeholder ikke irriterende ingredienser eller alkohol, har en forfriskende og ikke-kl\u00e6brig tekstur, st\u00e6rk fugtgivende kraft og er velegnet til t\u00f8r, fedtet og sensitiv hud. Den kan bruges i alle \u00e5rstider.<\/p>\n\n\n\n<p>3. <strong>Ren og let tekstur: <\/strong>Brightening-ampullen har en transparent og ren tekstur. Den bliver ikke hvid eller tykner efter brug, og det er ikke let at gnide mudder af, n\u00e5r man p\u00e5f\u00f8rer makeup, hvilket ikke p\u00e5virker efterf\u00f8lgende hudpleje eller makeup.<\/p>\n\n\n\n<p>4. <strong>Velegnet til brug med en r\u00e6kke forskellige hudplejeprodukter: <\/strong>Lysningsampullen kan bruges alene eller sammen med sk\u00f8nhedsudstyr s\u00e5som sk\u00f8nhedsinstrumenter og koldsprayinstrumenter for at forbedre absorptionseffektiviteten. Den er ikke kun egnet til hjemmepleje, men ogs\u00e5 til projekter i sk\u00f8nhedssaloner.<\/p>\n\n\n\n<h2 class=\"wp-block-heading\">S\u00e5dan bruger du en lysnende ampul<\/h2>\n\n\n\n<p>Den lysnende ampul er nem at bruge og anbefales at bruge efter toner og f\u00f8r creme.<\/p>\n\n\n\n<p>1. Brug toner efter rensning til at pleje din hud.<\/p>\n\n\n\n<p>2. \u00c5bn den lysnende ampul og dryp essensen i din h\u00e5ndflade eller p\u00e5f\u00f8r den direkte i ansigtet.<\/p>\n\n\n\n<p>3. Gnid og dup blidt med fingerspidserne for at hj\u00e6lpe din hud med at absorbere essensen.<\/p>\n\n\n\n<p>4. Efter absorption, brug lotion eller creme til at fugte og holde p\u00e5 fugten.<\/p>\n\n\n\n<p><strong>Henstilling: <\/strong>Brug \u00e9n gang om morgenen og \u00e9n gang om aftenen.<\/p>\n\n\n\n<h2 class=\"wp-block-heading\">Forsigtighed<\/h2>\n\n\n\n<p>1. <strong>Udf\u00f8r en hudtest f\u00f8r f\u00f8rste brug:<\/strong> Da de koncentrerede essensingredienser er meget aktive, anbefales det, at f\u00f8rstegangsbrugere udf\u00f8rer en hudtest bag \u00f8rerne eller langs k\u00e6belinjen for at bekr\u00e6fte, at der ikke er ubehag, f\u00f8r de bruger det p\u00e5 hele ansigtet.<\/p>\n\n\n\n<p>2. <strong>Undg\u00e5 brug sammen med st\u00e6rke syreprodukter: <\/strong>Den lysnende ampul indeholder aktive hvidtg\u00f8rende ingredienser. Undg\u00e5 at bruge den sammen med frugtsyrer eller A-syreprodukter for at undg\u00e5 at belaste hudbarrieren.<\/p>\n\n\n\n<p>3. <strong>V\u00e6r opm\u00e6rksom p\u00e5 solbeskyttelse efter brug: <\/strong>Lysnende produkter kan hj\u00e6lpe med at forbedre hudens gennemsigtighed, men de er ogs\u00e5 mere modtagelige for ultraviolette str\u00e5ler. Brug solcreme med h\u00f8j solfaktor efter brug af dette produkt for at undg\u00e5 m\u00f8rkning.<\/p>\n\n\n\n<p>4. <strong>M\u00e5 ikke anvendes p\u00e5 beskadigede eller bet\u00e6ndte omr\u00e5der:<\/strong> Hvis der er tydelige s\u00e5r eller bet\u00e6ndelse i ansigtet, skal du undg\u00e5 at bruge dette produkt for at undg\u00e5 ubehag eller p\u00e5virke helingsevnen.<\/p>\n\n\n\n<p>5. <strong>Opbevares m\u00f8rkt: <\/strong>For at opretholde den bedste reparationseffekt, opbevar venligst dette produkt et k\u00f8ligt og t\u00f8rt sted v\u00e6k fra lys.<\/p>\n\n\n\n<h2 class=\"wp-block-heading\">Konklusion<\/h2>\n\n\n\n<p>Brightening ampulle skiller sig ud blandt mange hudplejeprodukter med sin yderst aktive formel og h\u00f8jeffektive lysnende effekt. Produktet kombinerer videnskabelige og sk\u00e5nsomme ingredienser for at sikre sikker brug og stabil effekt, samtidig med at det forbedrer brugerens hudf\u00f8lelse. Uanset om det bruges som en lysnende pleje i den daglige hudpleje eller et hudlysnende projekt i en sk\u00f8nhedssalon, er det et godt valg.<\/p>","protected":false},"excerpt":{"rendered":"Brightening Ampoule Manufacturing Common Formulas The brightening ampoule formula uses multiple skin-lightening factors such as high-purity niacinamide, tranexamic acid, arbutin and sodium hyaluronate. Through stable technology and mature processes, it helps to lighten dullness, brighten skin tone, and bring a bright and transparent feeling to the skin. 1. Niacinamide: Niacinamide is a broad-spectrum whitening ingredient [&hellip;]","protected":false},"featured_media":3401,"menu_order":0,"template":"","meta":[],"product-tag":[],"products":[171],"class_list":["post-3400","product","type-product","status-publish","has-post-thumbnail","hentry","products-ampoule"],"acf":[],"_links":{"self":[{"href":"https:\/\/www.ruiqigo.com\/da\/wp-json\/wp\/v2\/product\/3400","targetHints":{"allow":["GET"]}}],"collection":[{"href":"https:\/\/www.ruiqigo.com\/da\/wp-json\/wp\/v2\/product"}],"about":[{"href":"https:\/\/www.ruiqigo.com\/da\/wp-json\/wp\/v2\/types\/product"}],"version-history":[{"count":0,"href":"https:\/\/www.ruiqigo.com\/da\/wp-json\/wp\/v2\/product\/3400\/revisions"}],"wp:featuredmedia":[{"embeddable":true,"href":"https:\/\/www.ruiqigo.com\/da\/wp-json\/wp\/v2\/media\/3401"}],"wp:attachment":[{"href":"https:\/\/www.ruiqigo.com\/da\/wp-json\/wp\/v2\/media?parent=3400"}],"wp:term":[{"taxonomy":"product-tag","embeddable":true,"href":"https:\/\/www.ruiqigo.com\/da\/wp-json\/wp\/v2\/product-tag?post=3400"},{"taxonomy":"products","embeddable":true,"href":"https:\/\/www.ruiqigo.com\/da\/wp-json\/wp\/v2\/products?post=3400"}],"curies":[{"name":"wp","href":"https:\/\/api.w.org\/{rel}","templated":true}]}}