{"id":341,"date":"2024-07-05T21:27:41","date_gmt":"2024-07-05T13:27:41","guid":{"rendered":"https:\/\/ruiqigo.com\/?post_type=product&#038;p=341"},"modified":"2024-09-26T17:43:03","modified_gmt":"2024-09-26T09:43:03","slug":"vitamin-c-body-lotion","status":"publish","type":"product","link":"https:\/\/www.ruiqigo.com\/da\/product\/vitamin-c-body-lotion","title":{"rendered":"C-vitamin bodylotion"},"content":{"rendered":"<h2 class=\"wp-block-heading\">Vitamin C bodylotion fremstiller almindelige formler<\/h2>\n\n\n\n<p>Kerneingrediensen i denne Vitamin C Body Lotion er ascorbinsyre (C-vitamin), en kraftig antioxidant, der neutraliserer frie radikaler, forbedrer sl\u00f8vhed og pigmentering og genopretter hudens udstr\u00e5ling. Derudover indeholder formlen ogs\u00e5 jojobafr\u00f8olie og tocopheroler og andre n\u00e6rende ingredienser, kan i dybden hydrere og n\u00e6re huden, forbedre t\u00f8rheden og ruheden af problemet, s\u00e5 huden bliver bl\u00f8d og fugtet.<\/p>\n\n\n\n<h2 class=\"wp-block-heading\">Vitamin C bodylotion Anvendelige scenarier<\/h2>\n\n\n\n<p>Vitamin C Body Lotions er en heldags blegebehandling, der er perfekt til dem, der \u00f8nsker at blege deres hud og \u00f8ge dens udstr\u00e5ling gennem hudpleje. I de varme, t\u00f8rre sommerm\u00e5neder giver den dyb hydrering til huden og forbedrer glans, mathed, t\u00f8rhed og ruhed. I de kolde, v\u00e5de vinterm\u00e5neder n\u00e6rer dens rige n\u00e6rende ingredienser huden og lindrer kuldefremkaldt ubehag i huden. Eller vi har flere <a href=\"https:\/\/www.ruiqigo.com\/da\/products\/body-lotion\/\">bodylotion<\/a> muligheder for dig at v\u00e6lge imellem.<\/p>\n\n\n\n<h2 class=\"wp-block-heading\">Hvem er vitamin C bodylotion dragt til<\/h2>\n\n\n\n<p>Vitamin C Body Lotion er velegnet til brugere i alle aldre. For teenagere kan det effektivt forbedre hudens sl\u00f8vhed, ruhed og andre problemer, s\u00e5 huden genvinder sin glans; for de midaldrende og \u00e6ldre grupper er den rig p\u00e5 n\u00e6rende ingredienser for at forbedre t\u00f8rheden for\u00e5rsaget af aldring, s\u00e5 huden bliver bl\u00f8d og fugtet; samtidig er den ogs\u00e5 velegnet til dem, der kan lide at bruge udend\u00f8rs aktiviteter, s\u00e5 huden altid nyder en hel r\u00e6kke af pleje. Hvis du har andre behov, er du velkommen til at l\u00e6re mere om 3TOP <a href=\"https:\/\/www.ruiqigo.com\/da\/products\/body-care\/\">kropspleje<\/a> produkter.<\/p>\n\n\n\n<h2 class=\"wp-block-heading\">Vitamin C bodylotion Produktionsproces<\/h2>\n\n\n\n<p>Det, der g\u00f8r Vitamin C Body Lotions speciel, er dens unikke antioxidantformel og avancerede produktionsteknologi. Udv\u00e6lgelse af meget stabile C-vitaminderivater neutraliserer effektivt frie radikaler og fremmer oplysning og reparation af huden. Lavtemperatur kuldeekstraktion og oxygenbarriereteknologi bruges i produktionsprocessen for at sikre, at de aktive ingredienser i C-vitamin ikke \u00f8del\u00e6gges, samtidig med at fugtgivende ingredienser s\u00e5som hyaluronsyre integreres for at opn\u00e5 dyb n\u00e6ring. Streng kvalitetskontrol og tils\u00e6tningsfri formulering sikrer sikkerheden og effektiviteten af produktet, som er velegnet til alle hudtyper. Hvis du vil vide mere, s\u00e5 tjek venligst det relaterede <a href=\"https:\/\/www.ruiqigo.com\/da\/body-lotion-manufacturer-elevating-skincare-standards.html\/\">bodylotion <\/a>produktionsoplysninger.<\/p>","protected":false},"excerpt":{"rendered":"Vitamin C body lotion manufacturing Common Formulas The core ingredient of this Vitamin C Body Lotion is Ascorbic Acid (Vitamin C), a powerful antioxidant that neutralizes free radicals, improves dullness and pigmentation, and restores skin&#8217;s radiance. In addition, the formula also contains jojoba seed oil and tocopherols and other nourishing ingredients, can deeply hydrate and [&hellip;]","protected":false},"featured_media":342,"menu_order":0,"template":"","meta":[],"product-tag":[],"products":[56],"class_list":["post-341","product","type-product","status-publish","has-post-thumbnail","hentry","products-body-lotion"],"acf":[],"_links":{"self":[{"href":"https:\/\/www.ruiqigo.com\/da\/wp-json\/wp\/v2\/product\/341","targetHints":{"allow":["GET"]}}],"collection":[{"href":"https:\/\/www.ruiqigo.com\/da\/wp-json\/wp\/v2\/product"}],"about":[{"href":"https:\/\/www.ruiqigo.com\/da\/wp-json\/wp\/v2\/types\/product"}],"version-history":[{"count":0,"href":"https:\/\/www.ruiqigo.com\/da\/wp-json\/wp\/v2\/product\/341\/revisions"}],"wp:featuredmedia":[{"embeddable":true,"href":"https:\/\/www.ruiqigo.com\/da\/wp-json\/wp\/v2\/media\/342"}],"wp:attachment":[{"href":"https:\/\/www.ruiqigo.com\/da\/wp-json\/wp\/v2\/media?parent=341"}],"wp:term":[{"taxonomy":"product-tag","embeddable":true,"href":"https:\/\/www.ruiqigo.com\/da\/wp-json\/wp\/v2\/product-tag?post=341"},{"taxonomy":"products","embeddable":true,"href":"https:\/\/www.ruiqigo.com\/da\/wp-json\/wp\/v2\/products?post=341"}],"curies":[{"name":"wp","href":"https:\/\/api.w.org\/{rel}","templated":true}]}}