{"id":3453,"date":"2025-05-21T10:12:35","date_gmt":"2025-05-21T02:12:35","guid":{"rendered":"https:\/\/www.ruiqigo.com\/?post_type=product&#038;p=3453"},"modified":"2025-05-21T10:12:35","modified_gmt":"2025-05-21T02:12:35","slug":"oral-care-kit","status":"publish","type":"product","link":"https:\/\/www.ruiqigo.com\/da\/product\/oral-care-kit","title":{"rendered":"Mundplejes\u00e6t"},"content":{"rendered":"<h2 class=\"wp-block-heading\">Funktioner i mundplejes\u00e6ttet<\/h2>\n\n\n\n<p>Mundplejes\u00e6ttet integrerer en r\u00e6kke basale mundrensningsv\u00e6rkt\u00f8jer, herunder tandb\u00f8rster, tandpasta, tandtr\u00e5d osv. Kombinationen er praktisk og kan opfylde de daglige behov for omfattende mundpleje. Alle komponenter er underst\u00f8ttet af f\u00f8devaregodkendte eller medicinske sikkerhedsmaterialer, som er hygiejniske og sunde og egnede til langvarig brug. Emballagen er uafh\u00e6ngig og praktisk til opbevaring.<\/p>\n\n\n\n<p><strong>1. En kombination af forskellige mundplejev\u00e6rkt\u00f8jer: <\/strong>Almindelige konfigurationer inkluderer tandb\u00f8rster, tandpasta, tandtr\u00e5d, mundskyl, tungeskraber osv. Nogle s\u00e6t kan ogs\u00e5 tilpasses for at tilf\u00f8je tilbeh\u00f8r s\u00e5som tandklisterm\u00e6rker og tandrensegel.<\/p>\n\n\n\n<p><strong>2. B\u00e6rbar emballage: <\/strong>Mundplejes\u00e6t bruger normalt b\u00e6rbare poser, forseglede poser eller uafh\u00e6ngig emballage, hvilket er praktisk til rejser, forretningsrejser eller hospitalsindl\u00e6ggelse.<\/p>\n\n\n\n<p><strong>3. Tilpas til forskellige mundplejebehov: <\/strong>Der findes mange forskellige v\u00e6rkt\u00f8jer. Uanset om det drejer sig om simpel mundpleje eller dybdeg\u00e5ende mundrensning, kan mundplejes\u00e6t give dig en god oplevelse.<\/p>\n\n\n\n<p><strong>4. Sikkerhed og hygiejne:<\/strong> Alt plejetilbeh\u00f8r er engangs- eller genanvendeligt, men materialerne er lette at reng\u00f8re, sikre og hygiejniske og opfylder standarderne og kravene til medicinsk eller personlig pleje.<\/p>\n\n\n\n<h2 class=\"wp-block-heading\">Fordele ved mundplejes\u00e6t<\/h2>\n\n\n\n<p>Mundplejes\u00e6ttet kan opn\u00e5 omhyggelig reng\u00f8ring gennem professionel matchning, d\u00e6kning af t\u00e6nder, mellemrum mellem t\u00e6nderne, tungebel\u00e6gning og blinde vinkler i munden. Det er meget b\u00e6rbart, praktisk og hygiejnisk, egnet til daglig brug og til at tage med sig. Det overordnede design tager h\u00f8jde for b\u00e5de funktion og erfaring, hvilket giver brugerne mulighed for at opn\u00e5 mundpleje af h\u00f8j kvalitet med enkel betjening.<\/p>\n\n\n\n<p><strong>1. Et s\u00e6t til mundpleje: <\/strong>Mundplejes\u00e6ttet indeholder grundl\u00e6ggende og komplette mundplejetilbeh\u00f8r, hvilket sparer tid ved indk\u00f8b og er meget effektivt.<\/p>\n\n\n\n<p><strong>2. Nem at b\u00e6re:<\/strong> Den kan nemt tages med p\u00e5 forretningsrejser, rejser, hospitalsindl\u00e6ggelser, udend\u00f8rsaktiviteter osv. for at opretholde din mundhygiejne til enhver tid og give dig en komplet mundplejel\u00f8sning.<\/p>\n\n\n\n<p><strong>3. Omkostningsbesparelse: <\/strong>Sammenlignet med det traditionelle k\u00f8b af flere plejev\u00e6rkt\u00f8jer individuelt, vil prisen p\u00e5 hele s\u00e6ttet v\u00e6re mere omkostningseffektiv, omkostningerne vil v\u00e6re lavere, og det vil v\u00e6re mere omkostningseffektivt.<\/p>\n\n\n\n<p><strong>4. Hj\u00e6lper med at udvikle gode mundvaner:<\/strong> Gennem den integrerede kombination af mundplejev\u00e6rkt\u00f8jer er det nyttigt at inspirere brugerne til at etablere daglige mundplejevaner og fremme mundhygiejne og sundhed.<\/p>\n\n\n\n<h2 class=\"wp-block-heading\">M\u00e5lgruppe for mundplejes\u00e6t<\/h2>\n\n\n\n<p>Mundplejes\u00e6ttet er konfigureret forskelligt i henhold til forskellige aldersgrupper og plejebehov. B\u00f8rneversionen l\u00e6gger v\u00e6gt p\u00e5 sikkerhed og sk\u00e5nsomhed, mens voksenversionen fokuserer p\u00e5 reng\u00f8ringskraft og \u00e5ndedr\u00e6tskontrol. Derudover kan dette produkt ogs\u00e5 tilpasses b\u00f8jlebrugere, postoperative plejere osv., hvilket g\u00f8r det til et gennemt\u00e6nkt valg for alle typer brugere.<\/p>\n\n\n\n<p><strong>1. Personer, der har brug for daglig mundpleje:<\/strong> Mennesker i alle aldre, der har brug for daglig mundpleje og str\u00e6ber efter mundhygiejne.<\/p>\n\n\n\n<p><strong>2. B\u00f8rn og unge: <\/strong>Modeller designet specielt til b\u00f8rns og unges f\u00f8lsomme tandk\u00f8d for at sikre mundhygiejne.<\/p>\n\n\n\n<p><strong>3. Ortodontister: <\/strong>Udstyret med interdentalb\u00f8rster og tandtr\u00e5dspinde, velegnet til personer, der gennemg\u00e5r mundkorrektion og bruger b\u00f8jle.<\/p>\n\n\n\n<p><strong>4. Personer, der rejser i forretnings\u00f8jemed: <\/strong>Du kan medbringe et b\u00e6rbart mundplejes\u00e6t, n\u00e5r du rejser p\u00e5 forretningsrejse.<\/p>\n\n\n\n<h2 class=\"wp-block-heading\">Anvendelser af mundplejes\u00e6t<\/h2>\n\n\n\n<p>Mundplejes\u00e6ttet er velegnet til flere forskellige livs- og arbejdsscenarier, s\u00e5som daglig brug derhjemme, forretningsrejser, medicinske s\u00e6t osv.<\/p>\n\n\n\n<p><strong>1. Hjemmepleje af munden: <\/strong>Brug den hver morgen og aften for at udvikle gode mundvaner.<\/p>\n\n\n\n<p><strong>2. Vigtige ting til rejser og forretningsrejser: <\/strong>nem at b\u00e6re, uundv\u00e6rlig p\u00e5 rejser.<\/p>\n\n\n\n<p><strong>3. Medicinsk plejes\u00e6t: <\/strong>Det kan hj\u00e6lpe med at rense mundhulen under postoperativ behandling eller indl\u00e6ggelse for at forhindre bakterieinfektion.<\/p>\n\n\n\n<p><strong>4. Forretningsgaver:<\/strong> Bruges ofte i virksomhedsaktiviteter inden for sundheds- og medicinalindustrien.<\/p>\n\n\n\n<p><strong>5. Konfiguration af n\u00f8ds\u00e6t: <\/strong>S\u00f8rg for grundl\u00e6ggende mundhygiejne under katastroferedning eller udend\u00f8rs eventyr.<\/p>\n\n\n\n<h2 class=\"wp-block-heading\">S\u00e5dan bruger du mundplejes\u00e6ttet<\/h2>\n\n\n\n<p>Mundplejes\u00e6ttet er meget nemt og intuitivt at bruge. Brugere kan reng\u00f8re indersiden af munden i r\u00e6kkef\u00f8lge i henhold til den daglige mundplejeproces for at fuldf\u00f8re den komplette plejeproces.<\/p>\n\n\n\n<p><strong>1. B\u00f8rst dine t\u00e6nder \u00e9n gang om morgenen og \u00e9n gang om aftenen: <\/strong>Tag tandb\u00f8rsten og tandpastaen frem, pres en \u00e6rtestor m\u00e6ngde tandpasta ud, b\u00f8rst t\u00e6nderne p\u00e5 forskellige steder i 2-3 minutter, og skyl munden efter tandb\u00f8rstning.<\/p>\n\n\n\n<p><strong>2. Brug tandtr\u00e5d eller tandtr\u00e5dsstift: <\/strong>F\u00f8r den forsigtigt ind i mellemrummene mellem t\u00e6nderne, og tr\u00e6k den langsomt frem og tilbage for at fjerne plak.<\/p>\n\n\n\n<p><strong>3. Brug interdentalb\u00f8rster (hvis n\u00f8dvendigt): <\/strong>Inds\u00e6t den i mellemrummene mellem t\u00e6nderne for at rense rester i st\u00f8rre mellemrum, hvilket er velegnet til personer med ortodontisk behandling eller dem med bredere mellemrum mellem t\u00e6nderne.<\/p>\n\n\n\n<p><strong>4. Brug en tungeskraber til at reng\u00f8re tungebel\u00e6gningen (hvis n\u00f8dvendigt): <\/strong>Skrab forsigtigt snavset p\u00e5 tungens overflade indefra og ud for at friske vejret op.<\/p>\n\n\n\n<p><strong>5. Brug mundskyl: <\/strong>H\u00e6ld en passende m\u00e6ngde mundskyl ud, gurgl i 30 sekunder og spyt det ud, det er ikke n\u00f8dvendigt at skylle med vand.<\/p>\n\n\n\n<p><strong>Henstilling: <\/strong>Udskift regelm\u00e6ssigt engangs- eller letforbrugeligt tilbeh\u00f8r s\u00e5som tandb\u00f8rster og tandtr\u00e5d i mundplejes\u00e6ttet.<\/p>\n\n\n\n<h2 class=\"wp-block-heading\">Konklusion<\/h2>\n\n\n\n<p>Med det accelererede tempo i livet og den forbedrede sundhedsbevidsthed er mundpleje ikke l\u00e6ngere begr\u00e6nset til badev\u00e6relset, men er blevet en vigtig del af dagligdagen. Mundplejekittets anvendelighed i flere scenarier \u00f8ger ikke kun hyppigheden af brugen af mundplejeprodukter, men giver ogs\u00e5 brugerne beskyttelse af mundhygiejnen i forskellige situationer. Det er et ideelt valg, der tager hensyn til b\u00e5de praktisk anvendelighed og image.<\/p>","protected":false},"excerpt":{"rendered":"Oral Care Kit Features The oral care kit integrates a variety of basic oral cleaning tools, including toothbrushes, toothpaste, dental floss, etc. The combination is practical and can meet the daily comprehensive oral care needs. All components are supported by food-grade or medical safety materials, which are hygienic and healthy and suitable for long-term use. [&hellip;]","protected":false},"featured_media":3454,"menu_order":0,"template":"","meta":[],"product-tag":[],"products":[160],"class_list":["post-3453","product","type-product","status-publish","has-post-thumbnail","hentry","products-oral-care-kit"],"acf":[],"_links":{"self":[{"href":"https:\/\/www.ruiqigo.com\/da\/wp-json\/wp\/v2\/product\/3453","targetHints":{"allow":["GET"]}}],"collection":[{"href":"https:\/\/www.ruiqigo.com\/da\/wp-json\/wp\/v2\/product"}],"about":[{"href":"https:\/\/www.ruiqigo.com\/da\/wp-json\/wp\/v2\/types\/product"}],"version-history":[{"count":0,"href":"https:\/\/www.ruiqigo.com\/da\/wp-json\/wp\/v2\/product\/3453\/revisions"}],"wp:featuredmedia":[{"embeddable":true,"href":"https:\/\/www.ruiqigo.com\/da\/wp-json\/wp\/v2\/media\/3454"}],"wp:attachment":[{"href":"https:\/\/www.ruiqigo.com\/da\/wp-json\/wp\/v2\/media?parent=3453"}],"wp:term":[{"taxonomy":"product-tag","embeddable":true,"href":"https:\/\/www.ruiqigo.com\/da\/wp-json\/wp\/v2\/product-tag?post=3453"},{"taxonomy":"products","embeddable":true,"href":"https:\/\/www.ruiqigo.com\/da\/wp-json\/wp\/v2\/products?post=3453"}],"curies":[{"name":"wp","href":"https:\/\/api.w.org\/{rel}","templated":true}]}}