{"id":346,"date":"2024-07-08T10:40:04","date_gmt":"2024-07-08T02:40:04","guid":{"rendered":"https:\/\/ruiqigo.com\/?post_type=product&#038;p=346"},"modified":"2024-09-26T17:42:19","modified_gmt":"2024-09-26T09:42:19","slug":"hyaluronic-acid-body-lotion","status":"publish","type":"product","link":"https:\/\/www.ruiqigo.com\/da\/product\/hyaluronic-acid-body-lotion","title":{"rendered":"Hyaluronsyre bodylotion"},"content":{"rendered":"<h3 class=\"wp-block-heading\">Hyaluronsyre bodylotion fremstiller almindelige formler<\/h3>\n\n\n\n<p>Kerneingrediensen i denne hyaluronsyre-bodylotion er natriumhyaluronat, et naturligt polymerpolysaccharid med fremragende fugtgivende egenskaber. Det kan hurtigt tr\u00e6nge ind i huden, danner en beskyttende hinde i det inderste lag af huden, langvarig lock fugt, s\u00e5 huden altid er fuld af elasticitet og fugtgivende. Samtidig indeholder formlen ogs\u00e5 glycerin og andre n\u00e6rende ingredienser, kan i dybden hydrere og n\u00e6re huden, forbedre t\u00f8rheden og ruheden af problemet.<\/p>\n\n\n\n<h3 class=\"wp-block-heading\">Hyaluronsyre bodylotion Anvendelige scenarier<\/h3>\n\n\n\n<p>Denne Hyaluronic Acid Body Lotion er en heldagsbehandling til dyb hydrering og langvarige fugtgivende behov. I de varme, t\u00f8rre sommerm\u00e5neder genopfylder den hurtigt fugten for at holde huden fugtet og fyldig, mens den i de kolde, v\u00e5de vinterm\u00e5neder n\u00e6rer hudens rige, n\u00e6rende ingredienser og lindrer ubehaget ved kulde-induceret t\u00f8rhed. Uanset hvilket klima du befinder dig i, vil denne lotion give dig total hudpleje. Eller vi har flere <a href=\"https:\/\/www.ruiqigo.com\/da\/products\/body-lotion\/\">bodylotion<\/a> muligheder for dig at v\u00e6lge imellem.<\/p>\n\n\n\n<h3 class=\"wp-block-heading\">Hvem er Hyaluronsyre-bodylotion egnet til<\/h3>\n\n\n\n<p>Hyaluronic Acid Body Lotions er til dem, der s\u00f8ger dyb hydrering og langvarig fugtighedscreme. Den er s\u00e6rligt velegnet til t\u00f8r eller moden hud, da hyaluronsyre tiltr\u00e6kker og bevarer store m\u00e6ngder fugt og dermed reducerer t\u00f8rhed og stramhed. Denne lotion er ogs\u00e5 et ideelt valg for personer, der har brug for at forbedre deres huds elasticitet og smidighed. Hvis du har andre behov, er du velkommen til at l\u00e6re mere om 3TOP <a href=\"https:\/\/www.ruiqigo.com\/da\/products\/body-care\/\">kropspleje<\/a> produkter.<\/p>\n\n\n\n<h3 class=\"wp-block-heading\">Hyaluronsyre bodylotion Produktionsproces<\/h3>\n\n\n\n<p>Produktionsspecialiteterne for hyaluronsyre-bodylotions er dens unikke formel og fine fremstillingsproces. Hyaluronsyre med h\u00f8j renhed bruges til at sikre dens hurtige indtr\u00e6ngning og dybe fugtgivende effekt p\u00e5 huden gennem avanceret molekyl\u00e6r sk\u00e6reteknologi. pH og temperatur er strengt kontrolleret under produktionsprocessen for at opretholde stabiliteten og aktiviteten af hyaluronsyre. Derudover er der ingen tilsat dufte og alkohol for at reducere risikoen for ubehag, der kan for\u00e5rsage f\u00f8lsom hud. Hvis du vil vide mere, s\u00e5 tjek venligst det relaterede <a href=\"https:\/\/www.ruiqigo.com\/da\/body-lotion-manufacturer-elevating-skincare-standards.html\/\">bodylotion<\/a> produktionsoplysninger.<\/p>","protected":false},"excerpt":{"rendered":"Hyaluronic acid body lotion manufacturing Common Formulas The core ingredient of this hyaluronic acid body lotion is sodium hyaluronate, a natural polymer polysaccharide with excellent moisturizing properties. It can quickly penetrate the skin, forming a protective film in the inner layer of the skin, long-lasting lock moisture, so that the skin is always full of [&hellip;]","protected":false},"featured_media":440,"menu_order":0,"template":"","meta":[],"product-tag":[],"products":[56],"class_list":["post-346","product","type-product","status-publish","has-post-thumbnail","hentry","products-body-lotion"],"acf":[],"_links":{"self":[{"href":"https:\/\/www.ruiqigo.com\/da\/wp-json\/wp\/v2\/product\/346","targetHints":{"allow":["GET"]}}],"collection":[{"href":"https:\/\/www.ruiqigo.com\/da\/wp-json\/wp\/v2\/product"}],"about":[{"href":"https:\/\/www.ruiqigo.com\/da\/wp-json\/wp\/v2\/types\/product"}],"version-history":[{"count":0,"href":"https:\/\/www.ruiqigo.com\/da\/wp-json\/wp\/v2\/product\/346\/revisions"}],"wp:featuredmedia":[{"embeddable":true,"href":"https:\/\/www.ruiqigo.com\/da\/wp-json\/wp\/v2\/media\/440"}],"wp:attachment":[{"href":"https:\/\/www.ruiqigo.com\/da\/wp-json\/wp\/v2\/media?parent=346"}],"wp:term":[{"taxonomy":"product-tag","embeddable":true,"href":"https:\/\/www.ruiqigo.com\/da\/wp-json\/wp\/v2\/product-tag?post=346"},{"taxonomy":"products","embeddable":true,"href":"https:\/\/www.ruiqigo.com\/da\/wp-json\/wp\/v2\/products?post=346"}],"curies":[{"name":"wp","href":"https:\/\/api.w.org\/{rel}","templated":true}]}}