{"id":3463,"date":"2025-05-21T15:46:41","date_gmt":"2025-05-21T07:46:41","guid":{"rendered":"https:\/\/www.ruiqigo.com\/?post_type=product&#038;p=3463"},"modified":"2025-05-21T15:46:41","modified_gmt":"2025-05-21T07:46:41","slug":"natural-hair-mousse","status":"publish","type":"product","link":"https:\/\/www.ruiqigo.com\/da\/product\/natural-hair-mousse","title":{"rendered":"Naturlig h\u00e5rmousse"},"content":{"rendered":"<h2 class=\"wp-block-heading\">Almindelige formler til fremstilling af naturlig h\u00e5rmousse<\/h2>\n\n\n\n<p>3TOP&#039;s natural er dedikeret til at udv\u00e6lge sikre, sk\u00e5nsomme og effektive plantebaserede ingredienser, der ikke indeholder silikoneolie, syntetiske dufte osv., for at beskytte h\u00e5rets og hovedbundens sundhed under styling. Den almindelige formel for naturlig h\u00e5rmousse indeholder en r\u00e6kke plantebaserede aktive ingredienser med reparerende, n\u00e6rende og antioxiderende funktioner, der hj\u00e6lper brugerne med at skabe et forfriskende og naturligt look og forbedre h\u00e5rets styrke.<\/p>\n\n\n\n<p><strong>1. Xanthangummi: <\/strong>Xanthangummi udvindes fra plantefermentering og kan give let til moderat stylingkraft, \u00f8ge h\u00e5rets elasticitet og g\u00f8re det luftigt.<\/p>\n\n\n\n<p><strong>2. Kokosolie: <\/strong>Kokosolie er rig p\u00e5 mellemk\u00e6dede fedtsyrer, s\u00e5som laurinsyre, som kan tr\u00e6nge dybt ind i h\u00e5rstr\u00e5et, reparere beskadigede h\u00e5rsk\u00e6l, forhindre proteintab og g\u00f8re h\u00e5ret glat og st\u00e6rkt.<\/p>\n\n\n\n<p><strong>3. Glycerin: <\/strong>Glycerin er en naturlig fugtighedscreme, der kan absorbere fugt fra luften og holde p\u00e5 fugten i h\u00e5ret, hvilket hj\u00e6lper med at forhindre h\u00e5ret i at t\u00f8rre ud og bevare den bl\u00f8de tekstur af mousseskum og h\u00e5rets elasticitet.<\/p>\n\n\n\n<p><strong>4. Aloe vera-juice: <\/strong>Aloe vera-juice er ogs\u00e5 en naturlig fugtighedscreme, der beroliger hovedbunden, reducerer r\u00f8dme og kl\u00f8e og reparerer skadet h\u00e5r. Samtidig kan den hj\u00e6lpe med at holde fugten inde og holde h\u00e5ret bl\u00f8dt under styling.<\/p>\n\n\n\n<p><strong>5. Sheasm\u00f8r: <\/strong>Sheasm\u00f8r er rig p\u00e5 fedtsyrer og E-vitamin og har st\u00e6rke fugtgivende og antioxidante funktioner. Det kan danne en naturlig barriere p\u00e5 h\u00e5rets overflade, beskytte h\u00e5ret mod skader fra varme redskaber og effektivt kontrollere krus og statisk elektricitet.<\/p>\n\n\n\n<h2 class=\"wp-block-heading\">Funktionerne af naturlig h\u00e5rmousse<\/h2>\n\n\n\n<p>Natural Hair Mousse f\u00f8lger princippet om &quot;lethed og multieffekt&quot; og er designet til naturlig styling og h\u00e5rpleje. Uanset om det er glat h\u00e5r, kr\u00f8llet h\u00e5r, kort h\u00e5r eller langt h\u00e5r, kan du skabe en ideel frisure, samtidig med at du plejer dit h\u00e5rs generelle sundhed.<\/p>\n\n\n\n<p><strong>1. St\u00e6rk h\u00e6rdningskraft: <\/strong>Ved at anvende planteaktivitet og milde polymerer for at opn\u00e5 fleksibel fiksering, er frisuren mere naturlig, ikke stiv eller klumpet, og velegnet til daglig styling og naturlig modifikation af kr\u00f8ller.<\/p>\n\n\n\n<p><strong>2. Let tekstur:<\/strong> Naturlig h\u00e5rmousse har et fint og ensartet skum, er let at h\u00e5ndtere, kan hurtigt tr\u00e6nge ind i h\u00e5rfibrene, tilstopper ikke porerne, efterlader ikke klumper, og er velegnet til heldagsbrug.<\/p>\n\n\n\n<p><strong>3. L\u00e5s fugt og fugt, anti-frizz:<\/strong> Naturlig h\u00e5rmousse tils\u00e6tter flere naturlige fugtgivende ingredienser, der danner en usynlig vandfilm uden for h\u00e5ret, som effektivt bek\u00e6mper statisk elektricitet, t\u00f8rhed og krus og g\u00f8r h\u00e5ret bl\u00f8dt, skinnende og glat.<\/p>\n\n\n\n<p><strong>4. Hudvenlig og ikke-irriterende:<\/strong> Den indeholder ikke alkohol, kunstige duftstoffer, almindelige allergifremkaldende konserveringsmidler osv. Den hj\u00e6lper med at undg\u00e5 r\u00f8dme og afskalning i hovedbunden og kan med ro i sindet bruges af f\u00f8lsomme personer.<\/p>\n\n\n\n<p><strong>5. Ingen rester, let at skylle: <\/strong>Naturlig h\u00e5rmousse s\u00e6tter sig ikke let fast i hovedbunden og h\u00e5rsk\u00e6l og kan nemt fjernes efter shampoo, s\u00e5 du kan holde dit h\u00e5r friskt og fri for besv\u00e6r uden at bruge st\u00e6rke reng\u00f8ringsprodukter.<\/p>\n\n\n\n<h2 class=\"wp-block-heading\">S\u00e5dan bruger du naturlig h\u00e5rmousse<\/h2>\n\n\n\n<p>Det er meget nemt at bruge naturlig h\u00e5rmousse. F\u00f8lg blot nedenst\u00e5ende trin efter vask med shampoo.<\/p>\n\n\n\n<p><strong>1. Rens dit h\u00e5r: <\/strong>Brug en mild, ikke-irriterende shampoo til at rense dit h\u00e5r, og s\u00f8rg for at det er rent og fedtfrit.<\/p>\n\n\n\n<p><strong>2. T\u00f8r dit h\u00e5r: <\/strong>Brug et t\u00f8rt h\u00e5ndkl\u00e6de til forsigtigt at t\u00f8rre dit h\u00e5r, og lad det v\u00e6re let fugtigt.<\/p>\n\n\n\n<p><strong>3. Brug produktet: <\/strong>Ryst mousseflasken godt og spr\u00f8jt en passende m\u00e6ngde skum (omtrent p\u00e5 st\u00f8rrelse med et \u00e6g) ud i dine h\u00e6nder.<\/p>\n\n\n\n<p><strong>4. P\u00e5f\u00f8r j\u00e6vnt:<\/strong> P\u00e5f\u00f8r skummet j\u00e6vnt i dit h\u00e5r, fra r\u00f8dder til spidser, og s\u00f8rg for at alle omr\u00e5der er d\u00e6kket.<\/p>\n\n\n\n<p><strong>5. Stil: <\/strong>Brug en h\u00e5rt\u00f8rrer eller luftt\u00f8r h\u00e5ret for at fuldf\u00f8re stylingen efter behov.<\/p>\n\n\n\n<h2 class=\"wp-block-heading\">Forsigtighed<\/h2>\n\n\n\n<p><strong>1. Allergitest:<\/strong> F\u00f8r f\u00f8rste brug, test venligst et lille omr\u00e5de bag \u00f8ret eller indersiden af h\u00e5ndleddet for at sikre, at der ikke er nogen allergisk reaktion.<\/p>\n\n\n\n<p><strong>2. Undg\u00e5 overdreven brug: <\/strong>Overdreven brug af naturlig h\u00e5rmousse kan g\u00f8re h\u00e5ret tungt og p\u00e5virke den naturlige, luftige f\u00f8lelse.<\/p>\n\n\n\n<p><strong>3. Undg\u00e5 kontakt med \u00f8jnene:<\/strong> Fors\u00f8g at undg\u00e5 kontakt med \u00f8jnene under brug. Hvis det ved et uheld kommer i \u00f8jnene, skal du straks skylle med rent vand.<\/p>\n\n\n\n<p><strong>4. Opbevares utilg\u00e6ngeligt for b\u00f8rn: <\/strong>Opbevar venligst produktet utilg\u00e6ngeligt for b\u00f8rn for at undg\u00e5 misbrug.<\/p>\n\n\n\n<p><strong>5. Opbevares k\u00f8ligt:<\/strong> Opbevar venligst dette produkt et sted v\u00e6k fra direkte sollys og h\u00f8je temperaturer for at undg\u00e5 sikkerhedsrisici.<\/p>\n\n\n\n<h2 class=\"wp-block-heading\">Konklusion<\/h2>\n\n\n\n<p>Naturlig h\u00e5rmousse er blevet et ideelt h\u00e5rstylingprodukt for forbrugere med sine naturlige ingredienser, fremragende stylingeffekt og mange plejefordele. Uanset om det er til daglig brug eller professionel styling, kan det give brugerne en sund, naturlig og langvarig h\u00e5rstylingoplevelse.<\/p>","protected":false},"excerpt":{"rendered":"Natural Hair Mousse Manufacturing Common Formulas 3TOP&#8217;s natural is committed to selecting safe, gentle, and effective plant-derived ingredients that do not contain silicone oil, synthetic fragrances, etc., to protect the health of hair and scalp while styling. The common formula of natural hair mousse incorporates a variety of plant active ingredients with repairing, nourishing, and [&hellip;]","protected":false},"featured_media":3464,"menu_order":0,"template":"","meta":[],"product-tag":[],"products":[165],"class_list":["post-3463","product","type-product","status-publish","has-post-thumbnail","hentry","products-hair-mousse"],"acf":[],"_links":{"self":[{"href":"https:\/\/www.ruiqigo.com\/da\/wp-json\/wp\/v2\/product\/3463","targetHints":{"allow":["GET"]}}],"collection":[{"href":"https:\/\/www.ruiqigo.com\/da\/wp-json\/wp\/v2\/product"}],"about":[{"href":"https:\/\/www.ruiqigo.com\/da\/wp-json\/wp\/v2\/types\/product"}],"version-history":[{"count":0,"href":"https:\/\/www.ruiqigo.com\/da\/wp-json\/wp\/v2\/product\/3463\/revisions"}],"wp:featuredmedia":[{"embeddable":true,"href":"https:\/\/www.ruiqigo.com\/da\/wp-json\/wp\/v2\/media\/3464"}],"wp:attachment":[{"href":"https:\/\/www.ruiqigo.com\/da\/wp-json\/wp\/v2\/media?parent=3463"}],"wp:term":[{"taxonomy":"product-tag","embeddable":true,"href":"https:\/\/www.ruiqigo.com\/da\/wp-json\/wp\/v2\/product-tag?post=3463"},{"taxonomy":"products","embeddable":true,"href":"https:\/\/www.ruiqigo.com\/da\/wp-json\/wp\/v2\/products?post=3463"}],"curies":[{"name":"wp","href":"https:\/\/api.w.org\/{rel}","templated":true}]}}