{"id":3468,"date":"2025-05-22T11:45:22","date_gmt":"2025-05-22T03:45:22","guid":{"rendered":"https:\/\/www.ruiqigo.com\/?post_type=product&#038;p=3468"},"modified":"2025-05-22T17:49:34","modified_gmt":"2025-05-22T09:49:34","slug":"lavender-laundry-detergent","status":"publish","type":"product","link":"https:\/\/www.ruiqigo.com\/da\/product\/lavender-laundry-detergent","title":{"rendered":"Lavendel vaskemiddel"},"content":{"rendered":"<h2 class=\"wp-block-heading\">Almindelige formler til fremstilling af lavendelvaskemiddel<\/h2>\n\n\n\n<p>Som professionel leverand\u00f8r af vaskemidler udv\u00e6lger vi milde og ikke-irriterende overfladeaktive stoffer, naturlige plante\u00e6teriske olier og multifunktionelle tils\u00e6tningsstoffer for at opn\u00e5 de tre hovedeffekter: effektiv reng\u00f8ring, farvebeskyttelse og bl\u00f8dg\u00f8ring samt langvarig duft, hvilket opfylder brugernes dobbelte behov for vaskekraft og t\u00f8jbeskyttelse.<\/p>\n\n\n\n<p><strong>1. \u00c6terisk lavendelolie: <\/strong>Naturligt udvundet \u00e6terisk lavendelolie har aromatiske egenskaber, der beroliger krop og sind. Efter at have h\u00e6ftet sig til t\u00f8jets fibre kan den give en langvarig naturlig duft, har en vis antibakteriel effekt og forbedrer t\u00f8jets renlighed og komfort.<\/p>\n\n\n\n<p><strong>2. Naturligt enzymkompleks:<\/strong> Den nedbryder protein-, stivelses- og fedtpletter ved hj\u00e6lp af biologiske enzymer. Den er s\u00e6rligt velegnet til at h\u00e5ndtere almindeligt dagligt snavs s\u00e5som svedpletter og madpletter og reducere gentagen friktion p\u00e5 tekstiler.<\/p>\n\n\n\n<p><strong>3. Cocamidopropylbetain:<\/strong> Det er udvundet af naturlig kokosolie og er et mildt, ikke-ionisk overfladeaktivt stof, der effektivt kan emulgere oliepletter og forbedre reng\u00f8ringsevnen. Samtidig er det meget sk\u00e5nsomt mod hud og tekstiler og beskadiger ikke t\u00f8jet.<\/p>\n\n\n\n<p><strong>4. Natriumpolycarboxylat: <\/strong>Denne ingrediens kan bl\u00f8dg\u00f8re vand og forhindre aflejring af calcium- og magnesiumioner, forhindre t\u00f8j i at blive h\u00e5rdt, fjerne vaskerester og bidrage til at forl\u00e6nge t\u00f8jets levetid.<\/p>\n\n\n\n<h2 class=\"wp-block-heading\">Funktionerne af lavendelvaskemiddel<\/h2>\n\n\n\n<p>Lavendelvaskemiddel er blevet f\u00f8rstevalget for kunder i mange brancher p\u00e5 grund af dets fremragende reng\u00f8ringsevne, milde t\u00f8jpleje og naturlige duft. Uanset om det er daglig husholdningsvask og -pleje eller reng\u00f8ring af hotelsenget\u00f8j, opfylder dette produkt forskellige h\u00f8je vaskebehov med sine fordele s\u00e5som lavt skum, nem skylning, sikkerhed og milj\u00f8beskyttelse og realiserer tre-i-en-effekten af reng\u00f8ring, t\u00f8jpleje og duft.<\/p>\n\n\n\n<p><strong>1. Effektiv pletfjerning: <\/strong>Lavendelvaskemiddel bruger kraftige aktive pletfjernende faktorer, som kan tr\u00e6nge dybt ind i fibrene for at nedbryde genstridige pletter, herunder svedpletter, oliepletter osv. Det har fremragende reng\u00f8ringsevne og kan forbedre vaskeeffektiviteten betydeligt.<\/p>\n\n\n\n<p><strong>2. Lavt skum og nem skylning:<\/strong> Lavendel vaskemiddel har en lavskummende formel, der er egnet til alle typer vaskemaskiner. Det har et moderat skum under vask, efterlader ingen rester og er nemmere at skylle, hvilket effektivt sparer vand og elektricitet og forbedrer den samlede brugseffektivitet.<\/p>\n\n\n\n<p><strong>3. Naturlig duft:<\/strong> Den naturlige lavendelduft er frisk og beroligende, ikke skarp, og t\u00f8jet har en langvarig duft efter vask. Det er velegnet til pleje af m\u00f8dre og b\u00f8rn, t\u00f8jvask og andre scener.<\/p>\n\n\n\n<p><strong>4. Milj\u00f8venlig og ikke-irriterende:<\/strong> Lavendelvaskemiddel indeholder ikke skadelige ingredienser som fosfor og fluorescerende blegemidler og opfylder milj\u00f8venlige vaske- og plejestandarder. Dette produkt er testet for hudirritation, er allergivenligt og mildt og er egnet til personer med f\u00f8lsom hud til rent t\u00f8j.<\/p>\n\n\n\n<p><strong>5. Sk\u00e5nsom t\u00f8jpleje:<\/strong> Formlen tils\u00e6ttes bl\u00f8dg\u00f8rende ingredienser, som kan beskytte t\u00f8jfibre under reng\u00f8ring af pletter, forl\u00e6nge t\u00f8jets levetid og undg\u00e5 falmning, deformation og krympning.<\/p>\n\n\n\n<h2 class=\"wp-block-heading\">S\u00e5dan bruger du lavendelvaskemiddel<\/h2>\n\n\n\n<p><strong>1. Maskinvask: <\/strong>Tils\u00e6t en passende m\u00e6ngde vaskemiddel i henhold til vaskemaskinens kapacitet og t\u00f8jets snavsegrad, normalt 30-50 ml\/gang, som kan h\u00e6ldes direkte i vaskemiddelbeholderen eller blandes med vand f\u00f8r brug.<\/p>\n\n\n\n<p><strong>2. H\u00e5ndvask: <\/strong>Tils\u00e6t 5-10 ml vaskemiddel til 1 liter vand, og fortynd det og r\u00f8r j\u00e6vnt. L\u00e6g t\u00f8jet i bl\u00f8d i 5 minutter, skrub derefter forsigtigt og skyl grundigt med rent vand.<\/p>\n\n\n\n<p><strong>Henstilling: <\/strong>Kan bruges sammen med skyllemiddel for at forbedre stoffets bl\u00f8dhed og bevare duftens vedvarende virkning.<\/p>\n\n\n\n<h2 class=\"wp-block-heading\">Forsigtighed<\/h2>\n\n\n\n<p><strong>1. Undg\u00e5 at blande med andre reng\u00f8ringsmidler: <\/strong>Blanding med andre reng\u00f8ringsprodukter med h\u00f8jt alkaliindhold eller klor kan p\u00e5virke vaskeeffekten eller for\u00e5rsage un\u00f8dvendige kemiske reaktioner. Det anbefales at bruge dette produkt alene.<\/p>\n\n\n\n<p><strong>2. H\u00e6ld ikke direkte p\u00e5 t\u00f8jet: <\/strong>For at forhindre koncentreret vaskemiddel i at efterlade m\u00e6rker p\u00e5 t\u00f8jets overflade, skal du s\u00f8rge for at fortynde det f\u00f8r brug eller fordele det j\u00e6vnt i vand, inden du tils\u00e6tter det til t\u00f8jet.<\/p>\n\n\n\n<p><strong>3. Undg\u00e5 direkte sollys: <\/strong>Forsegl produktet og opbevar det et k\u00f8ligt og t\u00f8rt sted for at forhindre, at ingredienserne forringes, eller at duften fordamper.<\/p>\n\n\n\n<p><strong>4. Opbevares utilg\u00e6ngeligt for b\u00f8rn:<\/strong> For at forhindre b\u00f8rn i at indtage produktet ved et uheld eller f\u00e5 det i \u00f8jnene, skal det opbevares utilg\u00e6ngeligt for b\u00f8rn og flaskens l\u00e5g lukkes i tide efter brug.<\/p>\n\n\n\n<h2 class=\"wp-block-heading\">Konklusion<\/h2>\n\n\n\n<p>Lavendelvaskemiddel er et effektivt vaskemiddel med dybderensende kraft og naturlig duft, der er meget anvendt i hverdagst\u00f8j, hotelsenget\u00f8j og andre anvendelsesscenarier. Med sine mange fordele, s\u00e5som sk\u00e5nsom t\u00f8jbeskyttelse og effektiv reng\u00f8ring, opfylder det brugernes behov for effektiv og sikker vask og er et ideelt valg for dem, der str\u00e6ber efter kvalitet og dybderensning.<\/p>","protected":false},"excerpt":{"rendered":"Lavender Laundry Detergent Manufacturing Common Formulas As a professional laundry detergent supplier, we select mild and non-irritating surfactants, natural plant essential oils and multifunctional additives to achieve the three major effects of powerful cleaning, color protection and softening, and long-lasting fragrance, meeting users&#8217; dual needs for washing power and clothing protection. 1. Lavender essential oil: [&hellip;]","protected":false},"featured_media":3469,"menu_order":0,"template":"","meta":[],"product-tag":[],"products":[180],"class_list":["post-3468","product","type-product","status-publish","has-post-thumbnail","hentry","products-laundry-detergent"],"acf":[],"_links":{"self":[{"href":"https:\/\/www.ruiqigo.com\/da\/wp-json\/wp\/v2\/product\/3468","targetHints":{"allow":["GET"]}}],"collection":[{"href":"https:\/\/www.ruiqigo.com\/da\/wp-json\/wp\/v2\/product"}],"about":[{"href":"https:\/\/www.ruiqigo.com\/da\/wp-json\/wp\/v2\/types\/product"}],"version-history":[{"count":0,"href":"https:\/\/www.ruiqigo.com\/da\/wp-json\/wp\/v2\/product\/3468\/revisions"}],"wp:featuredmedia":[{"embeddable":true,"href":"https:\/\/www.ruiqigo.com\/da\/wp-json\/wp\/v2\/media\/3469"}],"wp:attachment":[{"href":"https:\/\/www.ruiqigo.com\/da\/wp-json\/wp\/v2\/media?parent=3468"}],"wp:term":[{"taxonomy":"product-tag","embeddable":true,"href":"https:\/\/www.ruiqigo.com\/da\/wp-json\/wp\/v2\/product-tag?post=3468"},{"taxonomy":"products","embeddable":true,"href":"https:\/\/www.ruiqigo.com\/da\/wp-json\/wp\/v2\/products?post=3468"}],"curies":[{"name":"wp","href":"https:\/\/api.w.org\/{rel}","templated":true}]}}