{"id":3474,"date":"2025-05-22T16:50:37","date_gmt":"2025-05-22T08:50:37","guid":{"rendered":"https:\/\/www.ruiqigo.com\/?post_type=product&#038;p=3474"},"modified":"2025-05-22T16:50:38","modified_gmt":"2025-05-22T08:50:38","slug":"foam-hand-soap","status":"publish","type":"product","link":"https:\/\/www.ruiqigo.com\/da\/product\/foam-hand-soap","title":{"rendered":"Skum H\u00e5nds\u00e6be"},"content":{"rendered":"<h2 class=\"wp-block-heading\">Almindelige formler til fremstilling af skumh\u00e5nds\u00e6be<\/h2>\n\n\n\n<p>Vores skumh\u00e5nds\u00e6be indeholder en r\u00e6kke naturlige og hudvenlige ingredienser, s\u00e5som cocamidopropylbetain, naturlige planteekstrakter, glycerin osv. Disse ingredienser kan effektivt fugte, bl\u00f8dg\u00f8re negleb\u00e5ndene og forhindre udt\u00f8rring af h\u00e6nderne, samtidig med at de renser for bakterier og olie p\u00e5 hudoverfladen.<\/p>\n\n\n\n<p><strong>1. Cocamidopropylbetain: <\/strong>Dette er en mild rensemiddel udvundet af kokosn\u00f8d, der kan producere et rigt skum, st\u00e6rk rensekraft, men med lav irritation. Den kan effektivt fjerne bakterier fra h\u00e6nder uden at beskadige hudens naturlige beskyttende film. B\u00f8rn og f\u00f8lsomme personer kan ogs\u00e5 r\u00f8re ved den.<\/p>\n\n\n\n<p><strong>2. Aloe vera-ekstrakt:<\/strong> Det er en naturlig lindrende og reparerende ingrediens, der hj\u00e6lper med at lindre mindre irritation for\u00e5rsaget af h\u00e5ndvask, og den er venlig for brugere, der vasker h\u00e6nder ofte.<\/p>\n\n\n\n<p><strong>3. Glycerin:<\/strong> Som en klassisk fugtgivende ingrediens kan glycerin absorbere fugt fra luften og danne en beskyttende film, der forhindrer fugttab fra huden. Derfor kan den fugte huden, mens den reng\u00f8r h\u00e6nderne, og holde huden bl\u00f8d og ikke stram.<\/p>\n\n\n\n<p><strong>4. Citronsyre: <\/strong>Den kan justere pH-v\u00e6rdien af skumh\u00e5nds\u00e6be, s\u00e5 den kommer t\u00e6t p\u00e5 hudens syre-basebalance, hj\u00e6lpe med at opretholde hudbarrieren og reducere allergier eller problemer med t\u00f8r hud.<\/p>\n\n\n\n<h2 class=\"wp-block-heading\">Funktionerne af skumh\u00e5nds\u00e6be<\/h2>\n\n\n\n<p><strong>1. St\u00e6rk reng\u00f8ringskraft, men lav irritation: <\/strong>Skumh\u00e5nds\u00e6bens formel kombinerer plantebaserede overfladeaktive stoffer og et svagt syreregulerende system, der tager h\u00f8jde for kraftig dekontaminering og sk\u00e5nsom hudpleje, og hyppig brug vil ikke for\u00e5rsage skade p\u00e5 hudbarrieren.<\/p>\n\n\n\n<p><strong>2. Let at skylle, ingen rester: <\/strong>Formlen er let og ikke-fedtende, og den kan vaskes ren med vand uden at efterlade fedtede rester, hvilket giver en god brugeroplevelse.<\/p>\n\n\n\n<p><strong>3. Fint og fyldigt skum: <\/strong>Skumh\u00e5nds\u00e6ben har en effektiv skummende formel og et pr\u00e6cist skumpumpedesign. Den kan producere t\u00e6t skum med et let tryk, der hurtigt indpakker snavs og renser i dybden, hvilket forbedrer brugeroplevelsen og reng\u00f8ringseffektiviteten.<\/p>\n\n\n\n<p><strong>4. Fjerner effektivt almindelige bakterier: <\/strong>Skumh\u00e5nds\u00e6be tils\u00e6tter en r\u00e6kke sikre antibakterielle ingredienser, som kan reducere risikoen for bakterief\u00e6stelse og fjerne almindelige bakterier under reng\u00f8ring af pletter p\u00e5 h\u00e6nderne.<\/p>\n\n\n\n<p><strong>5. Frisk og naturlig duft: <\/strong>Udvalgte naturlige \u00e6teriske olier som citrus og lavendel bruges til duft, hvilket giver en behagelig og hudvenlig oplevelse, der er velegnet til brugere, der er f\u00f8lsomme over for lugt.<\/p>\n\n\n\n<h2 class=\"wp-block-heading\">S\u00e5dan bruger du skumh\u00e5nds\u00e6be<\/h2>\n\n\n\n<p>Det er meget nemt og effektivt at bruge skumh\u00e5nds\u00e6be. Du skal blot trykke for at producere bobler og nemt fuldf\u00f8re reng\u00f8ringsprocessen. Den er velegnet til hurtige reng\u00f8ringsscenarier.<\/p>\n\n\n\n<p><strong>1. G\u00f8r dine h\u00e6nder v\u00e5de: <\/strong>Brug rent vand til hurtigt at fugte dine h\u00e5ndflader.<\/p>\n\n\n\n<p><strong>2. Tryk p\u00e5 pumpehovedet: <\/strong>Tryk skumh\u00e5nds\u00e6ben 1-2 gange for at lave en masse skum i din h\u00e5ndflade.<\/p>\n\n\n\n<p><strong>3. Gnid grundigt: <\/strong>Gnid dine h\u00e6nder i mere end 20 sekunder for at rense h\u00e5ndfladen, h\u00e5ndryggen og mellem fingrene.<\/p>\n\n\n\n<p><strong>4. Skyl med vand: <\/strong>Skyl skummet grundigt og hurtigt med rent vand.<\/p>\n\n\n\n<p><strong>5. T\u00f8r dine h\u00e6nder: <\/strong>Brug et rent h\u00e5ndkl\u00e6de eller k\u00f8kkenrulle til at t\u00f8rre dine h\u00e6nder.<\/p>\n\n\n\n<h2 class=\"wp-block-heading\">Forsigtighed<\/h2>\n\n\n\n<p><strong>1. Velegnet til skumpumpehoved: <\/strong>Dette produkt er en h\u00e5ndsprit med skum. Det anbefales at bruge en speciel pumpeflaske med skumpumpehoved for at undg\u00e5 at p\u00e5virke brugeroplevelsen, da et almindeligt pumpehoved ikke kan danne skum.<\/p>\n\n\n\n<p><strong>2. Undg\u00e5 kontakt med \u00f8jnene:<\/strong> Hvis det ved et uheld kommer i \u00f8jnene, skylles straks med rigeligt vand. Hvis situationen er alvorlig, skal du straks s\u00f8ge l\u00e6gehj\u00e6lp.<\/p>\n\n\n\n<p><strong>3. Undg\u00e5 direkte sollys: <\/strong>Opbevar venligst dette produkt et k\u00f8ligt og t\u00f8rt sted, undg\u00e5 direkte sollys, for at bevare skummets ydeevne og ingrediensaktivitet.<\/p>\n\n\n\n<h2 class=\"wp-block-heading\">Konklusion<\/h2>\n\n\n\n<p>Skumh\u00e5nds\u00e6be er et h\u00e5ndrenseprodukt, der kombinerer effektiv reng\u00f8ring med sk\u00e5nsom hudpleje. Uanset om det er derhjemme eller p\u00e5 offentlige steder med h\u00f8j trafik, kan det give en fremragende reng\u00f8ringsoplevelse og forbedre brugertilfredsheden.<\/p>","protected":false},"excerpt":{"rendered":"Foam Hand Soap Manufacturing Common Formulas Our foam hand soap selects a variety of natural and skin-friendly ingredients, such as cocamidopropyl betaine, natural plant extracts, glycerin, etc. These ingredients can effectively moisturize, soften cuticles, and prevent hands from drying out while cleaning bacteria and oil on the skin surface. 1. Cocamidopropyl Betaine: This is a [&hellip;]","protected":false},"featured_media":3475,"menu_order":0,"template":"","meta":[],"product-tag":[],"products":[181],"class_list":["post-3474","product","type-product","status-publish","has-post-thumbnail","hentry","products-hand-soap"],"acf":[],"_links":{"self":[{"href":"https:\/\/www.ruiqigo.com\/da\/wp-json\/wp\/v2\/product\/3474","targetHints":{"allow":["GET"]}}],"collection":[{"href":"https:\/\/www.ruiqigo.com\/da\/wp-json\/wp\/v2\/product"}],"about":[{"href":"https:\/\/www.ruiqigo.com\/da\/wp-json\/wp\/v2\/types\/product"}],"version-history":[{"count":0,"href":"https:\/\/www.ruiqigo.com\/da\/wp-json\/wp\/v2\/product\/3474\/revisions"}],"wp:featuredmedia":[{"embeddable":true,"href":"https:\/\/www.ruiqigo.com\/da\/wp-json\/wp\/v2\/media\/3475"}],"wp:attachment":[{"href":"https:\/\/www.ruiqigo.com\/da\/wp-json\/wp\/v2\/media?parent=3474"}],"wp:term":[{"taxonomy":"product-tag","embeddable":true,"href":"https:\/\/www.ruiqigo.com\/da\/wp-json\/wp\/v2\/product-tag?post=3474"},{"taxonomy":"products","embeddable":true,"href":"https:\/\/www.ruiqigo.com\/da\/wp-json\/wp\/v2\/products?post=3474"}],"curies":[{"name":"wp","href":"https:\/\/api.w.org\/{rel}","templated":true}]}}