{"id":3479,"date":"2025-05-22T17:45:04","date_gmt":"2025-05-22T09:45:04","guid":{"rendered":"https:\/\/www.ruiqigo.com\/?post_type=product&#038;p=3479"},"modified":"2025-05-22T16:53:37","modified_gmt":"2025-05-22T08:53:37","slug":"spray-glass-cleaner","status":"publish","type":"product","link":"https:\/\/www.ruiqigo.com\/da\/product\/spray-glass-cleaner","title":{"rendered":"Sprayglasrens"},"content":{"rendered":"<h2 class=\"wp-block-heading\">Almindelige formler til fremstilling af sprayglasrens<\/h2>\n\n\n\n<p>Den sprayglasrens, vi fremstiller, bruger en milj\u00f8venlig formel, der ikke indeholder ammoniak, kombineret med en r\u00e6kke overfladeaktive stoffer, naturlige opl\u00f8sningsmidler, ethanol og flygtige tils\u00e6tningsstoffer for synergistisk at forbedre reng\u00f8ringsevnen og den hurtigt\u00f8rrende effekt. Den vil ikke korrodere glasset efter brug, og der vil ikke v\u00e6re rester efter aft\u00f8rring, og den er velegnet til brug p\u00e5 en r\u00e6kke forskellige glas- og spejlmaterialer.<\/p>\n\n\n\n<p><strong>1. Ikke-ionisk overfladeaktivt stof: <\/strong>Dette er en mild og effektiv reng\u00f8ringsingrediens, der hurtigt kan indpakke og nedbryde pletter og fedt, samtidig med at den reducerer skumophobning under reng\u00f8ringsprocessen, forbedrer reng\u00f8ringseffektiviteten og er velegnet til hurtig aft\u00f8rring af store omr\u00e5der.<\/p>\n\n\n\n<p><strong>2. Naturligt citratopl\u00f8sningsmiddel: <\/strong>Dette er et sikkert opl\u00f8sningsmiddel udvundet af naturlig planteolie. Det kan effektivt nedbryde genstridige oliefilm og -skal uden at korrodere glasoverfladen. Det er en ideel ingrediens, der tager hensyn til b\u00e5de milj\u00f8beskyttelse og ydeevne.<\/p>\n\n\n\n<p><strong>3. Ethanol:<\/strong> Ethanol har den egenskab, at det fordamper hurtigt. Efter brug kan det hj\u00e6lpe glasoverfladen med at t\u00f8rre hurtigt uden at efterlade vandm\u00e6rker eller striber. Samtidig sikrer det, fordi det har en let desinficerende effekt, ogs\u00e5 effektivt glasoverfladens hygiejne.<\/p>\n\n\n\n<p><strong>4. Deioniseret vand: <\/strong>Det kan reducere mineralindholdet i vandet, forhindre vandpletter efter aft\u00f8rring og sikre, at glasset er glat og gennemsigtigt.<\/p>\n\n\n\n<h2 class=\"wp-block-heading\">Funktionerne af sprayglasrens<\/h2>\n\n\n\n<p><strong>1. Milj\u00f8venlig ammoniakfri formel:<\/strong> Sprayglasrens indeholder ikke irriterende ingredienser som ammoniak og blegemiddel, har ingen skarp lugt, er sk\u00e5nsom mod menneskekroppen og er egnet til reng\u00f8ring af lukkede indend\u00f8rsmilj\u00f8er.<\/p>\n\n\n\n<p><strong>2. Opl\u00f8s hurtigt pletter og fingeraftryksrester: <\/strong>Sprayglasrens er specielt formuleret med overfladeaktive stoffer og lette opl\u00f8sningsmidler, som hurtigt kan tr\u00e6nge ind i og nedbryde oliepletter, r\u00f8gpletter og genstridige fingeraftryk p\u00e5 glasoverfladen, hvilket g\u00f8r aft\u00f8rring lettere og reducerer reng\u00f8ringstiden.<\/p>\n\n\n\n<p><strong>3. Hurtigt\u00f8rrende og lav restproduktion:<\/strong> Den bruger en hurtigt\u00f8rrende ethanolformel, som fordamper inden for f\u00e5 sekunder efter spr\u00f8jtning. Overfladen vil ikke blive plettet af st\u00f8v eller ridser og er velegnet til brug i vitrineskabe og andre omr\u00e5der.<\/p>\n\n\n\n<p><strong>4. St\u00e6rk reng\u00f8ringskraft: <\/strong>Spr\u00f8jten er j\u00e6vn, og snavset fjernes grundigt. Der efterlades ingen rester p\u00e5 glasoverfladen efter reng\u00f8ring, hvilket forbedrer reng\u00f8ringseffektiviteten betydeligt og er velegnet til hyppige reng\u00f8ringsscenarier.<\/p>\n\n\n\n<p><strong>5. Multifunktionel tilpasning, omkostningseffektiv: <\/strong>Sprayglasrens er ikke kun egnet til glasoverflader, men kan ogs\u00e5 bruges til spejle, glatte fliser, overflader i rustfrit st\u00e5l osv., med h\u00f8j omkostningseffektivitet.<\/p>\n\n\n\n<h2 class=\"wp-block-heading\">S\u00e5dan bruger du sprayglasrens<\/h2>\n\n\n\n<p>1. Drej dysen til &quot;spray&quot;-tilstand og sigt mod glas- eller spejloverfladen.<\/p>\n\n\n\n<p>2. Fordel en passende m\u00e6ngde vaskemiddel j\u00e6vnt med en anbefalet afstand p\u00e5 20-30 cm.<\/p>\n\n\n\n<p>3. T\u00f8r af med en ren, fnugfri klud eller et papirh\u00e5ndkl\u00e6de, indtil overfladen er ren og frisk.<\/p>\n\n\n\n<p>4. Gentag processen en eller to gange, indtil reng\u00f8ringen er f\u00e6rdig, hvis der er genstridige pletter.<\/p>\n\n\n\n<h2 class=\"wp-block-heading\">Forsigtighed<\/h2>\n\n\n\n<p><strong>1. M\u00e5 ikke anvendes p\u00e5 ubehandlet tr\u00e6 eller por\u00f8se overflader: <\/strong>Dette produkt er egnet til ikke-absorberende overflader og er ikke egnet til spr\u00f8jtning p\u00e5 absorberende materialer s\u00e5som tr\u00e6m\u00f8bler eller sten for at undg\u00e5 misfarvning eller forringelse for\u00e5rsaget af indtr\u00e6ngning.<\/p>\n\n\n\n<p><strong>2. Luk dysen omg\u00e5ende efter brug: <\/strong>Drej dysen til lukket position efter brug for at undg\u00e5 tab af flygtige komponenter og sikre effekten ved n\u00e6ste brug.<\/p>\n\n\n\n<p><strong>3. M\u00e5 ikke blandes med st\u00e6rke syre- eller alkaliske reng\u00f8ringsmidler: <\/strong>Undg\u00e5 at blande med andre st\u00e6rkt \u00e6tsende eller st\u00e6rke syre- eller alkaliske reng\u00f8ringsmidler for at forhindre kemiske reaktioner eller beskadigelse af glasoverfladen.<\/p>\n\n\n\n<h2 class=\"wp-block-heading\">Konklusion<\/h2>\n\n\n\n<p>Sprayglasrens er dit p\u00e5lidelige valg til effektiv reng\u00f8ring af glasoverflader. Med sin h\u00f8jeffektive, hurtigtt\u00f8rrende, sporfri formel af h\u00f8j kvalitet og brede tilpasningsevne til en r\u00e6kke forskellige overfladematerialer, er den meget anvendt i hjem, hoteller, supermarkeder og andre omr\u00e5der, hvilket hj\u00e6lper dig med at forbedre glasrensningseffektiviteten og skabe et klart og lyst visuelt rum.<\/p>","protected":false},"excerpt":{"rendered":"Spray Glass Cleaner Manufacturing Common Formulas The spray glass cleaner we manufacture uses an environmentally friendly formula that does not contain ammonia, combined with a variety of surfactants, natural solvents, ethanol and volatile additives to synergistically enhance cleaning power and quick-drying effects. It will not corrode the glass after use, and there will be no [&hellip;]","protected":false},"featured_media":3481,"menu_order":0,"template":"","meta":[],"product-tag":[],"products":[182],"class_list":["post-3479","product","type-product","status-publish","has-post-thumbnail","hentry","products-glass-cleaner"],"acf":[],"_links":{"self":[{"href":"https:\/\/www.ruiqigo.com\/da\/wp-json\/wp\/v2\/product\/3479","targetHints":{"allow":["GET"]}}],"collection":[{"href":"https:\/\/www.ruiqigo.com\/da\/wp-json\/wp\/v2\/product"}],"about":[{"href":"https:\/\/www.ruiqigo.com\/da\/wp-json\/wp\/v2\/types\/product"}],"version-history":[{"count":0,"href":"https:\/\/www.ruiqigo.com\/da\/wp-json\/wp\/v2\/product\/3479\/revisions"}],"wp:featuredmedia":[{"embeddable":true,"href":"https:\/\/www.ruiqigo.com\/da\/wp-json\/wp\/v2\/media\/3481"}],"wp:attachment":[{"href":"https:\/\/www.ruiqigo.com\/da\/wp-json\/wp\/v2\/media?parent=3479"}],"wp:term":[{"taxonomy":"product-tag","embeddable":true,"href":"https:\/\/www.ruiqigo.com\/da\/wp-json\/wp\/v2\/product-tag?post=3479"},{"taxonomy":"products","embeddable":true,"href":"https:\/\/www.ruiqigo.com\/da\/wp-json\/wp\/v2\/products?post=3479"}],"curies":[{"name":"wp","href":"https:\/\/api.w.org\/{rel}","templated":true}]}}