{"id":3486,"date":"2025-05-28T17:18:28","date_gmt":"2025-05-28T09:18:28","guid":{"rendered":"https:\/\/www.ruiqigo.com\/?post_type=product&#038;p=3486"},"modified":"2025-05-28T11:19:22","modified_gmt":"2025-05-28T03:19:22","slug":"laser-hair-comb","status":"publish","type":"product","link":"https:\/\/www.ruiqigo.com\/da\/product\/laser-hair-comb","title":{"rendered":"Laser h\u00e5rkam"},"content":{"rendered":"<h2 class=\"wp-block-heading\">Funktioner i laserh\u00e5rkam<\/h2>\n\n\n\n<p>Laserkammen er et intelligent h\u00e5rplejeprodukt, der integrerer pleje og massage. Den bruger LLLT-teknologi til at stimulere h\u00e5rs\u00e6kkens aktivitet, forbedre mikrocirkulationen i hovedbunden og fremme sund h\u00e5rv\u00e6kst.<\/p>\n\n\n\n<p><strong>1. Lavenergilaser: <\/strong>Den lavenergilaser, der anvendes af laserh\u00e5rkammen, kan stimulere h\u00e5rs\u00e6kkene og forbedre hovedbundens vitalitet.<\/p>\n\n\n\n<p><strong>2. Kompakt og b\u00e6rbar: <\/strong>Laserh\u00e5rkammen er let og ergonomisk designet til h\u00e5ndholdt brug, hvilket er meget praktisk til daglig brug og transport.<\/p>\n\n\n\n<p><strong>3. Praktisk opladning: <\/strong>Dette produkt har et indbygget genopladeligt lithiumbatteri og underst\u00f8tter to opladningsmetoder: USB eller en dockingstation. Du beh\u00f8ver ikke bekymre dig om at l\u00f8be t\u00f8r for str\u00f8m, n\u00e5r du er ude.<\/p>\n\n\n\n<p><strong>4. Enkel betjening: <\/strong>Laserh\u00e5rkammen kan bruges med blot \u00e9n knap, hvilket er meget enkelt. Den har en intensitetsjusteringsfunktion p\u00e5 flere niveauer, der kan justeres efter brugerens personlige behov.<\/p>\n\n\n\n<h2 class=\"wp-block-heading\">Fordele ved laserh\u00e5rkam<\/h2>\n\n\n\n<p>Sammenlignet med almindelige kamme eller massageapparater har laserh\u00e5rkamme betydelige fordele i teknologi og funktion. De kan ikke kun fysisk rede h\u00e5ret, men de kan ogs\u00e5 virke direkte p\u00e5 de dybe lag af hovedbunden gennem lasere med specifikke b\u00f8lgel\u00e6ngder, hvilket fremmer blodcirkulationen og forsinker h\u00e5rs\u00e6kkenatrofi. Denne ikke-invasive teknologi er egnet til langvarig brug og kan give yderligere forbedringer ved problemer som tyndt h\u00e5r, d\u00e5rlig h\u00e5rkvalitet og h\u00e5rtab.<\/p>\n\n\n\n<p><strong>1. Laserplejeteknologi: <\/strong>Dette produkt bruger en lavenergilaser med en b\u00f8lgel\u00e6ngde p\u00e5 650 nm til at aktivere h\u00e5rs\u00e6kkens celler i dybden, hvilket sikkert og effektivt reparerer og udf\u00f8rer h\u00e5rpleje.<\/p>\n\n\n\n<p><strong>2. Praktisk og intelligent betjening: <\/strong>Laserh\u00e5rkammen er meget nem at betjene, starter med \u00e9n knap, har ingen t\u00e6rskelv\u00e6rdi for betjening og er ogs\u00e5 udstyret med funktioner som timing- og intensitetsjustering, hvilket g\u00f8r den mere fleksibel at bruge.<\/p>\n\n\n\n<p><strong>3. Lindre problemer med h\u00e5rtab: <\/strong>Langvarig brug af laserkammen kan hj\u00e6lpe med at reducere h\u00e5rtab, regulere h\u00e5rs\u00e6kkene og fremme v\u00e6ksten af nyt h\u00e5r.<\/p>\n\n\n\n<p><strong>4. Fremme blodcirkulationen i hovedbunden: <\/strong>Brugen af laserkammen kan forbedre mikrocirkulationen i hovedbunden og hj\u00e6lpe h\u00e5rs\u00e6kkene med at f\u00e5 flere n\u00e6ringsstoffer.<\/p>\n\n\n\n<h2 class=\"wp-block-heading\">M\u00e5lgruppe for laserh\u00e5rkam<\/h2>\n\n\n\n<p>Laserh\u00e5rkam er prim\u00e6rt til brugere, der har brug for h\u00e5rpleje, is\u00e6r dem, der er plaget af h\u00e5rtab og bekymrer sig om hovedbundens sundhed. Den er velegnet til b\u00e5de midaldrende og \u00e6ldre mennesker samt sk\u00f8nhedsentusiaster.<\/p>\n\n\n\n<p>1. Personer med h\u00e5rtab, tyndt h\u00e5r og en f\u00f8lsom hovedbund.<\/p>\n\n\n\n<p>2. Personer med arveligt h\u00e5rtab, s\u00e5som seboroisk alopeci.<\/p>\n\n\n\n<p>3. Personer med t\u00f8rt, kruset og let kn\u00e6kket h\u00e5r.<\/p>\n\n\n\n<p>4. Personer p\u00e5 arbejdspladsen, der har langvarig stress og uregelm\u00e6ssigt arbejde og hvile, hvilket f\u00f8rer til h\u00e5rtab.<\/p>\n\n\n\n<p>5. Kunder, der er opm\u00e6rksomme p\u00e5 h\u00e5rpleje i sk\u00f8nhedssaloner og andre steder.<\/p>\n\n\n\n<h2 class=\"wp-block-heading\">Produktionsproces for laserh\u00e5rkam<\/h2>\n\n\n\n<p>Produktionsprocessen for laserh\u00e5rkam kombinerer elektronisk teknologi og pr\u00e6cisionsst\u00f8beteknologi. Lyskildens b\u00f8lgel\u00e6ngde, stabilitet og elektriske sikkerhed kontrolleres strengt under produktionsprocessen. De vigtigste processer omfatter spr\u00f8jtest\u00f8bning af plastskal, montering af lasermoduler, svejsning af printkort, funktionstestning og montering af hele maskinen.<\/p>\n\n\n\n<h2 class=\"wp-block-heading\">Anvendelser af laserh\u00e5rkam<\/h2>\n\n\n\n<p>Laserh\u00e5rkam bruges i vid udstr\u00e6kning i daglig h\u00e5rpleje derhjemme, hos fris\u00f8rer, sk\u00f8nhedssaloner, professionelle fysioterapicentre og andre steder.<\/p>\n\n\n\n<p>1. Daglig hovedbundspleje og forebyggelse af h\u00e5rtab derhjemme.<\/p>\n\n\n\n<p>2. H\u00e5rplejeprojekter i barbersaloner.<\/p>\n\n\n\n<p>3. Fysioterapiprojekter i sk\u00f8nhedssaloner.<\/p>\n\n\n\n<p>4. Medbring h\u00e5rplejeredskaber p\u00e5 forretningsrejser.<\/p>\n\n\n\n<h2 class=\"wp-block-heading\">S\u00e5dan bruger du laserh\u00e5rkammen<\/h2>\n\n\n\n<p>Laserh\u00e5rkammen er meget nem at bruge. Det anbefales generelt at bruge den i 10-15 minutter hver gang, 3-4 gange om ugen, og observere den plejende effekt efter 8-12 ugers brug.<\/p>\n\n\n\n<p>1. Rens dit h\u00e5r og s\u00f8rg for, at det er t\u00f8rt og fedtfrit.<\/p>\n\n\n\n<p>2. Tryk l\u00e6nge p\u00e5 t\u00e6nd\/sluk-knappen, og v\u00e6lg det relevante gear.<\/p>\n\n\n\n<p>3. Placer kammens t\u00e6nder t\u00e6t p\u00e5 hovedbunden, og red j\u00e6vnt fra panden og bagud.<\/p>\n\n\n\n<p>4. Hold hvert omr\u00e5de i et par sekunder, og bev\u00e6g dig derefter langsomt til det n\u00e6ste omr\u00e5de.<\/p>\n\n\n\n<p>5. Sluk for str\u00f8mmen efter brug, og t\u00f8r forsigtigt kammens overflade af med en t\u00f8r klud.<\/p>","protected":false},"excerpt":{"rendered":"Laser Hair Comb Features The laser hair comb is an intelligent hair care product that integrates care and massage. It uses LLLT technology to help stimulate hair follicle activity, improve scalp microcirculation, and promote healthy hair growth. 1. Low-energy laser: The low-energy laser used by the laser hair comb can stimulate hair follicles and enhance [&hellip;]","protected":false},"featured_media":3487,"menu_order":0,"template":"","meta":[],"product-tag":[],"products":[164],"class_list":["post-3486","product","type-product","status-publish","has-post-thumbnail","hentry","products-laser-hair-comb"],"acf":[],"_links":{"self":[{"href":"https:\/\/www.ruiqigo.com\/da\/wp-json\/wp\/v2\/product\/3486","targetHints":{"allow":["GET"]}}],"collection":[{"href":"https:\/\/www.ruiqigo.com\/da\/wp-json\/wp\/v2\/product"}],"about":[{"href":"https:\/\/www.ruiqigo.com\/da\/wp-json\/wp\/v2\/types\/product"}],"version-history":[{"count":0,"href":"https:\/\/www.ruiqigo.com\/da\/wp-json\/wp\/v2\/product\/3486\/revisions"}],"wp:featuredmedia":[{"embeddable":true,"href":"https:\/\/www.ruiqigo.com\/da\/wp-json\/wp\/v2\/media\/3487"}],"wp:attachment":[{"href":"https:\/\/www.ruiqigo.com\/da\/wp-json\/wp\/v2\/media?parent=3486"}],"wp:term":[{"taxonomy":"product-tag","embeddable":true,"href":"https:\/\/www.ruiqigo.com\/da\/wp-json\/wp\/v2\/product-tag?post=3486"},{"taxonomy":"products","embeddable":true,"href":"https:\/\/www.ruiqigo.com\/da\/wp-json\/wp\/v2\/products?post=3486"}],"curies":[{"name":"wp","href":"https:\/\/api.w.org\/{rel}","templated":true}]}}