{"id":3492,"date":"2025-05-28T11:12:02","date_gmt":"2025-05-28T03:12:02","guid":{"rendered":"https:\/\/www.ruiqigo.com\/?post_type=product&#038;p=3492"},"modified":"2025-05-28T11:12:03","modified_gmt":"2025-05-28T03:12:03","slug":"long-handle-bath-brush","status":"publish","type":"product","link":"https:\/\/www.ruiqigo.com\/da\/product\/long-handle-bath-brush","title":{"rendered":"Badeb\u00f8rste med langt skaft"},"content":{"rendered":"<h2 class=\"wp-block-heading\">Funktioner p\u00e5 badeb\u00f8rste med langt skaft<\/h2>\n\n\n\n<p>Badeb\u00f8rsten med langt skaft er et baderedskab designet til kropsrensning med et ergonomisk designet forl\u00e6nget skaft. B\u00f8rsterne er lavet af bl\u00f8d nylon, vildsvineb\u00f8rster og andre materialer for at im\u00f8dekomme en r\u00e6kke behov, lige fra dybdeg\u00e5ende reng\u00f8ring til sk\u00e5nsom pleje. Det overordnede design tager h\u00f8jde for b\u00e5de praktisk anvendelighed og komfort og er et grundl\u00e6ggende element i moderne badning.<\/p>\n\n\n\n<p><strong>1. Udvidet h\u00e5ndtagsdesign: <\/strong>H\u00e5ndtaget p\u00e5 en badeb\u00f8rste med langt skaft er normalt 30-45 cm, hvilket er praktisk til reng\u00f8ring af ryg, ben og andre dele, der er vanskelige at reng\u00f8re.<\/p>\n\n\n\n<p><strong>2. Ergonomisk h\u00e5ndtag: <\/strong>H\u00e5ndtaget er ofte designet med en skridsikker tekstur eller bl\u00f8d gummi, som er behageligt at holde p\u00e5 og ikke let at glide selv med v\u00e5de h\u00e6nder.<\/p>\n\n\n\n<p><strong>3. Forskellige materialer: <\/strong>B\u00f8rsterne p\u00e5 en badeb\u00f8rste med langt skaft er normalt af nylon eller plantefibre, og h\u00e5ndtaget er normalt af plastik, bambus eller naturligt tr\u00e6. Materialerne er forskellige og kan tilpasses efter dine personlige behov.<\/p>\n\n\n\n<h2 class=\"wp-block-heading\">Fordele ved badeb\u00f8rste med langt skaft<\/h2>\n\n\n\n<p>Badeb\u00f8rsten med langt skaft har mange fordele med hensyn til materiale og struktur.<\/p>\n\n\n\n<p><strong>1. Grundig reng\u00f8ring af d\u00f8de hj\u00f8rner: <\/strong>Det lange, skridsikre h\u00e5ndtag p\u00e5 badeb\u00f8rsten g\u00f8r det nemt at reng\u00f8re ryg og underben uden at b\u00f8je eller vride sig, hvilket l\u00f8ser problemet med at reng\u00f8re d\u00f8de hj\u00f8rner. Den er is\u00e6r velegnet til personer med begr\u00e6nset mobilitet og dem, der har sv\u00e6rt ved at vaske ryggen.<\/p>\n\n\n\n<p><strong>2. Forbedre hudens tilstand: <\/strong>De fleksible og t\u00e6tte b\u00f8rsteh\u00e5r har gode eksfolierende og massagefunktioner, som kan stimulere huden, fremme blodcirkulationen, forbedre ru hud og g\u00f8re huden glat og delikat.<\/p>\n\n\n\n<p><strong>3. Vandt\u00e6t og holdbar: <\/strong>Badeb\u00f8rsten med langt skaft er lavet af plastik eller bambustr\u00e6 af h\u00f8j kvalitet, som ikke er let at forme og deformere, og den er fugtbestandig og vandt\u00e6t. B\u00f8rstehovedet og h\u00e5ndtaget er fast forbundet, hvilket g\u00f8r den holdbar og ikke let at kn\u00e6kke.<\/p>\n\n\n\n<p><strong>4. Sikkerhed og hygiejne: <\/strong>Badeb\u00f8rsten med langt skaft underst\u00f8tter vandvask og hurtig t\u00f8rring, er ikke let at formere bakterier, er sikker og hygiejnisk og er egnet til langvarig gentagen brug.<\/p>\n\n\n\n<h2 class=\"wp-block-heading\">M\u00e5lgruppe for badeb\u00f8rste med langt skaft<\/h2>\n\n\n\n<p>Badeb\u00f8rsten med langt skaft kan godt opfylde behovene hos brugere i forskellige aldre og med forskellige behov. Det er et praktisk v\u00e6rkt\u00f8j til daglig badning og hudpleje. Den er velegnet til en r\u00e6kke forskellige mennesker, is\u00e6r f\u00f8lgende persongrupper.<\/p>\n\n\n\n<p><strong>1. \u00c6ldre mennesker:<\/strong> \u00c6ldre mennesker har begr\u00e6nset mobilitet, og det lange h\u00e5ndtagsdesign g\u00f8r det nemmere at reng\u00f8re kroppen.<\/p>\n\n\n\n<p><strong>2. Gravide kvinder: <\/strong>Gravide kvinder har sv\u00e6rt ved at b\u00f8je kroppen, og badeb\u00f8rsten med langt skaft kan mindske belastningen ved badning og reng\u00f8re omr\u00e5der, der er vanskelige at reng\u00f8re.<\/p>\n\n\n\n<p><strong>3. Personer med tyk hud:<\/strong> Du kan bruge en badeb\u00f8rste med langt skaft til at t\u00f8rre dine h\u00e6nder eller bruge h\u00e5rdere b\u00f8rsteh\u00e5r til at fjerne d\u00f8de hudceller.<\/p>\n\n\n\n<p><strong>4. Entusiaster inden for daglig pleje: <\/strong>Den kan bruges til massage, eksfoliering og daglig reng\u00f8ring for dem, der er opm\u00e6rksomme p\u00e5 hudpleje.<\/p>\n\n\n\n<h2 class=\"wp-block-heading\">Produktionsproces for badeb\u00f8rster med langt skaft<\/h2>\n\n\n\n<p>Produktionsprocessen for badeb\u00f8rster med langt skaft varierer en smule, men omfatter generelt spr\u00f8jtest\u00f8bning, h\u00e5rtransplantation, manuel trimning og monteringstest.<\/p>\n\n\n\n<p>Plastprodukter er generelt lavet af h\u00f8jstyrke ABS- eller PP-materialer til spr\u00f8jtest\u00f8bning i \u00e9t stykke, og b\u00f8rsterne fikseres n\u00f8jagtigt af en automatisk h\u00e5rtransplantationsmaskine, og derefter afrundes b\u00f8rsterne for at forbedre hudens ber\u00f8ring. H\u00e5ndtaget samles manuelt efter sk\u00e6ring, slibning og meldugbeskyttelse og har visse milj\u00f8beskyttelses- og \u00e6stetiske egenskaber. Endelig gennemg\u00e5r det f\u00e6rdige produkt forskellige produktkvalitets- og ydeevnetests for at sikre stabilitet og holdbarhed.<\/p>\n\n\n\n<h2 class=\"wp-block-heading\">Anvendelser af badeb\u00f8rste med langt skaft<\/h2>\n\n\n\n<p>Badeb\u00f8rsten med langt skaft har en bred vifte af anvendelser, ikke kun begr\u00e6nset til badning og reng\u00f8ring i hjemmet, men ogs\u00e5 velegnet til professionelle steder s\u00e5som hotelbadev\u00e6relser og kropsplejeprojekter i sk\u00f8nhedssaloner.<\/p>\n\n\n\n<p><strong>1. Daglig badning derhjemme: <\/strong>Dette er det mest almindelige anvendelsessted for badeb\u00f8rster med langt skaft, velegnede til daglig kropsreng\u00f8ring for m\u00e6nd, kvinder, unge og gamle.<\/p>\n\n\n\n<p><strong>2. Rehabiliterings- og plejeinstitutioner: <\/strong>De kan hj\u00e6lpe folk med begr\u00e6nset fysisk aktivitet med at fuldf\u00f8re reng\u00f8ringen.<\/p>\n\n\n\n<p><strong>3. Pleje i sk\u00f8nhedssalonen: <\/strong>Den bruges til t\u00f8rb\u00f8rstning f\u00f8r kropspleje for at fremme blodcirkulationen og forbedre effekten af efterf\u00f8lgende kropspleje.<\/p>\n\n\n\n<h2 class=\"wp-block-heading\">S\u00e5dan bruger du badeb\u00f8rsten med langt skaft<\/h2>\n\n\n\n<p>Badeb\u00f8rsten med langt skaft er meget nem at bruge. P\u00e5f\u00f8r blot en passende m\u00e6ngde showergel p\u00e5 b\u00f8rsterne under brusebad eller karbad, og reng\u00f8r derefter forsigtigt ryggen, benene og andre dele af kroppen ved at bruge b\u00f8rsterne i cirkul\u00e6re bev\u00e6gelser. Skyl med rent vand efter reng\u00f8ring, og h\u00e6ng badeb\u00f8rsten til t\u00f8rre for at opretholde hygiejnen og forl\u00e6nge dens levetid.<\/p>\n\n\n\n<p>Under reng\u00f8ringsprocessen kan kraften justeres i henhold til b\u00f8rsternes h\u00e5rdhed for at opn\u00e5 den dobbelte effekt af reng\u00f8ring og massage. T\u00f8rb\u00f8rstning kan udf\u00f8res f\u00f8r badning, hvilket hj\u00e6lper med at fremme blodcirkulationen og stofskiftet.<\/p>","protected":false},"excerpt":{"rendered":"Long Handle Bath Brush Features The long handle bath brush is a bathing tool designed for body cleaning, with an ergonomically designed extended handle. The bristles are made of soft nylon, boar bristles, and other materials to meet a variety of needs from deep cleaning to gentle care. The overall design takes into account both [&hellip;]","protected":false},"featured_media":3493,"menu_order":0,"template":"","meta":[],"product-tag":[],"products":[166],"class_list":["post-3492","product","type-product","status-publish","has-post-thumbnail","hentry","products-bath-brush"],"acf":[],"_links":{"self":[{"href":"https:\/\/www.ruiqigo.com\/da\/wp-json\/wp\/v2\/product\/3492","targetHints":{"allow":["GET"]}}],"collection":[{"href":"https:\/\/www.ruiqigo.com\/da\/wp-json\/wp\/v2\/product"}],"about":[{"href":"https:\/\/www.ruiqigo.com\/da\/wp-json\/wp\/v2\/types\/product"}],"version-history":[{"count":0,"href":"https:\/\/www.ruiqigo.com\/da\/wp-json\/wp\/v2\/product\/3492\/revisions"}],"wp:featuredmedia":[{"embeddable":true,"href":"https:\/\/www.ruiqigo.com\/da\/wp-json\/wp\/v2\/media\/3493"}],"wp:attachment":[{"href":"https:\/\/www.ruiqigo.com\/da\/wp-json\/wp\/v2\/media?parent=3492"}],"wp:term":[{"taxonomy":"product-tag","embeddable":true,"href":"https:\/\/www.ruiqigo.com\/da\/wp-json\/wp\/v2\/product-tag?post=3492"},{"taxonomy":"products","embeddable":true,"href":"https:\/\/www.ruiqigo.com\/da\/wp-json\/wp\/v2\/products?post=3492"}],"curies":[{"name":"wp","href":"https:\/\/api.w.org\/{rel}","templated":true}]}}