{"id":3499,"date":"2025-05-30T15:45:20","date_gmt":"2025-05-30T07:45:20","guid":{"rendered":"https:\/\/www.ruiqigo.com\/?post_type=product&#038;p=3499"},"modified":"2025-05-30T15:45:21","modified_gmt":"2025-05-30T07:45:21","slug":"whitening-face-cream","status":"publish","type":"product","link":"https:\/\/www.ruiqigo.com\/da\/product\/whitening-face-cream","title":{"rendered":"Hvidnende ansigtscreme"},"content":{"rendered":"<h2 class=\"wp-block-heading\">Almindelige formler til fremstilling af hvidtende ansigtscremer<\/h2>\n\n\n\n<p>Som professionel producent af blegende ansigtscremer udv\u00e6lger vi en r\u00e6kke naturlige, blegende aktive ingredienser, s\u00e5som niacinamid, arbutin osv., der virker synergistisk. Disse ingredienser kan ikke kun h\u00e6mme dannelsen af melanin, men har ogs\u00e5 fugtgivende og antioxiderende virkninger, der g\u00f8r det muligt for huden at bevare glans og elasticitet under blegning.<\/p>\n\n\n\n<p><strong>1. Niacinamid:<\/strong> Niacinamid er en vandopl\u00f8selig ingrediens, der effektivt kan h\u00e6mme transporten af melanin til epidermisceller og dermed forhindre dannelsen af pletter fra kilden. Samtidig kan den ogs\u00e5 forbedre hudens barrierefunktion, forbedre ruhed, forst\u00f8rrede porer og andre problemer og er meget velegnet til daglig tandblegning.<\/p>\n\n\n\n<p><strong>2. Arbutin: <\/strong>Arbutin er en naturlig hvidtende ingrediens udvundet af planter. Den er mild og ikke-irriterende. Den kan effektivt h\u00e6mme aktiviteten af tyrosinase og reducere syntesen af melanin. Sammenlignet med andre kraftfulde ingredienser er arbutin mere egnet til langvarig brug og har en betydelig effekt p\u00e5 falmende aknem\u00e6rker og solpletter.<\/p>\n\n\n\n<p><strong>3. Lakridsekstrakt: <\/strong>Lakrids er rig p\u00e5 glycyrrhizinsyre, som har betydelige antiinflammatoriske og hvidtende virkninger. Den er velegnet til at reparere f\u00f8lsom hud. Samtidig h\u00e6mmer den blidt produktionen af melanin og giver huden en naturlig hvidtende effekt.<\/p>\n\n\n\n<p><strong>4. C-vitaminderivater: <\/strong>Denne ingrediens har fremragende antioxidante egenskaber, kan neutralisere frie radikaler, fremme kollagensyntese, samtidig med at den lysner hudtonen og forbedrer hudens samlede udstr\u00e5ling.<\/p>\n\n\n\n<h2 class=\"wp-block-heading\">Funktionerne af en hvidtende ansigtscreme<\/h2>\n\n\n\n<p>Vores hvidtende ansigtscreme har betydelige fordele inden for effektivitet, sikkerhed og brugeroplevelse, og opfylder brugernes dobbelte behov for effektiv hvidtning + sk\u00e5nsom hudpleje.<\/p>\n\n\n\n<p><strong>1. Signifikant effekt, lysner pletter og g\u00f8r dem lysere: <\/strong>Den hvidtg\u00f8rende ansigtscremeformel indeholder en r\u00e6kke aktive ingredienser, der arbejder synergistisk for at tr\u00e6nge dybt ind i huden og lysne pletter, mathed og aknem\u00e6rker, hvilket g\u00f8r hudtonen mere j\u00e6vn og transparent og forbedrer den samlede hudkvalitet.<\/p>\n\n\n\n<p><strong>2. Flere fugtgivende ingredienser: <\/strong>Vi har tilsat hyaluronsyre, glycerin og andre yderst effektive fugtgivende ingredienser, der n\u00e6rer huden i dybden, samtidig med at den bleger huden, styrker hudbarrieren og undg\u00e5r hudens \u00e6ldning eller uj\u00e6vn hudtone p\u00e5 grund af t\u00f8rhed.<\/p>\n\n\n\n<p><strong>3. Mild og ikke-irriterende: <\/strong>Produktets formel indeholder ikke irriterende ingredienser s\u00e5som alkohol, hormoner og kviks\u00f8lv. Det er testet p\u00e5 f\u00f8lsom hud og er yderst sikkert, sk\u00e5nsomt og ikke-irriterende. Det kan bruges sikkert p\u00e5 f\u00f8lsom hud.<\/p>\n\n\n\n<p><strong>4. Let tekstur og hurtig absorption: <\/strong>Hvidningscremen har en forfriskende cremet konsistens, som er let og ikke-fedtende, let at absorbere, ikke tilstopper porerne og er meget velegnet til brug i varme klimaer.<\/p>\n\n\n\n<p><strong>5. Velegnet til forskellige hudtyper: <\/strong>Dette produkt er velegnet til forskellige hudtyper, s\u00e5som fedtet, t\u00f8r og sensitiv hud, og kan opfylde behovene hos forskellige forbrugergrupper.<\/p>\n\n\n\n<h2 class=\"wp-block-heading\">S\u00e5dan bruger du en hvidtende ansigtscreme<\/h2>\n\n\n\n<p>Som en vigtig del af den daglige hudplejerutine anbefales det at bruge en hvidtende ansigtscreme efter rensning og almindelig pleje for at maksimere dens hvidtende og fugtgivende effekt. Det anbefales at bruge den \u00e9n gang dagligt, morgen og aften.<\/p>\n\n\n\n<p><strong>1. Rensning:<\/strong> Brug en mild rensemiddel til at rense ansigtet og fjerne st\u00f8v og olie fra ansigtet.<\/p>\n\n\n\n<p><strong>2. Toner:<\/strong> Brug toner til at fugte huden.<\/p>\n\n\n\n<p><strong>3. Essens:<\/strong> P\u00e5f\u00f8r hvidtningsessens for at fremskynde effekten af lysnende pletter og lysnende effekt.<\/p>\n\n\n\n<p><strong>4. Hvidnende ansigtscreme: <\/strong>Tag en passende m\u00e6ngde hvidtende ansigtscreme og p\u00e5f\u00f8r den j\u00e6vnt i ansigtet. Dup, indtil den er absorberet.<\/p>\n\n\n\n<h2 class=\"wp-block-heading\">Forsigtighed<\/h2>\n\n\n\n<p><strong>1. Hudtest anbefales: <\/strong>F\u00f8r f\u00f8rste brug, pr\u00f8v en lille m\u00e6ngde bag \u00f8ret eller h\u00e5ndleddet, observer i 24 timer, og s\u00f8rg for, at der ikke er r\u00f8dme, h\u00e6velse eller allergi, f\u00f8r du bruger det p\u00e5 hele ansigtet.<\/p>\n\n\n\n<p><strong>2. Undg\u00e5 kontakt med \u00f8jnene: <\/strong>Det anbefales ikke at p\u00e5f\u00f8re Whitening Face Cream p\u00e5 huden omkring \u00f8jnene. Hvis det kommer i \u00f8jnene, skal du straks skylle med rent vand.<\/p>\n\n\n\n<p><strong>3. Undg\u00e5 at bruge produkter med st\u00e6rke syreholdige ingredienser:<\/strong> Produkter, der indeholder frugtsyre eller salicylsyre, kan v\u00e6re i konflikt med ingredienserne i en hvidtende ansigtscreme. Det anbefales at bruge dem p\u00e5 forskellige tidspunkter for at undg\u00e5 irritation eller beskadigelse af barrieren.<\/p>\n\n\n\n<p><strong>4. Opbevares k\u00f8ligt og t\u00f8rt:<\/strong> Undg\u00e5 direkte sollys eller h\u00f8je temperaturer under opbevaring af dette produkt. Produktet skal forsegles for at sikre, at ingrediensernes aktivitet ikke \u00f8del\u00e6gges.<\/p>\n\n\n\n<h2 class=\"wp-block-heading\">Konklusion<\/h2>\n\n\n\n<p>Whitening Face Cream er en blegende og fugtgivende creme, der bruger en r\u00e6kke aktive ingredienser s\u00e5som niacinamid, lakridsekstrakt og C-vitaminderivater til effektivt at forbedre uj\u00e6vn hudtone og reducere hudpletter. Produktet har en let tekstur og er velegnet til alle hudtyper.<\/p>","protected":false},"excerpt":{"rendered":"Whitening Face Cream Manufacturing Common Formulas As a professional manufacturer of whitening face cream, we select a variety of natural whitening active ingredients, such as niacinamide, arbutin, etc., which work synergistically. These ingredients can not only inhibit the formation of melanin, but also have moisturizing and anti-oxidation effects, allowing the skin to maintain luster and [&hellip;]","protected":false},"featured_media":3500,"menu_order":0,"template":"","meta":[],"product-tag":[],"products":[161],"class_list":["post-3499","product","type-product","status-publish","has-post-thumbnail","hentry","products-face-cream"],"acf":[],"_links":{"self":[{"href":"https:\/\/www.ruiqigo.com\/da\/wp-json\/wp\/v2\/product\/3499","targetHints":{"allow":["GET"]}}],"collection":[{"href":"https:\/\/www.ruiqigo.com\/da\/wp-json\/wp\/v2\/product"}],"about":[{"href":"https:\/\/www.ruiqigo.com\/da\/wp-json\/wp\/v2\/types\/product"}],"version-history":[{"count":0,"href":"https:\/\/www.ruiqigo.com\/da\/wp-json\/wp\/v2\/product\/3499\/revisions"}],"wp:featuredmedia":[{"embeddable":true,"href":"https:\/\/www.ruiqigo.com\/da\/wp-json\/wp\/v2\/media\/3500"}],"wp:attachment":[{"href":"https:\/\/www.ruiqigo.com\/da\/wp-json\/wp\/v2\/media?parent=3499"}],"wp:term":[{"taxonomy":"product-tag","embeddable":true,"href":"https:\/\/www.ruiqigo.com\/da\/wp-json\/wp\/v2\/product-tag?post=3499"},{"taxonomy":"products","embeddable":true,"href":"https:\/\/www.ruiqigo.com\/da\/wp-json\/wp\/v2\/products?post=3499"}],"curies":[{"name":"wp","href":"https:\/\/api.w.org\/{rel}","templated":true}]}}