{"id":3504,"date":"2025-06-05T16:01:37","date_gmt":"2025-06-05T08:01:37","guid":{"rendered":"https:\/\/www.ruiqigo.com\/?post_type=product&#038;p=3504"},"modified":"2025-06-05T16:01:38","modified_gmt":"2025-06-05T08:01:38","slug":"hydrating-eye-cream","status":"publish","type":"product","link":"https:\/\/www.ruiqigo.com\/da\/product\/hydrating-eye-cream","title":{"rendered":"Fugtgivende \u00f8jencreme"},"content":{"rendered":"<h2 class=\"wp-block-heading\">Fremstilling af fugtgivende \u00f8jencremer - almindelige formler<\/h2>\n\n\n\n<p>Vores fugtgivende \u00f8jencreme bruger en r\u00e6kke yderst effektive og sk\u00e5nsomme aktive ingredienser, s\u00e5som hyaluronsyre, E-vitamin, niacinamid osv., kombineret med moderne hudplejeteknologi, til pr\u00e6cist at regulere og reparere problemer som t\u00f8rre \u00f8jne og h\u00e6velse.<\/p>\n\n\n\n<p><strong>1. Hyaluronsyre:<\/strong> Sm\u00e5molekyl\u00e6r hyaluronsyre kan hurtigt tr\u00e6nge ind i \u00f8jets nederste lag, fugte i dybden og holde p\u00e5 fugten i lang tid, hvilket forbedrer t\u00f8rhed og stramhed omkring \u00f8jnene betydeligt, skaber et varigt fugtigt milj\u00f8 omkring \u00f8jnene og forhindrer dannelsen af t\u00f8rre linjer.<\/p>\n\n\n\n<p><strong>2. E-vitamin: <\/strong>E-vitamin er en ingrediens med st\u00e6rk antioxidantevne. Den kan neutralisere frie radikaler, reparere hudskader, bremse fine linjer omkring \u00f8jnene og beskytte den skr\u00f8belige \u00f8jenhud mod ydre stimuli.&nbsp;<\/p>\n\n\n\n<p><strong>3. Niacinamid:<\/strong> Niacinamid kan oplyse hudtonen, forbedre mat hud og pigmentering, g\u00f8re huden omkring \u00f8jnene lysere og mere ensartet, forbedre hudens barrierefunktion og reducere fugttab.&nbsp;<\/p>\n\n\n\n<p><strong>4. Ceramid: <\/strong>Det er en vigtig del af hudbarrieren. Det kan effektivt reparere en beskadiget hudbarriere, forbedre fugtigheds- og forsvarsevnen og er is\u00e6r velegnet til t\u00f8r og f\u00f8lsom \u00f8jenhud.&nbsp;<\/p>\n\n\n\n<p><strong>5. Glycerin: <\/strong>Glycerin er en af de klassiske fugtighedscremer. Den kan tiltr\u00e6kke fugt fra luften og holde den inde, hvilket forst\u00e6rker den synergistiske effekt af andre fugtgivende ingredienser og forbedrer den langvarige fugtgivende effekt efter brug.&nbsp;<\/p>\n\n\n\n<h2 class=\"wp-block-heading\">Funktionerne af en fugtgivende \u00f8jencreme<\/h2>\n\n\n\n<p>Produktfordelene ved den fugtgivende \u00f8jencreme afspejles ikke kun i dens fremragende ingredienser, men ogs\u00e5 i dens fremragende formelstabilitet og behagelige hudf\u00f8lelse. Takket v\u00e6re effektiv absorptionsteknologi og hudvenligt teksturdesign er den velegnet til alle hudtyper og kan bruges i kombination med en r\u00e6kke forskellige hudplejeprogrammer.&nbsp;<\/p>\n\n\n\n<p><strong>1. Let tekstur og hurtig absorption:<\/strong> Hydrating Eye Cream har en cremet konsistens, der er let og delikat, nem at absorbere og ikke tilstopper porerne. Den efterlader ikke en klistret fornemmelse efter brug og er velegnet til alle hudtyper.&nbsp;<\/p>\n\n\n\n<p><strong>2. Mild og sikker formel: <\/strong>Hele formlen i dette produkt har best\u00e5et hudsikkerhedstesten og indeholder ikke irriterende ingredienser s\u00e5som alkohol og duftstoffer. Personer med f\u00f8lsom hud og hudallergier kan ogs\u00e5 trygt bruge det.&nbsp;<\/p>\n\n\n\n<p><strong>3. Synergistiske ingredienser og effektive effekter: <\/strong>Flere aktive ingredienser er kombineret i den fugtgivende \u00f8jencreme for at komplementere hinanden, hvilket i f\u00e6llesskab forst\u00e6rker den fugtgivende og reparerende kraft og forbedrer produktets effekt.&nbsp;<\/p>\n\n\n\n<p><strong>4. Hudpleje hele dagen: <\/strong>Fugtgivende \u00f8jencreme kan bruges morgen og aften. Den lysner og fugter i l\u00f8bet af dagen og reparerer og fugter om natten. \u00c9n creme har flere anvendelser og kan effektivt \u00f8ge kundernes kl\u00e6brighed og genk\u00f8bsprocenten.&nbsp;<\/p>\n\n\n\n<p><strong>5. Kan bruges sammen med andre produkter: <\/strong>Fugtgivende \u00f8jencreme kan ikke kun bruges med sk\u00f8nhedsudstyr, men ogs\u00e5 med essens, creme og \u00f8jenmaske for at skabe et komplet hudplejesystem og forbedre effekten af \u00f8jenhudpleje.<\/p>\n\n\n\n<h2 class=\"wp-block-heading\">S\u00e5dan bruger du en fugtgivende \u00f8jencreme<\/h2>\n\n\n\n<p>For at opn\u00e5 den bedste \u00f8jenplejeeffekt anbefaler vi, at brugerne bruger fugtgivende \u00f8jencreme hver morgen og aften. Langvarig og regelm\u00e6ssig brug kan bidrage betydeligt til at forbedre t\u00f8rhed, h\u00e6velse og andre problemer i huden og holde \u00f8jenhuden fugtet og glat.<\/p>\n\n\n\n<p><strong>1. Rens huden omkring \u00f8jnene: <\/strong>Brug en mild rensemiddel til at rense huden omkring \u00f8jnene grundigt for at fjerne olie og undg\u00e5 at tilstoppe porerne under efterf\u00f8lgende hudplejebehandlinger.&nbsp;<\/p>\n\n\n\n<p><strong>2. Brug toner: <\/strong>Dup blidt toneren p\u00e5 ansigt og \u00f8jenhud for at l\u00e6gge et godt fundament for efterf\u00f8lgende \u00f8jenpleje.&nbsp;<\/p>\n\n\n\n<p><strong>3. Tag en passende m\u00e6ngde \u00f8jencreme ud: <\/strong>Brug din ringfinger til at tage en m\u00e6ngde \u00f8jencreme p\u00e5 st\u00f8rrelse med et riskorn ud, p\u00e5f\u00f8r den p\u00e5 huden omkring \u00f8jnene, og mass\u00e9r og dup derefter blidt med fingerspidserne for at fremme absorptionen, men tr\u00e6k ikke for meget i huden.&nbsp;<\/p>\n\n\n\n<p><strong>4. Brug sammen med andre produkter:<\/strong> Efter brug af \u00f8jencreme kan du forts\u00e6tte med at bruge andre fugtgivende produkter, s\u00e5som ansigtscreme, for omfattende hudpleje og fugtighedssikring.&nbsp;<\/p>\n\n\n\n<h2 class=\"wp-block-heading\">Forsigtighed<\/h2>\n\n\n\n<p><strong>1. F\u00f8lsomhedstest: <\/strong>Det er ikke n\u00f8dvendigt at udf\u00f8re en hudf\u00f8lsomhedstest, f\u00f8r du bruger den fugtgivende \u00f8jencreme, is\u00e6r ikke for f\u00f8rstegangsbrugere. Brugere b\u00f8r teste en lille m\u00e6ngde bag \u00f8ret eller h\u00e5ndleddet for at sikre, at der ikke er ubehag, f\u00f8r de bruger den i \u00f8jenomr\u00e5det.&nbsp;<\/p>\n\n\n\n<p><strong>2. Undg\u00e5 kontakt med \u00f8jnene: <\/strong>Da dette produkt virker p\u00e5 huden omkring \u00f8jnene, skal du v\u00e6re forsigtig ved brug og undg\u00e5 \u00f8jen\u00e6blerne og den nederste del af \u00f8jenvipperne. Hvis det kommer i \u00f8jnene ved et uheld, skal du straks skylle det med rent vand for at undg\u00e5 yderligere irritation af \u00f8jnene.&nbsp;<\/p>\n\n\n\n<p><strong>3. Brug ikke for meget:<\/strong> Huden omkring \u00f8jnene er tynd, og overdreven brug kan nemt for\u00e5rsage mudder. Det anbefales, at du ikke bruger mere end p\u00e5 st\u00f8rrelse med et riskorn ad gang.<\/p>\n\n\n\n<p><strong>4. Opbevares k\u00f8ligt og t\u00f8rt: <\/strong>Undg\u00e5 direkte sollys og h\u00f8je temperaturer for at holde ingredienserne aktive.<\/p>\n\n\n\n<h2 class=\"wp-block-heading\">Konklusion<\/h2>\n\n\n\n<p>Hydrating Eye Cream er en effektiv fugtgivende \u00f8jencreme, der er designet til at l\u00f8se problemer som t\u00f8rre \u00f8jne, h\u00e6velser og mathed. Den har vundet et stort antal forbrugeres gunst med sin sikre og sk\u00e5nsomme formel, betydelige \u00f8jenplejeeffekt og behagelige brug. Kontinuerlig brug af dette produkt kan effektivt forbedre t\u00f8rhed i \u00f8jnene.<\/p>","protected":false},"excerpt":{"rendered":"Hydrating Eye Cream Manufacturing Common Formulas Our hydrating eye cream uses a variety of highly effective and gentle active ingredients, such as hyaluronic acid, vitamin E, niacinamide, etc., combined with modern skin care technology, to accurately regulate and repair problems such as dry eyes and swelling. 1. Hyaluronic acid: Small molecule hyaluronic acid can quickly [&hellip;]","protected":false},"featured_media":3505,"menu_order":0,"template":"","meta":[],"product-tag":[],"products":[162],"class_list":["post-3504","product","type-product","status-publish","has-post-thumbnail","hentry","products-eye-cream"],"acf":[],"_links":{"self":[{"href":"https:\/\/www.ruiqigo.com\/da\/wp-json\/wp\/v2\/product\/3504","targetHints":{"allow":["GET"]}}],"collection":[{"href":"https:\/\/www.ruiqigo.com\/da\/wp-json\/wp\/v2\/product"}],"about":[{"href":"https:\/\/www.ruiqigo.com\/da\/wp-json\/wp\/v2\/types\/product"}],"version-history":[{"count":0,"href":"https:\/\/www.ruiqigo.com\/da\/wp-json\/wp\/v2\/product\/3504\/revisions"}],"wp:featuredmedia":[{"embeddable":true,"href":"https:\/\/www.ruiqigo.com\/da\/wp-json\/wp\/v2\/media\/3505"}],"wp:attachment":[{"href":"https:\/\/www.ruiqigo.com\/da\/wp-json\/wp\/v2\/media?parent=3504"}],"wp:term":[{"taxonomy":"product-tag","embeddable":true,"href":"https:\/\/www.ruiqigo.com\/da\/wp-json\/wp\/v2\/product-tag?post=3504"},{"taxonomy":"products","embeddable":true,"href":"https:\/\/www.ruiqigo.com\/da\/wp-json\/wp\/v2\/products?post=3504"}],"curies":[{"name":"wp","href":"https:\/\/api.w.org\/{rel}","templated":true}]}}