{"id":351,"date":"2024-07-08T10:26:59","date_gmt":"2024-07-08T02:26:59","guid":{"rendered":"https:\/\/ruiqigo.com\/?post_type=product&#038;p=351"},"modified":"2024-10-28T11:36:11","modified_gmt":"2024-10-28T03:36:11","slug":"antibacterial-body-wash","status":"publish","type":"product","link":"https:\/\/www.ruiqigo.com\/da\/product\/antibacterial-body-wash","title":{"rendered":"Antibakteriel kropsvask"},"content":{"rendered":"<h3 class=\"wp-block-heading\">Antibakteriel kropsvask almindelige formler<\/h3>\n\n\n\n<p>Kerneingredienserne i denne antibakterielle kropsvask er calendula-ekstrakt og Centella asiatica-ekstrakt. Calendula er rig p\u00e5 flavonoider, som har fremragende antibakterielle egenskaber og effektivt kan h\u00e6mme v\u00e6ksten af bakterier. Centella asiatica er rig p\u00e5 polysaccharider og aminosyrer, der n\u00e6rer huden i dybden og forbedrer t\u00f8rhed. Disse to naturlige planteekstrakter arbejder sammen for at give en omfattende rensende pleje til din hud, der holder den ren og forfrisket hele tiden. Samtidig er produktet formuleret med blide rensende ingredienser for at rense porerne i dybden og g\u00f8re din badeoplevelse behagelig.<\/p>\n\n\n\n<h3 class=\"wp-block-heading\">Antibakteriel kropsvask G\u00e6ldende scenarier<\/h3>\n\n\n\n<p>Denne antibakterielle kropsvask er en brusegel til al slags vejr, is\u00e6r til scenarier, der kr\u00e6ver antibakteriel hygiejne. I de varme og fugtige sommerm\u00e5neder h\u00e6mmer det bakteriev\u00e6kst og giver frisk, ren hudpleje; i de kolde og t\u00f8rre vinterm\u00e5neder n\u00e6rer dens rige fugtgivende ingredienser huden og lindrer t\u00f8rhed for\u00e5rsaget af kulden. Specielt for sportsentusiaster giver den dybderens og antibakteriel pleje til huden efter tr\u00e6ning, s\u00e5 du kan nyde friskhed og komfort til enhver tid.<\/p>\n\n\n\n<h3 class=\"wp-block-heading\">Hvem er Antibakteriel body wash suit til<\/h3>\n\n\n\n<p>Denne antibakterielle kropsvask er designet til personer, der har brug for ekstra hudpleje, is\u00e6r til dem med f\u00f8lsom hud, eksemudsat hud eller specielle rensebehov. Dens blide formel bek\u00e6mper effektivt bakterier, mens den n\u00e6rer huden, hvilket g\u00f8r den velegnet til daglig brug af hele familien for at forbedre den personlige hygiejne. Den er ogs\u00e5 velegnet til dem, der kan lide at tr\u00e6ne, og giver dybderens og antibakteriel pleje til huden efter en tr\u00e6ning.<\/p>\n\n\n\n<h3 class=\"wp-block-heading\">Antibakteriel kropsvask Produktionsproces<\/h3>\n\n\n\n<p>Produktionen af denne antibakterielle kropsvask anvender en delikat ekstraktionsproces for at bevare de aktive ingredienser i calendula og Centella asiatica ekstrakter. Hele processen udf\u00f8res i et aseptisk milj\u00f8 for at sikre produktets renhed. Samtidig bruges lavtemperaturbehandling for at undg\u00e5 \u00f8del\u00e6ggelse af de aktive ingredienser, hvilket sikrer brusegelens yderst effektive antibakterielle og beroligende virkning.<\/p>","protected":false},"excerpt":{"rendered":"Antibacterial body wash Common Formulas The core ingredients of this antibacterial body wash are calendula extract and Centella asiatica extract. Calendula is rich in flavonoids, which have excellent antibacterial properties and can effectively inhibit the growth of bacteria. Centella asiatica is rich in polysaccharides and amino acids that deeply nourish the skin and improve dryness. [&hellip;]","protected":false},"featured_media":352,"menu_order":0,"template":"","meta":[],"product-tag":[],"products":[57],"class_list":["post-351","product","type-product","status-publish","has-post-thumbnail","hentry","products-body-wash"],"acf":[],"_links":{"self":[{"href":"https:\/\/www.ruiqigo.com\/da\/wp-json\/wp\/v2\/product\/351","targetHints":{"allow":["GET"]}}],"collection":[{"href":"https:\/\/www.ruiqigo.com\/da\/wp-json\/wp\/v2\/product"}],"about":[{"href":"https:\/\/www.ruiqigo.com\/da\/wp-json\/wp\/v2\/types\/product"}],"version-history":[{"count":0,"href":"https:\/\/www.ruiqigo.com\/da\/wp-json\/wp\/v2\/product\/351\/revisions"}],"wp:featuredmedia":[{"embeddable":true,"href":"https:\/\/www.ruiqigo.com\/da\/wp-json\/wp\/v2\/media\/352"}],"wp:attachment":[{"href":"https:\/\/www.ruiqigo.com\/da\/wp-json\/wp\/v2\/media?parent=351"}],"wp:term":[{"taxonomy":"product-tag","embeddable":true,"href":"https:\/\/www.ruiqigo.com\/da\/wp-json\/wp\/v2\/product-tag?post=351"},{"taxonomy":"products","embeddable":true,"href":"https:\/\/www.ruiqigo.com\/da\/wp-json\/wp\/v2\/products?post=351"}],"curies":[{"name":"wp","href":"https:\/\/api.w.org\/{rel}","templated":true}]}}