{"id":356,"date":"2024-07-08T10:08:37","date_gmt":"2024-07-08T02:08:37","guid":{"rendered":"https:\/\/ruiqigo.com\/?post_type=product&#038;p=356"},"modified":"2024-10-28T15:39:54","modified_gmt":"2024-10-28T07:39:54","slug":"raw-sugar-body-wash","status":"publish","type":"product","link":"https:\/\/www.ruiqigo.com\/da\/product\/raw-sugar-body-wash","title":{"rendered":"R\u00e5 sukker kropsvask"},"content":{"rendered":"<h3 class=\"wp-block-heading\">Fremstilling af r\u00e5sukker-bodys\u00e6be Almindelige formler<\/h3>\n\n\n\n<p>Kerneingrediensen i denne body wash med r\u00e5t sukker er naturligt r\u00e5sukker. Rig p\u00e5 sukker, mineraler, vitaminer og andre n\u00e6ringsstoffer, renser og fjerner Raw Sugar blidt alle typer urenheder og eksfolierende ingredienser, samtidig med at den giver fremragende fugtighed og lindring af t\u00f8rhed. Vi har ogs\u00e5 tilf\u00f8jet sk\u00e5nsomme rensende ingredienser til formlen for yderligere at forbedre dens rensende effekt og efterlade din hud med en ren, str\u00e5lende gl\u00f8d. Derudover er naturlige planteekstrakter tilsat for at give ekstra n\u00e6ring til huden.<\/p>\n\n\n\n<h3 class=\"wp-block-heading\">R\u00e5sukker kropsvask Anvendelige scenarier<\/h3>\n\n\n\n<p>Denne Raw Sugar Shower Gel er en heldags showergel med rige fugtgivende ingredienser, der hj\u00e6lper med at lindre t\u00f8rhed for\u00e5rsaget af h\u00f8je temperaturer. I de kolde, t\u00f8rre vinterm\u00e5neder renser dens milde rensende formel huden i dybden, mens de fugtgivende ingredienser giver total hudpleje og lindring af fork\u00f8lelsesrelaterede hudproblemer.<\/p>\n\n\n\n<h3 class=\"wp-block-heading\">Hvem er Raw Sugar bodys\u00e6be til?<\/h3>\n\n\n\n<p>Med sine naturlige eksfolierende og fugtgivende egenskaber er Raw Sugar Body Wash velegnet til personer, der s\u00f8ger naturlige hudplejeresultater. Den er is\u00e6r velegnet til personer, hvis hud har brug for at blive sk\u00e5nsomt renset og n\u00e6ret, s\u00e5som brugere af t\u00f8r eller sensitiv hud, samt forbrugere, der foretr\u00e6kker produkter med naturlige ingredienser. Den er ogs\u00e5 velegnet til dem, der nyder spabehandlinger, der giver alsidig pleje til din hud.<\/p>\n\n\n\n<h3 class=\"wp-block-heading\">Produktionsproces for r\u00e5sukkers\u00e6be<\/h3>\n\n\n\n<p>Raw Sugar Body Wash er produceret ved hj\u00e6lp af en kombination af traditionelt h\u00e5ndv\u00e6rk og moderne teknologi ved h\u00e5ndudv\u00e6lgelse af r\u00e5sukker af h\u00f8j kvalitet og en lavtemperaturudvindingsmetode for at bevare dets naturlige eksfolierende og fugtgivende ingredienser. Streng kvalitetskontrol under produktionen sikrer ingen kemiske tils\u00e6tningsstoffer, hvilket giver en ren og sk\u00e5nsom badeoplevelse.<\/p>","protected":false},"excerpt":{"rendered":"Raw sugar body wash manufacturing Common Formulas The core ingredient of this raw sugar body wash is natural raw sugar. Rich in sugars, minerals, vitamins and other nutrients, Raw Sugar cleanses and gently removes all types of impurities and exfoliants, while providing excellent moisturization and relief from dryness. We&#8217;ve also added gentle cleansing ingredients to [&hellip;]","protected":false},"featured_media":357,"menu_order":0,"template":"","meta":[],"product-tag":[],"products":[57],"class_list":["post-356","product","type-product","status-publish","has-post-thumbnail","hentry","products-body-wash"],"acf":[],"_links":{"self":[{"href":"https:\/\/www.ruiqigo.com\/da\/wp-json\/wp\/v2\/product\/356","targetHints":{"allow":["GET"]}}],"collection":[{"href":"https:\/\/www.ruiqigo.com\/da\/wp-json\/wp\/v2\/product"}],"about":[{"href":"https:\/\/www.ruiqigo.com\/da\/wp-json\/wp\/v2\/types\/product"}],"version-history":[{"count":0,"href":"https:\/\/www.ruiqigo.com\/da\/wp-json\/wp\/v2\/product\/356\/revisions"}],"wp:featuredmedia":[{"embeddable":true,"href":"https:\/\/www.ruiqigo.com\/da\/wp-json\/wp\/v2\/media\/357"}],"wp:attachment":[{"href":"https:\/\/www.ruiqigo.com\/da\/wp-json\/wp\/v2\/media?parent=356"}],"wp:term":[{"taxonomy":"product-tag","embeddable":true,"href":"https:\/\/www.ruiqigo.com\/da\/wp-json\/wp\/v2\/product-tag?post=356"},{"taxonomy":"products","embeddable":true,"href":"https:\/\/www.ruiqigo.com\/da\/wp-json\/wp\/v2\/products?post=356"}],"curies":[{"name":"wp","href":"https:\/\/api.w.org\/{rel}","templated":true}]}}