{"id":3563,"date":"2025-06-06T16:25:54","date_gmt":"2025-06-06T08:25:54","guid":{"rendered":"https:\/\/www.ruiqigo.com\/?post_type=product&#038;p=3563"},"modified":"2025-06-09T09:21:28","modified_gmt":"2025-06-09T01:21:28","slug":"helichrysum-essential-oil","status":"publish","type":"product","link":"https:\/\/www.ruiqigo.com\/da\/product\/helichrysum-essential-oil","title":{"rendered":"Helichrysum \u00e6terisk olie"},"content":{"rendered":"<h2 class=\"wp-block-heading\">Almindelige formler til fremstilling af \u00e6terisk olie fra Helichrysum<\/h2>\n\n\n\n<p>Vi er en professionel producent af \u00e6terisk helichrysumolie. Vi insisterer p\u00e5 at bruge helichrysumblomster af h\u00f8j kvalitet som r\u00e5materialer og bruger lavtemperaturdampdestillation for at maksimere tilbageholdelsen af naturlige aktive ingredienser s\u00e5som diketon. Disse naturlige aktive ingredienser kan fremme hovedbundscirkulationen og reparere h\u00e5rskader.&nbsp;<\/p>\n\n\n\n<p><strong>1. Diketon: <\/strong>Dette er en af de unikke og vigtigste ingredienser i helichrysum \u00e6terisk olie. Den har en st\u00e6rk antiinflammatorisk evne, kan effektivt fremme s\u00e5rheling, falme ar og r\u00f8de m\u00e6rker og bruges i vid udstr\u00e6kning i reparationsessenser og hovedbundsplejeessenser.&nbsp;<\/p>\n\n\n\n<p><strong>2. Geraniol: <\/strong>Geraniol har en naturlig bl\u00f8dg\u00f8rende effekt, der kan forbedre glatheden. I h\u00e5rpleje hj\u00e6lper det med at forbedre h\u00e5rets glans og reducere krus og spaltede spidser.&nbsp;<\/p>\n\n\n\n<p><strong>3. Bornylacetat: <\/strong>Dette er en vigtig ingrediens i helichrysum \u00e6terisk olie. Den har fremragende lindrende og antiinflammatoriske virkninger, som kan reducere r\u00f8dme og f\u00f8lsomhed i huden for\u00e5rsaget af stress eller milj\u00f8m\u00e6ssige faktorer. Samtidig kan den ogs\u00e5 berolige hovedbunden og reducere kl\u00f8e og stramhed.&nbsp;&nbsp;<\/p>\n\n\n\n<p><strong>4. \u03b1-Pinen:<\/strong> Den har fremragende rensende og antibakterielle effekter, kan rense porerne og hovedbundsmilj\u00f8et, forbedre olieudskillelsen og sk\u00e6lproblemer og kan ogs\u00e5 berolige huden.&nbsp;<\/p>\n\n\n\n<p><strong>5. Linalool:<\/strong> Den har rensende og antibakterielle funktioner. Den kan regulere udskillelsen af hudolie, rense porer, forbedre folliculitis for\u00e5rsaget af olieblokering og skabe et godt milj\u00f8 for sundt h\u00e5r.<\/p>\n\n\n\n<h2 class=\"wp-block-heading\">Funktionerne af Helichrysum \u00e6terisk olie<\/h2>\n\n\n\n<p>Helichrysum \u00e6terisk olie er et uundv\u00e6rligt stjerneprodukt inden for eksklusiv h\u00e5rpleje p\u00e5 grund af dets fremragende aktive ingredienser og sofistikerede ekstraktionsproces.<\/p>\n\n\n\n<p><strong>1. Naturlig, mild og ikke-irriterende:<\/strong> Formlen for helichrysum \u00e6terisk olie er naturlig og mild, indeholder ikke irriterende ingredienser og har en meget lav risiko for allergi. Selv babyer eller personer med f\u00f8lsom hud kan bruge den sikkert.&nbsp;<\/p>\n\n\n\n<p><strong>2. Aktive ingredienser af h\u00f8j renhed: <\/strong>Ekstraheret gennem lavtemperaturdestillationsteknologi for at maksimere tilbageholdelsen af aktive ingredienser i immortelle, hvilket sikrer, at hver batch af immortelle \u00e6terisk olie kan opretholde effektiv og ensartet ydeevne.&nbsp;<\/p>\n\n\n\n<p><strong>3. Milj\u00f8venlig og b\u00e6redygtig:<\/strong> Ingredienserne er af ren oprindelse, og plantningen er sporbar, hvilket er i tr\u00e5d med trenden inden for naturlig hudpleje og egnet til eksklusive \u00f8kologiske og gr\u00f8nne h\u00e5rplejeserier.&nbsp;<\/p>\n\n\n\n<p><strong>4. Mild lugt: <\/strong>Helichrysum \u00e6terisk olie har en varm og bl\u00f8d urtearoma, som ikke er s\u00e5 st\u00e6rk som lavendel eller eukalyptus. Den kan f\u00e5 folk til at f\u00f8le sig afslappede og glade, n\u00e5r den bruges, og den forbedrer den samlede brugeroplevelse.&nbsp;<\/p>\n\n\n\n<p><strong>5. Multieffekter i \u00e9n:<\/strong> Helichrysum \u00e6terisk olie kan ikke kun effektivt forbedre overskydende olie i hovedbunden og bet\u00e6ndelse i hovedbunden, men ogs\u00e5 lindre kl\u00f8e i hovedbunden og reparere skadet h\u00e5r. Den har flere anvendelser i \u00e9n flaske og flere effekter i \u00e9n.<\/p>\n\n\n\n<h2 class=\"wp-block-heading\">S\u00e5dan bruger du Helichrysum \u00e6terisk olie<\/h2>\n\n\n\n<p>N\u00e5r helichrysum \u00e6terisk olie bruges alene, skal den fortyndes f\u00f8r brug. N\u00e5r den tils\u00e6ttes som en formel, skal den blandes i produktet i et passende forhold for at ud\u00f8ve dens lindrende og reparerende virkning fuldt ud og forbedre produktets samlede effektivitet.<\/p>\n\n\n\n<p><strong>1. Rent h\u00e5r: <\/strong>Rens h\u00e5ret f\u00f8r brug for at sikre absorption under efterf\u00f8lgende h\u00e5rpleje.<\/p>\n\n\n\n<p><strong>2. Fortyndet helichrysum \u00e6terisk olie: <\/strong>Bland \u00e6terisk olie og baseolie (s\u00e5som jojobaolie) i forholdet 1:5 eller mere.<\/p>\n\n\n\n<p><strong>3. P\u00e5f\u00f8r forsigtigt og mass\u00e9r: <\/strong>N\u00e5r du bruger \u00e6terisk olie p\u00e5 huden, dup den blidt for at f\u00e5 den til at absorbere. N\u00e5r du bruger den i hovedbunden, kan massage bruges til at fremme blodcirkulationen.<\/p>\n\n\n\n<p><strong>4. Kan bruges sammen med andre produkter: <\/strong>Det kan tils\u00e6ttes shampoo, balsam og andre h\u00e5rplejeprodukter for at forbedre produktets effektivitet.<\/p>\n\n\n\n<p><strong>Henstilling: <\/strong>Brug 2-3 gange om ugen, og effekten vil v\u00e6re mere markant, hvis du forts\u00e6tter i lang tid.<\/p>\n\n\n\n<h2 class=\"wp-block-heading\">Forsigtighed<\/h2>\n\n\n\n<p>Helichrysum \u00e6terisk olie er en st\u00e6rkt koncentreret planteekstrakt. For at sikre den bedste brugsoplevelse og undg\u00e5 allergiske reaktioner, skal du v\u00e6re opm\u00e6rksom p\u00e5 brugs- og opbevaringsmilj\u00f8et.&nbsp;<\/p>\n\n\n\n<p><strong>1. Hudtest:<\/strong> En hudtest er p\u00e5kr\u00e6vet f\u00f8r f\u00f8rste brug, is\u00e6r for personer med allergi. En test p\u00e5 et lille omr\u00e5de b\u00f8r udf\u00f8res bag \u00f8ret eller p\u00e5 indersiden af h\u00e5ndleddet for at bekr\u00e6fte, at der ikke er nogen bivirkninger f\u00f8r formel brug.<\/p>\n\n\n\n<p><strong>2. Undg\u00e5 at p\u00e5f\u00f8re direkte p\u00e5 huden uden fortynding: <\/strong>Helichrysum \u00e6terisk olie har en h\u00f8j koncentration. Det anbefales at fortynde den f\u00f8r brug for at undg\u00e5 irritation eller allergisk ubehag p\u00e5 huden.&nbsp;<\/p>\n\n\n\n<p><strong>3. Undg\u00e5 at f\u00e5 det i \u00f8jnene: <\/strong>Hvis det kommer i \u00f8jnene ved et uheld, skal du straks skylle med rigeligt vand. M\u00e5 ikke anvendes direkte p\u00e5 f\u00f8lsomme omr\u00e5der s\u00e5som \u00f8jenomr\u00e5det, mund og n\u00e6se.&nbsp;<\/p>\n\n\n\n<p><strong>4. Gravide og ammende b\u00f8r bruge med forsigtighed: <\/strong>Selvom dette produkt er meget mildt, anbefales det, at s\u00e6rlige grupper konsulterer fagfolk f\u00f8r brug for at sikre sikkerheden.&nbsp;<\/p>\n\n\n\n<p><strong>5. Holdes v\u00e6k fra h\u00f8je temperaturer og direkte sollys: <\/strong>\u00c6teriske olier b\u00f8r forsegles og opbevares k\u00f8ligt og beskyttet mod lys for at undg\u00e5 at p\u00e5virke de aktive ingrediensers stabilitet.<\/p>\n\n\n\n<h2 class=\"wp-block-heading\">Konklusion<\/h2>\n\n\n\n<p>Helichrysum \u00e6terisk olie skiller sig ud i eksklusive h\u00e5rpleje- og aromaterapiprodukter med sine fremragende antiinflammatoriske og reparerende egenskaber. Vi sikrer, at hvert parti \u00e6teriske olier har stabile og rene aktive ingredienser baseret p\u00e5 streng udv\u00e6lgelse af r\u00e5materialer, avanceret ekstraktionsteknologi og h\u00f8j kvalitetskontrol. Den er ikke kun sk\u00e5nsom og velegnet til alle hudtyper, men kan ogs\u00e5 integreres i forskellige typer h\u00e5rplejeprodukter for at opn\u00e5 flere effekter.<\/p>","protected":false},"excerpt":{"rendered":"Helichrysum Essential Oil Manufacturing Common Formulas We are a professional manufacturer of helichrysum essential oil. We insist on using high-quality helichrysum flowers as raw materials and use low-temperature steam distillation to maximize the retention of natural active ingredients such as diketone. These natural active ingredients can promote scalp circulation and repair hair damage.&nbsp; 1. Diketone: [&hellip;]","protected":false},"featured_media":3570,"menu_order":0,"template":"","meta":[],"product-tag":[],"products":[53],"class_list":["post-3563","product","type-product","status-publish","has-post-thumbnail","hentry","products-essential-oil"],"acf":[],"_links":{"self":[{"href":"https:\/\/www.ruiqigo.com\/da\/wp-json\/wp\/v2\/product\/3563","targetHints":{"allow":["GET"]}}],"collection":[{"href":"https:\/\/www.ruiqigo.com\/da\/wp-json\/wp\/v2\/product"}],"about":[{"href":"https:\/\/www.ruiqigo.com\/da\/wp-json\/wp\/v2\/types\/product"}],"version-history":[{"count":0,"href":"https:\/\/www.ruiqigo.com\/da\/wp-json\/wp\/v2\/product\/3563\/revisions"}],"wp:featuredmedia":[{"embeddable":true,"href":"https:\/\/www.ruiqigo.com\/da\/wp-json\/wp\/v2\/media\/3570"}],"wp:attachment":[{"href":"https:\/\/www.ruiqigo.com\/da\/wp-json\/wp\/v2\/media?parent=3563"}],"wp:term":[{"taxonomy":"product-tag","embeddable":true,"href":"https:\/\/www.ruiqigo.com\/da\/wp-json\/wp\/v2\/product-tag?post=3563"},{"taxonomy":"products","embeddable":true,"href":"https:\/\/www.ruiqigo.com\/da\/wp-json\/wp\/v2\/products?post=3563"}],"curies":[{"name":"wp","href":"https:\/\/api.w.org\/{rel}","templated":true}]}}