{"id":3598,"date":"2025-06-09T11:43:18","date_gmt":"2025-06-09T03:43:18","guid":{"rendered":"https:\/\/www.ruiqigo.com\/?post_type=product&#038;p=3598"},"modified":"2025-06-09T16:12:57","modified_gmt":"2025-06-09T08:12:57","slug":"copiba-essential-oil","status":"publish","type":"product","link":"https:\/\/www.ruiqigo.com\/da\/product\/copiba-essential-oil","title":{"rendered":"Copiba \u00e6terisk olie"},"content":{"rendered":"<h2 class=\"wp-block-heading\">Almindelige formler til fremstilling af \u00e6terisk olie fra Copiba<\/h2>\n\n\n\n<p>Vi er en professionel producent af \u00e6terisk copibaolie. Vi bruger altid copifera-tr\u00e6harpiks af h\u00f8j kvalitet som r\u00e5materiale og anvender dampdestillation for at bevare naturlige aktive ingredienser s\u00e5som \u03b2-caryophyllen i videst muligt omfang. Disse ingredienser kan tr\u00e6nge ind i hovedbundss\u00e6kkene og spille flere gavnlige roller for h\u00e5r og hovedbunds sundhed.<\/p>\n\n\n\n<p><strong>1. \u03b2-Caryophyllen<\/strong>Det er en unik n\u00f8gleingrediens i copaiba \u00e6terisk olie. Den har st\u00e6rke antiinflammatoriske og antibakterielle egenskaber. Den kan effektivt lindre bet\u00e6ndelse i hovedbunden og reducere kl\u00f8e og r\u00f8dme i hovedbunden for\u00e5rsaget af bakterier og allergier. Den hj\u00e6lper med at skabe et sundt hovedbundsmilj\u00f8, styrke h\u00e5rr\u00f8dderne og reducere h\u00e5rtab.<\/p>\n\n\n\n<p><strong>2. Copiba-syre<\/strong>Den har naturlige astringerende og oliekontrollerende effekter, kan krympe hovedbundens porer, regulere overdreven talgproduktion, undg\u00e5 fedtet hovedbund og h\u00e5r, g\u00f8re h\u00e5ret mere forfriskende og luftigt og forbedre glatheden af h\u00e5rsk\u00e6l.<\/p>\n\n\n\n<p><strong>3. Humulen<\/strong>Det er den vigtigste h\u00e5rplejeingrediens i cubansk balsam \u00e6terisk olie. Den har fremragende lindrende og reparerende virkninger, lindrer ubehag i hovedbunden for\u00e5rsaget af hyppig permanent og farvning, hj\u00e6lper med at reparere beskadigede h\u00e5rfibre, forbedrer h\u00e5rets sejhed og reducerer kn\u00e6kkede h\u00e5rfibre.<\/p>\n\n\n\n<p><strong>4. Pinen<\/strong>Den har gode rensende og forfriskende egenskaber, renser h\u00e5rs\u00e6kkene i dybden, fjerner snavs og rester af stylingprodukter og holder hovedbunden ren. Inden for aromaterapi h\u00e5rpleje kan den ogs\u00e5 berolige krop og sind, reducere stress og indirekte forbedre h\u00e5rv\u00e6kstmilj\u00f8et, der p\u00e5virkes af mental stress.<\/p>\n\n\n\n<h2 class=\"wp-block-heading\">Funktionerne af Copiba \u00e6terisk olie<\/h2>\n\n\n\n<p>Copiba \u00e6terisk olie er popul\u00e6r for sine mange funktioner og anvendelser. Den er kendt for sine antiinflammatoriske, antibakterielle og smertelindrende egenskaber, hvilket g\u00f8r den effektiv til hovedbundspleje.<\/p>\n\n\n\n<p><strong>1. Mild og hudvenlig<\/strong>Copiba \u00e6terisk olie har en mild formel og for\u00e5rsager sj\u00e6ldent irritation og allergiske reaktioner. Den er velegnet til en r\u00e6kke forskellige hudtyper og hovedbundstyper og kan bruges sikkert af personer med f\u00f8lsom hovedbund.<\/p>\n\n\n\n<p><strong>2. Rig p\u00e5 aktive ingredienser<\/strong>Den er udvundet ved hj\u00e6lp af avanceret teknologi og bevarer et h\u00f8jt niveau af aktive stoffer s\u00e5som \u03b2-caryophyllen, hvilket sikrer stabil og effektiv pleje af h\u00e5r og hovedbund.<\/p>\n\n\n\n<p><strong>3. B\u00e6redygtig r\u00e5varekilde<\/strong>R\u00e5materialet harpiks er taget fra Copifera-tr\u00e6et, og produktionsprocessen er i overensstemmelse med konceptet om milj\u00f8m\u00e6ssig b\u00e6redygtighed og str\u00e6ben efter avanceret gr\u00f8n h\u00e5rpleje.<\/p>\n\n\n\n<p><strong>4. Unik aroma<\/strong>Copiba \u00e6terisk olie har en beroligende og tr\u00e6agtig aroma, der kan spredes for at fremme afslapning og velv\u00e6re. N\u00e5r den bruges til h\u00e5rpleje, skaber den en behagelig og afslappende atmosf\u00e6re og forbedrer brugerens sensoriske oplevelse.<\/p>\n\n\n\n<p><strong>5. H\u00e5rpleje med flere effekter<\/strong>Den kan regulere hovedbundens olieudskillelse, lindre bet\u00e6ndelse og kl\u00f8e i hovedbunden og ogs\u00e5 hj\u00e6lpe med at styrke h\u00e5ret, reducere kn\u00e6kket h\u00e5r og forbedre h\u00e5rets samlede styrke og glans. \u00c9n flaske kan opn\u00e5 flere h\u00e5rplejeeffekter.<\/p>\n\n\n\n<h2 class=\"wp-block-heading\">S\u00e5dan bruger du Copiba \u00e6terisk olie<\/h2>\n\n\n\n<p>Copiba er en h\u00f8jkoncentreret \u00e6terisk olie. S\u00f8rg for at fortynde den med en b\u00e6reolie. Ufortyndet p\u00e5f\u00f8ring kan for\u00e5rsage hudirritation. N\u00e5r den bruges sammen med andre produkter, skal den tils\u00e6ttes produktet i et passende forhold for at forst\u00e6rke produktets samlede effekt.<\/p>\n\n\n\n<p><strong>1. Olie til hovedbundsmassage<\/strong>Bland 3-5 dr\u00e5ber copiba \u00e6terisk olie med 10 ml baseolie (f.eks. kokosolie) for at regulere hovedbundens olie, lindre kl\u00f8e og forbedre h\u00e5rr\u00f8ddernes vitalitet.<\/p>\n\n\n\n<p><strong>2. Fortyndingsoperation<\/strong>Bland 1-2 dr\u00e5ber copiba \u00e6terisk olie med 5 ml renset vand eller leave-in balsam for at reducere statisk elektricitet, g\u00f8re h\u00e5ret glattere og give en let og behagelig duft, der er egnet til daglig brug.<\/p>\n\n\n\n<p><strong>3. P\u00e5f\u00f8r forsigtigt og mass\u00e9r<\/strong>N\u00e5r den bruges i hovedbunden, dyppes den fortyndede \u00e6teriske olie med fingerspidserne og masseres i cirkul\u00e6re bev\u00e6gelser i 2-3 minutter for at fremme blodcirkulationen og absorptionen. N\u00e5r den bruges p\u00e5 huden, duppes den, indtil den er absorberet.<\/p>\n\n\n\n<p><strong>4. Bland med h\u00e5rplejeprodukter<\/strong>Tils\u00e6t en dr\u00e5be copiba \u00e6terisk olie til din daglige shampoo, balsam eller h\u00e5rkur, r\u00f8r godt og brug den til at forbedre fugtighedscremen, modvirke krus og berolige hovedbunden.<br><strong>Henstilling<\/strong>Brug 2-3 gange om ugen, og din hovedbunds sundhed, h\u00e5rkvalitet og ubehag i hovedbunden vil gradvist forbedres.<\/p>\n\n\n\n<h2 class=\"wp-block-heading\">Forsigtighed<\/h2>\n\n\n\n<p>\u00c6terisk olie af cubansk balsam er et koncentreret planteekstrakt. For at sikre sikker brug og opretholde effektiviteten skal f\u00f8lgende punkter v\u00e6re opm\u00e6rksomme under brug og opbevaring.<\/p>\n\n\n\n<p><strong>1. Krav til hudtest<\/strong>F\u00f8r f\u00f8rste brug, is\u00e6r for personer med f\u00f8lsom hud og allergier, er en lappetest n\u00f8dvendig. Hvis der efter en observationsperiode ikke er r\u00f8dme, kl\u00f8e, svien osv., kan produktet anvendes p\u00e5 et stort omr\u00e5de.<\/p>\n\n\n\n<p><strong>2. Hudbrug kr\u00e6ver fortynding<\/strong>P\u00e5 grund af den h\u00f8je koncentration b\u00f8r det ikke p\u00e5f\u00f8res direkte p\u00e5 huden. S\u00f8rg for at fortynde det med baseolie i et sikkert forhold for at undg\u00e5 irritation.<\/p>\n\n\n\n<p><strong>3. Tag god beskyttelse<\/strong>Undg\u00e5 slimhinder s\u00e5som \u00f8jne, mund og n\u00e6se. Ved utilsigtet kontakt skylles straks med rigeligt vand, m\u00e5 ikke gnides, og s\u00f8g l\u00e6gehj\u00e6lp i tide, hvis ubehaget ikke er aftaget.<\/p>\n\n\n\n<p><strong>4. Brug med forsigtighed i s\u00e6rlige grupper<\/strong>Gravide kvinder, ammende kvinder, sp\u00e6db\u00f8rn og sm\u00e5b\u00f8rn b\u00f8r ikke bruge det alene, medmindre det er vejledt af professionelle aromaterapeuter eller medicinsk personale.<\/p>\n\n\n\n<p><strong>5. Krav til opbevaringsmilj\u00f8<\/strong>Opbevares k\u00f8ligt og m\u00f8rkt, og luk flaskens l\u00e5g godt for at forhindre oxidation og bevare de aktive ingrediensers stabilitet.<\/p>\n\n\n\n<h2 class=\"wp-block-heading\">Konklusion<\/h2>\n\n\n\n<p>Med sine fremragende antiinflammatoriske, lindrende og reparerende egenskaber skiller copaiba \u00e6terisk olie sig ud inden for high-end h\u00e5rpleje- og hudplejeprodukter. Gennem streng screening af r\u00e5materialer, avanceret ekstraktionsteknologi og h\u00f8j kvalitetskontrol sikrer vi, at hvert parti \u00e6terisk olie indeholder stabile og rene aktive ingredienser. Den kan spille flere funktioner, s\u00e5som at regulere hovedbundsolje, lindre hudubehag og forbedre duftoplevelsen, og bliver dermed en v\u00e6rdifuld del af \u00e6teriske olieprodukter til personlig pleje.<\/p>\n\n\n\n<p><\/p>","protected":false},"excerpt":{"rendered":"Copiba Essential Oil Manufacturing Common Formulas We are a professional manufacturer of copiba essential oil. We always use high-quality Copifera tree resin as raw material and adopt steam distillation process to retain natural active ingredients such as \u03b2-caryophyllene to the greatest extent. These ingredients can penetrate into the scalp follicles and play multiple beneficial roles [&hellip;]","protected":false},"featured_media":3599,"menu_order":0,"template":"","meta":[],"product-tag":[],"products":[53],"class_list":["post-3598","product","type-product","status-publish","has-post-thumbnail","hentry","products-essential-oil"],"acf":[],"_links":{"self":[{"href":"https:\/\/www.ruiqigo.com\/da\/wp-json\/wp\/v2\/product\/3598","targetHints":{"allow":["GET"]}}],"collection":[{"href":"https:\/\/www.ruiqigo.com\/da\/wp-json\/wp\/v2\/product"}],"about":[{"href":"https:\/\/www.ruiqigo.com\/da\/wp-json\/wp\/v2\/types\/product"}],"version-history":[{"count":0,"href":"https:\/\/www.ruiqigo.com\/da\/wp-json\/wp\/v2\/product\/3598\/revisions"}],"wp:featuredmedia":[{"embeddable":true,"href":"https:\/\/www.ruiqigo.com\/da\/wp-json\/wp\/v2\/media\/3599"}],"wp:attachment":[{"href":"https:\/\/www.ruiqigo.com\/da\/wp-json\/wp\/v2\/media?parent=3598"}],"wp:term":[{"taxonomy":"product-tag","embeddable":true,"href":"https:\/\/www.ruiqigo.com\/da\/wp-json\/wp\/v2\/product-tag?post=3598"},{"taxonomy":"products","embeddable":true,"href":"https:\/\/www.ruiqigo.com\/da\/wp-json\/wp\/v2\/products?post=3598"}],"curies":[{"name":"wp","href":"https:\/\/api.w.org\/{rel}","templated":true}]}}