{"id":361,"date":"2024-07-08T10:02:18","date_gmt":"2024-07-08T02:02:18","guid":{"rendered":"https:\/\/ruiqigo.com\/?post_type=product&#038;p=361"},"modified":"2024-10-28T15:38:16","modified_gmt":"2024-10-28T07:38:16","slug":"salicylic-acid-body-wash","status":"publish","type":"product","link":"https:\/\/www.ruiqigo.com\/da\/product\/salicylic-acid-body-wash","title":{"rendered":"Salicylsyre kropsvask"},"content":{"rendered":"<h3 class=\"wp-block-heading\">Fremstilling af salicylsyre-bodys\u00e6be Almindelige formler<\/h3>\n\n\n\n<p>Kerneingrediensen i denne salicylsyre-body wash er salicylsyre. Salicylsyre er en naturligt forekommende beta-hydroxysyre med fremragende keratolytiske og antibakterielle egenskaber, der effektivt renser hudens overflade for \u00e6ldet keratin og forskellige urenheder. I formlen har vi ogs\u00e5 tilsat aloe vera, gr\u00f8n te og andre naturlige planteekstrakter, der kan give huden rige n\u00e6ringsstoffer, s\u00e5som vitaminer, mineraler osv., s\u00e5 huden altid er fugtet og glat. Derudover har alle r\u00e5materialer best\u00e5et strenge test og screeninger for at sikre produktets sikkerhed og effektivitet.<\/p>\n\n\n\n<h3 class=\"wp-block-heading\">Salicylsyre kropsvask Anvendelige scenarier<\/h3>\n\n\n\n<p>Denne salicylsyre-body wash er velegnet til alle \u00e5rstider og klimaer. I den varme og fugtige sommer kan den rense ophobet snavs og aldrende keratin i dybden og forhindre forekomsten af bumser og akne. I den kolde og t\u00f8rre vinter er den rig p\u00e5 n\u00e6rende ingredienser, der giver omfattende pleje til huden, lindrer t\u00f8rhed og andre problemer.<\/p>\n\n\n\n<h3 class=\"wp-block-heading\">Hvem er salicylsyre-bodys\u00e6be til<\/h3>\n\n\n\n<p>Salicylsyre-bodys\u00e6be er velegnet til personer med akne, bumser eller fedtet hud. Den indeholder salicylsyre, der hj\u00e6lper med at fjerne d\u00f8de hudceller, rense porerne i dybden og reducere olieophobning, hvilket g\u00f8r den velegnet til brugere, der har brug for at forbedre hudens tilstand og forebygge udbrud. Den er ogs\u00e5 velegnet til sk\u00f8nhedselskere, der \u00f8nsker at give deres hud en frisk og str\u00e5lende sk\u00f8nhedscharme under deres daglige badetid.<\/p>\n\n\n\n<h3 class=\"wp-block-heading\">Produktionsproces for salicylsyre-bodys\u00e6be<\/h3>\n\n\n\n<p>Denne salicylsyre-body wash er fremstillet med s\u00e6rlig v\u00e6gt p\u00e5 kontrol af salicylsyrekoncentrationen og pH-balancen for at sikre, at produktet er b\u00e5de effektivt og sk\u00e5nsomt. Brugen af avanceret emulgeringsteknologi sikrer, at ingredienserne fordeles j\u00e6vnt og best\u00e5r f\u00f8lsomhedstests for at sikre produktsikkerhed og hudplejens effektivitet.<\/p>","protected":false},"excerpt":{"rendered":"Salicylic acid body wash manufacturing Common Formulas The core ingredient of this Salicylic Acid Body Wash is Salicylic Acid. Salicylic Acid is a naturally occurring Beta Hydroxy Acid with excellent keratolytic and antibacterial properties that effectively cleanses the skin&#8217;s surface of aged keratin and various impurities. In the formula, we also added aloe vera, green [&hellip;]","protected":false},"featured_media":362,"menu_order":0,"template":"","meta":[],"product-tag":[],"products":[57],"class_list":["post-361","product","type-product","status-publish","has-post-thumbnail","hentry","products-body-wash"],"acf":[],"_links":{"self":[{"href":"https:\/\/www.ruiqigo.com\/da\/wp-json\/wp\/v2\/product\/361","targetHints":{"allow":["GET"]}}],"collection":[{"href":"https:\/\/www.ruiqigo.com\/da\/wp-json\/wp\/v2\/product"}],"about":[{"href":"https:\/\/www.ruiqigo.com\/da\/wp-json\/wp\/v2\/types\/product"}],"version-history":[{"count":0,"href":"https:\/\/www.ruiqigo.com\/da\/wp-json\/wp\/v2\/product\/361\/revisions"}],"wp:featuredmedia":[{"embeddable":true,"href":"https:\/\/www.ruiqigo.com\/da\/wp-json\/wp\/v2\/media\/362"}],"wp:attachment":[{"href":"https:\/\/www.ruiqigo.com\/da\/wp-json\/wp\/v2\/media?parent=361"}],"wp:term":[{"taxonomy":"product-tag","embeddable":true,"href":"https:\/\/www.ruiqigo.com\/da\/wp-json\/wp\/v2\/product-tag?post=361"},{"taxonomy":"products","embeddable":true,"href":"https:\/\/www.ruiqigo.com\/da\/wp-json\/wp\/v2\/products?post=361"}],"curies":[{"name":"wp","href":"https:\/\/api.w.org\/{rel}","templated":true}]}}