{"id":3610,"date":"2025-06-11T10:19:53","date_gmt":"2025-06-11T02:19:53","guid":{"rendered":"https:\/\/www.ruiqigo.com\/?post_type=product&#038;p=3610"},"modified":"2025-06-11T10:19:53","modified_gmt":"2025-06-11T02:19:53","slug":"bergamot-essential-oil","status":"publish","type":"product","link":"https:\/\/www.ruiqigo.com\/da\/product\/bergamot-essential-oil","title":{"rendered":"Bergamot \u00e6terisk olie"},"content":{"rendered":"<h2 class=\"wp-block-heading\">Almindelige formler til fremstilling af bergamot \u00e6terisk olie<\/h2>\n\n\n\n<p>Som producent og langvarig leverand\u00f8r af \u00e6terisk bergamotolie udv\u00e6lger vi n\u00f8je modne bergamotfrugter og bruger sofistikeret teknologi til at udvinde og bevare naturlige ingredienser som limonen, linalool, linaloolacetat osv. for at give sikker, naturlig og langvarig st\u00f8tte til h\u00e5rpleje. <\/p>\n\n\n\n<p><strong>1. Limonen:<\/strong> Limonen er et naturligt stof, der indtager en dominerende rolle i bergamot \u00e6terisk olie. Det har fremragende antioxidante, fedtopl\u00f8sende og rensende egenskaber, som kan hj\u00e6lpe med at nedbryde og fjerne overskydende olie og forurenende partikler fra hovedbunden, lindre problemet med tilstoppede h\u00e5rs\u00e6kke og g\u00f8re hovedbunden frisk og transparent. Derudover kan dets naturlige duft ogs\u00e5 hj\u00e6lpe med at opfriske sindet.&nbsp;<\/p>\n\n\n\n<p><strong>2. Linalool:<\/strong> Linalool er en ingrediens med milde antibakterielle og rensende virkninger, der hj\u00e6lper med at h\u00e6mme skadelige bakterier i hovedbundens mikro\u00f8kologi, forebygge sk\u00e6l og lugt for\u00e5rsaget af bakteriev\u00e6kst og holde h\u00e5ret rent og hygiejnisk.&nbsp;<\/p>\n\n\n\n<p><strong>3. Linaloolacetat: <\/strong>Dette er en stjerneingrediens, der har en beroligende, lindrende og lindrende effekt p\u00e5 hovedbunden. Den kan effektivt reducere stramhed og irritation i hovedbunden, lindre kl\u00f8e, prikken og andre ubehag for\u00e5rsaget af sp\u00e6ndinger, milj\u00f8m\u00e6ssige stimuli og forbedre brugeroplevelsen.&nbsp;<\/p>\n\n\n\n<p><strong>4. Geraniol:<\/strong> Geraniol har naturlige insektafvisende og antibakterielle virkninger. Det er egnet til at styrke hovedbundens barriere og lindre kl\u00f8e i hovedbunden. Det kan ogs\u00e5 fremme mikrocirkulationen i hovedbunden, forbedre n\u00e6ringstilf\u00f8rselseffektiviteten og give h\u00e5rs\u00e6kkene et bedre v\u00e6kstmilj\u00f8.&nbsp;<\/p>\n\n\n\n<p><strong>5. \u03b1-Pinen:<\/strong> Denne ingrediens har antiinflammatoriske virkninger og kan lindre bet\u00e6ndelse eller r\u00f8dme samt h\u00e6velse i hovedbunden. Den er velegnet til at reparere skader i hovedbunden for\u00e5rsaget af permanent, farvning, langvarig soleksponering osv.<\/p>\n\n\n\n<h2 class=\"wp-block-heading\">Funktionerne af bergamot \u00e6terisk olie<\/h2>\n\n\n\n<p><strong>1. Naturlig ekstraktion:<\/strong> Bergamot \u00e6terisk olie udvindes fra bergamot ved hj\u00e6lp af lavtemperaturekstraktionsteknologi, der bevarer de originale ingredienser og aromatiske stoffer i videst muligt omfang. Den er ikke forarbejdet med kemiske opl\u00f8sningsmidler for at sikre, at den \u00e6teriske olie er ren og naturlig.&nbsp;<\/p>\n\n\n\n<p><strong>2. Fremragende antibakteriel og rensende funktion:<\/strong> De naturlige ingredienser i bergamot \u00e6terisk olie har antiinflammatoriske og antibakterielle virkninger, som effektivt kan reducere problemer for\u00e5rsaget af olietilstopning i h\u00e5rs\u00e6kkene, forbedre sk\u00e6l og kl\u00f8e i hovedbunden og bidrage til at opretholde den \u00f8kologiske balance i hovedbunden.&nbsp;<\/p>\n\n\n\n<p><strong>3. Overlegen sanseoplevelse: <\/strong>Den friske frugtagtige duft har en bl\u00f8d, s\u00f8d duft, der er beroligende og behagelig, og kan forbedre brugerens samlede sensoriske nydelse under h\u00e5rpleje.&nbsp;<\/p>\n\n\n\n<p><strong>4. Forbedr hum\u00f8ret og lindre stress:<\/strong> Duftingredienserne i bergamot \u00e6terisk olie kan forbedre depression og lindre nerv\u00f8s sp\u00e6nding. For brugere, der er under pres i l\u00e6ngere tid, kan den opn\u00e5 dobbelt afslapning fra huden til sindet. Mens den plejer h\u00e5ret, kan den ogs\u00e5 lindre psykisk stress.<\/p>\n\n\n\n<h2 class=\"wp-block-heading\">S\u00e5dan bruger du bergamot \u00e6terisk olie<\/h2>\n\n\n\n<p>Bergamot \u00e6terisk olie er meget nem at bruge. Den kan tils\u00e6ttes direkte til baseolie eller h\u00e5rplejeprodukter, eller den kan bruges alene til hovedbundsmassage eller aromaterapi.&nbsp;<\/p>\n\n\n\n<p><strong>1. Fortynding og forberedelse:<\/strong> F\u00f8r brug tages 2-3 dr\u00e5ber bergamot \u00e6terisk olie, tils\u00e6ttes 10 ml baseolie, s\u00e5som jojobaolie eller s\u00f8d mandelolie, og blandes godt.&nbsp;<\/p>\n\n\n\n<p><strong>2. Mass\u00e9r hovedbunden:<\/strong> Dryp den fortyndede \u00e6teriske olie j\u00e6vnt i hovedbunden og mass\u00e9r den blidt med fingerspidserne i 5-10 minutter.<\/p>\n\n\n\n<p><strong>3. Penetration og absorption: <\/strong>Vent i 15-20 minutter, s\u00e5 den \u00e6teriske olie kan absorberes helt og tr\u00e6nge ind i hovedbunden for at n\u00e6re den i dybden.<\/p>\n\n\n\n<p><strong>4. Vask med rent vand: <\/strong>Brug derefter varmt vand og milde shampooprodukter til at reng\u00f8re det grundigt for at undg\u00e5 fedtede rester p\u00e5 hovedet.<\/p>\n\n\n\n<p><strong>Henstilling:<\/strong> Det anbefales at bruge det regelm\u00e6ssigt, 1-2 gange om ugen, for bedre og kontinuerlig pleje.<\/p>\n\n\n\n<h2 class=\"wp-block-heading\">Forsigtighed<\/h2>\n\n\n\n<p><strong>1. Hudtest:<\/strong> Uanset om du er gravid eller har sensitiv hud, anbefaler vi at lave en hudtest bag \u00f8ret f\u00f8r brug. F\u00f8rst efter at have bekr\u00e6ftet, at der ikke er irritation, kan den officielt anvendes.<\/p>\n\n\n\n<p><strong>2. Fortynd f\u00f8r brug:<\/strong> Den originale \u00e6teriske olie har en h\u00f8j koncentration. Direkte kontakt med huden kan for\u00e5rsage allergier eller irritation. Derfor skal den fortyndes f\u00f8r h\u00e5rpleje for at undg\u00e5 skader p\u00e5 hovedbunden.<\/p>\n\n\n\n<p><strong>3. V\u00e6r opm\u00e6rksom p\u00e5 at undg\u00e5 lys:<\/strong> Bergamot \u00e6terisk olie indeholder lysf\u00f8lsomme ingredienser. Det anbefales at undg\u00e5 at bruge det i l\u00f8bet af dagen eller umiddelbart f\u00f8r eller efter uds\u00e6ttelse for sollys, og undg\u00e5 lys i mindst 12 timer efter brug.<\/p>\n\n\n\n<p><strong>4. Undg\u00e5 kontakt med \u00f8jnene eller s\u00e5r:<\/strong> Undg\u00e5 kontakt med \u00e6teriske olier i \u00f8jnene eller p\u00e5 beskadiget hud. Hvis det ved et uheld kommer i \u00f8jnene, skylles straks med rigeligt vand og der s\u00f8ges omg\u00e5ende l\u00e6gehj\u00e6lp.<\/p>\n\n\n\n<h2 class=\"wp-block-heading\">Konklusion<\/h2>\n\n\n\n<p>Som en \u00e6terisk olie af h\u00f8j kvalitet til naturlig h\u00e5rpleje indtager bergamot \u00e6terisk olie en unik position inden for h\u00e5rpleje med sin fremragende h\u00e5rplejeeffekt og friske og behagelige duft. Dens rige naturlige aktive ingredienser kan effektivt forbedre hovedbundsmilj\u00f8et og lindre stress. Den kan blandes med en r\u00e6kke forskellige \u00e6teriske olier, med st\u00e6rk tilpasningsevne og bred anvendelse.&nbsp;<\/p>\n\n\n\n<p>Uanset om det bruges til h\u00e5r, hovedbund eller aromaterapi-afslapning, er bergamot \u00e6terisk olie et naturligt valg.<\/p>","protected":false},"excerpt":{"rendered":"Bergamot Essential Oil Manufacturing Common Formulas As the manufacturer and long-term supplier of bergamot essential oil, we strictly select ripe bergamot fruits and use sophisticated technology to extract and retain natural ingredients such as limonene, linalool, linalool acetate, etc., to provide safe, natural, and lasting support for hair care. 1. Limonene: Limonene is a natural [&hellip;]","protected":false},"featured_media":3611,"menu_order":0,"template":"","meta":[],"product-tag":[],"products":[53],"class_list":["post-3610","product","type-product","status-publish","has-post-thumbnail","hentry","products-essential-oil"],"acf":[],"_links":{"self":[{"href":"https:\/\/www.ruiqigo.com\/da\/wp-json\/wp\/v2\/product\/3610","targetHints":{"allow":["GET"]}}],"collection":[{"href":"https:\/\/www.ruiqigo.com\/da\/wp-json\/wp\/v2\/product"}],"about":[{"href":"https:\/\/www.ruiqigo.com\/da\/wp-json\/wp\/v2\/types\/product"}],"version-history":[{"count":0,"href":"https:\/\/www.ruiqigo.com\/da\/wp-json\/wp\/v2\/product\/3610\/revisions"}],"wp:featuredmedia":[{"embeddable":true,"href":"https:\/\/www.ruiqigo.com\/da\/wp-json\/wp\/v2\/media\/3611"}],"wp:attachment":[{"href":"https:\/\/www.ruiqigo.com\/da\/wp-json\/wp\/v2\/media?parent=3610"}],"wp:term":[{"taxonomy":"product-tag","embeddable":true,"href":"https:\/\/www.ruiqigo.com\/da\/wp-json\/wp\/v2\/product-tag?post=3610"},{"taxonomy":"products","embeddable":true,"href":"https:\/\/www.ruiqigo.com\/da\/wp-json\/wp\/v2\/products?post=3610"}],"curies":[{"name":"wp","href":"https:\/\/api.w.org\/{rel}","templated":true}]}}