{"id":3620,"date":"2025-06-12T11:24:09","date_gmt":"2025-06-12T03:24:09","guid":{"rendered":"https:\/\/www.ruiqigo.com\/?post_type=product&#038;p=3620"},"modified":"2025-06-12T11:24:10","modified_gmt":"2025-06-12T03:24:10","slug":"wooden-bath-brush","status":"publish","type":"product","link":"https:\/\/www.ruiqigo.com\/da\/product\/wooden-bath-brush","title":{"rendered":"Tr\u00e6 badeb\u00f8rste"},"content":{"rendered":"<h2 class=\"wp-block-heading\">Funktioner af tr\u00e6badeb\u00f8rste<\/h2>\n\n\n\n<p>Tr\u00e6badeb\u00f8rsten er b\u00e5de naturlig og praktisk. Den bevarer ikke kun den rustikke stil fra traditionelle h\u00e5ndlavede b\u00f8rster, men inkorporerer ogs\u00e5 det ergonomiske koncept fra moderne design. Dens tr\u00e6b\u00f8rste er robust og holdbar, f\u00f8les varm, og de passende b\u00f8rsteh\u00e5r giver en r\u00e6kke forskellige hudplejemuligheder.<\/p>\n\n\n\n<p><strong>1. B\u00f8rstehus i massivt naturligt tr\u00e6: <\/strong>Badeb\u00f8rster i tr\u00e6 er ofte lavet af naturligt b\u00f8g, eg og andre h\u00e5rdttr\u00e6styper. De har en kompakt struktur, er ikke lette at revne, har et godt greb og skridsikre egenskaber og er af fremragende kvalitet.&nbsp;<\/p>\n\n\n\n<p><strong>2. Uds\u00f8gt overfladebehandlingsteknologi:<\/strong> Badeb\u00f8rstens overflade er poleret meget glat og forseglet med vegetabilsk olie eller milj\u00f8venlig maling for at forbedre dens fugtigheds- og meldugbestandige egenskaber.&nbsp;<\/p>\n\n\n\n<p><strong>3. Lang levetid: <\/strong>H\u00e5rplantningsstrukturen er fast og leveres med en griberem for nem h\u00e5ndtering. Samtidig er den nem at t\u00f8rre eller opbevare, hvilket kan forl\u00e6nge badeb\u00f8rstens levetid.&nbsp;<\/p>\n\n\n\n<p><strong>4. Velegnet til en r\u00e6kke forskellige vaske- og plejescenarier:<\/strong> Vores badeb\u00f8rste i tr\u00e6 kan bruges til b\u00e5de t\u00f8rb\u00f8rstning og v\u00e5db\u00f8rstning. Den er velegnet til en r\u00e6kke forskellige vaske- og plejescenarier, uanset om det er dagligt bad eller t\u00f8rb\u00f8rstning og massage, og dens funktioner er meget fleksible.&nbsp;<\/p>\n\n\n\n<p><strong>5. Forskellige b\u00f8rsteh\u00e5rsmuligheder:<\/strong> Badeb\u00f8rster i tr\u00e6 kan kombineres med naturlige b\u00f8rsteh\u00e5r s\u00e5som vildsvineb\u00f8rster og hesteh\u00e5r eller fleksible syntetiske fibre for at im\u00f8dekomme behovene hos forskellige hudtyper (s\u00e5som sensitiv hud, fedtet hud osv.).<\/p>\n\n\n\n<h2 class=\"wp-block-heading\">Fordele ved tr\u00e6badeb\u00f8rste<\/h2>\n\n\n\n<p>Sammenlignet med badeb\u00f8rster af plastik har badeb\u00f8rster af tr\u00e6 naturlige fordele med hensyn til brugeroplevelse, milj\u00f8venlighed og tekstur. De kan ikke kun give en solid eksfoliering og massageeffekt, men de opfylder ogs\u00e5 de moderne brugeres str\u00e6ben efter naturlighed og b\u00e6redygtighed.&nbsp;<\/p>\n\n\n\n<p><strong>1. Naturlig og milj\u00f8venlig:<\/strong> Badeb\u00f8rster i tr\u00e6 er lavet udelukkende af giftfrit, naturligt og bionedbrydeligt tr\u00e6 og b\u00f8rster, hvilket er i tr\u00e5d med konceptet om b\u00e6redygtigt og gr\u00f8nt forbrug og er meget milj\u00f8venlige.&nbsp;<\/p>\n\n\n\n<p><strong>2. Holdbar:<\/strong> B\u00f8rstehuset, der er lavet af naturtr\u00e6, har en stabil struktur, er slidst\u00e6rkt og trykfast samt holdbart. Dets levetid overstiger langt almindelige badeb\u00f8rster af plastik.&nbsp;<\/p>\n\n\n\n<p><strong>3. Kraftig reng\u00f8ring og eksfoliering:<\/strong> Naturlige b\u00f8rsteh\u00e5r, s\u00e5som vildsvineb\u00f8rster, har moderat sejhed og kan effektivt rense svedpletter, snavs og d\u00f8de hudceller uden at irritere eller beskadige huden.&nbsp;<\/p>\n\n\n\n<p><strong>4. Fremme blodcirkulationen: <\/strong>Brugen af en badeb\u00f8rste af tr\u00e6 kan blidt stimulere nerveender, v\u00e6kke hudens vitalitet og hj\u00e6lpe blodcirkulationen, stofskiftet og hudens opstramning i kroppen.&nbsp;<\/p>\n\n\n\n<p><strong>5. H\u00f8j omkostningseffektivitet:<\/strong> Badeb\u00f8rsten i tr\u00e6 skal kun t\u00f8rres regelm\u00e6ssigt og opbevares i et ventileret milj\u00f8. Den kr\u00e6ver ikke kompliceret vedligeholdelse og er enkel og bekvem at bruge, s\u00e5 den er meget omkostningseffektiv.<\/p>\n\n\n\n<h2 class=\"wp-block-heading\">Tr\u00e6badeb\u00f8rste M\u00e5lgruppe<\/h2>\n\n\n\n<p>Badeb\u00f8rster i tr\u00e6 bruges i vid udstr\u00e6kning af mennesker i forskellige aldre og med forskellige livsstile p\u00e5 grund af deres fremragende ydeevne, s\u00e5som det naturlige materiale, den stabile struktur og de forskellige funktioner. Uanset om det er en bruger, der str\u00e6ber efter daglig basisvask og pleje, eller en person, der har behov for massage og eksfoliering, kan de f\u00e5 en ideel oplevelse med dette produkt.&nbsp;<\/p>\n\n\n\n<p><strong>1. Daglige husholdningsbrugere:<\/strong> Velegnet til daglig reng\u00f8ring og badekomfort.<\/p>\n\n\n\n<p><strong>2. Middelaldrende og \u00e6ldre mennesker: <\/strong>Bl\u00f8de b\u00f8rsteh\u00e5r er velegnede til personer med sart hud eller bev\u00e6gelseshandicap, hvilket hj\u00e6lper med at fremme blodcirkulationen i kroppen og forbedre helbredet.<\/p>\n\n\n\n<p><strong>3. Personer med f\u00f8lsom hud:<\/strong> Du kan v\u00e6lge bl\u00f8de b\u00f8rsteh\u00e5r, s\u00e5som mildt hesteh\u00e5r og syntetiske fibre, til sk\u00e5nsomt at rense huden uden at for\u00e5rsage irritation eller skade.<\/p>\n\n\n\n<p><strong>4. Folk der motionerer og holder sig i form:<\/strong> Efter tr\u00e6ning kan du bruge en badeb\u00f8rste af tr\u00e6 til t\u00f8r eller v\u00e5d b\u00f8rstning, hvilket hj\u00e6lper med at lindre muskeltr\u00e6thed, rense porer og fjerne sved.<\/p>\n\n\n\n<h2 class=\"wp-block-heading\">Produktionsproces for tr\u00e6badeb\u00f8rster<\/h2>\n\n\n\n<p>Fremstillingsprocessen for badeb\u00f8rsten i tr\u00e6 fokuserer p\u00e5 udv\u00e6lgelse og fint h\u00e5ndv\u00e6rk. Fra udv\u00e6lgelsen af r\u00e5materialer til implantation af b\u00f8rster kr\u00e6ves der flere processer for at sikre, at produktet er robust, holdbart, glat og gratfrit.<\/p>\n\n\n\n<p><strong>1. Valg af r\u00e5materiale:<\/strong> Naturligt tr\u00e6, der er blevet affedtet og t\u00f8rret, bruges til at forhindre revner og meldug.<\/p>\n\n\n\n<p><strong>2. Implantation af b\u00f8rster: <\/strong>B\u00f8rsterne implanteres manuelt eller halvautomatisk og er arrangeret t\u00e6t og j\u00e6vnt.<\/p>\n\n\n\n<p><strong>3. Polering: <\/strong>Badeb\u00f8rstens overflade slibes flere gange for at fjerne grater og uj\u00e6vnheder, hvilket sikrer et glat og sikkert greb.<\/p>\n\n\n\n<p><strong>4. Vandt\u00e6t bel\u00e6gning:<\/strong> Naturlig tr\u00e6voks, olie eller lak p\u00e5f\u00f8res overfladen af b\u00f8rstehuset for at forbedre b\u00f8rstehusets fugtighedsbestandighed, mugfrihed og holdbarhed.<\/p>\n\n\n\n<p><strong>5. Produktkvalitetsinspektion:<\/strong> Hvert parti produkter skal gennemg\u00e5 forskellige kvalitetskontroller, s\u00e5som hygiejneinspektion, f\u00f8r de forlader fabrikken for at sikre, at hvert parti produkter opfylder markedsstandarder og kundernes behov.<\/p>\n\n\n\n<h2 class=\"wp-block-heading\">Anvendelser af tr\u00e6badeb\u00f8rste<\/h2>\n\n\n\n<p>Tr\u00e6badeb\u00f8rsten har en bred vifte af anvendelser. Den er ikke kun velegnet til daglig badning derhjemme, men optr\u00e6der ogs\u00e5 ofte i professionelle plejemilj\u00f8er s\u00e5som motionscentre og spaer. Den er meget velegnet til morgenopv\u00e5gning, afslapning efter tr\u00e6ning, dybdeg\u00e5ende reng\u00f8ring og andre scener.<\/p>\n\n\n\n<p>1. Ved daglig reng\u00f8ring og badning i hjemmet kan den bruges til at reng\u00f8re ryg, ben og andre dele, der er vanskelige at b\u00f8rste grundigt.<\/p>\n\n\n\n<p>2. N\u00e5r du er v\u00e5gnet om morgenen, kan du ogs\u00e5 bruge den til at t\u00f8rre b\u00f8rsten for at v\u00e6kke den nye dag, fremme blodcirkulationen i kroppen og forbedre vitaliteten.<\/p>\n\n\n\n<p>3. Efter tr\u00e6ning kan du bruge en badeb\u00f8rste af tr\u00e6 til at lindre muskelsp\u00e6ndinger for\u00e5rsaget af tr\u00e6ning og hj\u00e6lpe med at udskille metabolisk affaldsstof.<\/p>\n\n\n\n<h2 class=\"wp-block-heading\">S\u00e5dan bruger du tr\u00e6badeb\u00f8rsten<\/h2>\n\n\n\n<p>Badeb\u00f8rsten i tr\u00e6 er nem at bruge. Du kan v\u00e6lge en t\u00f8rb\u00f8rste eller en v\u00e5db\u00f8rste afh\u00e6ngigt af forskellige reng\u00f8ringsbehov.<\/p>\n\n\n\n<p><strong>1. T\u00f8r b\u00f8rste:<\/strong> T\u00f8rb\u00f8rste din krop i cirka 5 minutter hver morgen efter du er st\u00e5et op, hvilket er gavnligt for at fremme blodcirkulationen og stimulere kroppens vitalitet.<\/p>\n\n\n\n<p><strong>2. V\u00e5d b\u00f8rste:<\/strong> Velegnet til reng\u00f8ring under badning. Fugt b\u00f8rsterne, klem en lille m\u00e6ngde showergel i, og rens kroppen med cirkul\u00e6re bev\u00e6gelser.<\/p>\n\n\n\n<p><strong>Note:<\/strong> Under reng\u00f8ringsprocessen er det ikke let at gnide h\u00e5rdt for at undg\u00e5 at irritere huden. Efter brug anbefales det at skylle b\u00f8rsterne med rent vand, t\u00f8rre dem og undg\u00e5 at l\u00e6gge dem i bl\u00f8d i vand i lang tid for at forl\u00e6nge levetiden.<\/p>","protected":false},"excerpt":{"rendered":"Wooden Bath Brush Features The wooden bath brush is both natural and practical. It not only retains the rustic style of traditional handmade brushes but also incorporates the ergonomics concept of modern design. Its wooden brush body is sturdy and durable, feels warm, and the appropriate bristles provide a variety of skin care options. 1. [&hellip;]","protected":false},"featured_media":3621,"menu_order":0,"template":"","meta":[],"product-tag":[],"products":[166],"class_list":["post-3620","product","type-product","status-publish","has-post-thumbnail","hentry","products-bath-brush"],"acf":[],"_links":{"self":[{"href":"https:\/\/www.ruiqigo.com\/da\/wp-json\/wp\/v2\/product\/3620","targetHints":{"allow":["GET"]}}],"collection":[{"href":"https:\/\/www.ruiqigo.com\/da\/wp-json\/wp\/v2\/product"}],"about":[{"href":"https:\/\/www.ruiqigo.com\/da\/wp-json\/wp\/v2\/types\/product"}],"version-history":[{"count":0,"href":"https:\/\/www.ruiqigo.com\/da\/wp-json\/wp\/v2\/product\/3620\/revisions"}],"wp:featuredmedia":[{"embeddable":true,"href":"https:\/\/www.ruiqigo.com\/da\/wp-json\/wp\/v2\/media\/3621"}],"wp:attachment":[{"href":"https:\/\/www.ruiqigo.com\/da\/wp-json\/wp\/v2\/media?parent=3620"}],"wp:term":[{"taxonomy":"product-tag","embeddable":true,"href":"https:\/\/www.ruiqigo.com\/da\/wp-json\/wp\/v2\/product-tag?post=3620"},{"taxonomy":"products","embeddable":true,"href":"https:\/\/www.ruiqigo.com\/da\/wp-json\/wp\/v2\/products?post=3620"}],"curies":[{"name":"wp","href":"https:\/\/api.w.org\/{rel}","templated":true}]}}