{"id":3626,"date":"2025-06-12T14:04:02","date_gmt":"2025-06-12T06:04:02","guid":{"rendered":"https:\/\/www.ruiqigo.com\/?post_type=product&#038;p=3626"},"modified":"2025-06-19T09:23:36","modified_gmt":"2025-06-19T01:23:36","slug":"beard-conditioner","status":"publish","type":"product","link":"https:\/\/www.ruiqigo.com\/da\/product\/beard-conditioner","title":{"rendered":"Sk\u00e6gbalsam"},"content":{"rendered":"<h2 class=\"wp-block-heading\">Almindelige formler til fremstilling af sk\u00e6gbalsam<\/h2>\n\n\n\n<p>Vi er dedikerede udviklere af sk\u00e6gplejeformler. Med fokus p\u00e5 de unikke behov hos ansigtsh\u00e5r og huden nedenunder, udv\u00e6lger vi ingredienser baseret p\u00e5 fugtgivende, bl\u00f8dg\u00f8rende, beroligende og andre funktioner, og gennem videnskabelig sammens\u00e6tning skaber vi effektive balsamprodukter, der forbedrer sk\u00e6gsundheden og komforten.<\/p>\n\n\n\n<p><strong>1. Jojobaolie:<\/strong> Det er den centrale bl\u00f8dg\u00f8rende ingrediens i sk\u00e6gbalsam og kan tr\u00e6nge ind i sk\u00e6gget og huden nedenunder. Den fugter uden at tilstoppe porerne, bl\u00f8dg\u00f8r ru sk\u00e6g, hj\u00e6lper med at opretholde hudens naturlige fugtighedsbarriere, forhindrer t\u00f8rhed og hudirritation i sk\u00e6gget og sikrer en glat sk\u00e6gtekstur.<\/p>\n\n\n\n<p><strong>2. Arganolie:<\/strong> Rig p\u00e5 fedtsyrer og E-vitamin er den et meget n\u00e6rende tils\u00e6tningsstof. I sk\u00e6gpleje n\u00e6rer den h\u00e5rs\u00e6kkene, styrker h\u00e5rstr\u00e5ene, reducerer krus og giver sund glans. Dens antioxidante ingredienser kan ogs\u00e5 beskytte sk\u00e6g og hud mod milj\u00f8skader og forsinke for tidlig \u00e6ldning af ansigtsh\u00e5r.<\/p>\n\n\n\n<p><strong>3. Sheasm\u00f8r:<\/strong> Som et naturligt lipid giver den st\u00e6rk fugtighed. Holder fugten inde, bl\u00f8dg\u00f8r ru og uh\u00e5ndterligt sk\u00e6g og lindrer irriteret hud under sk\u00e6gget, is\u00e6r til t\u00f8rt og ru sk\u00e6g.<\/p>\n\n\n\n<p><strong>4. Glycerin:<\/strong> Det er et almindeligt fugtighedsmiddel i balsam, der fugter sk\u00e6g og hud for at forhindre t\u00f8rhed og spr\u00f8dhed. Det \u00f8ger sk\u00e6gets samlede fugtighedsindhold, hvilket g\u00f8r det mere fleksibelt og mindre tilb\u00f8jeligt til at kn\u00e6kke, og det hj\u00e6lper ogs\u00e5 andre fugtgivende ingredienser med at virke.<\/p>\n\n\n\n<p><strong>5. Panthenol:<\/strong> Ogs\u00e5 kendt som provitamin B5, har det fremragende reparationsegenskaber. Det tr\u00e6nger ind i sk\u00e6gget for at forbedre dets elasticitet og styrke. Det lindrer irriteret hud under sk\u00e6gget, fremmer hudreparation, reducerer r\u00f8dme og reparerer beskadiget sk\u00e6g for et tykkere og sundere udseende.<\/p>\n\n\n\n<h2 class=\"wp-block-heading\">Funktionerne af sk\u00e6gbalsam<\/h2>\n\n\n\n<p>Sk\u00e6gbalsam er en specialiseret behandling, der im\u00f8dekommer de unikke behov hos ansigtsh\u00e5r og den underliggende hud. Dens skr\u00e6ddersyede formel giver flere fordele for et sundere og mere medg\u00f8rligt sk\u00e6g.<\/p>\n\n\n\n<p><strong>1. Hydrerer i dybden og udglatter:<\/strong> Balsam bruger bl\u00f8dg\u00f8rende ingredienser som jojoba- og sheasm\u00f8r til at tr\u00e6nge ind i h\u00e5rstr\u00e5et, genopbygge fugtigheden og effektivt reducere ruhed, hvilket g\u00f8r sk\u00e6gget bl\u00f8dere og lettere at style.<\/p>\n\n\n\n<p><strong>2. Beroliger huden og lindrer irritation:<\/strong> Balsam indeholder ofte ingredienser som aloe vera eller panthenol for at lindre r\u00f8dme, kl\u00f8e og bet\u00e6ndelse og balancere hudens naturlige olieproduktion for at forhindre overskydende olieproduktion eller t\u00f8rhed.<\/p>\n\n\n\n<p><strong>3. Styrker og reparerer:<\/strong> Proteinerne og vitaminerne i balsam styrker sk\u00e6gstrukturen, reducerer kn\u00e6kkede og spaltede spidser og hj\u00e6lper med at forbedre t\u00f8rhed og spr\u00f8dhed.<\/p>\n\n\n\n<p><strong>4. Kontrollerer krus og forbedrer glans: <\/strong>Silikonefri polymerer eller naturlige olier i produktet d\u00e6kker h\u00e5rsk\u00e6llene, udglatter l\u00f8se sk\u00e6g og giver dem en naturlig glans.<\/p>\n\n\n\n<p><strong>5. Langsigtet st\u00f8tte til sk\u00e6gsundhed: <\/strong>Regelm\u00e6ssig brug af sk\u00e6gbalsam kan n\u00e6re h\u00e5rs\u00e6kkene og fremme tykkere og st\u00e6rkere sk\u00e6gv\u00e6kst over tid. Ved pletvis eller langsomt voksende sk\u00e6g kan fortsat pleje forbedre deres tykkelse og fylde.<\/p>\n\n\n\n<h2 class=\"wp-block-heading\">S\u00e5dan bruger du sk\u00e6gbalsam<\/h2>\n\n\n\n<p>Sk\u00e6gbalsam skal bruges korrekt for at fugte, bl\u00f8dg\u00f8re og n\u00e6re dit sk\u00e6g fuldt ud. F\u00f8lg disse trin for at holde dit sk\u00e6g sundt og medg\u00f8rligt.<\/p>\n\n\n\n<p><strong>1. Rens dit sk\u00e6g f\u00f8rst:<\/strong> Vask dit sk\u00e6g med en mild sk\u00e6gshampoo (almindelig mild shampoo uden sulfater fungerer ogs\u00e5) inden brug for at skabe et rent grundmilj\u00f8, hvor balsamen kan virke.<\/p>\n\n\n\n<p><strong>2. Dos\u00e9r den rigtige m\u00e6ngde:<\/strong> M\u00e6ngden afh\u00e6nger af l\u00e6ngden og tykkelsen af dit sk\u00e6g. Klem balsamen ud i din h\u00e5ndflade.<\/p>\n\n\n\n<p><strong>3. Fordel j\u00e6vnt i sk\u00e6gget: <\/strong>P\u00e5f\u00f8r fra sk\u00e6groden til spidsen, s\u00f8rg for at d\u00e6kke hele sk\u00e6gget, og mass\u00e9r det ind i huden under sk\u00e6gget.<\/p>\n\n\n\n<p><strong>4. Lad det hvile for optimal absorption: <\/strong>Efter p\u00e5f\u00f8ring skal balsamen sidde i sk\u00e6gget i 2-5 minutter. Lad produktet tr\u00e6nge dybt ind i h\u00e5rstr\u00e5ene og virke p\u00e5 huden nedenunder.<\/p>\n\n\n\n<p><strong>5. Skyl grundigt:<\/strong> Skyl sk\u00e6gget med varmt vand, indtil al balsamen er vasket ud.<\/p>\n\n\n\n<p><strong>6. T\u00f8r og style som s\u00e6dvanlig: <\/strong>Dup sk\u00e6gget t\u00f8rt med et rent h\u00e5ndkl\u00e6de. Bagefter kan du bruge en sk\u00e6gb\u00f8rste eller kam til at style.<\/p>\n\n\n\n<p><strong>Henstilling:<\/strong>Normalt er 2-3 gange om ugen nok. Just\u00e9r efter, hvordan dit sk\u00e6g f\u00f8les.<\/p>\n\n\n\n<h2 class=\"wp-block-heading\">Forsigtighed<\/h2>\n\n\n\n<p>Sk\u00e6gbalsam er designet til ansigtsh\u00e5r og huden nedenunder. For at sikre en sikker og god brugeroplevelse og undg\u00e5 potentielt ubehag eller problemer, bedes du v\u00e6re opm\u00e6rksom p\u00e5 f\u00f8lgende punkter.<\/p>\n\n\n\n<p><strong>1. Hudtest: <\/strong>F\u00f8r f\u00f8rste brug kr\u00e6ves en hudtest. P\u00e5f\u00f8r en lille m\u00e6ngde balsam p\u00e5 et lille omr\u00e5de, f.eks. bag \u00f8ret og indersiden af h\u00e5ndleddet. N\u00e5r du har bekr\u00e6ftet, at der ikke er nogen bivirkninger, p\u00e5f\u00f8res det i sk\u00e6gget og p\u00e5 huden i et stort omr\u00e5de.<\/p>\n\n\n\n<p><strong>2. Undg\u00e5 forkert anvendelse: <\/strong>P\u00e5f\u00f8r ikke balsam p\u00e5 beskadiget hud under sk\u00e6gget. Produktets ingredienser kan irritere beskadigede omr\u00e5der og \u00f8ge ubehaget.<\/p>\n\n\n\n<p><strong>3. Undg\u00e5 kontakt med \u00f8jnene:<\/strong> Ved utilsigtet kontakt med \u00f8jnene, skylles straks med rigeligt vand. S\u00f8g l\u00e6gehj\u00e6lp i tide, hvis irritationen forts\u00e6tter.<\/p>\n\n\n\n<p><strong>4. Korrekt opbevaring:<\/strong> Opbevar sk\u00e6gbalsam et k\u00f8ligt og t\u00f8rt sted. Undg\u00e5 direkte sollys og h\u00f8je temperaturer for at undg\u00e5 forringelse.<\/p>\n\n\n\n<h2 class=\"wp-block-heading\">Konklusion<\/h2>\n\n\n\n<p>Sk\u00e6gbalsam er en omhyggeligt udvalgt ingrediens og et videnskabeligt formuleret produkt, der spiller en essentiel rolle i sk\u00e6gpleje. Den fugter, bl\u00f8dg\u00f8r og beskytter effektivt ansigtsh\u00e5r og huden nedenunder. Ved fortsat brug hj\u00e6lper den brugerne med at skabe et behageligt og velplejet sk\u00e6g, hvilket forbedrer personlig stil og selvtillid.<\/p>\n\n\n\n<p><\/p>","protected":false},"excerpt":{"rendered":"Beard Conditioner Manufacturing Common Formulas We are dedicated beard care formula developers. Focusing on the unique needs of facial hair and the skin underneath, we select ingredients based on moisturizing, softening, soothing and other functions, and through scientific compounding, we create effective conditioners that improve the health and comfort of beards. 1. Jojoba oil: It [&hellip;]","protected":false},"featured_media":3629,"menu_order":0,"template":"","meta":[],"product-tag":[],"products":[52],"class_list":["post-3626","product","type-product","status-publish","has-post-thumbnail","hentry","products-conditioner"],"acf":[],"_links":{"self":[{"href":"https:\/\/www.ruiqigo.com\/da\/wp-json\/wp\/v2\/product\/3626","targetHints":{"allow":["GET"]}}],"collection":[{"href":"https:\/\/www.ruiqigo.com\/da\/wp-json\/wp\/v2\/product"}],"about":[{"href":"https:\/\/www.ruiqigo.com\/da\/wp-json\/wp\/v2\/types\/product"}],"version-history":[{"count":0,"href":"https:\/\/www.ruiqigo.com\/da\/wp-json\/wp\/v2\/product\/3626\/revisions"}],"wp:featuredmedia":[{"embeddable":true,"href":"https:\/\/www.ruiqigo.com\/da\/wp-json\/wp\/v2\/media\/3629"}],"wp:attachment":[{"href":"https:\/\/www.ruiqigo.com\/da\/wp-json\/wp\/v2\/media?parent=3626"}],"wp:term":[{"taxonomy":"product-tag","embeddable":true,"href":"https:\/\/www.ruiqigo.com\/da\/wp-json\/wp\/v2\/product-tag?post=3626"},{"taxonomy":"products","embeddable":true,"href":"https:\/\/www.ruiqigo.com\/da\/wp-json\/wp\/v2\/products?post=3626"}],"curies":[{"name":"wp","href":"https:\/\/api.w.org\/{rel}","templated":true}]}}