{"id":3632,"date":"2025-06-17T17:05:37","date_gmt":"2025-06-17T09:05:37","guid":{"rendered":"https:\/\/www.ruiqigo.com\/?post_type=product&#038;p=3632"},"modified":"2025-06-17T17:05:38","modified_gmt":"2025-06-17T09:05:38","slug":"benzoyl-peroxide-body-wash","status":"publish","type":"product","link":"https:\/\/www.ruiqigo.com\/da\/product\/benzoyl-peroxide-body-wash","title":{"rendered":"Benzoylperoxid kropsvask"},"content":{"rendered":"<h2 class=\"wp-block-heading\">Benzoylperoxid kropsvask fremstilling Almindelige formler<\/h2>\n\n\n\n<p>Da vi udviklede benzoylperoxid kropsvasken, brugte vi en kombination af aktive ingredienser med flere plejeeffekter, som ikke kun sikrer sterilisering og rensende kraft, men ogs\u00e5 tager h\u00f8jde for beroligende og fugtgivende virkning. Kerningredienser som benzoylperoxid, niacinamid, glycerin, natriumlauroylsarcosinat osv. kan synergistisk rense porer, balancere talgproduktionen og reparere hudbarrieren. Derudover har vi inkorporeret planteekstrakter og et sk\u00e5nsomt skummende system for yderligere at forbedre den samlede brugeroplevelse.&nbsp;<\/p>\n\n\n\n<p><strong>1. Benzoylperoxid:<\/strong> Dette er en bredspektret antibakteriel ingrediens, der effektivt kan dr\u00e6be akne-for\u00e5rsagerende Propionibacterium. Den kan fjerne d\u00f8de hudceller og olie, tr\u00e6nge dybt ind i porerne for at \u00e5bne tilstoppede omr\u00e5der og er en gylden ingrediens til terapeutisk aknefjerning.&nbsp;<\/p>\n\n\n\n<p><strong>2. Niacinamid:<\/strong> Det kan hj\u00e6lpe med at regulere talgproduktionen, give hudtonen en lysere farve og lindre inflammation for\u00e5rsaget af akne. Det er egnet til brug sammen med benzoylperoxid for at reducere irritation og forbedre hudens barrierereparationsevne.&nbsp;<\/p>\n\n\n\n<p><strong>3. Glycerin:<\/strong> Glycerin er en naturlig fugtighedscreme, der kan opretholde fugt i stratum corneum under rensning af huden, lindre t\u00f8rhed og ubehag for\u00e5rsaget af rensning, forbedre hudens bl\u00f8dhed og elasticitet og forhindre stramhed i huden for\u00e5rsaget af overdreven rensning.&nbsp;<\/p>\n\n\n\n<p><strong>4. Natriumlauroylsarcosinat: <\/strong>Dette er et mildt skummende middel, der ikke indeholder sulfater. Det kan reducere irritation af f\u00f8lsom hud og opretholde hudens naturlige barriere under rensning. Det er sk\u00e5nsomt og ikke-irriterende at bruge.&nbsp;<\/p>\n\n\n\n<p><strong>5. \u00c6terisk tea tree-olie:<\/strong> Tea tree-olie er en naturlig antibakteriel ingrediens med god oliekontrol og antiinflammatoriske virkninger. Den kan forst\u00e6rke aknefjerningseffekten, samtidig med at den giver en forfriskende og behagelig duftoplevelse.<\/p>\n\n\n\n<h2 class=\"wp-block-heading\">Funktionerne af benzoylperoxid kropsvask<\/h2>\n\n\n\n<p><strong>1. Forfriskende og ikke-fedtende:<\/strong> Benzoylperoxid kropsvask har en let tekstur og efterlader ingen rester efter skylning. Den er velegnet til brug i varme \u00e5rstider eller efter tr\u00e6ning, hvilket giver huden en forfrisket f\u00f8lelse.&nbsp;<\/p>\n\n\n\n<p><strong>2. Blid skumdannelse:<\/strong> Vores formel er s\u00e6befri og bruger aminosyre-tensider. Den skummer blidt og hurtigt med et fyldigt skum, men er nem at skylle af, hvilket g\u00f8r den velegnet til hyppig daglig pleje.\u00a0<\/p>\n\n\n\n<p><strong>3. Hurtigvirkende:<\/strong> De aktive ingredienser i benzoylperoxid-body wash-formlen kan hurtigt virke p\u00e5 akneomr\u00e5det, forkorte inflammationscyklussen og lindre r\u00f8dme og h\u00e6velse i huden.&nbsp;<\/p>\n\n\n\n<p><strong>4. Reparation:<\/strong> Dette produkt er formuleret med fugtgivende og beroligende ingredienser, som kan reducere hudirritation, samtidig med at det renser og opretholder hudens vand- og oliebalance.&nbsp;<\/p>\n\n\n\n<p><strong>5. Ikke let at tilstoppe porerne:<\/strong> Benzoylperoxid kropsvask indeholder ikke aknefremkaldende ingredienser og tilstopper ikke let porerne. Den er velegnet til langvarig brug af personer, der gentagne gange er plaget af lukkede komedoner og akne.&nbsp;<\/p>\n\n\n\n<p><strong>6. H\u00f8j produktstabilitet:<\/strong> Benzoylperoxid kropsvask anvender en lavirriterende formel og en stabil proces, som effektivt kan kontrollere oxidationen af aktive ingredienser og forbedre levetid og sikkerhed.\u00a0<\/p>\n\n\n\n<h2 class=\"wp-block-heading\">S\u00e5dan bruger du benzoylperoxid kropsvask<\/h2>\n\n\n\n<p>Benzoylperoxid kropsvask er nem at bruge og velegnet til daglig rensning og pleje af akneudsat hud. Vi anbefaler, at du bruger den \u00e9n gang dagligt eller hver anden dag, og v\u00e6r opm\u00e6rksom p\u00e5 tidsstyring og p\u00e5f\u00f8ringsomr\u00e5de.&nbsp;<\/p>\n\n\n\n<p>1. Fugt din hud, tag en passende m\u00e6ngde body wash ud og kom den i din h\u00e5ndflade eller badebold, og gnid den for at skabe skummet.<\/p>\n\n\n\n<p>2. Mass\u00e9r blidt skummet p\u00e5 ryggen, armene, l\u00e5rene og andre omr\u00e5der, og lad det virke i 1-2 minutter for at forst\u00e6rke produktets effektivitet.<\/p>\n\n\n\n<p>3. Skyl skummet grundigt med rent vand for at undg\u00e5 rester.<\/p>\n\n\n\n<p>4. Det anbefales at p\u00e5f\u00f8re en ikke-irriterende bodylotion til fugtgivende virkning efter brug.<\/p>\n\n\n\n<h2 class=\"wp-block-heading\">Forsigtighed<\/h2>\n\n\n\n<p><strong>1. Hudtest er p\u00e5kr\u00e6vet ved f\u00f8rste brug:<\/strong> Vi anbefaler at starte med et lille omr\u00e5de for at sikre, at der ikke er irritation eller allergisk reaktion p\u00e5 huden, f\u00f8r brugsomr\u00e5det udvides.&nbsp;<\/p>\n\n\n\n<p><strong>2. Undg\u00e5 kontakt med \u00f8jnene:<\/strong> Undg\u00e5 kontakt med \u00f8jnene under brug. Hvis det ved et uheld kommer i kontakt med \u00f8jnene, skylles straks med rigeligt vand for at undg\u00e5 irritation.\u00a0<\/p>\n\n\n\n<p><strong>3. M\u00e5 ikke anvendes sammen med st\u00e6rke eksfolierende produkter:<\/strong> Undg\u00e5 at bruge den samme dag som produkter, der indeholder AHA\/BHA eller andre irriterende ingredienser, for at undg\u00e5 ubehag s\u00e5som r\u00f8dme, h\u00e6velse og afskalning.\u00a0<\/p>\n\n\n\n<p><strong>4. V\u00e6r opm\u00e6rksom p\u00e5 solbeskyttelse efter brug:<\/strong> Da dette produkt indeholder benzoylperoxid, kan det \u00f8ge hudens f\u00f8lsomhed over for ultraviolette str\u00e5ler. Brug derfor solcreme til kroppen sammen med andre produkter, hvis det bruges i l\u00f8bet af dagen.&nbsp;<\/p>\n\n\n\n<h2 class=\"wp-block-heading\">Konklusion<\/h2>\n\n\n\n<p>Benzoylperoxid kropsvask er et funktionelt badeprodukt med fremragende rensende og reparerende kraft. Det bruger yderst effektive ingredienser som benzoylperoxid og niacinamid til at tr\u00e6nge dybt ind i porerne for at bek\u00e6mpe aknebakterier og er velegnet til akneudsat hudpleje i flere dele af kroppen. Dette produkt er designet til at passe til daglig brug med b\u00e5de rensende kraft, fugtgivende kraft og mildhed og er velegnet til langvarig brug af personer med hyppig akne eller tilb\u00f8jelighed til at f\u00e5 tilbagefald. Korrekt brug kan effektivt forbedre tilstanden af akneudsat hud og genoprette hudens glathed og sunde tekstur.<\/p>","protected":false},"excerpt":{"rendered":"Benzoyl Peroxide Body Wash Manufacturing Common Formulas When developing benzoyl peroxide body wash, we used a combination of active ingredients with multiple care effects, which not only ensures sterilization and cleaning power, but also takes into account soothing and moisturizing. Core ingredients such as benzoyl peroxide, niacinamide, glycerin, sodium lauroyl sarcosinate, etc., can synergistically purify [&hellip;]","protected":false},"featured_media":3655,"menu_order":0,"template":"","meta":[],"product-tag":[],"products":[57],"class_list":["post-3632","product","type-product","status-publish","has-post-thumbnail","hentry","products-body-wash"],"acf":[],"_links":{"self":[{"href":"https:\/\/www.ruiqigo.com\/da\/wp-json\/wp\/v2\/product\/3632","targetHints":{"allow":["GET"]}}],"collection":[{"href":"https:\/\/www.ruiqigo.com\/da\/wp-json\/wp\/v2\/product"}],"about":[{"href":"https:\/\/www.ruiqigo.com\/da\/wp-json\/wp\/v2\/types\/product"}],"version-history":[{"count":0,"href":"https:\/\/www.ruiqigo.com\/da\/wp-json\/wp\/v2\/product\/3632\/revisions"}],"wp:featuredmedia":[{"embeddable":true,"href":"https:\/\/www.ruiqigo.com\/da\/wp-json\/wp\/v2\/media\/3655"}],"wp:attachment":[{"href":"https:\/\/www.ruiqigo.com\/da\/wp-json\/wp\/v2\/media?parent=3632"}],"wp:term":[{"taxonomy":"product-tag","embeddable":true,"href":"https:\/\/www.ruiqigo.com\/da\/wp-json\/wp\/v2\/product-tag?post=3632"},{"taxonomy":"products","embeddable":true,"href":"https:\/\/www.ruiqigo.com\/da\/wp-json\/wp\/v2\/products?post=3632"}],"curies":[{"name":"wp","href":"https:\/\/api.w.org\/{rel}","templated":true}]}}