{"id":3645,"date":"2025-06-16T11:20:07","date_gmt":"2025-06-16T03:20:07","guid":{"rendered":"https:\/\/www.ruiqigo.com\/?post_type=product&#038;p=3645"},"modified":"2025-06-19T09:22:49","modified_gmt":"2025-06-19T01:22:49","slug":"sensitive-toothpaste","status":"publish","type":"product","link":"https:\/\/www.ruiqigo.com\/da\/product\/sensitive-toothpaste","title":{"rendered":"Sensitiv tandpasta"},"content":{"rendered":"<h2 class=\"wp-block-heading\">Almindelige formler til fremstilling af sensitiv tandpasta<\/h2>\n\n\n\n<p>Den bruger hovedsageligt kaliumnitrat og nano-hydroxyapatit aktive ingredienser til at reducere tandf\u00f8lsomhed, effektivt reducere den alvorlige smerte for\u00e5rsaget af stimulering ved at blokere smertesignaler fra at n\u00e5 nerveender og danne et t\u00e6t beskyttende lag p\u00e5 tandoverfladen, som ikke kun kan modst\u00e5 eksterne stimuli, men ogs\u00e5 fremme emalje-remineralisering, forbedre t\u00e6ndernes evne til at modst\u00e5 syreerosion, fundamentalt lindre problemet med tandf\u00f8lsomhed og give omfattende mundhygiejnebeskyttelse.<\/p>\n\n\n\n<h2 class=\"wp-block-heading\">G\u00e6ldende scenarier for sensitiv tandpasta<\/h2>\n\n\n\n<p>Sensitiv tandpasta er velegnet til en r\u00e6kke forskellige situationer, l\u00f8ser problemer med tandf\u00f8lsomhed og plejer mundhygiejne, is\u00e6r i f\u00f8lgende situationer: N\u00e5r tandf\u00f8lsomhed er for\u00e5rsaget af emaljeerosion, kan brug af sensitiv tandpasta lindre smerten for\u00e5rsaget af irritation ved at lamme nerverne og danne et beskyttende lag. For patienter med vigende tandk\u00f8d kan den lindre ubehag og beskytte udsatte omr\u00e5der. Efter tandblegning kan den neutralisere denne bivirkning, s\u00e5 du kan forts\u00e6tte med at bruge blegeprodukter.<\/p>\n\n\n\n<h2 class=\"wp-block-heading\">Hvem er sensitiv tandpasta egnet til<\/h2>\n\n\n\n<p>Sensitiv tandpasta er velegnet til specifikke grupper af mennesker, der lider af problemer med tandf\u00f8lsomhed, og anbefales is\u00e6r til f\u00f8lgende forbrugere:<\/p>\n\n\n\n<p>1. Personer, der ofte oplever tandf\u00f8lsomhed.<\/p>\n\n\n\n<p>2. Personer med problemer med tandemaljens slid.<\/p>\n\n\n\n<p>3. Personer, der er f\u00f8lsomme p\u00e5 grund af tilbagetrukket tandk\u00f8d og blotlagte tandr\u00f8dder.<\/p>\n\n\n\n<p>4. Personer, der er tilb\u00f8jelige til tandf\u00f8lsomhed p\u00e5 grund af genetiske faktorer eller den naturlige udtynding af tandemaljen med alderen.<\/p>\n\n\n\n<p>5. Personer, der aktivt \u00f8nsker at forebygge tandf\u00f8lsomhed og opretholde langsigtet mundhygiejne.<\/p>\n\n\n\n<h2 class=\"wp-block-heading\">Produktionsproces for sensitiv tandpasta<\/h2>\n\n\n\n<p>Som professionel producent af sensitiv tandpasta implementerer vi f\u00f8lgende standardiserede og sofistikerede produktionsprocesser for at sikre produktkvalitet og effektivitet:<\/p>\n\n\n\n<p>1) Udv\u00e6lg n\u00f8je r\u00e5materialer s\u00e5som kaliumnitrat, nanohydroxyapatit (n-Ha) og fluorid for at sikre, at ingredienserne opfylder standarderne for mundpleje.<\/p>\n\n\n\n<p>2) Forholdskontrol: M\u00e5l og bland aktive ingredienser og hj\u00e6lpestoffer n\u00f8jagtigt.<\/p>\n\n\n\n<p>3) Ensartet blanding: Brug avanceret blandeudstyr til at sikre ensartet spredning og danne en stabil pastastruktur for at opretholde ensartet effektivitet.<\/p>\n\n\n\n<p>4) Brug lavtemperaturdispersionsteknologi til fuldt ud at aktivere n-Ha og andre mineraler, hvilket hj\u00e6lper dem med bedre at reparere emaljedefekter og danne en beskyttende barriere mod f\u00f8lsomme udl\u00f8sere.<\/p>\n\n\n\n<p>5) Fyld i et rent og sterilt milj\u00f8 for at forhindre kontaminering, samtidig med at ingrediensernes aktivitet opretholdes, hvilket sikrer produktsikkerhed og holdbarhed.<\/p>","protected":false},"excerpt":{"rendered":"Sensitive Toothpaste Manufacturing Common Formulas It mainly uses potassium nitrate and nano-hydroxyapatite active ingredients to reduce tooth sensitivity, effectively reduce the severe pain caused by stimulation by blocking pain signals from reaching nerve endings, and form a dense protective layer on the tooth surface, which can not only resist external stimuli, but also promote enamel [&hellip;]","protected":false},"featured_media":3646,"menu_order":0,"template":"","meta":[],"product-tag":[],"products":[71],"class_list":["post-3645","product","type-product","status-publish","has-post-thumbnail","hentry","products-toothpaste"],"acf":[],"_links":{"self":[{"href":"https:\/\/www.ruiqigo.com\/da\/wp-json\/wp\/v2\/product\/3645","targetHints":{"allow":["GET"]}}],"collection":[{"href":"https:\/\/www.ruiqigo.com\/da\/wp-json\/wp\/v2\/product"}],"about":[{"href":"https:\/\/www.ruiqigo.com\/da\/wp-json\/wp\/v2\/types\/product"}],"version-history":[{"count":0,"href":"https:\/\/www.ruiqigo.com\/da\/wp-json\/wp\/v2\/product\/3645\/revisions"}],"wp:featuredmedia":[{"embeddable":true,"href":"https:\/\/www.ruiqigo.com\/da\/wp-json\/wp\/v2\/media\/3646"}],"wp:attachment":[{"href":"https:\/\/www.ruiqigo.com\/da\/wp-json\/wp\/v2\/media?parent=3645"}],"wp:term":[{"taxonomy":"product-tag","embeddable":true,"href":"https:\/\/www.ruiqigo.com\/da\/wp-json\/wp\/v2\/product-tag?post=3645"},{"taxonomy":"products","embeddable":true,"href":"https:\/\/www.ruiqigo.com\/da\/wp-json\/wp\/v2\/products?post=3645"}],"curies":[{"name":"wp","href":"https:\/\/api.w.org\/{rel}","templated":true}]}}