{"id":3650,"date":"2025-06-16T16:18:09","date_gmt":"2025-06-16T08:18:09","guid":{"rendered":"https:\/\/www.ruiqigo.com\/?post_type=product&#038;p=3650"},"modified":"2025-06-19T09:17:47","modified_gmt":"2025-06-19T01:17:47","slug":"restorative-conditioner","status":"publish","type":"product","link":"https:\/\/www.ruiqigo.com\/da\/product\/restorative-conditioner","title":{"rendered":"Genopbyggende balsam"},"content":{"rendered":"<h2 class=\"wp-block-heading\">Almindelige formler til fremstilling af genoprettende balsam<\/h2>\n\n\n\n<p>Genopbyggende balsam best\u00e5r hovedsageligt af aminosyrer, kokos- og jackfrugtplanteekstrakter og chiafr\u00f8. Aminosyrer har fremragende fugtgivende og n\u00e6rende virkninger, der i dybden genopbygger n\u00e6ringsstoffer til h\u00e5r og hovedbund; kokos- og jackfrugtekstrakter er rige p\u00e5 naturlige n\u00e6ringsstoffer, der yderligere genopbygger fugt og n\u00e6rer og forbedrer h\u00e5rets bl\u00f8dhed; chiafr\u00f8 kan reparere udseendet af eksisterende skader, samtidig med at de modst\u00e5r fremtidige skader. Som professionel producent af genopbyggende balsam er vi forpligtet til at udglatte krus hos personer med skadet h\u00e5r, dybt tr\u00e6nge ind og genopbygge fugt, forbedre glansl\u00f8st h\u00e5r og opn\u00e5 bl\u00f8dhed og sundhed indefra og ud.<\/p>\n\n\n\n<h2 class=\"wp-block-heading\">Anvendelige scenarier for genoprettende balsam<\/h2>\n\n\n\n<p>Genopbyggende balsam er essentiel i alle h\u00e5rplejescenarier. Efter kemiske behandlinger som permanent og farvning bliver h\u00e5ret sk\u00f8rt og glansl\u00f8st. Denne balsam indeholder aminosyrer og planteekstrakter, der reparerer beskadigede h\u00e5rstr\u00e5 og genopretter h\u00e5rets bl\u00f8dhed og glans. For dem, der ofte bruger varmestylingv\u00e6rkt\u00f8jer, kan formlen med genopbyggende ingredienser som chiafr\u00f8 afb\u00f8de varmeskader og reducere h\u00e5rbrud. Uanset om det er for at redde overbehandlet h\u00e5r, beskytte h\u00e5ret efter varmestyling eller t\u00e6mme naturligt kruset og t\u00f8rt h\u00e5r, kan genopbyggende balsam opfylde dine behov.<\/p>\n\n\n\n<h2 class=\"wp-block-heading\">Produktionsproces for genoprettende balsam<\/h2>\n\n\n\n<p>Den genoprettende balsam f\u00f8lger en professionel produktionsproces. R\u00e5varer som aminosyrer, kokosn\u00f8d og jackfrugtekstrakter screenes strengt for at sikre kvalitet og renhed. Under produktionen kontrolleres temperatur og tryk strengt i processer som emulgering for at undg\u00e5 tab af aktive ingredienser. Endelig anvendes milj\u00f8venlige og giftfri emballagematerialer. Denne produktionsproces garanterer kvaliteten og effektiviteten af den genoprettende balsam og opn\u00e5r effektiv h\u00e5rreparation.<\/p>","protected":false},"excerpt":{"rendered":"Restorative conditioner manufacturing common formulas Restorative conditioner is mainly composed of amino acids, coconut and jackfruit plant extracts, and chia seeds. Amino acids have excellent moisturizing and nourishing effects, deeply replenishing nutrients for hair and scalp; coconut and jackfruit extracts are rich in natural nutrients, further replenishing moisture and nourishing, and improving hair softness; chia [&hellip;]","protected":false},"featured_media":3652,"menu_order":0,"template":"","meta":[],"product-tag":[],"products":[52],"class_list":["post-3650","product","type-product","status-publish","has-post-thumbnail","hentry","products-conditioner"],"acf":[],"_links":{"self":[{"href":"https:\/\/www.ruiqigo.com\/da\/wp-json\/wp\/v2\/product\/3650","targetHints":{"allow":["GET"]}}],"collection":[{"href":"https:\/\/www.ruiqigo.com\/da\/wp-json\/wp\/v2\/product"}],"about":[{"href":"https:\/\/www.ruiqigo.com\/da\/wp-json\/wp\/v2\/types\/product"}],"version-history":[{"count":0,"href":"https:\/\/www.ruiqigo.com\/da\/wp-json\/wp\/v2\/product\/3650\/revisions"}],"wp:featuredmedia":[{"embeddable":true,"href":"https:\/\/www.ruiqigo.com\/da\/wp-json\/wp\/v2\/media\/3652"}],"wp:attachment":[{"href":"https:\/\/www.ruiqigo.com\/da\/wp-json\/wp\/v2\/media?parent=3650"}],"wp:term":[{"taxonomy":"product-tag","embeddable":true,"href":"https:\/\/www.ruiqigo.com\/da\/wp-json\/wp\/v2\/product-tag?post=3650"},{"taxonomy":"products","embeddable":true,"href":"https:\/\/www.ruiqigo.com\/da\/wp-json\/wp\/v2\/products?post=3650"}],"curies":[{"name":"wp","href":"https:\/\/api.w.org\/{rel}","templated":true}]}}