{"id":366,"date":"2024-07-08T09:50:29","date_gmt":"2024-07-08T01:50:29","guid":{"rendered":"https:\/\/ruiqigo.com\/?post_type=product&#038;p=366"},"modified":"2024-10-28T15:36:38","modified_gmt":"2024-10-28T07:36:38","slug":"vanilla-body-wash","status":"publish","type":"product","link":"https:\/\/www.ruiqigo.com\/da\/product\/vanilla-body-wash","title":{"rendered":"Vanilje kropsvask"},"content":{"rendered":"<h3 class=\"wp-block-heading\">Fremstilling af vanilje body wash - almindelige formler<\/h3>\n\n\n\n<p>Kerneingrediensen i denne Vanilla Body Wash er naturlig \u00e6terisk vaniljeolie. Vaniljeolie er rig p\u00e5 naturlige fyton\u00e6ringsstoffer s\u00e5som vitaminer og mineraler, som ikke kun giver badetiden en behagelig duft, men ogs\u00e5 n\u00e6rer huden. Samtidig har vi ogs\u00e5 tilsat havregryn, kamille og andre naturlige planteekstrakter i formlen, der b\u00e5de kan rense huden sk\u00e5nsomt og give huden en mere plejende effekt. Alle ingredienser er strengt screenet for at sikre produktets sikkerhed og effektivitet, s\u00e5 du kan f\u00e5 naturlige badeprodukter af h\u00f8j kvalitet.<\/p>\n\n\n\n<h3 class=\"wp-block-heading\">Vanilje kropsvask Anvendelige scenarier<\/h3>\n\n\n\n<p>Denne vanilje-body wash er velegnet til alle \u00e5rstider og klimaer. I den lidenskabelige sommer kan dens friske og behagelige duft bringe total afslapning, men den kan ogs\u00e5 holde huden frisk og ren; i den kolde og t\u00f8rre vinter kan dens rige, n\u00e6rende ingredienser give omfattende pleje til huden for at lindre t\u00f8rhed og andre problemer.<\/p>\n\n\n\n<h3 class=\"wp-block-heading\">Hvem er Vanilla bodys\u00e6be til<\/h3>\n\n\n\n<p>Med sine beroligende og fugtgivende egenskaber er vanilje-body wash velegnet til alle hudtyper, is\u00e6r for brugere, der s\u00f8ger en naturlig aromatisk oplevelse. For dem med t\u00f8r hud eller som har brug for afslapning, giver vaniljens milde og fugtgivende virkninger den ideelle badebehandling. Den er ogs\u00e5 velegnet til dem, der er milj\u00f8bevidste, da produktet er pakket i milj\u00f8venlige materialer.<\/p>\n\n\n\n<h3 class=\"wp-block-heading\">Produktionsproces for vanilje kropsvask<\/h3>\n\n\n\n<p>I produktionen af Vanilla Body Wash anvendes omhyggeligt udvalgte vaniljeb\u00f8nner til at udvinde duften, og vaniljens naturlige aroma og hudplejeingredienser bevares gennem en kold ekstraktionsproces. Under produktionsprocessen kontrolleres blandingsforholdet og pH-v\u00e6rdien af formlen strengt for at sikre, at produktet er mildt og ikke-irriterende, samtidig med at hudens naturlige pH-balance opretholdes.<\/p>","protected":false},"excerpt":{"rendered":"Vanilla body wash manufacturing Common Formulas The core ingredient of this Vanilla Body Wash is natural vanilla essential oil. Vanilla essential oil is rich in natural phytonutrients such as vitamins and minerals, which not only make bath time scented, but also nourish the skin. At the same time, we also added oatmeal, chamomile and other [&hellip;]","protected":false},"featured_media":367,"menu_order":0,"template":"","meta":[],"product-tag":[],"products":[57],"class_list":["post-366","product","type-product","status-publish","has-post-thumbnail","hentry","products-body-wash"],"acf":[],"_links":{"self":[{"href":"https:\/\/www.ruiqigo.com\/da\/wp-json\/wp\/v2\/product\/366","targetHints":{"allow":["GET"]}}],"collection":[{"href":"https:\/\/www.ruiqigo.com\/da\/wp-json\/wp\/v2\/product"}],"about":[{"href":"https:\/\/www.ruiqigo.com\/da\/wp-json\/wp\/v2\/types\/product"}],"version-history":[{"count":0,"href":"https:\/\/www.ruiqigo.com\/da\/wp-json\/wp\/v2\/product\/366\/revisions"}],"wp:featuredmedia":[{"embeddable":true,"href":"https:\/\/www.ruiqigo.com\/da\/wp-json\/wp\/v2\/media\/367"}],"wp:attachment":[{"href":"https:\/\/www.ruiqigo.com\/da\/wp-json\/wp\/v2\/media?parent=366"}],"wp:term":[{"taxonomy":"product-tag","embeddable":true,"href":"https:\/\/www.ruiqigo.com\/da\/wp-json\/wp\/v2\/product-tag?post=366"},{"taxonomy":"products","embeddable":true,"href":"https:\/\/www.ruiqigo.com\/da\/wp-json\/wp\/v2\/products?post=366"}],"curies":[{"name":"wp","href":"https:\/\/api.w.org\/{rel}","templated":true}]}}