{"id":3665,"date":"2025-06-18T15:07:52","date_gmt":"2025-06-18T07:07:52","guid":{"rendered":"https:\/\/www.ruiqigo.com\/?post_type=product&#038;p=3665"},"modified":"2025-06-18T15:07:52","modified_gmt":"2025-06-18T07:07:52","slug":"body-wash-for-women","status":"publish","type":"product","link":"https:\/\/www.ruiqigo.com\/da\/product\/body-wash-for-women","title":{"rendered":"Kropsvask til kvinder"},"content":{"rendered":"<h2 class=\"wp-block-heading\">Kropsvask til kvinder, der fremstiller almindelige formler<\/h2>\n\n\n\n<p>Som professionel producent af body wash til kvinder udv\u00e6lger vi naturlige planteessenser, yderst effektive fugtgivende og dybt n\u00e6rende ingredienser, og vi er dedikerede til at give sk\u00e5nsom og effektiv rensning og fugtgivende reparation til kvinder. Disse ingredienser fugter huden i dybden, styrker dens naturlige barriere, hj\u00e6lper huden med at forblive hydreret, sund og skinnende og g\u00f8r hvert bad til et \u00f8jeblik med sk\u00e5nsom pleje.\u00a0 <\/p>\n\n\n\n<p><strong>1. Kokosolie:<\/strong> Som et naturligt rensemiddel kan kokosolie blidt fjerne snavs og olie, samtidig med at den fugter huden. Dens rige fedtsyresammens\u00e6tning hj\u00e6lper ogs\u00e5 med at opretholde hudbarrieren, forhindre fugttab og holde huden glat og elastisk efter rensning.&nbsp;<\/p>\n\n\n\n<p><strong>2. Glycerin: <\/strong>Glycerin er et yderst effektivt fugtgivende molekyle, der absorberer fugt fra luften, giver langvarig fugt til huden, effektivt reducerer t\u00f8rhed og stramhed efter vask og sikrer, at huden er bl\u00f8d og fugtet. Dens milde egenskaber er s\u00e6rligt velegnede til f\u00f8lsom hud og hj\u00e6lper med at bevare hudens komfort.&nbsp;<\/p>\n\n\n\n<p><strong>3. E-vitamin: <\/strong>Dette er en st\u00e6rk antioxidant ingrediens, der kan hj\u00e6lpe huden med at modst\u00e5 skader fra frie radikaler, beskytte huden mod milj\u00f8m\u00e6ssige p\u00e5virkninger og forsinke hudens aldring. Den har ogs\u00e5 visse reparerende og lindrende virkninger, hvilket g\u00f8r badning til det f\u00f8rste skridt i anti-aging pleje.&nbsp;<\/p>\n\n\n\n<p><strong>4. Sheasm\u00f8r:<\/strong> Sheasm\u00f8r er en dybt fugtgivende ingrediens, rig p\u00e5 naturlige fedtsyrer og E-vitamin. Den kan danne en beskyttende film p\u00e5 hudoverfladen, effektivt forhindre t\u00f8rhed og ruhed og forbedre hudens bl\u00f8dhed og elasticitet.&nbsp;<\/p>\n\n\n\n<p><strong>5. Ceramid:<\/strong> Dette er en naturlig lipidkomponent og en vigtig del af hudbarrieren. Det kan forbedre beskyttelsen af stratum corneum, reducere vandtab og forbedre hudens modstandsdygtighed over for ydre stimuli. Det er meget velegnet til t\u00f8r hud og sensitiv hud.&nbsp;<\/p>\n\n\n\n<p><strong>6. Natriumhyaluronat:<\/strong> Natriumhyaluronat er en kraftfuld fugtgivende ingrediens med fremragende vandbindende evne. Den kan kontinuerligt fugte huden efter badning og forbedre den fugtige og str\u00e5lende f\u00f8lelse. Den er velegnet til kvinder i alle aldre.&nbsp;<\/p>\n\n\n\n<h2 class=\"wp-block-heading\">Funktionerne af kropsvask til kvinder<\/h2>\n\n\n\n<p>Vores body wash til kvinder har en unik formel og fremragende ydeevne, der kombinerer naturlige ingredienser og avanceret teknologi for at give huden flere fordele.&nbsp;<\/p>\n\n\n\n<p><strong>1. Mild rensning:<\/strong> Denne kropsvask til kvinder bruger milde overfladeaktive stoffer, som effektivt kan rense huden uden at skade hudens naturlige barriere. Den er is\u00e6r velegnet til f\u00f8lsom hud for at undg\u00e5 irritation og ubehag.&nbsp;<\/p>\n\n\n\n<p><strong>2. Langvarig dybdeg\u00e5ende fugtgivende:<\/strong> Kropsvask til kvinder er rig p\u00e5 en r\u00e6kke fugtgivende ingredienser, s\u00e5som glycerin, panthenol osv., som fugter huden i dybden, holder fugten inde efter badning, holder huden hydreret, bl\u00f8d og ikke udt\u00f8rret, og reducerer stramhed.\u00a0<\/p>\n\n\n\n<p><strong>3. Styrk hudbarrieren:<\/strong> Dette produkt er formuleret med ingredienser som ceramid og E-vitamin, som effektivt kan forbedre hudens selvreparerende og modstandsdygtige evner efter badning, styrke hudbarrieren, forbedre hudens evne til at modst\u00e5 ydre stimuli og opretholde sunde hudtilstande.&nbsp;<\/p>\n\n\n\n<p><strong>4. Design, der er venligt for sensitiv hud:<\/strong> Vores body wash til kvinder har en s\u00e6befri, alkoholfri og lavirriterende formel kombineret med beroligende ingredienser, der ikke skader huden og er meget sk\u00e5nsom mod sensitiv hud.\u00a0<\/p>\n\n\n\n<p><strong>5. Langvarig og behagelig duft:<\/strong> Kropsvask til kvinder bruger naturlig planteduft, duften er naturlig og langvarig, hvilket effektivt kan forst\u00e6rke nydelsen ved brug.&nbsp;<\/p>\n\n\n\n<h2 class=\"wp-block-heading\">S\u00e5dan bruger du kropsvask til kvinder<\/h2>\n\n\n\n<p>Med blot et par enkle trin kan du nyde de mange effekter af sk\u00e5nsom rensning, dybdeg\u00e5ende fugtighedscreme og langvarig duft. Det anbefales at bruge den sammen med en badebold eller et skummende net for at forbedre rensekraften.&nbsp;<\/p>\n\n\n\n<p>1. Fugt din hud over det hele, kom en passende m\u00e6ngde body wash p\u00e5 din h\u00e5ndflade eller badebold, og gnid forsigtigt, indtil der dannes et fyldigt skum.<\/p>\n\n\n\n<p>2. P\u00e5f\u00f8r det j\u00e6vnt p\u00e5 hele kroppen og mass\u00e9r blidt din hud. V\u00e6r s\u00e6rlig opm\u00e6rksom p\u00e5 t\u00f8rre eller ru omr\u00e5der.<\/p>\n\n\n\n<p>3. Skyl grundigt med rent vand for at sikre, at der ikke er rester.<\/p>\n\n\n\n<p>4. Efter badet kan du bruge den med bodylotion eller \u00e6terisk olie for at forst\u00e6rke den fugtgivende effekt.<\/p>\n\n\n\n<h2 class=\"wp-block-heading\">Forsigtighed<\/h2>\n\n\n\n<p>For at sikre sikker og effektiv brug af body wash til kvinder, skal du f\u00f8lge disse tips for at f\u00e5 den bedste behandlingsoplevelse og undg\u00e5 potentielle problemer.&nbsp;<\/p>\n\n\n\n<p><strong>1. Allergitest:<\/strong> Det anbefales at udf\u00f8re en lokal hudtest f\u00f8r f\u00f8rste brug for at sikre, at der ikke er nogen allergisk reaktion, inden det bruges p\u00e5 et stort omr\u00e5de. Hvis der opst\u00e5r en allergisk reaktion eller ubehag, skal du straks stoppe med at bruge det og kontakte en l\u00e6ge.&nbsp;<\/p>\n\n\n\n<p><strong>2. Undg\u00e5 kontakt med \u00f8jnene:<\/strong> Undg\u00e5 kontakt mellem body wash og \u00f8jnene under brug. Hvis det kommer i \u00f8jnene ved et uheld, skal du straks skylle med rent vand for at undg\u00e5 ubehag eller irritation.&nbsp;<\/p>\n\n\n\n<p><strong>3. Opbevaringsforholdsregler:<\/strong> Opbevares k\u00f8ligt og t\u00f8rt, og undg\u00e5 direkte sollys. Opbevares utilg\u00e6ngeligt for b\u00f8rn for at undg\u00e5 utilsigtet indtagelse.&nbsp;<\/p>\n\n\n\n<p><strong>4. Anbefalet brugsfrekvens: <\/strong>Det anbefales at bruge det \u00e9n gang dagligt for at undg\u00e5 overdreven reng\u00f8ring, der kan beskadige barrieren.&nbsp;<\/p>\n\n\n\n<h2 class=\"wp-block-heading\">Konklusion<\/h2>\n\n\n\n<p>Body Wash til kvinder er et kropsplejeprodukt af h\u00f8j kvalitet, der er sk\u00e5nsomt, rensende og dybt n\u00e6rende. Dets kernefordele er en sikker formel, behagelig brug og fremragende ydeevne, som kan opfylde kvinders mange behov for rensning, fugtighedscreme og nydelse. Vedvarende brug kan effektivt forbedre hudens ruhed og t\u00f8rhed og forbedre den overordnede hudf\u00f8lelse og glans.<\/p>","protected":false},"excerpt":{"rendered":"Body Wash For Women Manufacturing Common Formulas As a professional body wash for women manufacturer, we select natural plant essences, highly effective moisturizing and deeply nourishing ingredients, and are committed to providing gentle and effective cleansing and moisturizing repair for women. These ingredients deeply moisturize the skin, strengthen its natural barrier, help the skin stay [&hellip;]","protected":false},"featured_media":3666,"menu_order":0,"template":"","meta":[],"product-tag":[],"products":[57],"class_list":["post-3665","product","type-product","status-publish","has-post-thumbnail","hentry","products-body-wash"],"acf":[],"_links":{"self":[{"href":"https:\/\/www.ruiqigo.com\/da\/wp-json\/wp\/v2\/product\/3665","targetHints":{"allow":["GET"]}}],"collection":[{"href":"https:\/\/www.ruiqigo.com\/da\/wp-json\/wp\/v2\/product"}],"about":[{"href":"https:\/\/www.ruiqigo.com\/da\/wp-json\/wp\/v2\/types\/product"}],"version-history":[{"count":0,"href":"https:\/\/www.ruiqigo.com\/da\/wp-json\/wp\/v2\/product\/3665\/revisions"}],"wp:featuredmedia":[{"embeddable":true,"href":"https:\/\/www.ruiqigo.com\/da\/wp-json\/wp\/v2\/media\/3666"}],"wp:attachment":[{"href":"https:\/\/www.ruiqigo.com\/da\/wp-json\/wp\/v2\/media?parent=3665"}],"wp:term":[{"taxonomy":"product-tag","embeddable":true,"href":"https:\/\/www.ruiqigo.com\/da\/wp-json\/wp\/v2\/product-tag?post=3665"},{"taxonomy":"products","embeddable":true,"href":"https:\/\/www.ruiqigo.com\/da\/wp-json\/wp\/v2\/products?post=3665"}],"curies":[{"name":"wp","href":"https:\/\/api.w.org\/{rel}","templated":true}]}}