{"id":3671,"date":"2025-06-18T11:10:21","date_gmt":"2025-06-18T03:10:21","guid":{"rendered":"https:\/\/www.ruiqigo.com\/?post_type=product&#038;p=3671"},"modified":"2025-06-19T09:09:34","modified_gmt":"2025-06-19T01:09:34","slug":"herbal-essences-conditioner","status":"publish","type":"product","link":"https:\/\/www.ruiqigo.com\/da\/product\/herbal-essences-conditioner","title":{"rendered":"Herbal Essences Balsam"},"content":{"rendered":"<h2 class=\"wp-block-heading\">Almindelige formler til fremstilling af urteessenser og balsam<\/h2>\n\n\n\n<p>Denne REAL SPRING Herbal Essences Conditioner bruger en r\u00e6kke naturlige ingredienser til at skabe en sk\u00e5nsom og effektiv h\u00e5rplejel\u00f8sning. Kokosolie er rig p\u00e5 fedtsyrer, som kan tr\u00e6nge ind i h\u00e5ret for at holde p\u00e5 fugten, bek\u00e6mpe t\u00f8rhed og forbedre smidigheden. Arganolie er rig p\u00e5 vitaminer og antioxidanter, der udglatter krus, tilf\u00f8jer glans og styrker h\u00e5ret fra rod til spids. Avocadoolie bruger n\u00e6ringsstoffer som oliesyre til at give dyb n\u00e6ring, reparere skader og forbedre h\u00e5rets elasticitet. Disse ingredienser arbejder sammen for at lade balsamen sk\u00e5nsomt fjerne rester og give h\u00e5ret fuld n\u00e6ring, hvilket efterlader h\u00e5ret silkeagtigt og let at h\u00e5ndtere med en naturlig glans.<\/p>\n\n\n\n<h2 class=\"wp-block-heading\">Anvendelige scenarier for urteessenser og balsam<\/h2>\n\n\n\n<p>Urteessens-balsam er velegnet til en r\u00e6kke forskellige h\u00e5rplejebehov. Til daglig h\u00e5rpleje kan de blidt pleje og udglatte h\u00e5ret, hvilket g\u00f8r det bl\u00f8dt og nemt at pleje uden at belaste det. Efter en dag med sol og vind kan de genopbygge fugtigheden og reparere mindre skader for\u00e5rsaget af milj\u00f8faktorer. For t\u00f8rt og kruset h\u00e5r kan fortsat brug g\u00f8re h\u00e5ret glattere og forbedre dets naturlige glans. Uanset om det er regelm\u00e6ssig pleje derhjemme, at holde h\u00e5ret p\u00e6nt p\u00e5 rejser eller efter brug af stylingprodukter, kan urteessens-balsam effektivt pleje og sikre, at dit h\u00e5r bevarer et sundt udseende og er nemt at style i forskellige scenarier.<\/p>\n\n\n\n<h2 class=\"wp-block-heading\">Hvem er Herbal Essences balsam egnet til<\/h2>\n\n\n\n<p>Herbal Essence Conditioner er velegnet til en bred vifte af mennesker. Velegnet til t\u00f8rt og kruset h\u00e5r, plante\u00e6teriske olier (s\u00e5som kokosolie og arganolie) fugter i dybden og t\u00e6mmer kruset h\u00e5r; personer med farvet h\u00e5r drager ogs\u00e5 fordel af de milde urteekstrakter, der beskytter og l\u00e5ser farven uden at skade h\u00e5ret; for dem, hvis h\u00e5r er skadet af varmestyling og kemisk skade, kan dens n\u00e6rende formel reparere og styrke h\u00e5ret; selv for fedtet h\u00e5r kan de lette naturlige ingredienser blidt rense, balancere olien uden at udt\u00f8rre det. Uanset om det er daglig vedligeholdelse af sundt h\u00e5r eller m\u00e5lrettet reparation af beskadiget h\u00e5r, kan den pr\u00e6cist n\u00e6re og g\u00f8re h\u00e5ret glattere og st\u00e6rkere.<\/p>\n\n\n\n<h2 class=\"wp-block-heading\">Produktionsproces for balsam af urteessenser<\/h2>\n\n\n\n<p>Produktionen af Herbal Essence balsam f\u00f8lger en streng flertrinsproces for at sikre kvalitet. F\u00f8rst udv\u00e6lges naturlige ingredienser som kokosolie, n\u00f8ddeolie og planteekstrakter omhyggeligt, og leverand\u00f8rerne revideres strengt for at sikre deres renhed, b\u00e6redygtighed og effektivitet. Under formuleringsudviklingsfasen blandes disse naturlige ingredienser med milde emulgatorer, fugtighedscremer og h\u00e5rplejeingredienser. Under produktionsprocessen kontrolleres temperaturen og blandetiden pr\u00e6cist for at optimere ingrediensernes synergi og bevare de n\u00e6rende ingrediensers aktivitet. Efter blanding testes produktet for konsistens og sikkerhedskvalitet. Endelig pakkes det i milj\u00f8venlige og giftfri emballagematerialer. Hvert trin fra ingrediensvalg til emballering har til form\u00e5l at skabe en balsam, der effektivt kan n\u00e6re, udglatte og beskytte h\u00e5ret, samtidig med at den opfylder h\u00f8je kvalitets- og milj\u00f8standarder.<\/p>","protected":false},"excerpt":{"rendered":"Herbal essences conditioner manufacturing common formulas This REAL SPRING Herbal Essences Conditioner uses a variety of natural ingredients to create a gentle and effective hair care solution. Coconut oil is rich in fatty acids, which can penetrate the hair to lock in moisture, fight dryness, and improve suppleness; Argan oil is rich in vitamins and [&hellip;]","protected":false},"featured_media":3678,"menu_order":0,"template":"","meta":[],"product-tag":[],"products":[52],"class_list":["post-3671","product","type-product","status-publish","has-post-thumbnail","hentry","products-conditioner"],"acf":[],"_links":{"self":[{"href":"https:\/\/www.ruiqigo.com\/da\/wp-json\/wp\/v2\/product\/3671","targetHints":{"allow":["GET"]}}],"collection":[{"href":"https:\/\/www.ruiqigo.com\/da\/wp-json\/wp\/v2\/product"}],"about":[{"href":"https:\/\/www.ruiqigo.com\/da\/wp-json\/wp\/v2\/types\/product"}],"version-history":[{"count":0,"href":"https:\/\/www.ruiqigo.com\/da\/wp-json\/wp\/v2\/product\/3671\/revisions"}],"wp:featuredmedia":[{"embeddable":true,"href":"https:\/\/www.ruiqigo.com\/da\/wp-json\/wp\/v2\/media\/3678"}],"wp:attachment":[{"href":"https:\/\/www.ruiqigo.com\/da\/wp-json\/wp\/v2\/media?parent=3671"}],"wp:term":[{"taxonomy":"product-tag","embeddable":true,"href":"https:\/\/www.ruiqigo.com\/da\/wp-json\/wp\/v2\/product-tag?post=3671"},{"taxonomy":"products","embeddable":true,"href":"https:\/\/www.ruiqigo.com\/da\/wp-json\/wp\/v2\/products?post=3671"}],"curies":[{"name":"wp","href":"https:\/\/api.w.org\/{rel}","templated":true}]}}