{"id":3680,"date":"2025-06-18T17:20:18","date_gmt":"2025-06-18T09:20:18","guid":{"rendered":"https:\/\/www.ruiqigo.com\/?post_type=product&#038;p=3680"},"modified":"2025-06-19T09:13:24","modified_gmt":"2025-06-19T01:13:24","slug":"biotin-shampoo-and-conditioner","status":"publish","type":"product","link":"https:\/\/www.ruiqigo.com\/da\/product\/biotin-shampoo-and-conditioner","title":{"rendered":"Biotin shampoo og balsam"},"content":{"rendered":"<h2 class=\"wp-block-heading\">Biotin shampoo og balsamproduktion Almindelige formler<\/h2>\n\n\n\n<p>N\u00e5r vi producerer denne biotin shampoo og balsam, bruger vi en r\u00e6kke naturlige ingredienser, der arbejder sammen for at rense, n\u00e6re, styrke h\u00e5ret og pleje hovedbunden.<\/p>\n\n\n\n<p>1. Biotin: Biotin, ogs\u00e5 kendt som vitamin B7, er kerneingrediensen. Det spiller en n\u00f8glerolle i at fremme keratinsyntese, reducere h\u00e5rbrud, g\u00f8re h\u00e5ret tykkere og forbedre h\u00e5rets generelle vitalitet ved at forbedre h\u00e5rs\u00e6kkenes sundhed og l\u00e6gge et solidt fundament for st\u00e6rkt h\u00e5r.<\/p>\n\n\n\n<p>2. Lavendel: Lavendelekstrakt beroliger hovedbunden, lindrer irritation og kl\u00f8e, og dens behagelige aroma giver en f\u00f8lelse af afslapning, n\u00e5r den bruges. Dens antioxidante egenskaber beskytter h\u00e5ret mod milj\u00f8skader, hj\u00e6lper med at balancere hovedbundens olieudskillelse og giver ogs\u00e5 en let og frisk blomsterduft, der forbedrer brugeroplevelsen.<\/p>\n\n\n\n<p>3. Ginseng: Ginseng-ekstrakt fremmer blodcirkulationen i hovedbunden og letter tilf\u00f8rslen af n\u00e6ringsstoffer til h\u00e5rs\u00e6kkene. Det genopliver kedeligt h\u00e5r, forbedrer h\u00e5rets styrke og elasticitet og hj\u00e6lper med at forbedre problemer med h\u00e5rtynding ved at optimere h\u00e5rs\u00e6kkens funktion, hvilket hj\u00e6lper h\u00e5ret med at genvinde vitaliteten.<\/p>\n\n\n\n<p>4. R\u00f8dalger: R\u00f8dalger er rige p\u00e5 mineraler, vitaminer og aminosyrer, der fugter i dybden, danner en beskyttende film, der holder fugten inde, beskytter mod ydre skader s\u00e5som UV-str\u00e5ler og forurening, og udglatter ogs\u00e5 h\u00e5rsk\u00e6l, tilf\u00f8jer glans til h\u00e5ret og giver et sundere udseende.<\/p>\n\n\n\n<p>5. Gardenia: Gardenia-ekstrakt plejer h\u00e5ret og g\u00f8r det bl\u00f8dere og lettere at h\u00e5ndtere. Naturlige ingredienser n\u00e6rer hovedbunden, reducerer krus og giver en let blomsterduft. De hj\u00e6lper ogs\u00e5 med at opretholde et sundt hovedbundsmikrobiom og skaber et godt milj\u00f8 for h\u00e5rv\u00e6kst.<\/p>\n\n\n\n<h2 class=\"wp-block-heading\">Funktionerne af biotin shampoo og balsam<\/h2>\n\n\n\n<p>Som et professionelt biotinholdigt h\u00e5rplejeprodukt kombinerer det shampoos rensende fordele med balsamens n\u00e6rende egenskaber og bruger naturlige ingredienser som biotin, lavendel og ginseng for at give en sk\u00e5nsom og effektiv h\u00e5rplejeoplevelse.<\/p>\n\n\n\n<p>1. St\u00e6rk n\u00e6ring: Kerneingrediensen biotin fremmer keratinproduktionen, styrker h\u00e5ret indefra og ud og kombineres med hydrolyseret keratin for at reparere skadet h\u00e5r, reducere h\u00e5rbrud og give dyb n\u00e6ring og revitalisere den samlede vitalitet.<\/p>\n\n\n\n<p>2. Fugtighedsbevarende: R\u00f8dalgeekstrakt opbygger en vandbevarende barriere, gardenia- og lavendelekstrakter beroliger hovedbunden, genopfylder synergistisk h\u00e5rets fugtighed, l\u00e5ser naturlig fugt, forhindrer t\u00f8rhed og krus og g\u00f8r h\u00e5ret bl\u00f8dt, glat og fugtet.<\/p>\n\n\n\n<p>3. Mild rensning: Undg\u00e5 irriterende sulfater og brug milde naturlige reng\u00f8ringsingredienser til effektivt at fjerne snavs, olie og rester. Renser samtidig med at h\u00e5rets naturlige olier bevares, er velegnet til daglig brug og f\u00f8lsom hovedbund, forfriskende og ikke-irriterende efter vask.<\/p>\n\n\n\n<p>4. Hovedbundspleje og -lindrende effekt: Ginseng fremmer blodcirkulationen og leverer n\u00e6ringsstoffer til h\u00e5rs\u00e6kkene; lavendel og gardenia lindrer irritation, lindrer kl\u00f8e, balancerer hovedbundsolien, skaber et sundt h\u00e5rv\u00e6kstmilj\u00f8 og forbedrer hovedbundens komfort.<\/p>\n\n\n\n<p>5. Lys og glat: Hydrolyseret keratin udglatter h\u00e5rsk\u00e6l, r\u00f8dalger tilf\u00f8jer glans, formlen glatter krus, reducerer sammenfiltringer, giver h\u00e5ret en naturlig og sund glans og forbedrer medg\u00f8rlighed og sk\u00f8nhed.<\/p>\n\n\n\n<p>6. Venlig mod farvet h\u00e5r: Den sk\u00e5nsomme formel beskadiger ikke h\u00e5rsk\u00e6l eller fremskynder farvefalmning, hj\u00e6lper med at bevare lysstyrken i farvet h\u00e5r, beskytter farvet h\u00e5r mod milj\u00f8skader, forl\u00e6nger h\u00e5rfarvens holdbarhed og holder farvet h\u00e5r skinnende.<\/p>\n\n\n\n<h2 class=\"wp-block-heading\">S\u00e5dan bruger du biotin shampoo og balsam<\/h2>\n\n\n\n<p>Vores biotin shampoo og balsamprodukter er en kombination af rensende og n\u00e6rende, velegnede til en r\u00e6kke forskellige h\u00e5rplejebehov og nemme at bruge.<\/p>\n\n\n\n<p>1. G\u00f8r dit h\u00e5r v\u00e5dt: F\u00f8rst skal du fugte dit h\u00e5r med varmt vand for at sikre, at hvert h\u00e5rstr\u00e5 er fugtet, s\u00e5 produktet kan fordeles j\u00e6vnt og virke fuldt ud.<\/p>\n\n\n\n<p>2. P\u00e5f\u00f8r produktet: Klem en passende m\u00e6ngde produkt ud i din h\u00e5ndflade, gnid dine h\u00e6nder forsigtigt for at emulgere det let, og p\u00e5f\u00f8r det derefter j\u00e6vnt i hovedbunden og h\u00e5ret. Mass\u00e9r blidt din hovedbund i cirkul\u00e6re bev\u00e6gelser i 1-2 minutter for at fremme blodcirkulationen og lade produktet give fuld n\u00e6ring til hovedbunden og h\u00e5ret.<\/p>\n\n\n\n<p>3. Skyl grundigt: Efter massagen skylles h\u00e5ret med varmt vand, indtil der ikke er mere produkt tilbage. S\u00f8rg for at vaske skummet og ingredienserne i formlen af for at holde dit h\u00e5r friskt og rent.<\/p>\n\n\n\n<p>4. Valgfri opf\u00f8lgende pleje: Hvis dit h\u00e5r er t\u00f8rt eller skadet, og du \u00f8nsker at forbedre fugtigheden, kan du p\u00e5f\u00f8re en lille m\u00e6ngde \u00e6terisk h\u00e5rplejeolie i dit h\u00e5r, n\u00e5r det er let fugtigt. Lad derefter dit h\u00e5r luftt\u00f8rre naturligt eller f\u00f8nt\u00f8r det med en h\u00e5rt\u00f8rrer ved lav temperatur for at give en glat tekstur.<\/p>\n\n\n\n<h2 class=\"wp-block-heading\">Forsigtighed<\/h2>\n\n\n\n<p>1. V\u00e6lg det rigtige produkt i henhold til din h\u00e5rtype for at opn\u00e5 de bedste resultater.<\/p>\n\n\n\n<p>2. P\u00e5f\u00f8r en lille m\u00e6ngde af produktet bag \u00f8ret, n\u00e5r du bruger det for f\u00f8rste gang. Hvis du oplever allergiske reaktioner s\u00e5som prikken eller r\u00f8dme, skal du straks stoppe med at bruge det.<\/p>\n\n\n\n<p>3. Brug produktet efter behov.<\/p>\n\n\n\n<p>4. Brug det 2-3 gange om ugen til de fleste h\u00e5rtyper. \u00d8g til 3-4 gange om ugen til tyndt eller fedtet h\u00e5r. Medmindre dit h\u00e5r er ekstremt t\u00f8rt, kan hyppig brug forstyrre den naturlige balance i din hovedbund.<\/p>\n\n\n\n<p>5. Opbevar produktet et k\u00f8ligt og t\u00f8rt sted, v\u00e6k fra direkte sollys og h\u00f8je temperaturer.<\/p>\n\n\n\n<h2 class=\"wp-block-heading\">Konklusion<\/h2>\n\n\n\n<p>Biotin Shampoo og Conditioner tilbyder en omfattende h\u00e5rplejel\u00f8sning. Den indeholder naturlige ingredienser som biotin, lavendel, ginseng osv., der blidt renser, n\u00e6rer og styrker h\u00e5ret i dybden. Dens to-i-en-formel er velegnet til alle h\u00e5rtyper og brugsscenarier, fra daglig pleje til reparation efter styling. Hj\u00e6lper brugerne med at f\u00e5 sundere, st\u00e6rkere og mere levende h\u00e5r. Uanset om det er daglig pleje eller m\u00e5lrettet specifikke h\u00e5rproblemer, kan dette produkt kombinere effektivitet og sk\u00e5nsomhed for at holde h\u00e5ret i optimal sundhed.<\/p>\n\n\n\n<p><\/p>","protected":false},"excerpt":{"rendered":"Biotin Shampoo And Conditioner Manufacturing Common Formulas When producing this biotin shampoo and conditioner, we use a variety of natural ingredients that work together to clean, nourish, strengthen hair, and care for the scalp. 1. Biotin: Biotin, also known as vitamin B7, is the core ingredient. It plays a key role in promoting keratin synthesis, [&hellip;]","protected":false},"featured_media":3683,"menu_order":0,"template":"","meta":[],"product-tag":[],"products":[54],"class_list":["post-3680","product","type-product","status-publish","has-post-thumbnail","hentry","products-shampoo-and-conditioner"],"acf":[],"_links":{"self":[{"href":"https:\/\/www.ruiqigo.com\/da\/wp-json\/wp\/v2\/product\/3680","targetHints":{"allow":["GET"]}}],"collection":[{"href":"https:\/\/www.ruiqigo.com\/da\/wp-json\/wp\/v2\/product"}],"about":[{"href":"https:\/\/www.ruiqigo.com\/da\/wp-json\/wp\/v2\/types\/product"}],"version-history":[{"count":0,"href":"https:\/\/www.ruiqigo.com\/da\/wp-json\/wp\/v2\/product\/3680\/revisions"}],"wp:featuredmedia":[{"embeddable":true,"href":"https:\/\/www.ruiqigo.com\/da\/wp-json\/wp\/v2\/media\/3683"}],"wp:attachment":[{"href":"https:\/\/www.ruiqigo.com\/da\/wp-json\/wp\/v2\/media?parent=3680"}],"wp:term":[{"taxonomy":"product-tag","embeddable":true,"href":"https:\/\/www.ruiqigo.com\/da\/wp-json\/wp\/v2\/product-tag?post=3680"},{"taxonomy":"products","embeddable":true,"href":"https:\/\/www.ruiqigo.com\/da\/wp-json\/wp\/v2\/products?post=3680"}],"curies":[{"name":"wp","href":"https:\/\/api.w.org\/{rel}","templated":true}]}}