{"id":3750,"date":"2025-07-03T11:06:55","date_gmt":"2025-07-03T03:06:55","guid":{"rendered":"https:\/\/www.ruiqigo.com\/?post_type=product&#038;p=3750"},"modified":"2025-07-03T11:06:56","modified_gmt":"2025-07-03T03:06:56","slug":"hand-cream-for-man","status":"publish","type":"product","link":"https:\/\/www.ruiqigo.com\/da\/product\/hand-cream-for-man","title":{"rendered":"H\u00e5ndcreme til m\u00e6nd"},"content":{"rendered":"<h2 class=\"wp-block-heading\">H\u00e5ndcreme til mandlig fremstilling Common Formulas<\/h2>\n\n\n\n<p>En af n\u00f8gleingredienserne i denne h\u00e5ndcremeformel til m\u00e6nd er sheasm\u00f8r, som er rig p\u00e5 fedtsyrer og kan danne en fugtbindende film, der bek\u00e6mper t\u00f8rhed for\u00e5rsaget af hyppig h\u00e5ndaktivitet. E-vitamin er tilsat, som er en kraftig antioxidant, der kan neutralisere frie radikaler, reducere milj\u00f8skader og forsinke aldring. Disse ingredienser arbejder sammen for at lindre ruhed for\u00e5rsaget af f\u00f8dsel eller motion, forbedre hudens elasticitet, lindre t\u00f8rhed, forbedre hudens tekstur, sikre hurtig absorption og er ikke fedtende. Den er velegnet til daglig pleje for m\u00e6nd og giver dig sunde og bl\u00f8de h\u00e6nder.<\/p>\n\n\n\n<h2 class=\"wp-block-heading\">H\u00e5ndcreme til m\u00e6nd Anvendelige scenarier<\/h2>\n\n\n\n<p>Denne h\u00e5ndcreme til m\u00e6nd er velegnet til en r\u00e6kke forskellige daglige situationer. Efter udend\u00f8rssport som cykling og basketball er h\u00e6nderne t\u00f8rre og dehydrerede. P\u00e5f\u00f8ring af denne kan hurtigt genopbygge fugtigheden. Ved fysisk arbejde kan den beskyttende formel hj\u00e6lpe h\u00e6nderne med at modst\u00e5 friktion og undg\u00e5 ruhed og revner. I et t\u00f8rt kontormilj\u00f8 eller i d\u00e5rligt vejr som kold vind og br\u00e6ndende sol kan den holde p\u00e5 fugten og forhindre sprukne h\u00e6nder. S\u00e5 l\u00e6nge m\u00e6nd har behov for h\u00e5ndfornyelse, kan denne h\u00e5ndcreme pleje dem \u00f8jeblikkeligt og holde deres h\u00e6nder behagelige og fuldt beskyttede til enhver tid.<\/p>\n\n\n\n<h2 class=\"wp-block-heading\">Hvem er h\u00e5ndcreme til m\u00e6nd egnet til?<\/h2>\n\n\n\n<p>Denne h\u00e5ndcreme til m\u00e6nd er velegnet til m\u00e6nd med forskellige h\u00e5ndplejebehov. Den er is\u00e6r velegnet til dem, der vasker h\u00e6nder ofte p\u00e5 arbejdet, er udsat for vind og sol i lang tid udend\u00f8rs, eller har t\u00f8rre og ru h\u00e6nder. Den kan effektivt genopbygge fugt, lindre ubehag og danne et beskyttende lag. Den er velegnet til m\u00e6nd med alle hudtyper og hj\u00e6lper med at holde h\u00e6nderne sunde og behagelige.<\/p>\n\n\n\n<h2 class=\"wp-block-heading\">H\u00e5ndcreme til m\u00e6nd Produktionsproces<\/h2>\n\n\n\n<p>Produktionsprocessen for h\u00e5ndcremer til m\u00e6nd fokuserer p\u00e5 effektivitet og kompatibilitet med m\u00e6nds hud. H\u00f8jtydende ingredienser som sheasm\u00f8r og E-vitamin er omhyggeligt udvalgt og bevaret gennem pr\u00e6cis ekstraktion. Andelen af fugtighedscremer, bl\u00f8dg\u00f8rende midler og beskyttende stoffer kontrolleres strengt for at skabe en ikke-kl\u00e6brig og let absorberende tekstur, der opfylder m\u00e6nds pr\u00e6ference for effektiv brug. Der tils\u00e6ttes ingen ekstra dufte eller pigmenter, hvilket kan reducere irritation, selvom h\u00e6nderne ofte uds\u00e6ttes for barske milj\u00f8er. Fra r\u00e5vareforarbejdning til emulgering og kvalitetskontrol er hvert trin centreret om at skabe en h\u00e5ndcreme, der er yderst n\u00e6rende og langvarig for m\u00e6nds h\u00e6nder.<\/p>\n\n\n\n<p><\/p>","protected":false},"excerpt":{"rendered":"Hand cream for man manufacturing Common Formulas One of the key ingredients in the men&#8217;s hand cream formula is shea butter, which is rich in fatty acids and can form a moisture-locking film to combat dryness caused by frequent hand activities. Vitamin E is added, which is a powerful antioxidant that can neutralize free radicals, [&hellip;]","protected":false},"featured_media":3753,"menu_order":0,"template":"","meta":[],"product-tag":[],"products":[58],"class_list":["post-3750","product","type-product","status-publish","has-post-thumbnail","hentry","products-hand-cream"],"acf":[],"_links":{"self":[{"href":"https:\/\/www.ruiqigo.com\/da\/wp-json\/wp\/v2\/product\/3750","targetHints":{"allow":["GET"]}}],"collection":[{"href":"https:\/\/www.ruiqigo.com\/da\/wp-json\/wp\/v2\/product"}],"about":[{"href":"https:\/\/www.ruiqigo.com\/da\/wp-json\/wp\/v2\/types\/product"}],"version-history":[{"count":0,"href":"https:\/\/www.ruiqigo.com\/da\/wp-json\/wp\/v2\/product\/3750\/revisions"}],"wp:featuredmedia":[{"embeddable":true,"href":"https:\/\/www.ruiqigo.com\/da\/wp-json\/wp\/v2\/media\/3753"}],"wp:attachment":[{"href":"https:\/\/www.ruiqigo.com\/da\/wp-json\/wp\/v2\/media?parent=3750"}],"wp:term":[{"taxonomy":"product-tag","embeddable":true,"href":"https:\/\/www.ruiqigo.com\/da\/wp-json\/wp\/v2\/product-tag?post=3750"},{"taxonomy":"products","embeddable":true,"href":"https:\/\/www.ruiqigo.com\/da\/wp-json\/wp\/v2\/products?post=3750"}],"curies":[{"name":"wp","href":"https:\/\/api.w.org\/{rel}","templated":true}]}}