{"id":3781,"date":"2025-07-09T15:11:38","date_gmt":"2025-07-09T07:11:38","guid":{"rendered":"https:\/\/www.ruiqigo.com\/?post_type=product&#038;p=3781"},"modified":"2025-07-09T15:12:07","modified_gmt":"2025-07-09T07:12:07","slug":"glycolic-facial-toner","status":"publish","type":"product","link":"https:\/\/www.ruiqigo.com\/da\/product\/glycolic-facial-toner","title":{"rendered":"Glykolsyreholdig ansigtstoner"},"content":{"rendered":"<h2 class=\"wp-block-heading\">Fremstilling af glykolsyreansigtstoner - almindelige formler<\/h2>\n\n\n\n<p>Som professionel producent af glykolsyreholdige ansigtstonere udv\u00e6lger vi omhyggeligt aktive ingredienser og planteekstrakter, der er godkendt af dermatologer, i vores formel for at skabe en effektiv toner, der renser, forynger og beroliger. Vores produkter er milde og ikke-irriterende, hvilket hj\u00e6lper huden med at opretholde en sund tilstand og l\u00e6gger et solidt fundament for efterf\u00f8lgende hudpleje.\u00a0<\/p>\n\n\n\n<p><strong>1. Glykolsyre: <\/strong>Glykolsyre kan hurtigt tr\u00e6nge ind i huden, nedbryde den ophobede keratin i huden, hj\u00e6lpe porerne med hurtigt at blive tilstoppede, og samtidig kan den ogs\u00e5 mindske fine linjer. Det er en vigtig ingrediens til at forbedre ru og mat hud og er velegnet til daglig hudforyngelsespleje.\u00a0<\/p>\n\n\n\n<p><strong>2. Panthenol: <\/strong>Ogs\u00e5 kendt som vitamin B5, er det en kraftfuld fugtgivende og reparerende ingrediens med fremragende fugtgivende og lindrende egenskaber. Den kan hj\u00e6lpe huden med at bevare fugten og reducere svien og ubehag for\u00e5rsaget af ydre stimuli.&nbsp;<\/p>\n\n\n\n<p><strong>3. Natriumhyaluronat: <\/strong>Dette er en fugtighedscreme af h\u00f8j kvalitet, der hurtigt kan fugte huden og holde fugten inde under hudpleje, hvilket forhindrer vandtab og holder huden hydreret.&nbsp;<\/p>\n\n\n\n<p><strong>4. Troldn\u00f8d-ekstrakt: <\/strong>Troldn\u00f8dekstrakt har en astringerende og beroligende effekt. Det kan kontrollere hudolie og reducere forst\u00f8rrede porer samt reducere hudirritation og r\u00f8dme under hudpleje.&nbsp;<\/p>\n\n\n\n<p><strong>5. Natriumhyaluronat: <\/strong>Natriumhyaluronat er en ingrediens, der kan hj\u00e6lpe huden med at holde p\u00e5 fugten i lang tid, forbedre hudens bl\u00f8dhed og g\u00f8re huden mindre t\u00f8r og stram.&nbsp;<\/p>\n\n\n\n<h2 class=\"wp-block-heading\">Funktionerne af glykolsyreholdig ansigtstoner<\/h2>\n\n\n\n<p><strong>1. Forbedr problemet med forst\u00f8rrede porer:<\/strong> Langvarig brug af glykolsyreholdig ansigtstoner kan fremme normaliseringen af keratinmetabolismen og afbalancere hudens oliefordeling, hvorved de forst\u00f8rrede porer p\u00e5 hudoverfladen forbedres og huden bliver glattere og mere delikat.&nbsp;<\/p>\n\n\n\n<p><strong>2. Reducer fine linjer og ru hud:<\/strong> Glykolsyre kan stimulere kollagenproduktionen en smule, forbedre fine linjer og ru hud og er meget velegnet til brugere, der \u00f8nsker at opn\u00e5 &quot;anti-aging&quot;.&nbsp;<\/p>\n\n\n\n<p><strong>3. Forbedr hudens klarhed og udstr\u00e5ling: <\/strong>Tilstedev\u00e6relsen af glykolsyre kan eksfoliere det d\u00f8de hudcellelag, hvilket forbedrer hudens klarhed betydeligt og f\u00e5r den til at se lysere og mere str\u00e5lende ud.&nbsp;<\/p>\n\n\n\n<p><strong>4. Mild og ikke-irriterende formel: <\/strong>Glykolsyreholdig ansigtstoner indeholder ikke alkohol, kunstige dufte og pigmenter, hvilket minimerer hudirritation. Den er velegnet til alle hudtyper og er essentiel for den daglige hudpleje.\u00a0<\/p>\n\n\n\n<p><strong>5. Signifikant hudplejeeffekt: <\/strong>Glykolsyren i den glykolsyreholdige ansigtstoner kan accelerere fornyelsen af epidermisceller, fremme den naturlige eksfoliering af keratin, forbedre stofskiftet, genoprette hudens sunde glans, og plejeeffekten er meget betydelig.\u00a0<\/p>\n\n\n\n<h2 class=\"wp-block-heading\">S\u00e5dan bruger du glykolsyreholdig ansigtstoner<\/h2>\n\n\n\n<p>Vi anbefaler at bruge glykolsyre-ansigtstoner efter rensning for at opn\u00e5 den bedste hudplejeeffekt. Den kan bruges hver morgen og aften for at hj\u00e6lpe huden med at metabolisere gamle, d\u00f8de hudceller og genoprette gennemsigtighed og gl\u00f8d.&nbsp;<\/p>\n\n\n\n<p><strong>1. Rensning: <\/strong>Brug en mild rensemiddel til at rense dit ansigt, og s\u00f8rg for, at der ikke er rester af urenheder eller snavs i ansigtet. Dette l\u00e6gger et godt fundament for den efterf\u00f8lgende hudpleje.&nbsp;<\/p>\n\n\n\n<p><strong>2. S\u00e5dan bruger du dette produkt: <\/strong>H\u00e6ld en passende m\u00e6ngde glykolsyre-ansigtstoner p\u00e5 en vatrondel eller i din h\u00e5ndflade, og p\u00e5f\u00f8r den forsigtigt p\u00e5 dit ansigt. Undg\u00e5 huden omkring \u00f8jnene.&nbsp;<\/p>\n\n\n\n<p><strong>3. Vent p\u00e5 absorption: <\/strong>Vent 1-2 minutter, indtil huden har absorberet det helt, f\u00f8r du forts\u00e6tter til n\u00e6ste trin i hudplejeprocessen.&nbsp;<\/p>\n\n\n\n<p><strong>4. Opf\u00f8lgende pleje: <\/strong>Dette kan bruges sammen med essens, lotion eller creme for at opn\u00e5 en dybdeg\u00e5ende hudplejende og fugtighedsbevarende reparation.\u00a0<\/p>\n\n\n\n<p><strong>5. V\u00e6r opm\u00e6rksom p\u00e5 solbeskyttelse:<\/strong> Hvis det bruges i l\u00f8bet af dagen, skal du bruge solcreme for at undg\u00e5 lysf\u00f8lsomhedsreaktioner, som vil g\u00f8re hudplejen mindre effektiv.\u00a0<\/p>\n\n\n\n<h2 class=\"wp-block-heading\">Forsigtighed<\/h2>\n\n\n\n<p><strong>1. Hudtest: <\/strong>Det anbefales at udf\u00f8re en hudtest f\u00f8r f\u00f8rste brug for at undg\u00e5 allergier. F\u00f8rstegangsbrugere b\u00f8r gradvist \u00f8ge brugshyppigheden, efter at huden har udviklet en tolerance over for det, for at reducere hudirritation.\u00a0<\/p>\n\n\n\n<p><strong>2. Undg\u00e5 \u00f8jnene og l\u00e6berne: <\/strong>N\u00e5r du bruger glykolsyreholdig ansigtstoner, skal du undg\u00e5 \u00f8jne og l\u00e6ber for at undg\u00e5 irritation og ubehag.&nbsp;<\/p>\n\n\n\n<p><strong>3. Styrk solbeskyttelsesforanstaltningerne:<\/strong> Glykolsyre vil \u00f8ge hudens lysf\u00f8lsomhed. S\u00f8rg for at styrke solbeskyttelsen under brug for at undg\u00e5 UV-forbr\u00e6ndinger eller m\u00f8rkfarvning.&nbsp;<\/p>\n\n\n\n<p><strong>4. Gravide kvinder b\u00f8r bruge det med forsigtighed: <\/strong>F\u00f8r du bruger glykolsyreholdig ansigtstoner under graviditet, skal du konsultere en l\u00e6ge p\u00e5 forh\u00e5nd for at sikre din sikkerhed.\u00a0<\/p>\n\n\n\n<p><strong>5. Undg\u00e5 at bruge <\/strong>Irriterende produkter: Det anbefales ikke at bruge dem sammen med hudplejeprodukter, der indeholder h\u00f8je koncentrationer af C-vitamin, retinol og andre ingredienser, for ikke at \u00f8ge belastningen og irritationen p\u00e5 huden.\u00a0<\/p>\n\n\n\n<h2 class=\"wp-block-heading\">Konklusion<\/h2>\n\n\n\n<p>Glykolsyre ansigtstoner er en multi-effekt toner designet til at revitalisere og forbedre hudens kvalitet. Dens kerneingrediens, glykolsyre, kan effektivt opl\u00f8se d\u00f8de hudceller, reducere porest\u00f8rrelser og fine linjer og bidrage til at skabe transparent og sund hud. Dens milde formel er velegnet til en r\u00e6kke forskellige hudtyper, is\u00e6r til brugere med store porer og ru og mat hud.<\/p>","protected":false},"excerpt":{"rendered":"Glycolic Facial Toner Manufacturing Common Formulas As a professional glycolic facial toner manufacturer, we carefully select active ingredients and plant extracts approved by dermatology in our formula to create an efficient toner that cleanses, rejuvenates and soothes. Our products are mild and non-irritating, helping the skin maintain a healthy state and laying a solid foundation [&hellip;]","protected":false},"featured_media":3782,"menu_order":0,"template":"","meta":[],"product-tag":[],"products":[67],"class_list":["post-3781","product","type-product","status-publish","has-post-thumbnail","hentry","products-facial-toner"],"acf":[],"_links":{"self":[{"href":"https:\/\/www.ruiqigo.com\/da\/wp-json\/wp\/v2\/product\/3781","targetHints":{"allow":["GET"]}}],"collection":[{"href":"https:\/\/www.ruiqigo.com\/da\/wp-json\/wp\/v2\/product"}],"about":[{"href":"https:\/\/www.ruiqigo.com\/da\/wp-json\/wp\/v2\/types\/product"}],"version-history":[{"count":0,"href":"https:\/\/www.ruiqigo.com\/da\/wp-json\/wp\/v2\/product\/3781\/revisions"}],"wp:featuredmedia":[{"embeddable":true,"href":"https:\/\/www.ruiqigo.com\/da\/wp-json\/wp\/v2\/media\/3782"}],"wp:attachment":[{"href":"https:\/\/www.ruiqigo.com\/da\/wp-json\/wp\/v2\/media?parent=3781"}],"wp:term":[{"taxonomy":"product-tag","embeddable":true,"href":"https:\/\/www.ruiqigo.com\/da\/wp-json\/wp\/v2\/product-tag?post=3781"},{"taxonomy":"products","embeddable":true,"href":"https:\/\/www.ruiqigo.com\/da\/wp-json\/wp\/v2\/products?post=3781"}],"curies":[{"name":"wp","href":"https:\/\/api.w.org\/{rel}","templated":true}]}}