{"id":3813,"date":"2025-07-11T17:07:46","date_gmt":"2025-07-11T09:07:46","guid":{"rendered":"https:\/\/www.ruiqigo.com\/?post_type=product&#038;p=3813"},"modified":"2025-07-11T17:07:46","modified_gmt":"2025-07-11T09:07:46","slug":"facial-mask-for-pimples","status":"publish","type":"product","link":"https:\/\/www.ruiqigo.com\/da\/product\/facial-mask-for-pimples","title":{"rendered":"Ansigtsmaske mod bumser"},"content":{"rendered":"<h2 class=\"wp-block-heading\">Ansigtsmaske til bumser Fremstilling Almindelige formler<\/h2>\n\n\n\n<p>Som professionel producent af ansigtsmasker mod bumser udv\u00e6lger vi ingredienser med videnskabeligt dokumenterede effekter, s\u00e5som salicylsyre og tea tree-olie osv., og tager udgangspunkt i de tre hovedaspekter: oliekontrol, sterilisering og beroligelse for at h\u00e5ndtere hudproblemer som akne, lukkede komedoner og hudorme p\u00e5 en omfattende m\u00e5de.&nbsp;<\/p>\n\n\n\n<p><strong>1. Salicylsyre: <\/strong>Salicylsyre er en klassisk fedtopl\u00f8selig keratinopl\u00f8sende ingrediens, der kan tr\u00e6nge dybt ind i porerne for at opl\u00f8se talg- og keratinpropper, fjerne hudorme og hvide pletter fra huden, forhindre tilstoppede porer og reducere forekomsten af inflammatorisk akne.&nbsp;<\/p>\n\n\n\n<p><strong>2. \u00c6terisk tea tree-olie: <\/strong>Den har st\u00e6rke naturlige antibakterielle egenskaber og kan effektivt h\u00e6mme v\u00e6ksten af aknefremkaldende bakterier s\u00e5som Propionibacterium acnes. Den har ogs\u00e5 gode astringerende og antiinflammatoriske virkninger, der forbedrer r\u00f8dme og h\u00e6velse af akne.&nbsp;<\/p>\n\n\n\n<p><strong>3. Centella asiatica-ekstrakt: <\/strong>Centella asiatica-ekstrakt har fremragende lindrende og reparerende egenskaber. Det kan hj\u00e6lpe med at reducere r\u00f8dme og kl\u00f8e efter hudirritation, fremme heling af akne-ar og forbedre hudens egen reparationsbarriere.&nbsp;<\/p>\n\n\n\n<p><strong>4. Gr\u00f8n te-ekstrakt: <\/strong>Den er rig p\u00e5 te-polyfenoler, har antioxidante og oliekontrollerende effekter, kan neutralisere overskydende olie, forbedre hudens generelle friskhed og bek\u00e6mpe ekstern forureningsskade.&nbsp;<\/p>\n\n\n\n<h2 class=\"wp-block-heading\">Funktionerne af en ansigtsmaske mod bumser<\/h2>\n\n\n\n<p><strong>1. Kraftig effekt:<\/strong> Ansigtsmaske mod bumser kombinerer poreoprensende, antibakterielle og antiinflammatoriske samt lindrende og reparerende funktioner for at l\u00f8se akneproblemer fra roden og effektivt forhindre tilbagefald. Den er velegnet til daglig behandling af alle typer problematisk hud.&nbsp;<\/p>\n\n\n\n<p><strong>2. Mild og ikke-irriterende, velegnet til sensitiv og akneudsat hud: <\/strong>Vores formel indeholder ikke alkohol og irriterende ingredienser og er velegnet til f\u00f8lsom eller inflammatorisk akne-udsat hud. Samtidig med at den ud\u00f8ver sin akne-fjernende effekt, minimerer den ubehag.&nbsp;<\/p>\n\n\n\n<p><strong>3. Hurtigt\u00f8rrende geltekstur:<\/strong> Ansigtsmasken mod bumser bruger en transparent geltekstur, der kl\u00e6ber godt til ansigtet og t\u00f8rrer hurtigt og danner en beskyttende film. Efter vask er huden ren og ikke stram.&nbsp;<\/p>\n\n\n\n<p><strong>4. Velegnet til en r\u00e6kke forskellige hudtyper: <\/strong>Dette produkt er velegnet til fedtet, kombineret og akneudsat hud. Det er velegnet til b\u00e5de m\u00e6nd og kvinder, is\u00e6r til unge og voksne med akne for\u00e5rsaget af stress og uregelm\u00e6ssigt arbejde og hvile.&nbsp;<\/p>\n\n\n\n<p><strong>5. Kan bruges til en r\u00e6kke forskellige hudplejeprocedurer:<\/strong> Som natpleje eller daglig rensning kan ansigtsmaske mod bumser bruges sammen med rensemidler, tonere, essenser, lotions osv. for at forst\u00e6rke den synergistiske effekt af anti-akne hudpleje.<\/p>\n\n\n\n<h2 class=\"wp-block-heading\">S\u00e5dan bruger du en ansigtsmaske mod bumser<\/h2>\n\n\n\n<p>Ansigtsmaske mod bumser anbefales at blive brugt 2-3 gange om ugen som lokal fokuspleje eller fuld ansigtspleje. Rens din ansigtshud grundigt f\u00f8r brug, og det anbefales at bruge en fugtgivende essens eller lotion efter brug for yderligere at vedligeholde den reparerende effekt.&nbsp;<\/p>\n\n\n\n<p><strong>1. Fjernelse af makeup og ansigtsrensning: <\/strong>Hvis du har makeup p\u00e5 den dag, s\u00e5 brug f\u00f8rst en mild makeupfjerner til at fjerne makeupen grundigt, og brug derefter en rensemiddel med moderat rensekraft til at rense dit ansigt.<\/p>\n\n\n\n<p><strong>2. T\u00f8r ansigtet:<\/strong> Efter rensning, tryk forsigtigt med et rent h\u00e5ndkl\u00e6de for at absorbere fugt, holde huden t\u00f8r og lette absorptionen af maskens ingredienser.<\/p>\n\n\n\n<p><strong>3. Tag en passende m\u00e6ngde maske:<\/strong> Brug en ren ske eller skraber til at tage en passende m\u00e6ngde maske, undg\u00e5 direkte kontakt med dine h\u00e6nder og reducer forurening.<\/p>\n\n\n\n<p><strong>4. P\u00e5f\u00f8r j\u00e6vnt i ansigtet:<\/strong> P\u00e5f\u00f8r masken j\u00e6vnt p\u00e5 de akne-koncentrerede omr\u00e5der eller hele ansigtet, og undg\u00e5 de sarte omr\u00e5der omkring \u00f8jne og l\u00e6ber.<\/p>\n\n\n\n<p><strong>5. Vent i 10-15 minutter:<\/strong> Hold dit ansigt afslappet og vent p\u00e5, at maskens overflade t\u00f8rrer let, men ikke helt.<\/p>\n\n\n\n<p><strong>6. Skyl med rent vand: <\/strong>Skyl masken grundigt med varmt vand, og v\u00e6r opm\u00e6rksom p\u00e5 at reng\u00f8re kanterne s\u00e5som h\u00e5rgr\u00e6nsen og n\u00e6sevingerne.<\/p>\n\n\n\n<p><strong>7. Efterf\u00f8lgende hudpleje og fugtighedscreme:<\/strong> Brug en beroligende toner, essens eller reparationslotion til at fugte og styrke hudens barriere.<\/p>\n\n\n\n<h2 class=\"wp-block-heading\">Forsigtighed<\/h2>\n\n\n\n<p><strong>1. Undg\u00e5 brug p\u00e5 \u00e5bne s\u00e5r eller beskadiget hud: <\/strong>Hvis aknen er brudt, eller der er et tydeligt s\u00e5r p\u00e5 huden, anbefales det at bruge det, efter at s\u00e5ret er helet, for at undg\u00e5 irritation eller infektion.&nbsp;<\/p>\n\n\n\n<p><strong>2. Det anbefales at udf\u00f8re en lokal allergitest f\u00f8r brug:<\/strong> Ved f\u00f8rste brug anbefales det at lave en lille test bag \u00f8ret eller p\u00e5 hagen og observere i 24 timer uden r\u00f8dme, h\u00e6velse eller irritation, f\u00f8r den bruges i hele ansigtet.&nbsp;<\/p>\n\n\n\n<p><strong>3. Undg\u00e5 brug med h\u00f8jkoncentrerede syrer:<\/strong> Hvis du har brugt eksfolierende produkter s\u00e5som frugtsyre og salicylsyre, skal du bruge dem med j\u00e6vne mellemrum for at undg\u00e5 overlapning og overdreven hudf\u00f8lsomhed.&nbsp;<\/p>\n\n\n\n<p><strong>4. Styrk fugtighedscremen og reparationen efter brug: <\/strong>For at undg\u00e5 overdreven rensning, der for\u00e5rsager t\u00f8rhed, afskalning og andre problemer, anbefales det at bruge mildt fugtgivende vand, essens osv. for at genopfylde vandet i tide.&nbsp;<\/p>\n\n\n\n<h2 class=\"wp-block-heading\">Konklusion<\/h2>\n\n\n\n<p>Ansigtsmasken mod bumser opn\u00e5r m\u00e5let om at fjerne akne fra roden, pleje huden og forhindre tilbagefald gennem den synergistiske effekt af en videnskabelig formel og multi-effekt planteingredienser. Dette produkt har en mild konsistens, er let at bruge, velegnet til en r\u00e6kke forskellige hudtyper og mennesker og opfylder de daglige plejebehov hos aknegrupper fra unge til voksne.<\/p>","protected":false},"excerpt":{"rendered":"Facial Mask For Pimples Manufacturing Common Formulas As a professional facial mask for pimples manufacturer, we select ingredients with scientifically proven effects, such as salicylic acid and tea tree oil, etc., and start from the three major aspects of oil control, sterilization, and soothing to comprehensively deal with skin problems such as acne, closed comedones, [&hellip;]","protected":false},"featured_media":3814,"menu_order":0,"template":"","meta":[],"product-tag":[],"products":[69],"class_list":["post-3813","product","type-product","status-publish","has-post-thumbnail","hentry","products-facial-mask"],"acf":[],"_links":{"self":[{"href":"https:\/\/www.ruiqigo.com\/da\/wp-json\/wp\/v2\/product\/3813","targetHints":{"allow":["GET"]}}],"collection":[{"href":"https:\/\/www.ruiqigo.com\/da\/wp-json\/wp\/v2\/product"}],"about":[{"href":"https:\/\/www.ruiqigo.com\/da\/wp-json\/wp\/v2\/types\/product"}],"version-history":[{"count":0,"href":"https:\/\/www.ruiqigo.com\/da\/wp-json\/wp\/v2\/product\/3813\/revisions"}],"wp:featuredmedia":[{"embeddable":true,"href":"https:\/\/www.ruiqigo.com\/da\/wp-json\/wp\/v2\/media\/3814"}],"wp:attachment":[{"href":"https:\/\/www.ruiqigo.com\/da\/wp-json\/wp\/v2\/media?parent=3813"}],"wp:term":[{"taxonomy":"product-tag","embeddable":true,"href":"https:\/\/www.ruiqigo.com\/da\/wp-json\/wp\/v2\/product-tag?post=3813"},{"taxonomy":"products","embeddable":true,"href":"https:\/\/www.ruiqigo.com\/da\/wp-json\/wp\/v2\/products?post=3813"}],"curies":[{"name":"wp","href":"https:\/\/api.w.org\/{rel}","templated":true}]}}