{"id":3835,"date":"2025-07-18T13:57:59","date_gmt":"2025-07-18T05:57:59","guid":{"rendered":"https:\/\/www.ruiqigo.com\/?post_type=product&#038;p=3835"},"modified":"2025-07-18T13:58:01","modified_gmt":"2025-07-18T05:58:01","slug":"makeup-remover-balm","status":"publish","type":"product","link":"https:\/\/www.ruiqigo.com\/da\/product\/makeup-remover-balm","title":{"rendered":"Makeupfjernerbalsam"},"content":{"rendered":"<h2 class=\"wp-block-heading\">Fremstilling af makeupfjernerbalsam - almindelige formler<\/h2>\n\n\n\n<p>Som professionel producent af makeupfjernerbalsam insisterer vi p\u00e5 at udv\u00e6lge en r\u00e6kke aktive plejeingredienser af h\u00f8j kvalitet, s\u00e5som sheasm\u00f8r, ceramid, s\u00f8d mandelolie osv., for effektivt at opn\u00e5 den dobbelte effekt af effektiv makeupfjerning og dybdeg\u00e5ende hudpleje.&nbsp;<\/p>\n\n\n\n<p><strong>1. Sheasm\u00f8r: <\/strong>Sheasm\u00f8r er rig p\u00e5 um\u00e6ttede fedtsyrer og antioxidanter. Det kan fugte huden i dybden, samtidig med at det fjerner makeuprester, hvilket efterlader huden bl\u00f8d og ikke stram. Det er is\u00e6r velegnet til t\u00f8r hud og t\u00f8rre \u00e5rstider.&nbsp;<\/p>\n\n\n\n<p><strong>2. Ceramid:<\/strong> Den kan styrke hudbarrieren og effektivt reducere fugttab under makeupfjernelse, s\u00e5 huden forbliver hydreret efter makeupfjernelse.&nbsp;<\/p>\n\n\n\n<p><strong>3. S\u00f8d mandelolie:<\/strong> S\u00f8d mandelolie er meget let og hudvenlig. Den kan effektivt opl\u00f8se \u00f8jen- og l\u00e6bemakeup. Den er ogs\u00e5 rig p\u00e5 E-vitamin, har en god lindrende og antiallergisk effekt og reducerer hudirritation for\u00e5rsaget af makeupfjerning.&nbsp;<\/p>\n\n\n\n<p><strong>4. Jojobafr\u00f8olie: <\/strong>Det kan simulere sammens\u00e6tningen af menneskelig talg, hj\u00e6lpe huden med at balancere olien, reducere irritation og fremme hudens stofskifte.<\/p>\n\n\n\n<h2 class=\"wp-block-heading\">Funktionerne af makeupfjernerbalsam<\/h2>\n\n\n\n<p><strong>1. Fin tekstur: <\/strong>Makeupfjernerbalsamens pastaagtige konsistens er stabil og ikke let at miste, og den er meget fin. Den smelter \u00f8jeblikkeligt, n\u00e5r den kommer i kontakt med huden, opl\u00f8ser makeup-snavs i dybden og er nem at skylle af efter emulgering uden at efterlade rester.&nbsp;<\/p>\n\n\n\n<p><strong>2. Mild og ikke-irriterende: <\/strong>Vores makeupfjernerbalsam indeholder ikke ingredienser som alkohol, kunstige dufte og irriterende konserveringsmidler, s\u00e5 den er meget sk\u00e5nsom, og dens pH-v\u00e6rdi er t\u00e6t p\u00e5 den menneskelige huds, hvilket g\u00f8r den mere sikker at bruge.&nbsp;<\/p>\n\n\n\n<p><strong>3. B\u00e6rbar og ikke let at l\u00e6kke:<\/strong> Dette produkt er en fast pasta, s\u00e5 der er ingen grund til at bekymre sig om l\u00e6kage af flydende produkter. Det er meget let og nemt at opbevare, og det er meget praktisk at have med p\u00e5 forretningsrejser.&nbsp;<\/p>\n\n\n\n<p><strong>4. Makeupfjerner og n\u00e6rende to-i-en: <\/strong>Udover den dybdeg\u00e5ende makeupfjernende effekt kan makeupfjernerbalsam ogs\u00e5 n\u00e6re og pleje huden p\u00e5 samme tid, s\u00e5 huden holder sig bl\u00f8d og str\u00e5lende.&nbsp;<\/p>\n\n\n\n<p><strong>5. \u00c9n flaske med flere effekter, grundig makeupfjerning: <\/strong>Du beh\u00f8ver ikke at bruge ekstra \u00f8jen- og l\u00e6bemakeupfjerner. \u00c9n flaske makeupfjernerbalsam kan fjerne al ansigtsmacken, hvilket sparer dig for makeupfjerning og er meget praktisk.&nbsp;<\/p>\n\n\n\n<h2 class=\"wp-block-heading\">S\u00e5dan bruger du makeupfjernerbalsam<\/h2>\n\n\n\n<p>Vi anbefaler at bruge makeupfjernerbalsam p\u00e5 t\u00f8rre h\u00e6nder og ansigt for at maksimere makeupfjernereffekten.<\/p>\n\n\n\n<p>1. Hold dit ansigt t\u00f8rt, tag en m\u00e6ngde makeupfjerner p\u00e5 st\u00f8rrelse med en m\u00f8nt p\u00e5 1 yuan ud i din h\u00e5ndflade, og brug temperaturen i din h\u00e5ndflade til at smelte balsammen til en olieagtig tilstand.<\/p>\n\n\n\n<p>2. P\u00e5f\u00f8r det j\u00e6vnt over hele ansigtet og mass\u00e9r blidt i cirka 1 minut for at opl\u00f8se makeuppen i ansigtet.<\/p>\n\n\n\n<p>3. Fugt dine h\u00e6nder med vand og forts\u00e6t med at massere dit ansigt for at emulgere makeuppen til en hvid lotion.<\/p>\n\n\n\n<p>4. Skyl grundigt med rent vand og forts\u00e6t med den efterf\u00f8lgende hudplejeproces.<\/p>\n\n\n\n<h2 class=\"wp-block-heading\">Forsigtighed<\/h2>\n\n\n\n<p><strong>1. S\u00f8rg for at dine h\u00e6nder og dit ansigt er t\u00f8rre, f\u00f8r du fjerner makeup: <\/strong>Et v\u00e5dt ansigt vil reducere makeupens emulgeringseffektivitet, s\u00e5 det anbefales at fjerne makeup, n\u00e5r dit ansigt og dine h\u00e6nder er t\u00f8rre.&nbsp;<\/p>\n\n\n\n<p><strong>2. Skyl grundigt efter fjernelse af makeup: <\/strong>Efter du har fjernet makeup, skyl dit ansigt med rigeligt vand for at undg\u00e5, at resterende olie tilstopper dine porer.&nbsp;<\/p>\n\n\n\n<p><strong>3. Undg\u00e5 kontakt med indersiden af \u00f8jnene: <\/strong>Selvom dette produkt er mildt og ikke-irriterende, b\u00f8r det undg\u00e5s at komme i direkte kontakt med \u00f8jnene for at forhindre ubehag.&nbsp;<\/p>\n\n\n\n<p><strong>4. Luk og opbevar efter brug:<\/strong> For at bevare den bedste effekt af makeupfjernerbalsamen og forhindre oxidation og forringelse, skal du stramme l\u00e5get og forsegle den efter brug.&nbsp;<\/p>\n\n\n\n<h2 class=\"wp-block-heading\">Konklusion<\/h2>\n\n\n\n<p>Makeup Remover Balm kombinerer effektiv makeupfjerning og hudpleje. Den har en fast pastakonsistens, der smelter ind i huden og fjerner makeup grundigt. Den er velegnet til en r\u00e6kke forskellige hudtyper og makeup. \u00c9n flaske kan fjerne flere typer makeup. Den er meget effektiv og er ogs\u00e5 velegnet til f\u00f8lsom hud og forretningsrejsende.<\/p>","protected":false},"excerpt":{"rendered":"Makeup Remover Balm Manufacturing Common Formulas As a professional manufacturer of makeup remover balm, we insist on selecting a variety of high-quality active care ingredients, such as shea butter, ceramide, sweet almond oil, etc., to effectively achieve the dual effects of efficient makeup removal and deep skin care.&nbsp; 1. Shea butter: Shea butter is rich [&hellip;]","protected":false},"featured_media":3836,"menu_order":0,"template":"","meta":[],"product-tag":[],"products":[66],"class_list":["post-3835","product","type-product","status-publish","has-post-thumbnail","hentry","products-makeup-remover"],"acf":[],"_links":{"self":[{"href":"https:\/\/www.ruiqigo.com\/da\/wp-json\/wp\/v2\/product\/3835","targetHints":{"allow":["GET"]}}],"collection":[{"href":"https:\/\/www.ruiqigo.com\/da\/wp-json\/wp\/v2\/product"}],"about":[{"href":"https:\/\/www.ruiqigo.com\/da\/wp-json\/wp\/v2\/types\/product"}],"version-history":[{"count":0,"href":"https:\/\/www.ruiqigo.com\/da\/wp-json\/wp\/v2\/product\/3835\/revisions"}],"wp:featuredmedia":[{"embeddable":true,"href":"https:\/\/www.ruiqigo.com\/da\/wp-json\/wp\/v2\/media\/3836"}],"wp:attachment":[{"href":"https:\/\/www.ruiqigo.com\/da\/wp-json\/wp\/v2\/media?parent=3835"}],"wp:term":[{"taxonomy":"product-tag","embeddable":true,"href":"https:\/\/www.ruiqigo.com\/da\/wp-json\/wp\/v2\/product-tag?post=3835"},{"taxonomy":"products","embeddable":true,"href":"https:\/\/www.ruiqigo.com\/da\/wp-json\/wp\/v2\/products?post=3835"}],"curies":[{"name":"wp","href":"https:\/\/api.w.org\/{rel}","templated":true}]}}