{"id":3840,"date":"2025-07-18T16:41:32","date_gmt":"2025-07-18T08:41:32","guid":{"rendered":"https:\/\/www.ruiqigo.com\/?post_type=product&#038;p=3840"},"modified":"2025-07-18T16:41:33","modified_gmt":"2025-07-18T08:41:33","slug":"facial-moisturizer-mask","status":"publish","type":"product","link":"https:\/\/www.ruiqigo.com\/da\/product\/facial-moisturizer-mask","title":{"rendered":"Ansigtsfugtighedsmaske"},"content":{"rendered":"<h2 class=\"wp-block-heading\">Fremstilling af ansigtsfugtighedsmaske - almindelige formler<\/h2>\n\n\n\n<p>Vores ansigtsmaske indeholder udvalgte klassiske fugtgivende og fugtgivende ingredienser s\u00e5som hyaluronsyre, ceramid, panthenol osv., som kan fugte huden i dybden, styrke barrieren samt berolige og stabilisere huden. Den er velegnet til en bred vifte af mennesker.&nbsp;<\/p>\n\n\n\n<p><strong>1. Hyaluronsyre: <\/strong>Dette er en ingrediens, der absorberer vand effektivt. Den kan hurtigt \u00f8ge vandindholdet i hudens stratum corneum, give huden dyb n\u00e6ring og g\u00f8re ansigtshuden fyldig og hydreret.&nbsp;<\/p>\n\n\n\n<p><strong>2. Ceramid: <\/strong>Den kan reparere den beskadigede stratum corneum-barriere, forbedre hudens modstandskraft og effektivt forhindre fugttab. Den er is\u00e6r velegnet til brugere med f\u00f8lsom hud og en beskadiget hudbarriere.\u00a0\u00a0<\/p>\n\n\n\n<p><strong>3. Panthenol: <\/strong>Panthenol kan forbedre hudens selvhelende evne, forbedre t\u00f8r hud og samtidig forbedre dens evne til at binde fugt, hvilket g\u00f8r huden langvarigt hydreret og skinnende.&nbsp;<\/p>\n\n\n\n<p><strong>4. Aloe vera-ekstrakt: <\/strong>En naturlig planteingrediens med fremragende lindrende og antiinflammatoriske virkninger, der hj\u00e6lper med at lindre r\u00f8dme, h\u00e6velse, t\u00f8rhed, kl\u00f8e og andre ubehag i huden og forbedrer hudkomforten.&nbsp;<\/p>\n\n\n\n<h2 class=\"wp-block-heading\">Funktionerne af en ansigtsfugtighedsmaske<\/h2>\n\n\n\n<p><strong>1. Hurtig hydrering: <\/strong>Brug af en ansigtsmaske kan opn\u00e5 hurtig hydrering p\u00e5 bare 10-15 minutter, hvilket forbedrer t\u00f8r hud betydeligt.\u00a0<\/p>\n\n\n\n<p><strong>2. Mild og allergivenlig:<\/strong> Produktets formel er meget mild og indeholder ikke alkohol, allergifremkaldende duftstoffer eller andre ingredienser. Derfor er det ogs\u00e5 meget velegnet til daglig fugtighedspleje og hydrering af sensitiv hud.&nbsp;<\/p>\n\n\n\n<p><strong>3. Forbedr hudens evne til at binde fugt:<\/strong> En ansigtsmaske kan reparere hudbarrieren, reparere det naturlige beskyttende lag, samtidig med at den holder p\u00e5 fugten og hj\u00e6lper huden med at opretholde en l\u00e6ngerevarende hydreret tilstand.\u00a0<\/p>\n\n\n\n<p><strong>4. Velegnet til forskellige hudtyper:<\/strong> Vores ansigtsmaske har en mild formel og effektiv effekt, og er velegnet til brugere med alle hudtyper, inklusive t\u00f8r og fedtet hud.&nbsp;<\/p>\n\n\n\n<h2 class=\"wp-block-heading\">S\u00e5dan bruger du en ansigtsmaske med fugtighedscreme<\/h2>\n\n\n\n<p>Det anbefales at bruge ansigtsfugtighedsmasken efter rensning af huden for at maksimere hydreringen og den fugtbindende effekt.<\/p>\n\n\n\n<p>1. Tag ansigtscremen ud og p\u00e5f\u00f8r den i ansigtet efter rensning.<\/p>\n\n\n\n<p>2. Vent i 10-15 minutter, s\u00e5 huden har absorberet fugt og essens.<\/p>\n\n\n\n<p>3. Fjern masken fra ansigtet og dup den blidt for at fremme absorptionen.<\/p>\n\n\n\n<p>4. Skyl med rent vand og forts\u00e6t den efterf\u00f8lgende hudplejeproces for at styrke den fugtbindende effekt.<\/p>\n\n\n\n<h2 class=\"wp-block-heading\">Forsigtighed<\/h2>\n\n\n\n<p><strong>1. F\u00f8lsomhedstest:<\/strong> Hvis du bruger dette produkt for f\u00f8rste gang, anbefales det f\u00f8rst at udf\u00f8re en hudf\u00f8lsomhedstest bag \u00f8ret eller p\u00e5 hagen, og derefter bruge det fuldt ud, n\u00e5r der ikke opst\u00e5r ubehag.&nbsp;<\/p>\n\n\n\n<p><strong>2. M\u00e5 ikke anvendes p\u00e5 beskadiget hud:<\/strong> N\u00e5r huden er beskadiget, r\u00f8d, h\u00e6vet eller allergisk, m\u00e5 du ikke bruge ansigtsfugtighedsmasken for at undg\u00e5 irritation af huden.\u00a0<\/p>\n\n\n\n<p><strong>3. Opbevares k\u00f8ligt og beskyttet mod lys:<\/strong> Opbevar venligst dette produkt et k\u00f8ligt og t\u00f8rt sted v\u00e6k fra h\u00f8je temperaturer og sollys for at sikre produktets aktivitet og effekt.\u00a0<\/p>\n\n\n\n<p><strong>4. Brugstiden b\u00f8r ikke v\u00e6re for lang: <\/strong>Den anbefalede brugstid er baseret p\u00e5 produktvejledningen og b\u00f8r ikke v\u00e6re for lang for at undg\u00e5 bivirkninger.<\/p>\n\n\n\n<h2 class=\"wp-block-heading\">Konklusion<\/h2>\n\n\n\n<p>En ansigtsmaske er et yderst effektivt fugtgivende hudplejeprodukt, der hurtigt kan genopbygge og binde fugt. Vi har omhyggeligt udvalgt yderst effektive fugtgivende ingredienser for at im\u00f8dekomme alle hudtypers behov for fugt. Uanset om det er daglig fugtpleje eller n\u00f8dfugtighedscreme til t\u00f8r og sensitiv hud, er denne maske et godt valg.<\/p>","protected":false},"excerpt":{"rendered":"Facial Moisturizer Mask Manufacturing Common Formulas Our facial moisturizer mask formula contains selected classic hydrating and moisturizing ingredients such as hyaluronic acid, ceramide, panthenol, etc., which can deeply hydrate the skin, strengthen the barrier, and soothe and stabilize the skin. It is suitable for a wide range of people.&nbsp; 1. Hyaluronic acid: This is an [&hellip;]","protected":false},"featured_media":3841,"menu_order":0,"template":"","meta":[],"product-tag":[],"products":[69],"class_list":["post-3840","product","type-product","status-publish","has-post-thumbnail","hentry","products-facial-mask"],"acf":[],"_links":{"self":[{"href":"https:\/\/www.ruiqigo.com\/da\/wp-json\/wp\/v2\/product\/3840","targetHints":{"allow":["GET"]}}],"collection":[{"href":"https:\/\/www.ruiqigo.com\/da\/wp-json\/wp\/v2\/product"}],"about":[{"href":"https:\/\/www.ruiqigo.com\/da\/wp-json\/wp\/v2\/types\/product"}],"version-history":[{"count":0,"href":"https:\/\/www.ruiqigo.com\/da\/wp-json\/wp\/v2\/product\/3840\/revisions"}],"wp:featuredmedia":[{"embeddable":true,"href":"https:\/\/www.ruiqigo.com\/da\/wp-json\/wp\/v2\/media\/3841"}],"wp:attachment":[{"href":"https:\/\/www.ruiqigo.com\/da\/wp-json\/wp\/v2\/media?parent=3840"}],"wp:term":[{"taxonomy":"product-tag","embeddable":true,"href":"https:\/\/www.ruiqigo.com\/da\/wp-json\/wp\/v2\/product-tag?post=3840"},{"taxonomy":"products","embeddable":true,"href":"https:\/\/www.ruiqigo.com\/da\/wp-json\/wp\/v2\/products?post=3840"}],"curies":[{"name":"wp","href":"https:\/\/api.w.org\/{rel}","templated":true}]}}