{"id":3855,"date":"2025-07-23T16:19:49","date_gmt":"2025-07-23T08:19:49","guid":{"rendered":"https:\/\/www.ruiqigo.com\/?post_type=product&#038;p=3855"},"modified":"2025-07-23T16:19:49","modified_gmt":"2025-07-23T08:19:49","slug":"gentle-facial-cleanser","status":"publish","type":"product","link":"https:\/\/www.ruiqigo.com\/da\/product\/gentle-facial-cleanser","title":{"rendered":"Mild ansigtsrens"},"content":{"rendered":"<h2 class=\"wp-block-heading\">Fremstilling af sk\u00e5nsom ansigtsrens Almindelige formler<\/h2>\n\n\n\n<p>Vi udv\u00e6lger omhyggeligt en r\u00e6kke plantebaserede ingredienser og milde overfladeaktive stoffer, der tils\u00e6ttes den sk\u00e5nsomme ansigtsrenseformel, for at sikre, at huden er fuldt beskyttet og n\u00e6ret under den grundige renseproces. Produktets ingredienser er pr\u00e6cise og effektive, prim\u00e6rt aminosyreoverfladeaktive stoffer, planteekstrakterede lindrende faktorer og naturlige fugtighedscremer.&nbsp;<\/p>\n\n\n\n<p><strong>1. Natriumcocoylglutamat: <\/strong>Dette er et mildt overfladeaktivt stof udvundet af kokosolie og aminosyrer. Det er mildt af natur, indeholder ikke s\u00e6bebaser, har gode skummende og rensende egenskaber, kan effektivt fjerne snavs og overskydende talg og efterlader ikke dit ansigt stramt eller t\u00f8rt efter rensning.&nbsp;<\/p>\n\n\n\n<p><strong>2. Natriumcocoylglycinat:<\/strong> Den tilh\u00f8rer ogs\u00e5 aminosyresystemet, er meget mild, har et rigt skum og er den centrale rensende ingrediens i mange eksklusive renseprodukter. Samtidig har den en fremragende hudf\u00f8lelse og fugtgivende egenskaber, som kan hj\u00e6lpe huden med at bevare fugt og bl\u00f8dhed.\u00a0<\/p>\n\n\n\n<p><strong>3. Glycerin: <\/strong>Glycerin er en klassisk fugtgivende ingrediens, der kan holde p\u00e5 fugten og lindre t\u00f8rhed under rensning, hvilket forhindrer huden i at blive stram p\u00e5 grund af rensning. Det kan ogs\u00e5 \u00f8ge vandindholdet i stratum corneum og er en uundv\u00e6rlig grundl\u00e6ggende fugtgivende ingrediens til sk\u00e5nsom rensning.&nbsp;<\/p>\n\n\n\n<p><strong>4. Panthenol: <\/strong>Panthenol kan tr\u00e6nge dybt ind i stratum corneum og hj\u00e6lpe huden med at binde fugt. Den har ogs\u00e5 en beroligende og antiinflammatorisk effekt. Den kan reparere mikroskader og forbedre hudens bl\u00f8dhed under renseprocessen, hvilket g\u00f8r huden glattere og mere delikat.&nbsp;<\/p>\n\n\n\n<p><strong>5. Aloe vera-ekstrakt:<\/strong> Dette er en ingrediens rig p\u00e5 forskellige aminosyrer og vitaminer. Den har betydelige lindrende, antioxidante og reparerende virkninger. Den kan lindre mindre irritation for\u00e5rsaget af reng\u00f8ring og forbedre den generelle stabilitet og hudens fornemmelse.&nbsp;<\/p>\n\n\n\n<h2 class=\"wp-block-heading\">Funktionerne af en sk\u00e5nsom ansigtsrens<\/h2>\n\n\n\n<p><strong>1. Mild og ikke-irriterende: <\/strong>En mild ansigtsrens bruger ikke kunstige dufte, s\u00e6bebaser eller alkohol, s\u00e5 den er meget sk\u00e5nsom og reducerer risikoen for hudf\u00f8lsomhed betydeligt. Den er velegnet til sp\u00e6db\u00f8rn, gravide kvinder og personer med beskadiget hudbarrierer, hvilket g\u00f8r rensning mere sikker.\u00a0<\/p>\n\n\n\n<p><strong>2. Rig og delikat skum:<\/strong> Vores milde ansigtsrens har et fyldigt skum og kan nemt skummes op uden at bruge for mange trin. Skummet omslutter snavset t\u00e6t, og reng\u00f8ringsprocessen er meget effektiv uden at tr\u00e6kke i huden.&nbsp;<\/p>\n\n\n\n<p><strong>3. Renser og fugter p\u00e5 samme tid:<\/strong> En mild ansigtsrens renser ikke kun grundigt snavs i dit ansigt, men bevarer ogs\u00e5 de n\u00f8dvendige vand- og fedtkomponenter i din hud, hvilket undg\u00e5r f\u00f8lelsen af at v\u00e6re meget stram efter rensning og opn\u00e5r virkelig sk\u00e5nsom rensning.\u00a0<\/p>\n\n\n\n<p><strong>4. H\u00f8j tilpasningsevne:<\/strong> En mild ansigtsrens er velegnet til en r\u00e6kke forskellige hudtilstande, herunder t\u00f8r hud, fedtet hud, kombineret hud og sensitiv hud, s\u00e5 den har h\u00f8j tilpasningsevne.\u00a0<\/p>\n\n\n\n<h2 class=\"wp-block-heading\">S\u00e5dan bruger du en mild ansigtsrens<\/h2>\n\n\n\n<p>Korrekt brug af en mild ansigtsrens kan sikre den rensende effekt og minimere skader p\u00e5 huden. Det anbefales at bruge den \u00e9n gang dagligt, morgen og aften, kombineret med varmt vand for at forst\u00e6rke den rensende og lindrende effekt.<\/p>\n\n\n\n<p>1. Fugt dit ansigt med varmt vand, tag en passende m\u00e6ngde ansigtsrens i din h\u00e5ndflade, tils\u00e6t vand og gnid for at lave skum.<\/p>\n\n\n\n<p>2. Fordel skummet j\u00e6vnt i ansigtet, og mass\u00e9r det blidt i cirkler i 30 sekunder til 1 minut.<\/p>\n\n\n\n<p>3. Skyl dit ansigt grundigt med rent vand.<\/p>\n\n\n\n<p>4. Brug et rent h\u00e5ndkl\u00e6de til forsigtigt at trykke dit ansigt for at absorbere fugt, og undg\u00e5 overdreven aft\u00f8rring og tr\u00e6kning i huden.&nbsp;<\/p>\n\n\n\n<h2 class=\"wp-block-heading\">Forsigtighed<\/h2>\n\n\n\n<p><strong>1. Hudtest: <\/strong>Vi anbefaler, at du laver en lokal test bag \u00f8ret eller p\u00e5 k\u00e6belinjen f\u00f8rste gang for at bekr\u00e6fte, at det ikke irriterer huden, f\u00f8r du bruger det p\u00e5 et stort omr\u00e5de.\u00a0<\/p>\n\n\n\n<p><strong>2. Undg\u00e5 kontakt med \u00f8jnene: <\/strong>Hvis det ved et uheld kommer i kontakt med \u00f8jnene, skal du straks skylle med rigeligt vand for at undg\u00e5 irritation eller ubehag.&nbsp;<\/p>\n\n\n\n<p><strong>3. Brug med varmt vand:<\/strong> Varmt vand kan beskadige hudens talglag, mens koldt vand muligvis ikke kan rense effektivt. Derfor anbefaler vi at bruge varmt vand til at vaske dit ansigt, da det kan hj\u00e6lpe med at opl\u00f8se olie og beskytte negleb\u00e5ndet.\u00a0<\/p>\n\n\n\n<p><strong>4. V\u00e6r opm\u00e6rksom p\u00e5 fugtgivende tilberedning bagefter: <\/strong>Efter rensning b\u00f8r du bruge toner og fugtighedscreme s\u00e5 hurtigt som muligt som opf\u00f8lgende hudpleje for at bevare fugten.&nbsp;<\/p>\n\n\n\n<h2 class=\"wp-block-heading\">Konklusion<\/h2>\n\n\n\n<p>En mild ansigtsrens, der ikke kun finder en ideel balance mellem rensende kraft og mildhed, men ogs\u00e5 plejer hver en centimeter af din hud med omhyggeligt udvalgte ingredienser. Vores s\u00e6befri, alkoholfri og hypoallergeniske formel kombineret med flere beroligende og fugtgivende ingredienser giver en sikker renseoplevelse for alle hudtyper.<\/p>","protected":false},"excerpt":{"rendered":"Gentle Facial Cleanser Manufacturing Common Formulas We carefully select a variety of plant-based ingredients and mild surfactants to add to the gentle facial cleanser formula to ensure that the skin is fully protected and nourished during the thorough cleansing process. The product ingredients are concise and effective, mainly amino acid surfactants, plant-extracted soothing factors, and [&hellip;]","protected":false},"featured_media":3856,"menu_order":0,"template":"","meta":[],"product-tag":[],"products":[65],"class_list":["post-3855","product","type-product","status-publish","has-post-thumbnail","hentry","products-facial-cleanser"],"acf":[],"_links":{"self":[{"href":"https:\/\/www.ruiqigo.com\/da\/wp-json\/wp\/v2\/product\/3855","targetHints":{"allow":["GET"]}}],"collection":[{"href":"https:\/\/www.ruiqigo.com\/da\/wp-json\/wp\/v2\/product"}],"about":[{"href":"https:\/\/www.ruiqigo.com\/da\/wp-json\/wp\/v2\/types\/product"}],"version-history":[{"count":0,"href":"https:\/\/www.ruiqigo.com\/da\/wp-json\/wp\/v2\/product\/3855\/revisions"}],"wp:featuredmedia":[{"embeddable":true,"href":"https:\/\/www.ruiqigo.com\/da\/wp-json\/wp\/v2\/media\/3856"}],"wp:attachment":[{"href":"https:\/\/www.ruiqigo.com\/da\/wp-json\/wp\/v2\/media?parent=3855"}],"wp:term":[{"taxonomy":"product-tag","embeddable":true,"href":"https:\/\/www.ruiqigo.com\/da\/wp-json\/wp\/v2\/product-tag?post=3855"},{"taxonomy":"products","embeddable":true,"href":"https:\/\/www.ruiqigo.com\/da\/wp-json\/wp\/v2\/products?post=3855"}],"curies":[{"name":"wp","href":"https:\/\/api.w.org\/{rel}","templated":true}]}}