{"id":402,"date":"2024-07-08T10:46:59","date_gmt":"2024-07-08T02:46:59","guid":{"rendered":"https:\/\/ruiqigo.com\/?post_type=product&#038;p=402"},"modified":"2024-10-28T15:41:34","modified_gmt":"2024-10-28T07:41:34","slug":"tea-tree-body-wash","status":"publish","type":"product","link":"https:\/\/www.ruiqigo.com\/da\/product\/tea-tree-body-wash","title":{"rendered":"Tea tree kropsvask"},"content":{"rendered":"<h3 class=\"wp-block-heading\">Fremstilling af tea tree-bodys\u00e6be - Almindelige formler<\/h3>\n\n\n\n<p>Hovedingrediensen i denne Tea Tree Body Wash er naturlig \u00e6terisk tea tree-olie. Tea Tree-olie er en naturlig antibakteriel og antiinflammatorisk ingrediens, der ikke kun renser huden, men ogs\u00e5 reparerer beskadiget hud og forebygger hudproblemer. Vi har ogs\u00e5 tilsat planteekstrakter som Melaleuca alternifolia-bladolie og mentol for yderligere at forbedre de rensende og beroligende effekter og give huden en mere omfattende pleje. Alle ingredienser er strengt testet og screenet for at sikre produkternes sikkerhed og effektivitet, hvilket giver dig en naturlig badeoplevelse af h\u00f8j kvalitet.<\/p>\n\n\n\n<h3 class=\"wp-block-heading\">Tea tree body wash - Anvendelige scenarier<\/h3>\n\n\n\n<p>Denne Tea Tree-bodys\u00e6be er perfekt til varme og fugtige sommerforhold. Dens forfriskende tea tree-duft giver en forfriskende og forfriskende badeoplevelse, der hj\u00e6lper dig med at f\u00f8le dig \u00f8jeblikkeligt frisk i sommervarmen. Samtidig er dens naturlige antibakterielle ingredienser effektive til at forebygge svedb\u00e5rne hudproblemer, s\u00e5 du altid kan opretholde en frisk og ren hud i varmt vejr.<\/p>\n\n\n\n<h3 class=\"wp-block-heading\">Hvem er Tea Tree-bodys\u00e6be til?<\/h3>\n\n\n\n<p>Denne Tea Tree-bodys\u00e6be er ideel til dem, der s\u00f8ger renlighed og hygiejne og er bekymrede for deres huds sundhed. Dens naturlige antibakterielle ingredienser kan effektivt dr\u00e6be skadelige bakterier og give en sikrere og mere effektiv reng\u00f8ring af huden. Samtidig kan dens rige, n\u00e6rende ingredienser ogs\u00e5 give omfattende pleje til brugere af alle hudtyper og hj\u00e6lpe med at forbedre t\u00f8rhed, f\u00f8lsomhed og andre problemer. Derudover kan dens friske duft ogs\u00e5 give en behagelig badetid til dem, der foretr\u00e6kker en frisk oplevelse.<\/p>\n\n\n\n<h3 class=\"wp-block-heading\">Produktionsproces for tea tree-bodys\u00e6be<\/h3>\n\n\n\n<p>I produktionen af vores Tea Tree-bodys\u00e6be bruger vi ren Tea Tree-olie og en sk\u00e5nsom ekstraktionsproces for at sikre, at dens aktive ingredienser bevares. Under produktionsprocessen kontrollerer vi n\u00f8je pH-niveauet og koncentrationen af tea tree-olie i vores formuleringer for at opn\u00e5 den bedste hudplejeeffekt og brugeroplevelse. Derudover fokuserer vi p\u00e5 milj\u00f8beskyttelse og b\u00e6redygtighed for at sikre, at vores produkter er milj\u00f8venlige.<\/p>","protected":false},"excerpt":{"rendered":"Tea tree body wash manufacturing Common Formulas The main ingredient in this Tea Tree Body Wash is natural tea tree essential oil. Tea Tree oil is a natural anti-bacterial and anti-inflammatory ingredient that not only cleanses the skin, but also repairs damaged skin and prevents skin problems from occurring. We have also added plant extracts [&hellip;]","protected":false},"featured_media":406,"menu_order":0,"template":"","meta":[],"product-tag":[],"products":[57],"class_list":["post-402","product","type-product","status-publish","has-post-thumbnail","hentry","products-body-wash"],"acf":[],"_links":{"self":[{"href":"https:\/\/www.ruiqigo.com\/da\/wp-json\/wp\/v2\/product\/402","targetHints":{"allow":["GET"]}}],"collection":[{"href":"https:\/\/www.ruiqigo.com\/da\/wp-json\/wp\/v2\/product"}],"about":[{"href":"https:\/\/www.ruiqigo.com\/da\/wp-json\/wp\/v2\/types\/product"}],"version-history":[{"count":0,"href":"https:\/\/www.ruiqigo.com\/da\/wp-json\/wp\/v2\/product\/402\/revisions"}],"wp:featuredmedia":[{"embeddable":true,"href":"https:\/\/www.ruiqigo.com\/da\/wp-json\/wp\/v2\/media\/406"}],"wp:attachment":[{"href":"https:\/\/www.ruiqigo.com\/da\/wp-json\/wp\/v2\/media?parent=402"}],"wp:term":[{"taxonomy":"product-tag","embeddable":true,"href":"https:\/\/www.ruiqigo.com\/da\/wp-json\/wp\/v2\/product-tag?post=402"},{"taxonomy":"products","embeddable":true,"href":"https:\/\/www.ruiqigo.com\/da\/wp-json\/wp\/v2\/products?post=402"}],"curies":[{"name":"wp","href":"https:\/\/api.w.org\/{rel}","templated":true}]}}