{"id":403,"date":"2024-07-08T10:56:54","date_gmt":"2024-07-08T02:56:54","guid":{"rendered":"https:\/\/ruiqigo.com\/?post_type=product&#038;p=403"},"modified":"2024-10-28T11:35:04","modified_gmt":"2024-10-28T03:35:04","slug":"travel-size-body-wash","status":"publish","type":"product","link":"https:\/\/www.ruiqigo.com\/da\/product\/travel-size-body-wash","title":{"rendered":"Kropsvask i rejsest\u00f8rrelse"},"content":{"rendered":"<h3 class=\"wp-block-heading\">Kropsvask i rejsest\u00f8rrelse, der fremstiller almindelige formler<\/h3>\n\n\n\n<p>Denne kropsvask i rejsest\u00f8rrelse er formuleret med blide, ikke-irriterende, plantebaserede rensende ingredienser, der dybderenser huden, fjerner urenheder, samtidig med at den beskytter hudbarrieren og opretholder en god hudtilstand. Derudover har vi tilf\u00f8jet n\u00e6rende og fugtgivende ingredienser s\u00e5som sheasm\u00f8r og hvid teekstrakt til formlen, som giver en omfattende pleje til huden og genopbygger de n\u00e6ringsstoffer, der er n\u00f8dvendige for at holde din hud fugtet og glat under hele rejsen. Alle ingredienser er n\u00f8je udvalgt for at sikre produktets sikkerhed og effektivitet, for at give dig en behagelig og sikker oplevelse.<\/p>\n\n\n\n<h3 class=\"wp-block-heading\">Kropsvask i rejsest\u00f8rrelse G\u00e6ldende scenarier<\/h3>\n\n\n\n<p>Kropsvask i rejsest\u00f8rrelse er en skr\u00e6ddersyet rensende ledsager til rejsende. Den er velegnet til korte ture, forfriskende efter lange flyvninger, hurtig reng\u00f8ring efter udend\u00f8rs aktiviteter, personlig hygiejnepleje under forretningsrejser, praktisk badning efter tr\u00e6ning i fitnesscenteret og hygiejnebeskyttelse under hotelophold. Det lette emballagedesign g\u00f8r det nemt at b\u00e6re og sikrer en behagelig badeoplevelse p\u00e5 enhver rejse.<\/p>\n\n\n\n<h3 class=\"wp-block-heading\">Hvem er rejsest\u00f8rrelse body wash suit til<\/h3>\n\n\n\n<p>Designet til hyppige rejsende, Travel size body wash er velegnet til rejsende, forretningsfolk eller eventyrentusiaster, der har brug for praktisk personlig pleje. Dens b\u00e6rbare emballage og multifunktionelle formel opfylder behovet for rensning og fugt p\u00e5 farten og er velegnet til alle hudtyper, is\u00e6r til brugere, der leder efter en enkel og effektiv hudplejel\u00f8sning.<\/p>\n\n\n\n<h3 class=\"wp-block-heading\">Kropsvask i rejsest\u00f8rrelse Produktionsproces<\/h3>\n\n\n\n<p>Da vi producerede kropsvasken i rejsest\u00f8rrelse, fokuserede vi p\u00e5 produktets b\u00e6rbarhed og praktiske anvendelighed. Det lette emballagedesign sikrer, at den er nem at b\u00e6re og ikke fylder for meget i din bagage. Samtidig er formuleringen optimeret til b\u00e5de sk\u00e5nsom rensning og langvarig fugtighed. Strenge kvalitetskontrolstandarder f\u00f8lges under fremstillingsprocessen for at sikre, at hver flaske brusegel giver en ensartet oplevelse.<\/p>","protected":false},"excerpt":{"rendered":"Travel size body wash manufacturing Common Formulas This travel size body wash is formulated with gentle, non-irritating, plant-based cleansing ingredients that deeply cleanse the skin, removing impurities while also protecting the skin barrier and maintaining good skin condition. In addition, we have added nourishing and moisturizing ingredients such as Shea Butter and White Tea Extract [&hellip;]","protected":false},"featured_media":410,"menu_order":0,"template":"","meta":[],"product-tag":[],"products":[57],"class_list":["post-403","product","type-product","status-publish","has-post-thumbnail","hentry","products-body-wash"],"acf":[],"_links":{"self":[{"href":"https:\/\/www.ruiqigo.com\/da\/wp-json\/wp\/v2\/product\/403","targetHints":{"allow":["GET"]}}],"collection":[{"href":"https:\/\/www.ruiqigo.com\/da\/wp-json\/wp\/v2\/product"}],"about":[{"href":"https:\/\/www.ruiqigo.com\/da\/wp-json\/wp\/v2\/types\/product"}],"version-history":[{"count":0,"href":"https:\/\/www.ruiqigo.com\/da\/wp-json\/wp\/v2\/product\/403\/revisions"}],"wp:featuredmedia":[{"embeddable":true,"href":"https:\/\/www.ruiqigo.com\/da\/wp-json\/wp\/v2\/media\/410"}],"wp:attachment":[{"href":"https:\/\/www.ruiqigo.com\/da\/wp-json\/wp\/v2\/media?parent=403"}],"wp:term":[{"taxonomy":"product-tag","embeddable":true,"href":"https:\/\/www.ruiqigo.com\/da\/wp-json\/wp\/v2\/product-tag?post=403"},{"taxonomy":"products","embeddable":true,"href":"https:\/\/www.ruiqigo.com\/da\/wp-json\/wp\/v2\/products?post=403"}],"curies":[{"name":"wp","href":"https:\/\/api.w.org\/{rel}","templated":true}]}}