{"id":405,"date":"2024-07-08T11:19:22","date_gmt":"2024-07-08T03:19:22","guid":{"rendered":"https:\/\/ruiqigo.com\/?post_type=product&#038;p=405"},"modified":"2024-10-28T11:15:36","modified_gmt":"2024-10-28T03:15:36","slug":"retinol-hand-cream","status":"publish","type":"product","link":"https:\/\/www.ruiqigo.com\/da\/product\/retinol-hand-cream","title":{"rendered":"Retinol h\u00e5ndcreme"},"content":{"rendered":"<h3 class=\"wp-block-heading\">Fremstilling af retinol h\u00e5ndcreme Almindelige formler<\/h3>\n\n\n\n<p>Kerneingredienserne i denne retinol-h\u00e5ndcreme inkluderer retinol og jojobafr\u00f8olie. Retinol er et fedtopl\u00f8seligt vitamin, der stimulerer cellefornyelsen og reparerer beskadiget hud p\u00e5 h\u00e6nderne, mens jojobafr\u00f8olie er rig p\u00e5 en r\u00e6kke naturlige fedtsyrer, der n\u00e6rer huden i dybden og forbedrer t\u00f8rhed og ruhed. Derudover tils\u00e6tter formlen ogs\u00e5 s\u00f8d mandelolie, sesamolie og andre fugtgivende ingredienser, der effektivt kan genopfylde hudens fugtighedsbehov og opretholde den optimale vand-oliebalance.<\/p>\n\n\n\n<h3 class=\"wp-block-heading\">Retinol h\u00e5ndcreme Anvendelige scenarier<\/h3>\n\n\n\n<p>Denne retinol h\u00e5ndcreme er ideel til brug i t\u00f8rre og kolde klimaer. Kolde vintertemperaturer og kunstig opvarmning kan for\u00e5rsage t\u00f8rre, sk\u00e6llende og endda sprukne h\u00e6nder. De rige fugtgivende ingredienser i denne h\u00e5ndcreme vil n\u00e6re dine h\u00e6nder i dybden, genopbygge den fugtighed, de har brug for, reparere beskadigede celler og genoprette deres bl\u00f8dhed og udstr\u00e5ling. Derudover kan den ogs\u00e5 give en beskyttende barriere for h\u00e6nderne, der effektivt forhindrer forekomsten af t\u00f8rhed, frostspr\u00e6kker og andre problemer. Uanset om det er om vinteren eller i den t\u00f8rre og bl\u00e6sende s\u00e6son, kan denne h\u00e5ndcreme give dig omfattende pleje til dine h\u00e6nder.<\/p>\n\n\n\n<h3 class=\"wp-block-heading\">Hvem er Retinol h\u00e5ndcreme til?<\/h3>\n\n\n\n<p>Denne retinol h\u00e5ndcreme er ideel til brugere med t\u00f8r hud. Uanset om dine h\u00e6nder er t\u00f8rre p\u00e5 grund af hyppig h\u00e5ndvask eller kemisk eksponering, eller din hud er sk\u00e6llende p\u00e5 grund af koldt vintervejr, vil denne h\u00e5ndcreme give den n\u00e6ring, du har brug for. Den tr\u00e6nger dybt ind i huden for at genopbygge n\u00f8dvendige n\u00e6ringsstoffer og reparere beskadigede celler, hvilket efterlader h\u00e6nderne bl\u00f8de og glatte. Samtidig absorberes den hurtigt uden at efterlade en klistret fornemmelse, hvilket g\u00f8r den velegnet til alle hudtyper.<\/p>\n\n\n\n<h3 class=\"wp-block-heading\">Produktionsproces for retinol h\u00e5ndcreme<\/h3>\n\n\n\n<p>Den s\u00e6rlige fremstillingsproces for Retinol Hand Cream inkluderer brugen af en stabiliseret retinolformel for at bevare dens antioxidantaktivitet og en lavtemperaturudvindingsproces for at minimere \u00f8del\u00e6ggelse af ingredienser. Streng pH- og milj\u00f8fugtighedskontrol under produktionen sikrer retinolens stabilitet og effektivitet. Derudover er specielt tilsatte fugtgivende ingredienser som glycerin og hyaluronsyre pr\u00e6cist proportioneret for at opn\u00e5 dybdeg\u00e5ende n\u00e6ring uden at fedte alle hudtyper.<\/p>","protected":false},"excerpt":{"rendered":"Retinol hand cream manufacturing Common Formulas The core ingredients of this Retinol Hand Cream include Retinol and Jojoba Seed Oil. Retinol is a fat-soluble vitamin that stimulates cell renewal and repairs damaged skin on the hands, while Jojoba Seed Oil is rich in a variety of natural fatty acids that deeply nourish the skin and [&hellip;]","protected":false},"featured_media":414,"menu_order":0,"template":"","meta":[],"product-tag":[],"products":[58],"class_list":["post-405","product","type-product","status-publish","has-post-thumbnail","hentry","products-hand-cream"],"acf":[],"_links":{"self":[{"href":"https:\/\/www.ruiqigo.com\/da\/wp-json\/wp\/v2\/product\/405","targetHints":{"allow":["GET"]}}],"collection":[{"href":"https:\/\/www.ruiqigo.com\/da\/wp-json\/wp\/v2\/product"}],"about":[{"href":"https:\/\/www.ruiqigo.com\/da\/wp-json\/wp\/v2\/types\/product"}],"version-history":[{"count":0,"href":"https:\/\/www.ruiqigo.com\/da\/wp-json\/wp\/v2\/product\/405\/revisions"}],"wp:featuredmedia":[{"embeddable":true,"href":"https:\/\/www.ruiqigo.com\/da\/wp-json\/wp\/v2\/media\/414"}],"wp:attachment":[{"href":"https:\/\/www.ruiqigo.com\/da\/wp-json\/wp\/v2\/media?parent=405"}],"wp:term":[{"taxonomy":"product-tag","embeddable":true,"href":"https:\/\/www.ruiqigo.com\/da\/wp-json\/wp\/v2\/product-tag?post=405"},{"taxonomy":"products","embeddable":true,"href":"https:\/\/www.ruiqigo.com\/da\/wp-json\/wp\/v2\/products?post=405"}],"curies":[{"name":"wp","href":"https:\/\/api.w.org\/{rel}","templated":true}]}}